{"id":786,"date":"2017-04-13T09:12:30","date_gmt":"2017-04-13T09:12:30","guid":{"rendered":"https:\/\/www.terpenetech.eu\/?page_id=786"},"modified":"2025-05-13T08:50:06","modified_gmt":"2025-05-13T08:50:06","slug":"terpenetech","status":"publish","type":"page","link":"https:\/\/www.terpenetech.eu\/pl\/","title":{"rendered":"Home"},"content":{"rendered":"<h1 class=\"gb-headline gb-headline-5f432b52 gb-headline-text\">LEPSZA <span style=\"color:#54595f\" class=\"has-inline-color\">JAKO\u015a\u0106<\/span> \u017bYCIA, <span style=\"color:#54595f\" class=\"has-inline-color\">LEPSZA\u00a0PRZYSZ\u0141O\u015a\u0106<\/span><\/h1>\n\n\n<div class=\"gb-grid-wrapper gb-grid-wrapper-433793f6\">\n<div class=\"gb-grid-column gb-grid-column-bd6af51b\"><div class=\"gb-container gb-container-bd6af51b\"><div class=\"gb-inside-container\">\n<div class=\"wp-block-image\">\n<figure class=\"aligncenter\"><img decoding=\"async\" src=\"https:\/\/www.terpenetech.eu\/wp-content\/uploads\/2019\/12\/Logo-YPorange-245x300.png\" alt=\"\"\/><\/figure>\n<\/div>\n<\/div><\/div><\/div>\n\n<div class=\"gb-grid-column gb-grid-column-6afde3ba\"><div class=\"gb-container gb-container-6afde3ba\"><div class=\"gb-inside-container\">\n\n<p>Misj\u0105 firmy TerpeneTech jest dostarczanie rozwi\u0105za\u0144, kt\u00f3re pomagaj\u0105 chroni\u0107 ludzi i zwierz\u0119ta przed mikroorganizmami i owadami.<\/p>\n\n\n\n<p>Terpeny s\u0105 budulcem olejk\u00f3w eterycznych. Ro\u015bliny wykorzystuj\u0105 olejki eteryczne do ochrony przed szkodliwymi organizmami. Olejki eteryczne sta\u0142y si\u0119 wa\u017cnym obszarem bada\u0144 i rozwoju w celu zast\u0105pienia pestycyd\u00f3w i syntetycznych \u015brodk\u00f3w przeciwdrobnoustrojowych.<\/p>\n\n\n\n<p>Nasza wyj\u0105tkowa opatentowana technologia kapsu\u0142kowania umo\u017cliwia nam uwalnianie i dostarczanie aktywnych terpen\u00f3w w odpowiednim miejscu i w odpowiednim czasie.<\/p>\n\n\n\n<div class=\"wp-block-buttons is-layout-flex wp-block-buttons-is-layout-flex\">\n<div class=\"wp-block-button is-style-fill\"><a class=\"wp-block-button__link wp-element-button\" style=\"border-radius:6px\">DOWIEDZ SI\u0118 WI\u0118CEJ<\/a><\/div>\n<\/div>\n\n<\/div><\/div><\/div>\n<\/div>\n\n\n<div style=\"height:100px\" aria-hidden=\"true\" class=\"wp-block-spacer\"><\/div>\n\n\n\n<h2 class=\"gb-headline gb-headline-24b23606 gb-headline-text\">YP TECHNOLOGY<\/h2>\n\n\n\n<h4 class=\"wp-block-heading has-text-align-center\">NATURALNIE ZAPROGRAMOWANY, ABY DZIA\u0141A\u0106 W ODPOWIEDNIM MIEJSCU I CZASIE<\/h4>\n\n\n\n<div style=\"padding:56.25% 0 0 0;position:relative;\"><iframe src=\"https:\/\/player.vimeo.com\/video\/1083809070?h=994ffa7620&amp;autoplay=1&amp;loop=1&amp;muted=1&amp;background=1&amp;badge=0&amp;autopause=0&amp;player_id=0&amp;app_id=58479\" frameborder=\"0\" allow=\"autoplay; fullscreen; picture-in-picture\" allowfullscreen=\"\" style=\"position:absolute;top:0;left:0;width:100%;height:100%;\" title=\"TECHNOLOGIA YP\"><\/iframe><\/div><script src=\"https:\/\/player.vimeo.com\/api\/player.js\"><\/script>\n\n\n<div class=\"gb-container gb-container-df89b94d\"><div class=\"gb-inside-container\">\n\n<p>Nasza opatentowana technologia wykorzystuje naturalne wydr\u0105\u017cone cz\u0105steczki do kapsu\u0142kowania aktywnych terpen\u00f3w. W obecno\u015bci wilgoci cz\u0105steczki p\u0119czniej\u0105, powoli uwalniaj\u0105c swoje \u0142adunki terpenowe. Po wyschni\u0119ciu cz\u0105steczki kurcz\u0105 si\u0119 i zamykaj\u0105, utrzymuj\u0105c swoje \u0142adunki terpenowe do momentu ponownego rozpocz\u0119cia kolejnego cyklu w obecno\u015bci wilgoci. Produkt skutecznie dzia\u0142a wtedy, kiedy jest potrzebny!<\/p>\n\n\n\n<div class=\"wp-block-buttons is-horizontal is-content-justification-center is-layout-flex wp-container-core-buttons-is-layout-499968f5 wp-block-buttons-is-layout-flex\">\n<div class=\"wp-block-button\"><a class=\"wp-block-button__link wp-element-button\" href=\"https:\/\/www.terpenetech.eu\/pl\/technologia-yp\/\" style=\"border-radius:6px\">DOWIEDZ SI\u0118 WI\u0118CEJ<\/a><\/div>\n<\/div>\n\n<\/div><\/div>\n\n\n<div style=\"height:100px\" aria-hidden=\"true\" class=\"wp-block-spacer\"><\/div>\n\n\n\n<h2 class=\"gb-headline gb-headline-4b298da4 gb-headline-text\">PRODUKT BIOB\u00d3JCZY<\/h2>\n\n\n\n<h4 class=\"wp-block-heading has-text-align-center\">29 LISTOPADA 2017 R.: DOST\u0118PNY RO\u015aLINNY BIOCYD Z GERANIOLEM I PUR<\/h4>\n\n\n\n<h5 class=\"wp-block-heading has-text-align-center\">GERANIOL JEST WYMIENIONY NA LI\u015aCIE SUBSTANCJI CZYNNYCH I DOSTAWC\u00d3W ECHA (EUROPEJSKA AGENCJA CHEMIKALI\u00d3W)<\/h5>\n\n\n<div class=\"gb-grid-wrapper gb-grid-wrapper-435f8806\">\n<div class=\"gb-grid-column gb-grid-column-3bfd2df9\"><div class=\"gb-container gb-container-3bfd2df9\"><div class=\"gb-inside-container\">\n<div class=\"wp-block-image\">\n<figure class=\"aligncenter\"><img decoding=\"async\" src=\"https:\/\/www.terpenetech.eu\/wp-content\/uploads\/2017\/10\/eu_1282-300x202.png\" alt=\"\"\/><\/figure>\n<\/div>\n<\/div><\/div><\/div>\n\n<div class=\"gb-grid-column gb-grid-column-337c519f\"><div class=\"gb-container gb-container-337c519f\"><div class=\"gb-inside-container\">\n\n<p>TERPENETECH jest zatwierdzonym przez ECHA, zgodnie z art. 95, dostawc\u0105 substancji czynnych <a href=\"https:\/\/www.terpenetech.eu\/pl\/geraniol-jest-bezpiecznym-i-skutecznym-aktywnym-skladnikiem-srodkow-biobojczych-naturalnego-pochodzenia\/\">biocyd\u00f3w Geraniol<\/a> dla kategorii produkt\u00f3w:<\/p>\n\n\n\n<p>\u2022 PT 18 (insektycydy, akarycydy i produkty do zwalczania innych stawonog\u00f3w),<br>\u2022 PT 19 (repelenty i atraktanty)<\/p>\n\n\n\n<div class=\"wp-block-buttons is-layout-flex wp-block-buttons-is-layout-flex\">\n<div class=\"wp-block-button\"><a class=\"wp-block-button__link wp-element-button\" href=\"https:\/\/www.terpenetech.eu\/pl\/srodek-biobojczy-geraniol\/\" style=\"border-radius:6px\">DOWIEDZ SI\u0118 WI\u0118CEJ<\/a><\/div>\n<\/div>\n\n<\/div><\/div><\/div>\n<\/div>\n\n\n<div style=\"height:100px\" aria-hidden=\"true\" class=\"wp-block-spacer\"><\/div>\n\n\n\n<h2 class=\"wp-block-heading has-text-align-center\">PRODUKTY<\/h2>\n\n\n\n<h4 class=\"wp-block-heading has-text-align-center\">WYTWARZAMY PRODUKTY POPRAWIAJ\u0104CE JAKO\u015a\u0106 \u017bYCIA LUDZI I ZWIERZ\u0104T<\/h4>\n\n\n\n<div style=\"height:20px\" aria-hidden=\"true\" class=\"wp-block-spacer\"><\/div>\n\n\n<div class=\"gb-grid-wrapper gb-grid-wrapper-ce66a87c\">\n<div class=\"gb-grid-column gb-grid-column-36d6359f\"><div class=\"gb-container gb-container-36d6359f\"><div class=\"gb-inside-container\">\n\n<div class=\"wp-block-image\"><figure class=\"aligncenter is-resized\"><a href=\"https:\/\/www.terpenetech.eu\/pl\/category\/produkty\/higiena-osobista-i-opieka-medyczna\/\"><img loading=\"lazy\" decoding=\"async\" src=\"https:\/\/www.terpenetech.eu\/wp-content\/uploads\/2017\/10\/environemental-spray-1.png\" alt=\"\" width=\"100\" height=\"100\"\/><\/a><\/figure><\/div>\n\n\n\n<div style=\"height:20px\" aria-hidden=\"true\" class=\"wp-block-spacer\"><\/div>\n\n\n\n<h3 class=\"has-text-align-center wp-block-heading\"><a href=\"https:\/\/www.terpenetech.eu\/pl\/category\/produkty\/higiena-osobista-i-opieka-medyczna\/\">HIGIENA OSOBISTA I OPIEKA MEDYCZNA<\/a><\/h3>\n\n\n\n<div class=\"wp-block-buttons alignwide is-content-justification-center is-layout-flex wp-block-buttons-is-layout-flex\">\n<div class=\"wp-block-button\"><a class=\"wp-block-button__link\" href=\"https:\/\/www.terpenetech.eu\/pl\/produkty\/higiena-osobista-i-opieka-medyczna\/\" style=\"border-radius:6px\">DOWIEDZ SI\u0118 WI\u0118CEJ<\/a><\/div>\n<\/div>\n\n\n\n<div style=\"height:50px\" aria-hidden=\"true\" class=\"wp-block-spacer\"><\/div>\n\n<\/div><\/div><\/div>\n\n<div class=\"gb-grid-column gb-grid-column-669f93bb\"><div class=\"gb-container gb-container-669f93bb\"><div class=\"gb-inside-container\">\n\n<div class=\"wp-block-image\"><figure class=\"aligncenter is-resized\"><a href=\"https:\/\/www.terpenetech.eu\/pl\/category\/produkty\/gospodarstwo-domowe\/\"><img loading=\"lazy\" decoding=\"async\" src=\"https:\/\/www.terpenetech.eu\/wp-content\/uploads\/2017\/10\/if_Glass_Spray_112418.png\" alt=\"\" width=\"100\" height=\"100\"\/><\/a><\/figure><\/div>\n\n\n\n<div style=\"height:20px\" aria-hidden=\"true\" class=\"wp-block-spacer\"><\/div>\n\n\n\n<h3 class=\"has-text-align-center wp-block-heading\"><a href=\"https:\/\/www.terpenetech.eu\/pl\/category\/produkty\/gospodarstwo-domowe\/\">GOSPODARSTWO DOMOWE<\/a><\/h3>\n\n\n\n<div class=\"wp-block-buttons is-content-justification-center is-layout-flex wp-block-buttons-is-layout-flex\">\n<div class=\"wp-block-button\"><a class=\"wp-block-button__link\" href=\"https:\/\/www.terpenetech.eu\/pl\/produkty\/gospodarstwo-domowe\/\" style=\"border-radius:6px\">DOWIEDZ SI\u0118 WI\u0118CEJ<\/a><\/div>\n<\/div>\n\n\n\n<div style=\"height:50px\" aria-hidden=\"true\" class=\"wp-block-spacer\"><\/div>\n\n<\/div><\/div><\/div>\n<\/div>\n\n<div class=\"gb-grid-wrapper gb-grid-wrapper-f0ef6049\">\n<div class=\"gb-grid-column gb-grid-column-42442c7a\"><div class=\"gb-container gb-container-42442c7a\"><div class=\"gb-inside-container\">\n\n<div class=\"wp-block-image\"><figure class=\"aligncenter is-resized\"><a href=\"https:\/\/www.terpenetech.eu\/pl\/category\/produkty\/agro-industry\/\"><img loading=\"lazy\" decoding=\"async\" src=\"https:\/\/www.terpenetech.eu\/wp-content\/uploads\/2017\/10\/if_hen_2117289.png\" alt=\"\" width=\"100\" height=\"100\"\/><\/a><\/figure><\/div>\n\n\n\n<div style=\"height:20px\" aria-hidden=\"true\" class=\"wp-block-spacer\"><\/div>\n\n\n\n<h3 class=\"has-text-align-center wp-block-heading\"><a href=\"https:\/\/www.terpenetech.eu\/pl\/category\/produkty\/agro-industry\/\">SEKTOR ROLNO-PRZEMYS\u0141OWY<\/a><\/h3>\n\n\n\n<div class=\"wp-block-buttons is-content-justification-center is-layout-flex wp-block-buttons-is-layout-flex\">\n<div class=\"wp-block-button\"><a class=\"wp-block-button__link\" href=\"https:\/\/www.terpenetech.eu\/pl\/produkty\/sektor-rolno-przemyslowy\/\" style=\"border-radius:6px\">DOWIEDZ SI\u0118 WI\u0118CEJ<\/a><\/div>\n<\/div>\n\n\n\n<div style=\"height:50px\" aria-hidden=\"true\" class=\"wp-block-spacer\"><\/div>\n\n<\/div><\/div><\/div>\n\n<div class=\"gb-grid-column gb-grid-column-22cd4022\"><div class=\"gb-container gb-container-22cd4022\"><div class=\"gb-inside-container\">\n\n<div class=\"wp-block-image\"><figure class=\"aligncenter is-resized\"><a href=\"https:\/\/www.terpenetech.eu\/pl\/category\/produkty\/perfumy-i-zapachy\/\"><img loading=\"lazy\" decoding=\"async\" src=\"https:\/\/www.terpenetech.eu\/wp-content\/uploads\/2017\/10\/if_beauty-perfume_822045.png\" alt=\"\" width=\"100\" height=\"100\"\/><\/a><\/figure><\/div>\n\n\n\n<div style=\"height:20px\" aria-hidden=\"true\" class=\"wp-block-spacer\"><\/div>\n\n\n\n<h3 class=\"has-text-align-center wp-block-heading\"><a href=\"https:\/\/www.terpenetech.eu\/pl\/category\/produkty\/perfumy-i-zapachy\/\">PERFUMY I ZAPACHY<\/a><\/h3>\n\n\n\n<div class=\"wp-block-buttons is-content-justification-center is-layout-flex wp-block-buttons-is-layout-flex\">\n<div class=\"wp-block-button\"><a class=\"wp-block-button__link\" href=\"https:\/\/www.terpenetech.eu\/pl\/produkty\/perfumy-i-zapachy\/\" style=\"border-radius:6px\">DOWIEDZ SI\u0118 WI\u0118CEJ<\/a><\/div>\n<\/div>\n\n\n\n<div style=\"height:50px\" aria-hidden=\"true\" class=\"wp-block-spacer\"><\/div>\n\n<\/div><\/div><\/div>\n<\/div>\n\n\n<div style=\"height:100px\" aria-hidden=\"true\" class=\"wp-block-spacer\"><\/div>\n\n\n\n<h2 class=\"wp-block-heading has-text-align-center\">IP I WIEDZA<\/h2>\n\n\n<div class=\"gb-container gb-container-b891c83b\"><div class=\"gb-inside-container\">\n<div class=\"gb-grid-wrapper gb-grid-wrapper-cdbb9bed\">\n<div class=\"gb-grid-column gb-grid-column-210556de\"><div class=\"gb-container gb-container-210556de\"><div class=\"gb-inside-container\">\n<div class=\"wp-block-image\">\n<figure class=\"alignleft is-resized\"><img decoding=\"async\" src=\"https:\/\/www.terpenetech.eu\/wp-content\/uploads\/2017\/10\/ICO_RD2.png\" alt=\"\" style=\"width:50px;height:50px\"\/><\/figure>\n<\/div>\n<\/div><\/div><\/div>\n\n<div class=\"gb-grid-column gb-grid-column-cd5b7c30\"><div class=\"gb-container gb-container-cd5b7c30\"><div class=\"gb-inside-container\">\n\n<h3 class=\"wp-block-heading\">BADANIA I ROZW\u00d3J<\/h3>\n\n\n\n<p>Nasz uniwersytecki dzia\u0142 badawczo-rozwojowy nieustannie pracuje nad znalezieniem optymalnych kombinacji terpen\u00f3w do okre\u015blonych zastosowa\u0144, dzia\u0142aj\u0105cych synergicznie z technologi\u0105 YP.<br>Wsp\u00f3\u0142pracujemy z uniwersytetami i niezale\u017cnymi laboratoriami na ca\u0142ym \u015bwiecie w zakresie bada\u0144 i rozwoju, oceny skuteczno\u015bci, toksykologii, stabilno\u015bci i ekotoksykologii.<\/p>\n\n<\/div><\/div><\/div>\n<\/div>\n<\/div><\/div>\n\n<div class=\"gb-container gb-container-76424239\"><div class=\"gb-inside-container\">\n<div class=\"gb-grid-wrapper gb-grid-wrapper-d321007b\">\n<div class=\"gb-grid-column gb-grid-column-bad0341e\"><div class=\"gb-container gb-container-bad0341e\"><div class=\"gb-inside-container\">\n<div class=\"wp-block-image\">\n<figure class=\"alignleft is-resized\"><img decoding=\"async\" src=\"https:\/\/www.terpenetech.eu\/wp-content\/uploads\/2017\/10\/ICO_REGULATORY2.png\" alt=\"\" style=\"width:50px;height:50px\"\/><\/figure>\n<\/div>\n<\/div><\/div><\/div>\n\n<div class=\"gb-grid-column gb-grid-column-229d9231\"><div class=\"gb-container gb-container-229d9231\"><div class=\"gb-inside-container\">\n\n<h3 class=\"wp-block-heading\">ROZPORZ\u0104DZENIA<\/h3>\n\n\n\n<p>Firma TerpeneTech prowadzi dzia\u0142alno\u015b\u0107 w 3 europejskich kategoriach regulacyjnych:<\/p>\n\n\n\n<p><b>Wyroby medyczne 2017\/745<\/b><br>TerpeneTech jest producentem wyrob\u00f3w medycznych klasy 1<\/p>\n\n\n\n<p><b>Rozporz\u0105dzenie w sprawie produkt\u00f3w biob\u00f3jczych nr 528\/2012<\/b><br>TerpeneTech spe\u0142nia wymagania artyku\u0142u 95 rozporz\u0105dzenia w sprawie biocyd\u00f3w dla substancji czynnej geraniol i jest obecnie dostawc\u0105 geraniolu do stosowania w repelentach PT19 i insektycydach PT18 znajduj\u0105cym si\u0119 na li\u015bcie ECHA.<\/p>\n\n\n\n<p><b>Rozporz\u0105dzenie dotycz\u0105ce produkt\u00f3w kosmetycznych 1223\/2009<\/b><br>TerpeneTech jest producentem i w\u0142a\u015bcicielem danych dotycz\u0105cych produkt\u00f3w kosmetycznych.<\/p>\n\n<\/div><\/div><\/div>\n<\/div>\n<\/div><\/div>\n\n<div class=\"gb-container gb-container-c8dd9c30\"><div class=\"gb-inside-container\">\n<div class=\"gb-grid-wrapper gb-grid-wrapper-1dee13ba\">\n<div class=\"gb-grid-column gb-grid-column-298818b2\"><div class=\"gb-container gb-container-298818b2\"><div class=\"gb-inside-container\">\n<div class=\"wp-block-image\">\n<figure class=\"alignleft is-resized\"><img decoding=\"async\" src=\"https:\/\/www.terpenetech.eu\/wp-content\/uploads\/2017\/10\/ICO_MANUFACTURING2.png\" alt=\"\" style=\"width:50px;height:50px\"\/><\/figure>\n<\/div>\n<\/div><\/div><\/div>\n\n<div class=\"gb-grid-column gb-grid-column-d86680fa\"><div class=\"gb-container gb-container-d86680fa\"><div class=\"gb-inside-container\">\n\n<h3 class=\"wp-block-heading\">PRODUKCJA<\/h3>\n\n\n\n<p>Wszystkie zak\u0142ady produkcyjne znajduj\u0105 si\u0119 w pobli\u017cu terytori\u00f3w dystrybucji i spe\u0142niaj\u0105 wymagania norm ISO9001 i ISO 13485 (wyroby medyczne).<\/p>\n\n\n\n<p><b>We can manufacture small and large batches of ready to<br>use bulk, concentrates and finished products.<\/b><\/p>\n\n<\/div><\/div><\/div>\n<\/div>\n<\/div><\/div>","protected":false},"excerpt":{"rendered":"<p>Better living brighter future YP TECHNOLOGY NATURALLY PROGRAMMED TO WORK WHEN AND WHERE WE NEED IT Our patented &#8230; <\/p>\n<p class=\"read-more-container\"><a title=\"Home\" class=\"read-more button\" href=\"https:\/\/www.terpenetech.eu\/pl\/#more-786\" aria-label=\"Dowiedz si\u0119 wi\u0119cej o Home\">Czytaj dalej<\/a><\/p>","protected":false},"author":4,"featured_media":752,"parent":0,"menu_order":0,"comment_status":"closed","ping_status":"closed","template":"","meta":{"_seopress_robots_primary_cat":"","_seopress_titles_title":"TerpeneTech : Better Living, Brighter Future","_seopress_titles_desc":"TerpeneTech\u2019s mission is to provide solutions that help to protect Humans and Animals from microorganisms and insects.","_seopress_robots_index":"","footnotes":""},"class_list":["post-786","page","type-page","status-publish","has-post-thumbnail"],"_links":{"self":[{"href":"https:\/\/www.terpenetech.eu\/pl\/wp-json\/wp\/v2\/pages\/786","targetHints":{"allow":["GET"]}}],"collection":[{"href":"https:\/\/www.terpenetech.eu\/pl\/wp-json\/wp\/v2\/pages"}],"about":[{"href":"https:\/\/www.terpenetech.eu\/pl\/wp-json\/wp\/v2\/types\/page"}],"author":[{"embeddable":true,"href":"https:\/\/www.terpenetech.eu\/pl\/wp-json\/wp\/v2\/users\/4"}],"replies":[{"embeddable":true,"href":"https:\/\/www.terpenetech.eu\/pl\/wp-json\/wp\/v2\/comments?post=786"}],"version-history":[{"count":0,"href":"https:\/\/www.terpenetech.eu\/pl\/wp-json\/wp\/v2\/pages\/786\/revisions"}],"wp:featuredmedia":[{"embeddable":true,"href":"https:\/\/www.terpenetech.eu\/pl\/wp-json\/wp\/v2\/media\/752"}],"wp:attachment":[{"href":"https:\/\/www.terpenetech.eu\/pl\/wp-json\/wp\/v2\/media?parent=786"}],"curies":[{"name":"wp","href":"https:\/\/api.w.org\/{rel}","templated":true}]}}