{"id":3319,"date":"2021-09-17T14:42:43","date_gmt":"2021-09-17T14:42:43","guid":{"rendered":"https:\/\/www.terpenetech.eu\/?page_id=3319"},"modified":"2025-07-28T10:09:04","modified_gmt":"2025-07-28T10:09:04","slug":"technologia-yp","status":"publish","type":"page","link":"https:\/\/www.terpenetech.eu\/pl\/yp-technology\/","title":{"rendered":"TECHNOLOGIA YP"},"content":{"rendered":"<h1 class=\"gb-headline gb-headline-18d63bc2 gb-headline-text\">TECHNOLOGIA YP<\/h1>\n\n\n<div class=\"gb-container gb-container-1f15e2b9\"><div class=\"gb-inside-container\">\n\n<div style=\"padding:56.25% 0 0 0;position:relative;\"><iframe src=\"https:\/\/player.vimeo.com\/video\/1083809070?h=994ffa7620&amp;autoplay=1&amp;loop=1&amp;muted=1&amp;background=1&amp;badge=0&amp;autopause=0&amp;player_id=0&amp;app_id=58479\" frameborder=\"0\" allow=\"autoplay; fullscreen; picture-in-picture\" allowfullscreen=\"\" style=\"position:absolute;top:0;left:0;width:100%;height:100%;\" title=\"TECHNOLOGIA YP\"><\/iframe><\/div><script src=\"https:\/\/player.vimeo.com\/api\/player.js\"><\/script>\n\n\n\n<div style=\"height:50px\" aria-hidden=\"true\" class=\"wp-block-spacer\"><\/div>\n\n\n\n<p>Opatentowana technologia wykorzystuje naturalne puste cz\u0105steczki do kapsu\u0142kowania zar\u00f3wno pojedynczych terpen\u00f3w, jak i ich kombinacji. W obecno\u015bci wilgoci naturalne cz\u0105steczki p\u0119czniej\u0105, powoli uwalniaj\u0105c swoje \u0142adunki terpenowe. Wilgo\u0107 mo\u017ce pochodzi\u0107 z opad\u00f3w deszczu, rosy, mg\u0142y, potu lub naturalnego nawil\u017cenia sk\u00f3ry. Kiedy wilgo\u0107 wysycha, cz\u0105steczki kurcz\u0105 si\u0119 i zatrzymuj\u0105 swoje \u0142adunki, a\u017c wilgo\u0107 ponownie rozpocznie cykl. Wilgo\u0107 jest kluczowym sk\u0142adnikiem wzrostu mikroorganizm\u00f3w. Ta sama wilgo\u0107 potrzebna mikroorganizmom do wzrostu powoduje uwalnianie terpen\u00f3w o dzia\u0142aniu przeciwbakteryjnym, przeciwple\u015bniowym i przeciwgrzybiczym. Produkt skutecznie dzia\u0142a wtedy, kiedy jest potrzebny!<\/p>\n\n<\/div><\/div>\n\n<div class=\"wp-block-image\">\n<figure class=\"aligncenter size-full\"><a href=\"https:\/\/www.terpenetech.eu\/wp-content\/uploads\/2017\/10\/YPTECHNOLOGY_PROCESS2.png\"><img loading=\"lazy\" decoding=\"async\" width=\"870\" height=\"543\" src=\"https:\/\/www.terpenetech.eu\/wp-content\/uploads\/2017\/10\/YPTECHNOLOGY_PROCESS2.png\" alt=\"\" class=\"wp-image-1397\" srcset=\"https:\/\/www.terpenetech.eu\/wp-content\/uploads\/2017\/10\/YPTECHNOLOGY_PROCESS2.png 870w, https:\/\/www.terpenetech.eu\/wp-content\/uploads\/2017\/10\/YPTECHNOLOGY_PROCESS2-300x187.png 300w, https:\/\/www.terpenetech.eu\/wp-content\/uploads\/2017\/10\/YPTECHNOLOGY_PROCESS2-768x479.png 768w, https:\/\/www.terpenetech.eu\/wp-content\/uploads\/2017\/10\/YPTECHNOLOGY_PROCESS2-800x500.png 800w\" sizes=\"auto, (max-width: 870px) 100vw, 870px\" \/><\/a><\/figure>\n<\/div>","protected":false},"excerpt":{"rendered":"<p>YP Technology The patented technology uses natural hollow particles to encapsulate both individual and combinations of terpenes. In &#8230; <\/p>\n<p class=\"read-more-container\"><a title=\"TECHNOLOGIA YP\" class=\"read-more button\" href=\"https:\/\/www.terpenetech.eu\/pl\/yp-technology\/#more-3319\" aria-label=\"Dowiedz si\u0119 wi\u0119cej o YP Technology\">Czytaj dalej<\/a><\/p>","protected":false},"author":4,"featured_media":0,"parent":0,"menu_order":0,"comment_status":"closed","ping_status":"closed","template":"","meta":{"_seopress_robots_primary_cat":"","_seopress_titles_title":"","_seopress_titles_desc":"","_seopress_robots_index":"","footnotes":""},"class_list":["post-3319","page","type-page","status-publish"],"_links":{"self":[{"href":"https:\/\/www.terpenetech.eu\/pl\/wp-json\/wp\/v2\/pages\/3319","targetHints":{"allow":["GET"]}}],"collection":[{"href":"https:\/\/www.terpenetech.eu\/pl\/wp-json\/wp\/v2\/pages"}],"about":[{"href":"https:\/\/www.terpenetech.eu\/pl\/wp-json\/wp\/v2\/types\/page"}],"author":[{"embeddable":true,"href":"https:\/\/www.terpenetech.eu\/pl\/wp-json\/wp\/v2\/users\/4"}],"replies":[{"embeddable":true,"href":"https:\/\/www.terpenetech.eu\/pl\/wp-json\/wp\/v2\/comments?post=3319"}],"version-history":[{"count":1,"href":"https:\/\/www.terpenetech.eu\/pl\/wp-json\/wp\/v2\/pages\/3319\/revisions"}],"predecessor-version":[{"id":3997,"href":"https:\/\/www.terpenetech.eu\/pl\/wp-json\/wp\/v2\/pages\/3319\/revisions\/3997"}],"wp:attachment":[{"href":"https:\/\/www.terpenetech.eu\/pl\/wp-json\/wp\/v2\/media?parent=3319"}],"curies":[{"name":"wp","href":"https:\/\/api.w.org\/{rel}","templated":true}]}}