{"id":2755,"date":"2020-06-24T12:50:35","date_gmt":"2020-06-24T12:50:35","guid":{"rendered":"https:\/\/www.terpenetech.eu\/?page_id=2755"},"modified":"2021-09-17T14:33:58","modified_gmt":"2021-09-17T14:33:58","slug":"wlasciwosci-uzytkowe","status":"publish","type":"page","link":"https:\/\/www.terpenetech.eu\/pl\/company\/performance\/","title":{"rendered":"W\u0141A\u015aCIWO\u015aCI U\u017bYTKOWE"},"content":{"rendered":"<h1 class=\"has-text-align-center wp-block-heading\">Terpenetech <span style=\"color: #54595f;\">W\u0141A\u015aCIWO\u015aCI U\u017bYTKOWE<\/span><\/h1>\n\n\n\n<h2 class=\"has-text-align-center wp-block-heading\">WYDAJNO\u015a\u0106 PRODUKTU SPE\u0141NIA, A NAWET PRZEKRACZA OCZEKIWANIA<\/h2>\n\n\n\n<p>Terpeny maj\u0105 dobrze znan\u0105 wad\u0119, kt\u00f3ra polega na tym, \u017ce s\u0105 lotne i szybko odparowuj\u0105, przez co wykazuj\u0105 kr\u00f3tkotrwa\u0142\u0105 aktywno\u015b\u0107 resztkow\u0105. Wykorzystuj\u0105c opatentowan\u0105 przez Eden Research technologi\u0119 mikrokapsu\u0142kowania cz\u0105stek dro\u017cd\u017cy, mo\u017cna przezwyci\u0119\u017cy\u0107 problemy zwi\u0105zane z t\u0105 w\u0142a\u015bciwo\u015bci\u0105 terpen\u00f3w oraz opracowa\u0107 i wprowadzi\u0107 na rynek skuteczne, nietoksyczne produkty biob\u00f3jcze.<br>Opr\u00f3cz terpen\u00f3w firma TerpeneTech opracowa\u0142a r\u00f3wnie\u017c technologi\u0119 i receptury produkt\u00f3w oparte na innych naturalnych sk\u0142adnikach czynnych i oboj\u0119tnych. Nowe receptury wykaza\u0142y doskona\u0142\u0105 skuteczno\u015b\u0107 w produktach dla ludzi, zwierz\u0105t domowych, koni, drobiu i byd\u0142a.<\/p>\n\n\n\n<p>Strategia TerpeneTech polega na opracowywaniu, testowaniu i komercjalizacji \u015bwiatowej klasy skutecznych, naturalnych produkt\u00f3w biob\u00f3jczych i wprowadzaniu ich na rynek we wsp\u00f3\u0142pracy z wiod\u0105cymi firmami na ca\u0142ym \u015bwiecie.<\/p>\n\n\n\n<div style=\"height:50px\" aria-hidden=\"true\" class=\"wp-block-spacer\"><\/div>\n\n\n<div class=\"gb-grid-wrapper gb-grid-wrapper-f169a147\">\n<div class=\"gb-grid-column gb-grid-column-386d7d9c\"><div class=\"gb-container gb-container-386d7d9c\"><div class=\"gb-inside-container\">\n\n<p style=\"text-align: center;\"><a href=\"https:\/\/www.terpenetech.eu\/pl\/o-nas\/filozofia\/\"><i class=\"fas fa-dot-circle\" style=\"color: #52BB35; font-size: 70px;\"><\/i><\/a><\/p>\n\n\n\n<h3 class=\"has-text-align-center wp-block-heading\"><a href=\"https:\/\/www.terpenetech.eu\/pl\/o-nas\/filozofia\/\">FILOZOFIA<\/a><\/h3>\n\n\n\n<p><\/p>\n\n<\/div><\/div><\/div>\n\n<div class=\"gb-grid-column gb-grid-column-34760ac8\"><div class=\"gb-container gb-container-34760ac8\"><div class=\"gb-inside-container\">\n\n<p style=\"text-align: center;\"><a href=\"https:\/\/www.terpenetech.eu\/pl\/o-nas\/historia\/\"><i class=\"fas fa-calendar-alt\" style=\"color: #52BB35; font-size: 70px;\"><\/i><\/a><\/p>\n\n\n\n<h3 class=\"has-text-align-center wp-block-heading\"><a href=\"https:\/\/www.terpenetech.eu\/pl\/o-nas\/historia\/\">HISTORIA<\/a><\/h3>\n\n<\/div><\/div><\/div>\n\n<div class=\"gb-grid-column gb-grid-column-4cac1503\"><div class=\"gb-container gb-container-4cac1503\"><div class=\"gb-inside-container\">\n\n<p style=\"text-align: center;\"><a href=\"https:\/\/www.terpenetech.eu\/pl\/o-nas\/zespol\/\"><i class=\"fas fa-user-circle\" style=\"color: #52BB35; font-size: 70px;\"><\/i><\/a><\/p>\n\n\n\n<h3 class=\"has-text-align-center wp-block-heading\"><a href=\"https:\/\/www.terpenetech.eu\/pl\/o-nas\/zespol\/\">ZESP\u00d3\u0141<\/a><\/h3>\n\n<\/div><\/div><\/div>\n\n<div class=\"gb-grid-column gb-grid-column-870e4ad4\"><div class=\"gb-container gb-container-870e4ad4\"><div class=\"gb-inside-container\">\n\n<p style=\"text-align: center;\"><a href=\"https:\/\/www.terpenetech.eu\/pl\/o-nas\/strategia\/\"><i class=\"fas fa-list-alt\" style=\"color: #52BB35; font-size: 70px;\"><\/i><\/a><\/p>\n\n\n\n<h3 class=\"has-text-align-center wp-block-heading\"><a href=\"https:\/\/www.terpenetech.eu\/pl\/o-nas\/strategia\/\">STRATEGIA<\/a><\/h3>\n\n<\/div><\/div><\/div>\n\n<div class=\"gb-grid-column gb-grid-column-eccb1f92\"><div class=\"gb-container gb-container-eccb1f92\"><div class=\"gb-inside-container\">\n\n<p style=\"text-align: center;\"><a href=\"https:\/\/www.terpenetech.eu\/pl\/o-nas\/wlasciwosci-uzytkowe\/\"><i class=\"fas fa-flask\" style=\"color: #52BB35; font-size: 70px;\"><\/i><\/a><\/p>\n\n\n\n<h3 class=\"has-text-align-center wp-block-heading\"><a href=\"https:\/\/www.terpenetech.eu\/pl\/o-nas\/wlasciwosci-uzytkowe\/\">W\u0141A\u015aCIWO\u015aCI U\u017bYTKOWE<\/a><\/h3>\n\n<\/div><\/div><\/div>\n<\/div>","protected":false},"excerpt":{"rendered":"<p>Terpenetech PERFORMANCE Product performance meets or exceeds expectations Terpenes have a well known drawbacks in that they are &#8230; <\/p>\n<p class=\"read-more-container\"><a title=\"W\u0141A\u015aCIWO\u015aCI U\u017bYTKOWE\" class=\"read-more button\" href=\"https:\/\/www.terpenetech.eu\/pl\/company\/performance\/#more-2755\" aria-label=\"Dowiedz si\u0119 wi\u0119cej o Performance\">Czytaj dalej<\/a><\/p>","protected":false},"author":4,"featured_media":0,"parent":800,"menu_order":0,"comment_status":"closed","ping_status":"closed","template":"","meta":{"_seopress_robots_primary_cat":"","_seopress_titles_title":"Performance - TERPENETECH LTD","_seopress_titles_desc":"By utilizing Eden Research\u2019s patented Yeast Particle Microencapsulation Technology the problems associated with Terpenes can be overcome and effective, non-toxic Biocides can be developed and brought to market.","_seopress_robots_index":"","footnotes":""},"class_list":["post-2755","page","type-page","status-publish"],"_links":{"self":[{"href":"https:\/\/www.terpenetech.eu\/pl\/wp-json\/wp\/v2\/pages\/2755","targetHints":{"allow":["GET"]}}],"collection":[{"href":"https:\/\/www.terpenetech.eu\/pl\/wp-json\/wp\/v2\/pages"}],"about":[{"href":"https:\/\/www.terpenetech.eu\/pl\/wp-json\/wp\/v2\/types\/page"}],"author":[{"embeddable":true,"href":"https:\/\/www.terpenetech.eu\/pl\/wp-json\/wp\/v2\/users\/4"}],"replies":[{"embeddable":true,"href":"https:\/\/www.terpenetech.eu\/pl\/wp-json\/wp\/v2\/comments?post=2755"}],"version-history":[{"count":0,"href":"https:\/\/www.terpenetech.eu\/pl\/wp-json\/wp\/v2\/pages\/2755\/revisions"}],"up":[{"embeddable":true,"href":"https:\/\/www.terpenetech.eu\/pl\/wp-json\/wp\/v2\/pages\/800"}],"wp:attachment":[{"href":"https:\/\/www.terpenetech.eu\/pl\/wp-json\/wp\/v2\/media?parent=2755"}],"curies":[{"name":"wp","href":"https:\/\/api.w.org\/{rel}","templated":true}]}}