{"id":2751,"date":"2020-06-24T12:54:00","date_gmt":"2020-06-24T12:54:00","guid":{"rendered":"https:\/\/www.terpenetech.eu\/?page_id=2751"},"modified":"2021-09-17T14:32:37","modified_gmt":"2021-09-17T14:32:37","slug":"historia","status":"publish","type":"page","link":"https:\/\/www.terpenetech.eu\/pl\/company\/history\/","title":{"rendered":"HISTORIA"},"content":{"rendered":"<h1 class=\"has-text-align-center wp-block-heading\">Terpenetech <span style=\"color: #54595f;\">HISTORIA<\/span><\/h1>\n\n\n\n<ul class=\"wp-block-list\"><li><strong>22 WRZE\u015aNIA 2011 R.<\/strong><p style=\"text-align: left;\">Przedsi\u0119biortswo TerpeneTech Limited, w dniu 22 wrze\u015bnia 2011 r., zawar\u0142o wy\u0142\u0105czne \u015bwiatowe umowy licencyjne i marketingowe z Eden Research Plc na korzystanie z opatentowanej przez Eden technologii mikrokapsu\u0142kowania cz\u0105stek dro\u017cd\u017cy w dziedzinie produkt\u00f3w biob\u00f3jczych dla konsument\u00f3w i przemys\u0142u rolnego.<\/p><p>Firma TerpeneTech uzyska\u0142a r\u00f3wnie\u017c dost\u0119p do danych z dokumentacji Eden dotycz\u0105cych <b>geraniolu,  eugenolu i tymolu w\u00a0<\/b> celu sprzeda\u017cy zar\u00f3wno kapsu\u0142kowanych, jak i niekapsu\u0142kowanych produkt\u00f3w na bazie terpen\u00f3w.<\/p><\/li><li><strong>20 MAJA 2013 R.<\/strong><p style=\"text-align: left;\">W dniu 20 maja 2013 r. firma Eden Research Plc. og\u0142osi\u0142a, \u017ce <b>dokumentacje dotycz\u0105ce trzech substancji czynnych zosta\u0142y zatwierdzone do stosowania w \u015brodkach ochrony ro\u015blin przez Komisj\u0119 Europejsk\u0105 (\u201eWE\u201d)<\/b> na mocy rozporz\u0105dzenia (WE) nr 1107\/2009 w Unii Europejskiej do w\u0142\u0105czenia do za\u0142\u0105cznika I.<\/p><\/li><li><strong>1 GRUDNIA 2015 R.<\/strong><p style=\"text-align: left;\">1 grudnia 2015 r. Firma TerpeneTech zosta\u0142a zidentyfikowana jako dostawca substancji czynnych dla geraniolu CAS-106-24-1) do stosowania w \u015brodkach owadob\u00f3jczych (PT19) i repelentach (PT18). ECHA przyzna\u0142a TerpeneTech prawo do dostarczania geraniolu na rynek UE jako biob\u00f3jczej substancji czynnej oraz do upowa\u017cnienie do korzystania z danych w celu wsparcia rejestracji produkt\u00f3w swoich klient\u00f3w.<\/p><\/li><li><strong>6 PA\u0179DZIERNIKA 2018 R.<\/strong><p style=\"text-align: left;\">Po 3 latach prac badawczo-rozwojowych i regulacyjnych, w dniu 6 pa\u017adziernika 2018 r. firma TerpeneTech przes\u0142a\u0142a do MHRA powiadomienie producenta wyrob\u00f3w medycznych dotycz\u0105ce balsamu na wszy g\u0142owowe.<\/p><\/li><li><strong>2020<\/strong><p style=\"text-align: left;\">Aby zabezpieczy\u0107 si\u0119 przed skutkami Brexitu, chroni\u0107 swoich klient\u00f3w i zachowa\u0107 prawa jako unijny dostawca substancji biob\u00f3jczych oraz jako producent wyrob\u00f3w medycznych, firma TerpeneTech za\u0142o\u017cy\u0142a TerpeneTech Ireland w celu zachowania rejestracji w UE.<\/p><\/li><\/ul>\n\n\n<div class=\"gb-grid-wrapper gb-grid-wrapper-fea98a2d\">\n<div class=\"gb-grid-column gb-grid-column-824e9495\"><div class=\"gb-container gb-container-824e9495\"><div class=\"gb-inside-container\">\n\n<div class=\"wp-block-image\"><figure class=\"aligncenter\"><img decoding=\"async\" src=\"https:\/\/www.terpenetech.eu\/wp-content\/uploads\/2019\/12\/LOGO_TERPENETECH_NEW.png\" alt=\"\"\/><\/figure><\/div>\n\n<\/div><\/div><\/div>\n\n<div class=\"gb-grid-column gb-grid-column-cfc06ecf\"><div class=\"gb-container gb-container-cfc06ecf\"><div class=\"gb-inside-container\">\n\n<div class=\"wp-block-image\"><figure class=\"aligncenter is-resized\"><img decoding=\"async\" src=\"https:\/\/www.terpenetech.eu\/wp-content\/uploads\/2014\/11\/EDEN_LOGO.png\" alt=\"\" width=\"200\"\/><\/figure><\/div>\n\n<\/div><\/div><\/div>\n<\/div>\n\n\n<div style=\"height:50px\" aria-hidden=\"true\" class=\"wp-block-spacer\"><\/div>\n\n\n<div class=\"gb-grid-wrapper gb-grid-wrapper-f169a147\">\n<div class=\"gb-grid-column gb-grid-column-386d7d9c\"><div class=\"gb-container gb-container-386d7d9c\"><div class=\"gb-inside-container\">\n\n<p style=\"text-align: center;\"><a href=\"https:\/\/www.terpenetech.eu\/pl\/o-nas\/filozofia\/\"><i class=\"fas fa-dot-circle\" style=\"color: #52BB35; font-size: 70px;\"><\/i><\/a><\/p>\n\n\n\n<h3 class=\"has-text-align-center wp-block-heading\"><a href=\"https:\/\/www.terpenetech.eu\/pl\/o-nas\/filozofia\/\">FILOZOFIA<\/a><\/h3>\n\n\n\n<p><\/p>\n\n<\/div><\/div><\/div>\n\n<div class=\"gb-grid-column gb-grid-column-34760ac8\"><div class=\"gb-container gb-container-34760ac8\"><div class=\"gb-inside-container\">\n\n<p style=\"text-align: center;\"><a href=\"https:\/\/www.terpenetech.eu\/pl\/o-nas\/historia\/\"><i class=\"fas fa-calendar-alt\" style=\"color: #52BB35; font-size: 70px;\"><\/i><\/a><\/p>\n\n\n\n<h3 class=\"has-text-align-center wp-block-heading\"><a href=\"https:\/\/www.terpenetech.eu\/pl\/o-nas\/historia\/\">HISTORIA<\/a><\/h3>\n\n<\/div><\/div><\/div>\n\n<div class=\"gb-grid-column gb-grid-column-4cac1503\"><div class=\"gb-container gb-container-4cac1503\"><div class=\"gb-inside-container\">\n\n<p style=\"text-align: center;\"><a href=\"https:\/\/www.terpenetech.eu\/pl\/o-nas\/zespol\/\"><i class=\"fas fa-user-circle\" style=\"color: #52BB35; font-size: 70px;\"><\/i><\/a><\/p>\n\n\n\n<h3 class=\"has-text-align-center wp-block-heading\"><a href=\"https:\/\/www.terpenetech.eu\/pl\/o-nas\/zespol\/\">ZESP\u00d3\u0141<\/a><\/h3>\n\n<\/div><\/div><\/div>\n\n<div class=\"gb-grid-column gb-grid-column-870e4ad4\"><div class=\"gb-container gb-container-870e4ad4\"><div class=\"gb-inside-container\">\n\n<p style=\"text-align: center;\"><a href=\"https:\/\/www.terpenetech.eu\/pl\/o-nas\/strategia\/\"><i class=\"fas fa-list-alt\" style=\"color: #52BB35; font-size: 70px;\"><\/i><\/a><\/p>\n\n\n\n<h3 class=\"has-text-align-center wp-block-heading\"><a href=\"https:\/\/www.terpenetech.eu\/pl\/o-nas\/strategia\/\">STRATEGIA<\/a><\/h3>\n\n<\/div><\/div><\/div>\n\n<div class=\"gb-grid-column gb-grid-column-eccb1f92\"><div class=\"gb-container gb-container-eccb1f92\"><div class=\"gb-inside-container\">\n\n<p style=\"text-align: center;\"><a href=\"https:\/\/www.terpenetech.eu\/pl\/o-nas\/wlasciwosci-uzytkowe\/\"><i class=\"fas fa-flask\" style=\"color: #52BB35; font-size: 70px;\"><\/i><\/a><\/p>\n\n\n\n<h3 class=\"has-text-align-center wp-block-heading\"><a href=\"https:\/\/www.terpenetech.eu\/pl\/o-nas\/wlasciwosci-uzytkowe\/\">W\u0141A\u015aCIWO\u015aCI U\u017bYTKOWE<\/a><\/h3>\n\n<\/div><\/div><\/div>\n<\/div>","protected":false},"excerpt":{"rendered":"<p>Terpenetech HISTORY September 22, 2011 TerpeneTech Limited, on September 22, 2011, entered into exclusive worldwide licensing and marketing &#8230; <\/p>\n<p class=\"read-more-container\"><a title=\"HISTORIA\" class=\"read-more button\" href=\"https:\/\/www.terpenetech.eu\/pl\/company\/history\/#more-2751\" aria-label=\"Dowiedz si\u0119 wi\u0119cej o History\">Czytaj dalej<\/a><\/p>","protected":false},"author":4,"featured_media":0,"parent":800,"menu_order":0,"comment_status":"closed","ping_status":"closed","template":"","meta":{"_seopress_robots_primary_cat":"","_seopress_titles_title":"History - TERPENETECH LTD","_seopress_titles_desc":"On December 1st, 2015, TerpeneTech was identified as Active Substance Supplier for Geraniol CAS-106-24-1) for its use in Insecticides (PT19) and Repellents (PT18).","_seopress_robots_index":"","footnotes":""},"class_list":["post-2751","page","type-page","status-publish"],"_links":{"self":[{"href":"https:\/\/www.terpenetech.eu\/pl\/wp-json\/wp\/v2\/pages\/2751","targetHints":{"allow":["GET"]}}],"collection":[{"href":"https:\/\/www.terpenetech.eu\/pl\/wp-json\/wp\/v2\/pages"}],"about":[{"href":"https:\/\/www.terpenetech.eu\/pl\/wp-json\/wp\/v2\/types\/page"}],"author":[{"embeddable":true,"href":"https:\/\/www.terpenetech.eu\/pl\/wp-json\/wp\/v2\/users\/4"}],"replies":[{"embeddable":true,"href":"https:\/\/www.terpenetech.eu\/pl\/wp-json\/wp\/v2\/comments?post=2751"}],"version-history":[{"count":0,"href":"https:\/\/www.terpenetech.eu\/pl\/wp-json\/wp\/v2\/pages\/2751\/revisions"}],"up":[{"embeddable":true,"href":"https:\/\/www.terpenetech.eu\/pl\/wp-json\/wp\/v2\/pages\/800"}],"wp:attachment":[{"href":"https:\/\/www.terpenetech.eu\/pl\/wp-json\/wp\/v2\/media?parent=2751"}],"curies":[{"name":"wp","href":"https:\/\/api.w.org\/{rel}","templated":true}]}}