{"id":2748,"date":"2020-06-24T12:49:53","date_gmt":"2020-06-24T12:49:53","guid":{"rendered":"https:\/\/www.terpenetech.eu\/?page_id=2748"},"modified":"2021-09-17T14:25:09","modified_gmt":"2021-09-17T14:25:09","slug":"filozofia","status":"publish","type":"page","link":"https:\/\/www.terpenetech.eu\/pl\/company\/philosophy\/","title":{"rendered":"FILOZOFIA"},"content":{"rendered":"<h1 class=\"has-text-align-center wp-block-heading\">Terpenetech <span style=\"color: #54595f;\">FILOZOFIA<\/span><\/h1>\n\n\n\n<p>TerpeneTech wierzy, \u017ce przysz\u0142o\u015b\u0107 biocyd\u00f3w le\u017cy w rozwoju i komercjalizacji skutecznych produkt\u00f3w na naturalnej bazie.<\/p>\n\n\n\n<p>Firma promuje stosowanie aktywnych sk\u0142adnik\u00f3w pochodzenia naturalnego w celu ochrony ludzi i zwierz\u0105t przed potencjalnie szkodliwymi substancjami chemicznymi i mikroorganizmami. Natura jest nasz\u0105 wielk\u0105 inspiracj\u0105 i cz\u0119sto to w\u0142a\u015bnie od niej pochodz\u0105 doskona\u0142e rozwi\u0105zania. Na przyk\u0142ad ro\u015bliny s\u0105 \u017ar\u00f3d\u0142em naturalnych substancji chemicznych, takich jak olejki eteryczne, kt\u00f3re s\u0105 przez nie wykorzystywane do ochrony, a tak\u017ce wielu farmaceutyk\u00f3w pochodzenia ro\u015blinnego.<\/p>\n\n\n\n<h4 class=\"wp-block-heading\">TerpeneTech koncentruje si\u0119 na\u00a0 <b>identyfikacji naturalnych cz\u0105steczek terpenu i ocenie ich w\u0142a\u015bciwo\u015bci<\/b> , aby zapewni\u0107 ich bezpiecze\u0144stwo i wydajno\u015b\u0107. Proces oceny obejmuje ekotoksyczno\u015b\u0107, biozgodno\u015b\u0107, stabilno\u015b\u0107 i skuteczno\u015b\u0107.<\/h4>\n\n\n\n<p>Terpeny na bazie naturalnej maj\u0105 wiele pozytywnych cech i wykazuj\u0105 korzy\u015bci w szerokich zastosowaniach konsumenckich i handlowych. Jednak terpeny maj\u0105 du\u017c\u0105 wad\u0119. S\u0105 lotne i dlatego ich \u017cywotno\u015b\u0107 jest ograniczona. Technologia kapsu\u0142kowania TerpeneTech odgrywa wa\u017cn\u0105 rol\u0119 w optymalizacji wydajno\u015bci naturalnych terpen\u00f3w poprzez zapewnienie ich d\u0142ugotrwa\u0142ego uwalniania. Dodatkowo technologia ta umo\u017cliwia eliminacj\u0119 surfaktant\u00f3w i alkoholi ze sk\u0142adu produkt\u00f3w.<\/p>\n\n\n\n<p>Przej\u015bcie od bada\u0144 i rozwoju na rynek wymaga r\u00f3\u017cnorodnych umiej\u0119tno\u015bci i wiedzy, aby zapewni\u0107 sukces. TerpeneTech traktuje swoich klient\u00f3w jak partner\u00f3w i \u015bci\u015ble z nimi wsp\u00f3\u0142pracuje, aby znale\u017a\u0107 optymalne rozwi\u0105zania. Mamy wsp\u00f3lne cele, zadania i motywacj\u0119 do promowania zr\u00f3wnowa\u017conych rozwi\u0105za\u0144 na rzecz bezpieczniejszego, lepszego \u017cycia i lepszej przysz\u0142o\u015bci.<\/p>\n\n\n<div class=\"gb-grid-wrapper gb-grid-wrapper-f169a147\">\n<div class=\"gb-grid-column gb-grid-column-386d7d9c\"><div class=\"gb-container gb-container-386d7d9c\"><div class=\"gb-inside-container\">\n\n<p style=\"text-align: center;\"><a href=\"https:\/\/www.terpenetech.eu\/pl\/o-nas\/filozofia\/\"><i class=\"fas fa-dot-circle\" style=\"color: #52BB35; font-size: 70px;\"><\/i><\/a><\/p>\n\n\n\n<h3 class=\"has-text-align-center wp-block-heading\"><a href=\"https:\/\/www.terpenetech.eu\/pl\/o-nas\/filozofia\/\">FILOZOFIA<\/a><\/h3>\n\n\n\n<p><\/p>\n\n<\/div><\/div><\/div>\n\n<div class=\"gb-grid-column gb-grid-column-34760ac8\"><div class=\"gb-container gb-container-34760ac8\"><div class=\"gb-inside-container\">\n\n<p style=\"text-align: center;\"><a href=\"https:\/\/www.terpenetech.eu\/pl\/o-nas\/historia\/\"><i class=\"fas fa-calendar-alt\" style=\"color: #52BB35; font-size: 70px;\"><\/i><\/a><\/p>\n\n\n\n<h3 class=\"has-text-align-center wp-block-heading\"><a href=\"https:\/\/www.terpenetech.eu\/pl\/o-nas\/historia\/\">HISTORIA<\/a><\/h3>\n\n<\/div><\/div><\/div>\n\n<div class=\"gb-grid-column gb-grid-column-4cac1503\"><div class=\"gb-container gb-container-4cac1503\"><div class=\"gb-inside-container\">\n\n<p style=\"text-align: center;\"><a href=\"https:\/\/www.terpenetech.eu\/pl\/o-nas\/zespol\/\"><i class=\"fas fa-user-circle\" style=\"color: #52BB35; font-size: 70px;\"><\/i><\/a><\/p>\n\n\n\n<h3 class=\"has-text-align-center wp-block-heading\"><a href=\"https:\/\/www.terpenetech.eu\/pl\/o-nas\/zespol\/\">ZESP\u00d3\u0141<\/a><\/h3>\n\n<\/div><\/div><\/div>\n\n<div class=\"gb-grid-column gb-grid-column-870e4ad4\"><div class=\"gb-container gb-container-870e4ad4\"><div class=\"gb-inside-container\">\n\n<p style=\"text-align: center;\"><a href=\"https:\/\/www.terpenetech.eu\/pl\/o-nas\/strategia\/\"><i class=\"fas fa-list-alt\" style=\"color: #52BB35; font-size: 70px;\"><\/i><\/a><\/p>\n\n\n\n<h3 class=\"has-text-align-center wp-block-heading\"><a href=\"https:\/\/www.terpenetech.eu\/pl\/o-nas\/strategia\/\">STRATEGIA<\/a><\/h3>\n\n<\/div><\/div><\/div>\n\n<div class=\"gb-grid-column gb-grid-column-eccb1f92\"><div class=\"gb-container gb-container-eccb1f92\"><div class=\"gb-inside-container\">\n\n<p style=\"text-align: center;\"><a href=\"https:\/\/www.terpenetech.eu\/pl\/o-nas\/wlasciwosci-uzytkowe\/\"><i class=\"fas fa-flask\" style=\"color: #52BB35; font-size: 70px;\"><\/i><\/a><\/p>\n\n\n\n<h3 class=\"has-text-align-center wp-block-heading\"><a href=\"https:\/\/www.terpenetech.eu\/pl\/o-nas\/wlasciwosci-uzytkowe\/\">W\u0141A\u015aCIWO\u015aCI U\u017bYTKOWE<\/a><\/h3>\n\n<\/div><\/div><\/div>\n<\/div>","protected":false},"excerpt":{"rendered":"<p>Terpenetech PHILOSOPHY TerpeneTech believes that the future of Biocides lies in the development and commercialization of effective natural &#8230; <\/p>\n<p class=\"read-more-container\"><a title=\"FILOZOFIA\" class=\"read-more button\" href=\"https:\/\/www.terpenetech.eu\/pl\/company\/philosophy\/#more-2748\" aria-label=\"Dowiedz si\u0119 wi\u0119cej o Philosophy\">Czytaj dalej<\/a><\/p>","protected":false},"author":4,"featured_media":0,"parent":800,"menu_order":0,"comment_status":"closed","ping_status":"closed","template":"","meta":{"_seopress_robots_primary_cat":"","_seopress_titles_title":"Philosophy - TERPENETECH LTD","_seopress_titles_desc":"TerpeneTech believes that the future of Biocides lies in the development and commercialization of effective natural based products.","_seopress_robots_index":"","footnotes":""},"class_list":["post-2748","page","type-page","status-publish"],"_links":{"self":[{"href":"https:\/\/www.terpenetech.eu\/pl\/wp-json\/wp\/v2\/pages\/2748","targetHints":{"allow":["GET"]}}],"collection":[{"href":"https:\/\/www.terpenetech.eu\/pl\/wp-json\/wp\/v2\/pages"}],"about":[{"href":"https:\/\/www.terpenetech.eu\/pl\/wp-json\/wp\/v2\/types\/page"}],"author":[{"embeddable":true,"href":"https:\/\/www.terpenetech.eu\/pl\/wp-json\/wp\/v2\/users\/4"}],"replies":[{"embeddable":true,"href":"https:\/\/www.terpenetech.eu\/pl\/wp-json\/wp\/v2\/comments?post=2748"}],"version-history":[{"count":0,"href":"https:\/\/www.terpenetech.eu\/pl\/wp-json\/wp\/v2\/pages\/2748\/revisions"}],"up":[{"embeddable":true,"href":"https:\/\/www.terpenetech.eu\/pl\/wp-json\/wp\/v2\/pages\/800"}],"wp:attachment":[{"href":"https:\/\/www.terpenetech.eu\/pl\/wp-json\/wp\/v2\/media?parent=2748"}],"curies":[{"name":"wp","href":"https:\/\/api.w.org\/{rel}","templated":true}]}}