{"id":2679,"date":"2020-06-19T09:10:29","date_gmt":"2020-06-19T09:10:29","guid":{"rendered":"https:\/\/www.terpenetech.eu\/?page_id=2679"},"modified":"2021-09-23T08:41:56","modified_gmt":"2021-09-23T08:41:56","slug":"balsam-terpenator-na-wszy-glowowe","status":"publish","type":"page","link":"https:\/\/www.terpenetech.eu\/pl\/head-lice-lotion\/","title":{"rendered":"BALSAM NA WSZY G\u0141OWOWE"},"content":{"rendered":"<div class=\"gb-container gb-container-f698c8dc\"><div class=\"gb-inside-container\">\n<div class=\"gb-grid-wrapper gb-grid-wrapper-8a683789\">\n<div class=\"gb-grid-column gb-grid-column-5fb2d298\"><div class=\"gb-container gb-container-5fb2d298\"><div class=\"gb-inside-container\"><\/div><\/div><\/div>\n\n<div class=\"gb-grid-column gb-grid-column-3817af76\"><div class=\"gb-container gb-container-3817af76\"><div class=\"gb-inside-container\">\n\n<div style=\"height:100px\" aria-hidden=\"true\" class=\"wp-block-spacer\"><\/div>\n\n\n\n<h1 class=\"wp-block-heading\">Terpenator<br><span class=\"has-inline-color has-black-color\">BALSAM TERPENATOR NA WSZY G\u0141OWOWE<\/span><\/h1>\n\n\n\n<p>Nasz balsam na wszy bez insektycyd\u00f3w zabija wszy i gnidy poprzez fizyczny spos\u00f3b dzia\u0142ania, kt\u00f3ry powoduje p\u0119kanie narz\u0105d\u00f3w wewn\u0119trznych. Zabijaj\u0105ce dzia\u0142anie naturalnego olejku z drzewa herbacianego jest zoptymalizowane przez nasz\u0105 opatentowan\u0105 technologi\u0119 kapsu\u0142kowania, kt\u00f3ra zosta\u0142a sprawdzona w testach por\u00f3wnawczych, aby poprawi\u0107 skuteczno\u015b\u0107 i zminimalizowa\u0107 czas zabijania.<\/p>\n\n\n\n<p style=\"font-size: 14px;\">Zarejestrowany wyr\u00f3b medyczny<\/p>\n\n\n\n<div class=\"wp-block-buttons is-layout-flex wp-block-buttons-is-layout-flex\">\n<div class=\"wp-block-button\"><a class=\"wp-block-button__link\" style=\"border-radius:6px\">Zdob\u0105d\u017a sw\u00f3j w\u0142asny markowy balsam<\/a><\/div>\n<\/div>\n\n\n\n<div style=\"height:100px\" aria-hidden=\"true\" class=\"wp-block-spacer\"><\/div>\n\n<\/div><\/div><\/div>\n<\/div>\n<\/div><\/div>\n\n\n<div style=\"height:100px\" aria-hidden=\"true\" class=\"wp-block-spacer\"><\/div>\n\n\n\n<div class=\"wp-block-image\"><figure class=\"aligncenter size-full\"><a href=\"https:\/\/www.terpenetech.eu\/wp-content\/uploads\/2021\/09\/Clock.png\"><img loading=\"lazy\" decoding=\"async\" width=\"105\" height=\"105\" src=\"https:\/\/www.terpenetech.eu\/wp-content\/uploads\/2021\/09\/Clock.png\" alt=\"\" class=\"wp-image-3391\" srcset=\"https:\/\/www.terpenetech.eu\/wp-content\/uploads\/2021\/09\/Clock.png 105w, https:\/\/www.terpenetech.eu\/wp-content\/uploads\/2021\/09\/Clock-12x12.png 12w\" sizes=\"auto, (max-width: 105px) 100vw, 105px\" \/><\/a><\/figure><\/div>\n\n\n\n<h3 class=\"has-text-align-center wp-block-heading\">100% skuteczno\u015bci przy jednym zastosowaniu<br>Przebadany naukowo<br>Przyjazny dla konsumenta<\/h3>\n\n\n\n<div style=\"height:100px\" aria-hidden=\"true\" class=\"wp-block-spacer\"><\/div>\n\n\n<div class=\"gb-container gb-container-f0dcc34b\"><div class=\"gb-inside-container\">\n<div class=\"gb-grid-wrapper gb-grid-wrapper-659576bf\">\n<div class=\"gb-grid-column gb-grid-column-cf53101a\"><div class=\"gb-container gb-container-cf53101a\"><div class=\"gb-inside-container\">\n\n<h2 class=\"wp-block-heading\">BALSAM TERPENATOR O BOGATEJ FORMULE NA WSZY G\u0141OWOWE<\/h2>\n\n\n\n<ul class=\"wp-block-list\"><li>100% skuteczno\u015bci w zaledwie 15 minut<\/li><li>Przebadany naukowo<\/li><li>Balsam nie jest t\u0142usty, \u0142atwo si\u0119 go nak\u0142ada i sp\u0142ukuje<\/li><li>Zawiera naturalny sk\u0142adnik aktywny ro\u015blinnego olejku z drzewa herbacianego<\/li><li>Z opatentowan\u0105 technologi\u0105 mikrokapsu\u0142kowania<\/li><li>Mo\u017ce by\u0107 stosowany u doros\u0142ych i dzieci od 36 miesi\u0105ca \u017cycia<\/li><li>Nie podra\u017cnia. Mo\u017ce by\u0107 stosowany do zapobiegania ponownym zara\u017ceniom<\/li><li>Nie zawiera \u015brodk\u00f3w owadob\u00f3jczych<\/li><\/ul>\n\n\n\n<figure class=\"wp-block-image size-full\"><a href=\"https:\/\/www.terpenetech.eu\/wp-content\/uploads\/2021\/09\/Patented.png\"><img loading=\"lazy\" decoding=\"async\" width=\"285\" height=\"100\" src=\"https:\/\/www.terpenetech.eu\/wp-content\/uploads\/2021\/09\/Patented.png\" alt=\"\" class=\"wp-image-3411\" srcset=\"https:\/\/www.terpenetech.eu\/wp-content\/uploads\/2021\/09\/Patented.png 285w, https:\/\/www.terpenetech.eu\/wp-content\/uploads\/2021\/09\/Patented-18x6.png 18w\" sizes=\"auto, (max-width: 285px) 100vw, 285px\" \/><\/a><\/figure>\n\n<\/div><\/div><\/div>\n\n<div class=\"gb-grid-column gb-grid-column-65163d7a\"><div class=\"gb-container gb-container-65163d7a\" id=\"imgbox\"><div class=\"gb-inside-container\">\n\n<div class=\"imgbox size-full\"><img loading=\"lazy\" decoding=\"async\" width=\"468\" height=\"312\" src=\"https:\/\/www.terpenetech.eu\/wp-content\/uploads\/2021\/09\/Pics-Tea-tree.png\" alt=\"\" class=\"wp-image-3401 img\" srcset=\"https:\/\/www.terpenetech.eu\/wp-content\/uploads\/2021\/09\/Pics-Tea-tree.png 468w, https:\/\/www.terpenetech.eu\/wp-content\/uploads\/2021\/09\/Pics-Tea-tree-300x200.png 300w, https:\/\/www.terpenetech.eu\/wp-content\/uploads\/2021\/09\/Pics-Tea-tree-18x12.png 18w\" sizes=\"auto, (max-width: 468px) 100vw, 468px\" \/><\/div>\n\n<\/div><\/div><\/div>\n<\/div>\n\n\n<div style=\"height:100px\" aria-hidden=\"true\" class=\"wp-block-spacer\"><\/div>\n\n<\/div><\/div>\n\n<div class=\"gb-container gb-container-d8521590\"><div class=\"gb-inside-container\">\n\n<div style=\"height:50px\" aria-hidden=\"true\" class=\"wp-block-spacer\"><\/div>\n\n\n\n<h2 class=\"has-text-align-center wp-block-heading\">Bardzo wydajny produkt<\/h2>\n\n\n\n<h3 class=\"has-text-align-center wp-block-heading\">Badania terenowe<\/h3>\n\n\n\n<div style=\"height:50px\" aria-hidden=\"true\" class=\"wp-block-spacer\"><\/div>\n\n\n<div class=\"gb-grid-wrapper gb-grid-wrapper-543880f5\">\n<div class=\"gb-grid-column gb-grid-column-a9b2ef63\"><div class=\"gb-container gb-container-a9b2ef63 encadre_tt\"><div class=\"gb-inside-container\">\n\n<p class=\"has-text-align-center\"><strong>Badania maj\u0105ce na celu okre\u015blenie skuteczno\u015bci balsamu Terpenator w por\u00f3wnaniu z konkurencyjnymi balsamami przeciw wszom<\/strong><\/p>\n\n\n\n<hr class=\"wp-block-separator has-text-color has-background has-black-background-color has-black-color is-style-wide sep_tt\"\/>\n\n\n\n<p class=\"has-text-align-center\"><b>Liczba uczestnik\u00f3w<br><\/b>196 os\u00f3b<\/p>\n\n\n\n<p class=\"has-text-align-center\"><strong>Lokalizacja in vivo<\/strong><br>Wioski Deguela i Lena, Mali<\/p>\n\n<\/div><\/div><\/div>\n\n<div class=\"gb-grid-column gb-grid-column-21a9e13e\"><div class=\"gb-container gb-container-21a9e13e encadre_tt\"><div class=\"gb-inside-container\">\n\n<p class=\"has-text-align-center\"><strong>Badanie terenowe maj\u0105ce na celu por\u00f3wnanie skuteczno\u015bci preparatu na wszy g\u0142owowe z zastosowaniem kapsu\u0142kowania YP i tego samego preparatu bez kapsu\u0142kowania YP.<\/strong><\/p>\n\n\n\n<hr class=\"wp-block-separator has-text-color has-background has-black-background-color has-black-color is-style-wide\"\/>\n\n\n\n<p class=\"has-text-align-center\"><b><meta charset=\"utf-8\"><b>Liczba uczestnik\u00f3w<\/b><br><\/b>180 os\u00f3b<\/p>\n\n\n\n<p class=\"has-text-align-center\"><strong><meta charset=\"utf-8\"><strong>Lokalizacja in vivo<\/strong><\/strong><br>Mali<\/p>\n\n<\/div><\/div><\/div>\n<\/div>\n\n\n<div style=\"height:30px\" aria-hidden=\"true\" class=\"wp-block-spacer\"><\/div>\n\n\n<div class=\"gb-grid-wrapper gb-grid-wrapper-0908171d\">\n<div class=\"gb-grid-column gb-grid-column-abc8a6a6\"><div class=\"gb-container gb-container-abc8a6a6 encadre_tt\"><div class=\"gb-inside-container\">\n\n<p class=\"has-text-align-center\"><i class=\"fas fa-check\"><\/i><\/p>\n\n\n\n<p class=\"has-text-align-center\"><b><strong>Wyniki<\/strong><\/b><br><b><br><\/b>Receptura preparatu Terpenator na wszy g\u0142owowe okaza\u0142a si\u0119 lepsza od konkurencyjnych produkt\u00f3w<\/p>\n\n<\/div><\/div><\/div>\n\n<div class=\"gb-grid-column gb-grid-column-8637cc75\"><div class=\"gb-container gb-container-8637cc75 encadre_tt\"><div class=\"gb-inside-container\">\n\n<p class=\"has-text-align-center\"><i class=\"fas fa-check\"><\/i><\/p>\n\n\n\n<p class=\"has-text-align-center\"><b><strong>Wyniki<\/strong><\/b><br><b><br><\/b>Preparat z zastosowaniem kapsu\u0142kowania YP by\u0142 statystycznie lepszy ni\u017c preparat bez kapsu\u0142kowania YP<\/p>\n\n<\/div><\/div><\/div>\n<\/div>\n\n\n<div style=\"height:50px\" aria-hidden=\"true\" class=\"wp-block-spacer\"><\/div>\n\n<\/div><\/div>\n\n\n<div style=\"height:100px\" aria-hidden=\"true\" class=\"wp-block-spacer\"><\/div>\n\n\n<div class=\"gb-container gb-container-f8c392e1\"><div class=\"gb-inside-container\">\n<div class=\"gb-grid-wrapper gb-grid-wrapper-7552c911\">\n<div class=\"gb-grid-column gb-grid-column-d9f5aa58\"><div class=\"gb-container gb-container-d9f5aa58\"><div class=\"gb-inside-container\">\n\n<div class=\"wp-block-image\"><figure class=\"aligncenter size-full\"><a href=\"https:\/\/www.terpenetech.eu\/wp-content\/uploads\/2021\/09\/Picto-Certified.png\"><img loading=\"lazy\" decoding=\"async\" width=\"120\" height=\"145\" src=\"https:\/\/www.terpenetech.eu\/wp-content\/uploads\/2021\/09\/Picto-Certified.png\" alt=\"\" class=\"wp-image-3431\" srcset=\"https:\/\/www.terpenetech.eu\/wp-content\/uploads\/2021\/09\/Picto-Certified.png 120w, https:\/\/www.terpenetech.eu\/wp-content\/uploads\/2021\/09\/Picto-Certified-10x12.png 10w\" sizes=\"auto, (max-width: 120px) 100vw, 120px\" \/><\/a><\/figure><\/div>\n\n<\/div><\/div><\/div>\n\n<div class=\"gb-grid-column gb-grid-column-83dc763b\"><div class=\"gb-container gb-container-83dc763b\"><div class=\"gb-inside-container\">\n\n<h2 class=\"wp-block-heading\">Najwy\u017cszy standard produkcji i kontrola jako\u015bci<\/h2>\n\n\n<div class=\"gb-grid-wrapper gb-grid-wrapper-23e03a8d\">\n<div class=\"gb-grid-column gb-grid-column-7c93d639\"><div class=\"gb-container gb-container-7c93d639\"><div class=\"gb-inside-container\">\n\n<figure class=\"wp-block-image size-full\"><a href=\"https:\/\/www.terpenetech.eu\/wp-content\/uploads\/2021\/09\/iso.png\"><img loading=\"lazy\" decoding=\"async\" width=\"77\" height=\"77\" src=\"https:\/\/www.terpenetech.eu\/wp-content\/uploads\/2021\/09\/iso.png\" alt=\"\" class=\"wp-image-3432\" srcset=\"https:\/\/www.terpenetech.eu\/wp-content\/uploads\/2021\/09\/iso.png 77w, https:\/\/www.terpenetech.eu\/wp-content\/uploads\/2021\/09\/iso-12x12.png 12w\" sizes=\"auto, (max-width: 77px) 100vw, 77px\" \/><\/a><\/figure>\n\n<\/div><\/div><\/div>\n\n<div class=\"gb-grid-column gb-grid-column-f9b607c9\"><div class=\"gb-container gb-container-f9b607c9\"><div class=\"gb-inside-container\">\n\n<h3 class=\"wp-block-heading\">ISO 13485<\/h3>\n\n\n\n<ul class=\"wp-block-list\"><li>Surowce zgodne ze specyfikacjami sk\u0142adnik\u00f3w<\/li><li>3 analizy na parti\u0119 (g\u00f3ra\/d\u00f3\u0142\/\u015brodek)<\/li><li>Ilo\u015bciowa zawarto\u015b\u0107 aktywna<\/li><li>pH<\/li><li>G\u0119sto\u015b\u0107<\/li><li>Lepko\u015b\u0107<\/li><\/ul>\n\n<\/div><\/div><\/div>\n<\/div>\n<\/div><\/div><\/div>\n<\/div>\n<\/div><\/div>\n\n\n<div style=\"height:100px\" aria-hidden=\"true\" class=\"wp-block-spacer\"><\/div>\n\n\n<div class=\"gb-container gb-container-6c6db97d\"><div class=\"gb-inside-container\">\n\n<div style=\"height:20px\" aria-hidden=\"true\" class=\"wp-block-spacer\"><\/div>\n\n\n\n<h2 class=\"has-text-align-center wp-block-heading\">\u0141atwe zastosowanie i sp\u0142ukiwanie<\/h2>\n\n\n\n<div style=\"height:40px\" aria-hidden=\"true\" class=\"wp-block-spacer\"><\/div>\n\n\n\n<figure class=\"wp-block-embed is-type-rich is-provider-embed-handler wp-block-embed-embed-handler\"><div class=\"wp-block-embed__wrapper\">\n<div style=\"width: 640px;\" class=\"wp-video\"><video class=\"wp-video-shortcode\" id=\"video-2679-1\" width=\"640\" height=\"360\" preload=\"metadata\" controls=\"controls\"><source type=\"video\/mp4\" src=\"https:\/\/www.terpenetech.eu\/wp-content\/uploads\/2020\/07\/ANIMATION_ANTI_POUX_1280x720_CROPPED_BD.mp4?_=1\" \/><a href=\"https:\/\/www.terpenetech.eu\/wp-content\/uploads\/2020\/07\/ANIMATION_ANTI_POUX_1280x720_CROPPED_BD.mp4\">https:\/\/www.terpenetech.eu\/wp-content\/uploads\/2020\/07\/ANIMATION_ANTI_POUX_1280x720_CROPPED_BD.mp4<\/a><\/video><\/div>\n<\/div><\/figure>\n\n\n\n<div style=\"height:20px\" aria-hidden=\"true\" class=\"wp-block-spacer\"><\/div>\n\n<\/div><\/div>\n\n\n<div style=\"height:120px\" aria-hidden=\"true\" class=\"wp-block-spacer\"><\/div>\n\n\n<div class=\"gb-container gb-container-38a5fc9f\"><div class=\"gb-inside-container\">\n<div class=\"gb-grid-wrapper gb-grid-wrapper-75922ac2\">\n<div class=\"gb-grid-column gb-grid-column-0944191e\"><div class=\"gb-container gb-container-0944191e\"><div class=\"gb-inside-container\">\n\n<div class=\"imgbox_upleft size-full\"><img loading=\"lazy\" decoding=\"async\" src=\"https:\/\/www.terpenetech.eu\/wp-content\/uploads\/2019\/12\/headlice_terpenetech_4.jpg\" alt=\"\" width=\"960\" height=\"641\"><\/div>\n\n<\/div><\/div><\/div>\n\n<div class=\"gb-grid-column gb-grid-column-e33a23b0\"><div class=\"gb-container gb-container-e33a23b0\"><div class=\"gb-inside-container\">\n\n<h2 class=\"wp-block-heading\">BEZPIECZNY BALSAM NA WSZY G\u0141OWOWE I GNIDY<\/h2>\n\n\n\n<ul class=\"wp-block-list\"><li>Bez insektycyd\u00f3w, niskotoksykologiczny profil surowca<\/li><li>Bez SLS, bez paraben\u00f3w, bez fenoksyetanolu, bez PEG<\/li><li>Neutralne pH<\/li><li>Nie podra\u017cnia sk\u00f3ry<\/li><li>Mo\u017ce by\u0107 stosowany u dzieci od 36 miesi\u0105ca \u017cycia<\/li><li>Lepko\u015b\u0107 dobrana tak, aby zminimalizowa\u0107 kapanie \u2013 zmniejsza nara\u017cenie oczu<\/li><li>Raport zgodno\u015bci biologicznej sporz\u0105dzony przez certyfikowanego toksykologa<\/li><\/ul>\n\n<\/div><\/div><\/div>\n<\/div>\n<\/div><\/div>\n\n\n<div style=\"height:120px\" aria-hidden=\"true\" class=\"wp-block-spacer\"><\/div>\n\n\n<div class=\"gb-container gb-container-95c4ab4b\"><div class=\"gb-inside-container\">\n\n<figure class=\"wp-block-image size-full\"><a href=\"https:\/\/www.terpenetech.eu\/wp-content\/uploads\/2021\/09\/Pics-Packaging.png\"><img loading=\"lazy\" decoding=\"async\" width=\"869\" height=\"571\" src=\"https:\/\/www.terpenetech.eu\/wp-content\/uploads\/2021\/09\/Pics-Packaging.png\" alt=\"\" class=\"wp-image-3447\" srcset=\"https:\/\/www.terpenetech.eu\/wp-content\/uploads\/2021\/09\/Pics-Packaging.png 869w, https:\/\/www.terpenetech.eu\/wp-content\/uploads\/2021\/09\/Pics-Packaging-300x197.png 300w, https:\/\/www.terpenetech.eu\/wp-content\/uploads\/2021\/09\/Pics-Packaging-768x505.png 768w, https:\/\/www.terpenetech.eu\/wp-content\/uploads\/2021\/09\/Pics-Packaging-18x12.png 18w\" sizes=\"auto, (max-width: 869px) 100vw, 869px\" \/><\/a><\/figure>\n\n\n\n<div class=\"square_behind3\"><\/div>\n\n<\/div><\/div>\n\n\n<div style=\"height:120px\" aria-hidden=\"true\" class=\"wp-block-spacer\"><\/div>\n\n\n<div class=\"gb-container gb-container-9b80e502\"><div class=\"gb-inside-container\">\n<div class=\"gb-grid-wrapper gb-grid-wrapper-8588b58e\">\n<div class=\"gb-grid-column gb-grid-column-212ef83d\"><div class=\"gb-container gb-container-212ef83d\"><div class=\"gb-inside-container\">\n\n<h2 class=\"wp-block-heading\">BALSAM TERPENATOR NA WSZY G\u0141OWOWE PRZESZED\u0141 WSZYSTKIE WYMAGANE TESTY STABILNO\u015aCI<\/h2>\n\n<\/div><\/div><\/div>\n\n<div class=\"gb-grid-column gb-grid-column-f28311f5\"><div class=\"gb-container gb-container-f28311f5\"><div class=\"gb-inside-container\"><\/div><\/div><\/div>\n<\/div>\n\n<div class=\"gb-grid-wrapper gb-grid-wrapper-4bc39c22\">\n<div class=\"gb-grid-column gb-grid-column-3015ed81\"><div class=\"gb-container gb-container-3015ed81\"><div class=\"gb-inside-container\">\n\n<ul class=\"wp-block-list\"><li>Verpakkingsmaterialen gekozen om verlies van werkzame stof te voorkomen<br>Testowany w piecu: 2 tygodnie w 52\u00b0C, nast\u0119pnie testowany GC MS w celu potwierdzenia braku utraty aktywnej<\/li><li>Stabilna formu\u0142a zgodnie ze standardami ICH 6 miesi\u0119cy<br>Testowany w normalnych, niskich i wysokich temperaturach<\/li><\/ul>\n\n<\/div><\/div><\/div>\n\n<div class=\"gb-grid-column gb-grid-column-7d0a8bb6\"><div class=\"gb-container gb-container-7d0a8bb6\"><div class=\"gb-inside-container\">\n\n<ul class=\"wp-block-list\"><li><span style=\"font-size: inherit;\">Testy chemiczne i fizyczne w celu potwierdzenia stabilno\u015bci pH\/g\u0119sto\u015bci\/lepko\u015bci\/kszta\u0142tu\/koloru<\/span><\/li><li>Badany w celu potwierdzenia stabilno\u015bci antybakteryjnej<\/li><li>Testowana stabilno\u015b\u0107 w warunkach otoczenia, transportu iu\u017cytkowania<\/li><\/ul>\n\n<\/div><\/div><\/div>\n<\/div>\n<\/div><\/div>\n\n\n<div style=\"height:100px\" aria-hidden=\"true\" class=\"wp-block-spacer\"><\/div>\n\n\n<div class=\"gb-container gb-container-68e44d8a\"><div class=\"gb-inside-container\">\n\n<div class=\"wp-block-image\"><figure class=\"aligncenter size-full\"><a href=\"https:\/\/www.terpenetech.eu\/wp-content\/uploads\/2021\/09\/Picto-Bottle.png\"><img loading=\"lazy\" decoding=\"async\" width=\"44\" height=\"100\" src=\"https:\/\/www.terpenetech.eu\/wp-content\/uploads\/2021\/09\/Picto-Bottle.png\" alt=\"\" class=\"wp-image-3458\" srcset=\"https:\/\/www.terpenetech.eu\/wp-content\/uploads\/2021\/09\/Picto-Bottle.png 44w, https:\/\/www.terpenetech.eu\/wp-content\/uploads\/2021\/09\/Picto-Bottle-5x12.png 5w\" sizes=\"auto, (max-width: 44px) 100vw, 44px\" \/><\/a><\/figure><\/div>\n\n\n\n<div style=\"height:20px\" aria-hidden=\"true\" class=\"wp-block-spacer\"><\/div>\n\n\n\n<h2 class=\"has-text-align-center wp-block-heading\"><span class=\"has-inline-color has-white-color\">Podstawie marki w\u0142asnej.<\/span><\/h2>\n\n\n\n<p class=\"has-text-align-center\"><p class=\"has-text-align-center\" style=\"margin-top: -20px;\">Potencjalne terytoria dystrybucji zostan\u0105 om\u00f3wione.<\/p><\/p>\n\n\n\n<div class=\"wp-block-buttons is-content-justification-center is-layout-flex wp-block-buttons-is-layout-flex\">\n<div class=\"wp-block-button\"><a class=\"wp-block-button__link has-black-color has-white-background-color has-text-color has-background\" style=\"border-radius:6px\">Skontaktuj si\u0119 z nami i dowiedz wi\u0119cej<\/a><\/div>\n<\/div>\n\n\n\n<p><a role=\"button\" href=\"https:\/\/www.terpenetech.eu\/pl\/skontaktuj-sie-z-nami\/\"><br>SKONTAKTUJ SI\u0118 Z NAMI I DOWIEDZ WI\u0118CEJ<br><\/a><\/p>\n\n<\/div><\/div>","protected":false},"excerpt":{"rendered":"<p>100% effective with one applicationUniversity TestedConsumer Friendly Very efficient product Field studies Easy application and easy rinsing Head &#8230; <\/p>\n<p class=\"read-more-container\"><a title=\"BALSAM NA WSZY G\u0141OWOWE\" class=\"read-more button\" href=\"https:\/\/www.terpenetech.eu\/pl\/head-lice-lotion\/#more-2679\" aria-label=\"Dowiedz si\u0119 wi\u0119cej o Head Lice Lotion\">Czytaj dalej<\/a><\/p>","protected":false},"author":4,"featured_media":0,"parent":0,"menu_order":0,"comment_status":"closed","ping_status":"closed","template":"","meta":{"_seopress_robots_primary_cat":"","_seopress_titles_title":"Terpenator Head Lice Lotion - TERPENETECH LTD","_seopress_titles_desc":"A registered medical device manufactured by Terpenetech LTD","_seopress_robots_index":"","footnotes":""},"class_list":["post-2679","page","type-page","status-publish"],"_links":{"self":[{"href":"https:\/\/www.terpenetech.eu\/pl\/wp-json\/wp\/v2\/pages\/2679","targetHints":{"allow":["GET"]}}],"collection":[{"href":"https:\/\/www.terpenetech.eu\/pl\/wp-json\/wp\/v2\/pages"}],"about":[{"href":"https:\/\/www.terpenetech.eu\/pl\/wp-json\/wp\/v2\/types\/page"}],"author":[{"embeddable":true,"href":"https:\/\/www.terpenetech.eu\/pl\/wp-json\/wp\/v2\/users\/4"}],"replies":[{"embeddable":true,"href":"https:\/\/www.terpenetech.eu\/pl\/wp-json\/wp\/v2\/comments?post=2679"}],"version-history":[{"count":0,"href":"https:\/\/www.terpenetech.eu\/pl\/wp-json\/wp\/v2\/pages\/2679\/revisions"}],"wp:attachment":[{"href":"https:\/\/www.terpenetech.eu\/pl\/wp-json\/wp\/v2\/media?parent=2679"}],"curies":[{"name":"wp","href":"https:\/\/api.w.org\/{rel}","templated":true}]}}