{"id":2499,"date":"2019-12-10T16:38:16","date_gmt":"2019-12-10T16:38:16","guid":{"rendered":"https:\/\/www.terpenetech.eu\/?page_id=2499"},"modified":"2021-09-17T15:17:35","modified_gmt":"2021-09-17T15:17:35","slug":"gospodarstwo-domowe","status":"publish","type":"page","link":"https:\/\/www.terpenetech.eu\/pl\/products\/household\/","title":{"rendered":"Gospodarstwo domowe"},"content":{"rendered":"<h1 class=\"gb-headline gb-headline-c546a4a2 gb-headline-text\">GOSPODARSTWO DOMOWE<\/h1>\n\n\n<div class=\"gb-grid-wrapper gb-grid-wrapper-301971d7\">\n<div class=\"gb-grid-column gb-grid-column-1d6044a2\"><div class=\"gb-container gb-container-1d6044a2\"><div class=\"gb-inside-container\">\n\n<div class=\"wp-block-image\"><figure class=\"aligncenter is-resized\"><img loading=\"lazy\" decoding=\"async\" src=\"https:\/\/www.terpenetech.eu\/wp-content\/uploads\/2017\/10\/if_nose_2_133676-1.png\" alt=\"\" width=\"48\" height=\"48\"\/><\/figure><\/div>\n\n\n\n<div style=\"height:20px\" aria-hidden=\"true\" class=\"wp-block-spacer\"><\/div>\n\n\n\n<h3 class=\"has-text-align-center wp-block-heading\">NEUTRALIZATOR ZAPACHU<\/h3>\n\n\n\n<p class=\"has-text-align-center\">\u2022 Eliminuje nieprzyjemne zapachy w sektorze rolno-przemys\u0142owym za pomoc\u0105 d\u0142ugiej aktywno\u015bci resztkowej \u2022 B\u0142yskawiczne dzia\u0142anie przy u\u017cyciu substancji czynnej naturalnego biocydu \u2022 Dost\u0119pno\u015b\u0107 na ca\u0142ym \u015bwiecie<\/p>\n\n<\/div><\/div><\/div>\n\n<div class=\"gb-grid-column gb-grid-column-03ffd201\"><div class=\"gb-container gb-container-03ffd201\"><div class=\"gb-inside-container\">\n\n<div class=\"wp-block-image\"><figure class=\"aligncenter is-resized\"><img loading=\"lazy\" decoding=\"async\" src=\"https:\/\/www.terpenetech.eu\/wp-content\/uploads\/2017\/10\/if_Glass_Spray_112418.png\" alt=\"\" width=\"48\" height=\"48\"\/><\/figure><\/div>\n\n\n\n<div style=\"height:20px\" aria-hidden=\"true\" class=\"wp-block-spacer\"><\/div>\n\n\n\n<h3 class=\"has-text-align-center wp-block-heading\">SPRAY NA INSEKTY<\/h3>\n\n\n\n<p class=\"has-text-align-center\">\u2022 99% sk\u0142adnik\u00f3w pochodzenia naturalnego \u2022 Opatentowana technologia kapsu\u0142kowania \u2022 W pe\u0142ni przetestowana skuteczno\u015b\u0107 w przypadku pche\u0142, roztoczy, ciem, wszy g\u0142owowych, pluskiew \u2022 Skuteczno\u015b\u0107 na wszystkich etapach rozwoju owad\u00f3w \u2022 Opatentowany system kapsu\u0142kowania YP \u2022 Dost\u0119pno\u015b\u0107 na ca\u0142ym \u015bwiecie<\/p>\n\n<\/div><\/div><\/div>\n\n<div class=\"gb-grid-column gb-grid-column-32922882\"><div class=\"gb-container gb-container-32922882\"><div class=\"gb-inside-container\">\n\n<div class=\"wp-block-image\"><figure class=\"aligncenter is-resized\"><img loading=\"lazy\" decoding=\"async\" src=\"https:\/\/www.terpenetech.eu\/wp-content\/uploads\/2017\/10\/if_49_1480252.png\" alt=\"\" width=\"48\" height=\"48\"\/><\/figure><\/div>\n\n\n\n<div style=\"height:20px\" aria-hidden=\"true\" class=\"wp-block-spacer\"><\/div>\n\n\n\n<h3 class=\"has-text-align-center wp-block-heading\">\u015aRODKI PRZECIWBAKTERYJNE\/PRZECIWGRZYBICZNE (NIEDOST\u0118PNE WE WSP\u00d3LNOCIE EWG)<\/h3>\n\n\n\n<p class=\"has-text-align-center\">\u2022 W trakcie opracowywania \u2022 Dost\u0119pno\u015b\u0107 na ca\u0142ym \u015bwiecie (z wyj\u0105tkiem kraj\u00f3w obj\u0119tych przepisami europejskimi)<\/p>\n\n<\/div><\/div><\/div>\n<\/div>","protected":false},"excerpt":{"rendered":"<p>GOSPODARSTWO DOMOWE<\/p>","protected":false},"author":4,"featured_media":0,"parent":2514,"menu_order":0,"comment_status":"closed","ping_status":"closed","template":"","meta":{"_seopress_robots_primary_cat":"","_seopress_titles_title":"Household - TERPENETECH LTD","_seopress_titles_desc":"ODOR NEUTRALIZER - INSECTICIDAL ENVIRONMENT SPRAY - ANTI-BACTERIAL \/ FUNGI (NOT AVAILABLE IN EEC COMMUNITY)","_seopress_robots_index":"","footnotes":""},"class_list":["post-2499","page","type-page","status-publish"],"_links":{"self":[{"href":"https:\/\/www.terpenetech.eu\/pl\/wp-json\/wp\/v2\/pages\/2499","targetHints":{"allow":["GET"]}}],"collection":[{"href":"https:\/\/www.terpenetech.eu\/pl\/wp-json\/wp\/v2\/pages"}],"about":[{"href":"https:\/\/www.terpenetech.eu\/pl\/wp-json\/wp\/v2\/types\/page"}],"author":[{"embeddable":true,"href":"https:\/\/www.terpenetech.eu\/pl\/wp-json\/wp\/v2\/users\/4"}],"replies":[{"embeddable":true,"href":"https:\/\/www.terpenetech.eu\/pl\/wp-json\/wp\/v2\/comments?post=2499"}],"version-history":[{"count":0,"href":"https:\/\/www.terpenetech.eu\/pl\/wp-json\/wp\/v2\/pages\/2499\/revisions"}],"up":[{"embeddable":true,"href":"https:\/\/www.terpenetech.eu\/pl\/wp-json\/wp\/v2\/pages\/2514"}],"wp:attachment":[{"href":"https:\/\/www.terpenetech.eu\/pl\/wp-json\/wp\/v2\/media?parent=2499"}],"curies":[{"name":"wp","href":"https:\/\/api.w.org\/{rel}","templated":true}]}}