{"id":2491,"date":"2019-12-10T16:25:27","date_gmt":"2019-12-10T16:25:27","guid":{"rendered":"https:\/\/www.terpenetech.eu\/?page_id=2491"},"modified":"2021-09-23T09:13:21","modified_gmt":"2021-09-23T09:13:21","slug":"sektor-rolno-przemyslowy","status":"publish","type":"page","link":"https:\/\/www.terpenetech.eu\/pl\/products\/agro-industrial\/","title":{"rendered":"SEKTOR ROLNO-PRZEMYS\u0141OWY"},"content":{"rendered":"<h1 class=\"gb-headline gb-headline-7fe765d4 gb-headline-text\">SEKTOR ROLNO-PRZEMYS\u0141OWY<\/h1>\n\n\n<div class=\"gb-grid-wrapper gb-grid-wrapper-aeeff28e\">\n<div class=\"gb-grid-column gb-grid-column-7f247790\"><div class=\"gb-container gb-container-7f247790\"><div class=\"gb-inside-container\">\n\n<div class=\"wp-block-image is-style-default\"><figure class=\"aligncenter\"><img decoding=\"async\" src=\"https:\/\/www.terpenetech.eu\/wp-content\/uploads\/2017\/10\/redmite.png\" alt=\"\"\/><\/figure><\/div>\n\n\n\n<div style=\"height:20px\" aria-hidden=\"true\" class=\"wp-block-spacer\"><\/div>\n\n\n\n<h3 class=\"has-text-align-center wp-block-heading\">INSEKTYCYDY NA CZERWONE ROZTOCZA<\/h3>\n\n\n\n<p class=\"has-text-align-center\">\u2022 99,9% sk\u0142adnik\u00f3w pochodzenia naturalnego \u2022 Opatentowana technologia kapsu\u0142kowania \u2022 W pe\u0142ni przebadana skuteczno\u015b\u0107 na roztocze czerwone i chrz\u0105szcze ciemniowate \u2022 Skuteczno\u015b\u0107 na wszystkich etapach rozwoju owad\u00f3w, od jaja do doros\u0142ego osobnika \u2022 Nie stosowa\u0107 na jaja serc\u00f3wek \u2022 Opatentowany system kapsu\u0142kowania YP \u2022 Dost\u0119pno\u015b\u0107 a ca\u0142ym \u015bwiecie<\/p>\n\n<\/div><\/div><\/div>\n\n<div class=\"gb-grid-column gb-grid-column-83128e35\"><div class=\"gb-container gb-container-83128e35\"><div class=\"gb-inside-container\">\n\n<div class=\"wp-block-image\"><figure class=\"aligncenter\"><img decoding=\"async\" src=\"https:\/\/www.terpenetech.eu\/wp-content\/uploads\/2017\/10\/mamitis.png\" alt=\"\"\/><\/figure><\/div>\n\n\n\n<div style=\"height:20px\" aria-hidden=\"true\" class=\"wp-block-spacer\"><\/div>\n\n\n\n<h3 class=\"has-text-align-center wp-block-heading\">LECZENIE ZAPALENIA WYMIENIA<\/h3>\n\n\n\n<p class=\"has-text-align-center\">\u2022 Zapobiega rozwojowi zapalenia wymienia \u2022 Odstrasza muchy \u2022 Zapobiega ska\u017ceniu bakteriami i wykazuje d\u0142ug\u0105 aktywno\u015b\u0107 resztkow\u0105 \u2022 Pakiet w trakcie opracowywania \u2022 Dost\u0119pno\u015b\u0107 na ca\u0142ym \u015bwiecie<\/p>\n\n<\/div><\/div><\/div>\n\n<div class=\"gb-grid-column gb-grid-column-95f5be18\"><div class=\"gb-container gb-container-95f5be18\"><div class=\"gb-inside-container\">\n\n<div class=\"wp-block-image\"><figure class=\"aligncenter is-resized\"><img decoding=\"async\" src=\"https:\/\/www.terpenetech.eu\/wp-content\/uploads\/2017\/10\/if_nose_2_133676-1.png\" alt=\"\" width=\"48\"\/><\/figure><\/div>\n\n\n\n<div style=\"height:20px\" aria-hidden=\"true\" class=\"wp-block-spacer\"><\/div>\n\n\n\n<h3 class=\"has-text-align-center wp-block-heading\">NEUTRALIZATOR ZAPACHU<\/h3>\n\n\n\n<p class=\"has-text-align-center\">\u2022 Eliminuje nieprzyjemne zapachy w sektorze rolno-przemys\u0142owym za pomoc\u0105 d\u0142ugiej aktywno\u015bci resztkowej \u2022 B\u0142yskawiczne dzia\u0142anie przy u\u017cyciu substancji czynnej naturalnego biocydu \u2022 Dost\u0119pno\u015b\u0107 na ca\u0142ym \u015bwiecie<\/p>\n\n<\/div><\/div><\/div>\n\n<div class=\"gb-grid-column gb-grid-column-d1528089\"><div class=\"gb-container gb-container-d1528089\"><div class=\"gb-inside-container\">\n\n<div class=\"wp-block-image\"><figure class=\"aligncenter is-resized\"><img decoding=\"async\" src=\"https:\/\/www.terpenetech.eu\/wp-content\/uploads\/2017\/09\/Animal-feed.png\" alt=\"\" width=\"48\"\/><\/figure><\/div>\n\n\n\n<div style=\"height:20px\" aria-hidden=\"true\" class=\"wp-block-spacer\"><\/div>\n\n\n\n<h3 class=\"has-text-align-center wp-block-heading\">PASZA DLA ZWIERZ\u0104T<\/h3>\n\n<\/div><\/div><\/div>\n<\/div>","protected":false},"excerpt":{"rendered":"<p>SEKTOR ROLNO-PRZEMYS\u0141OWY<\/p>","protected":false},"author":4,"featured_media":0,"parent":2514,"menu_order":0,"comment_status":"closed","ping_status":"closed","template":"","meta":{"_seopress_robots_primary_cat":"","_seopress_titles_title":"Agro-industrial - TERPENETECH LTD","_seopress_titles_desc":"RED MITES INSECTICIDES - MAMITIS TREATMENT - ODOR NEUTRALIZER - ANIMAL FEED","_seopress_robots_index":"","footnotes":""},"class_list":["post-2491","page","type-page","status-publish"],"_links":{"self":[{"href":"https:\/\/www.terpenetech.eu\/pl\/wp-json\/wp\/v2\/pages\/2491","targetHints":{"allow":["GET"]}}],"collection":[{"href":"https:\/\/www.terpenetech.eu\/pl\/wp-json\/wp\/v2\/pages"}],"about":[{"href":"https:\/\/www.terpenetech.eu\/pl\/wp-json\/wp\/v2\/types\/page"}],"author":[{"embeddable":true,"href":"https:\/\/www.terpenetech.eu\/pl\/wp-json\/wp\/v2\/users\/4"}],"replies":[{"embeddable":true,"href":"https:\/\/www.terpenetech.eu\/pl\/wp-json\/wp\/v2\/comments?post=2491"}],"version-history":[{"count":0,"href":"https:\/\/www.terpenetech.eu\/pl\/wp-json\/wp\/v2\/pages\/2491\/revisions"}],"up":[{"embeddable":true,"href":"https:\/\/www.terpenetech.eu\/pl\/wp-json\/wp\/v2\/pages\/2514"}],"wp:attachment":[{"href":"https:\/\/www.terpenetech.eu\/pl\/wp-json\/wp\/v2\/media?parent=2491"}],"curies":[{"name":"wp","href":"https:\/\/api.w.org\/{rel}","templated":true}]}}