{"id":2482,"date":"2019-12-10T16:15:19","date_gmt":"2019-12-10T16:15:19","guid":{"rendered":"https:\/\/www.terpenetech.eu\/?page_id=2482"},"modified":"2021-09-17T15:16:42","modified_gmt":"2021-09-17T15:16:42","slug":"higiena-osobista-i-opieka-medyczna","status":"publish","type":"page","link":"https:\/\/www.terpenetech.eu\/pl\/products\/personal-and-medical-care\/","title":{"rendered":"Higiena osobista i opieka medyczna"},"content":{"rendered":"<h1 class=\"gb-headline gb-headline-9c1f2b71 gb-headline-text\">PERSONAL AND MEDICAL CARE<\/h1>\n\n\n\n<div style=\"height:50px\" aria-hidden=\"true\" class=\"wp-block-spacer\"><\/div>\n\n\n<div class=\"gb-grid-wrapper gb-grid-wrapper-90f63ceb\">\n<div class=\"gb-grid-column gb-grid-column-623b179e\"><div class=\"gb-container gb-container-623b179e\"><div class=\"gb-inside-container\">\n\n<div class=\"wp-block-image\"><figure class=\"aligncenter is-resized\"><img loading=\"lazy\" decoding=\"async\" src=\"https:\/\/www.terpenetech.eu\/wp-content\/uploads\/2017\/10\/kids-hair-1.png\" alt=\"\" width=\"48\" height=\"48\"\/><\/figure><\/div>\n\n\n\n<h3 class=\"has-text-align-center wp-block-heading\">BALSAM NA WSZY G\u0141OWOWE<\/h3>\n\n\n\n<p class=\"has-text-align-center\">\u2022 100% skuteczno\u015bci w 15 minut \u2022 1 zastosowanie \u2022 Bardzo \u0142atwy do sp\u0142ukania \u2022 Opatentowany system mikrokapsu\u0142kowania YP \u2022 Dost\u0119pno\u015b\u0107 ca\u0142ym \u015bwieci<\/p>\n\n<\/div><\/div><\/div>\n\n<div class=\"gb-grid-column gb-grid-column-64334978\"><div class=\"gb-container gb-container-64334978\"><div class=\"gb-inside-container\">\n\n<div class=\"wp-block-image\"><figure class=\"aligncenter is-resized\"><img loading=\"lazy\" decoding=\"async\" src=\"https:\/\/www.terpenetech.eu\/wp-content\/uploads\/2017\/10\/roll-on-copy-2.png\" alt=\"\" width=\"48\" height=\"48\"\/><\/figure><\/div>\n\n\n\n<h3 class=\"has-text-align-center wp-block-heading\">DEZODORANT<\/h3>\n\n\n\n<p class=\"has-text-align-center\">\u2022 24-godzinna skuteczno\u015b\u0107 \u2022 Bez paraben\u00f3w \u2022 Bez surfaktant\u00f3w \u2022 Bez soli glinu \u2022 Bez konserwant\u00f3w \u2022 Bez element\u00f3w szkodliwych dla zdrowia \u2022 Przyjemne zapachy \u2022 Opatentowany system kapsu\u0142kowania YP \u2022 Dost\u0119pno\u015b\u0107 na ca\u0142ym \u015bwiecie<\/p>\n\n<\/div><\/div><\/div>\n\n<div class=\"gb-grid-column gb-grid-column-f0d6caa4\"><div class=\"gb-container gb-container-f0d6caa4\"><div class=\"gb-inside-container\">\n\n<div class=\"wp-block-image\"><figure class=\"aligncenter is-resized\"><img loading=\"lazy\" decoding=\"async\" src=\"https:\/\/www.terpenetech.eu\/wp-content\/uploads\/2017\/10\/if_6_737629.png\" alt=\"\" width=\"48\" height=\"48\"\/><\/figure><\/div>\n\n\n\n<h3 class=\"has-text-align-center wp-block-heading\">MASECZKI DO TWARZY<\/h3>\n\n\n\n<p class=\"has-text-align-center\">\u2022 Przeciwstarzeniowe \u2022 Z przeciwutleniaczem \u2022 Zapobiegaj\u0105 powstawaniu ciemnych plam na sk\u00f3rze \u2022 Zmniejszaj\u0105 ciemne plamy ju\u017c obecne na sk\u00f3rze \u2022 Opatentowany system kapsu\u0142kowania YP \u2022 Dost\u0119pno\u015b\u0107 na ca\u0142ym \u015bwiecie<\/p>\n\n<\/div><\/div><\/div>\n\n<div class=\"gb-grid-column gb-grid-column-27a798c0\"><div class=\"gb-container gb-container-27a798c0\"><div class=\"gb-inside-container\">\n\n<div class=\"wp-block-image\"><figure class=\"aligncenter is-resized\"><img loading=\"lazy\" decoding=\"async\" src=\"https:\/\/www.terpenetech.eu\/wp-content\/uploads\/2017\/10\/if_breath-human-_1819476.png\" alt=\"\" width=\"48\" height=\"48\"\/><\/figure><\/div>\n\n\n\n<h3 class=\"has-text-align-center wp-block-heading\">OD\u015aWIE\u017bACZ ODDECHU<\/h3>\n\n\n\n<p class=\"has-text-align-center\">\u2022 Pomaga zapobiega\u0107 nieprzyjemnemu oddechowi \u2022 Natychmiastowe dzia\u0142anie \u2022 D\u0142uga aktywno\u015b\u0107 resztkowa \u2022 Skuteczny w przypadku najsilniejszych nieprzyjemnych zapach\u00f3w, takich jak czosnek, tyto\u0144, ... \u2022 Dost\u0119pno\u015b\u0107 na ca\u0142ym \u015bwiecie<\/p>\n\n<\/div><\/div><\/div>\n\n<div class=\"gb-grid-column gb-grid-column-77e6e3c8\"><div class=\"gb-container gb-container-77e6e3c8\"><div class=\"gb-inside-container\">\n\n<div class=\"wp-block-image\"><figure class=\"aligncenter is-resized\"><img loading=\"lazy\" decoding=\"async\" src=\"https:\/\/www.terpenetech.eu\/wp-content\/uploads\/2017\/10\/if_nose_2_133676-1.png\" alt=\"\" width=\"48\" height=\"48\"\/><\/figure><\/div>\n\n\n\n<h3 class=\"has-text-align-center wp-block-heading\">AEROZOL DO NOSA<\/h3>\n\n\n\n<p class=\"has-text-align-center\">\u2022 W trakcie opracowywania \u2022 Dost\u0119pno\u015b\u0107 na ca\u0142ym \u015bwiecie<\/p>\n\n<\/div><\/div><\/div>\n<\/div>","protected":false},"excerpt":{"rendered":"<p>PERSONAL AND MEDICAL CARE<\/p>","protected":false},"author":4,"featured_media":0,"parent":2514,"menu_order":0,"comment_status":"closed","ping_status":"closed","template":"","meta":{"_seopress_robots_primary_cat":"","_seopress_titles_title":"Personal and medical care - TERPENETECH LTD","_seopress_titles_desc":"HEAD LICE LOTION - DEODORANT - FACIAL MASKS - BREATH FRESHENER - NASAL SPRAY","_seopress_robots_index":"","footnotes":""},"class_list":["post-2482","page","type-page","status-publish"],"_links":{"self":[{"href":"https:\/\/www.terpenetech.eu\/pl\/wp-json\/wp\/v2\/pages\/2482","targetHints":{"allow":["GET"]}}],"collection":[{"href":"https:\/\/www.terpenetech.eu\/pl\/wp-json\/wp\/v2\/pages"}],"about":[{"href":"https:\/\/www.terpenetech.eu\/pl\/wp-json\/wp\/v2\/types\/page"}],"author":[{"embeddable":true,"href":"https:\/\/www.terpenetech.eu\/pl\/wp-json\/wp\/v2\/users\/4"}],"replies":[{"embeddable":true,"href":"https:\/\/www.terpenetech.eu\/pl\/wp-json\/wp\/v2\/comments?post=2482"}],"version-history":[{"count":0,"href":"https:\/\/www.terpenetech.eu\/pl\/wp-json\/wp\/v2\/pages\/2482\/revisions"}],"up":[{"embeddable":true,"href":"https:\/\/www.terpenetech.eu\/pl\/wp-json\/wp\/v2\/pages\/2514"}],"wp:attachment":[{"href":"https:\/\/www.terpenetech.eu\/pl\/wp-json\/wp\/v2\/media?parent=2482"}],"curies":[{"name":"wp","href":"https:\/\/api.w.org\/{rel}","templated":true}]}}