{"id":1174,"date":"2017-10-04T14:54:19","date_gmt":"2017-10-04T14:54:19","guid":{"rendered":"\/?page_id=1174"},"modified":"2021-09-17T15:29:32","modified_gmt":"2021-09-17T15:29:32","slug":"srodek-biobojczy-geraniol","status":"publish","type":"page","link":"https:\/\/www.terpenetech.eu\/pl\/geraniol-biocides\/","title":{"rendered":"biocyd\u00f3w Geraniol"},"content":{"rendered":"<h1 class=\"has-text-align-center wp-block-heading\">\u015aRODEK BIOB\u00d3JCZY GERANIOL:<br><span style=\"color: #54595f;\">INSEKTYCYDY I REPELENTY<\/span><\/h1>\n\n\n\n<p class=\"has-text-align-center\">Od ko\u0144ca lat 90. Unia Europejska, zgodnie z pa\u0144stwami cz\u0142onkowskimi, przenios\u0142a odpowiedzialno\u015b\u0107 za ocen\u0119 chemikali\u00f3w na sektor prywatny.<\/p>\n\n\n\n<p class=\"has-text-align-center\">A biocidal product is a substance intending to destroy, deter, render harmless, prevent the action of, or exert a controlling effect on any harmful organism by any means other than mere&nbsp;physical or mechanical action.<\/p>\n\n\n\n<p class=\"has-text-align-center\">W ramach dyrektywy o \u015brodkach biob\u00f3jczych firma TerpeneTech stworzy\u0142a niezale\u017cn\u0105 dokumentacj\u0119 oceniaj\u0105c\u0105 stosowanie geraniolu jako biob\u00f3jczego sk\u0142adnika aktywnego w insektycydach i repelentach. Firma TerpeneTech jest obecnie wymieniona na li\u015bcie zidentyfikowanych dostawc\u00f3w w oparciu o art. 95.<\/p>\n\n\n\n<p class=\"has-text-align-center\"><a href=\"https:\/\/www.terpenetech.eu\/pl\/geraniol-jest-bezpiecznym-i-skutecznym-aktywnym-skladnikiem-srodkow-biobojczych-naturalnego-pochodzenia\/\">Dowiedz si\u0119 wi\u0119cej o geraniolu jako aktywnym sk\u0142adniku \u015brodk\u00f3w biob\u00f3jczych.<\/a><\/p>\n\n\n\n<div style=\"height:100px\" aria-hidden=\"true\" class=\"wp-block-spacer\"><\/div>\n\n\n<div class=\"gb-grid-wrapper gb-grid-wrapper-ec6be730\">\n<div class=\"gb-grid-column gb-grid-column-9ae80494\"><div class=\"gb-container gb-container-9ae80494\"><div class=\"gb-inside-container\">\n\n<figure class=\"wp-block-image\"><img decoding=\"async\" src=\"https:\/\/www.terpenetech.eu\/wp-content\/uploads\/2019\/12\/echa-logo-768x526.jpg\" alt=\"\"\/><\/figure>\n\n<\/div><\/div><\/div>\n\n<div class=\"gb-grid-column gb-grid-column-05e26c2a\"><div class=\"gb-container gb-container-05e26c2a\"><div class=\"gb-inside-container\">\n\n<h3 class=\"wp-block-heading\">FIRMA TERPENTECH TO ZIDENTYFIKOWANY DOSTAWACA AKTYWNEJ SUBSTANCJI \u015aRODK\u00d3W BIOB\u00d3JCZYCH<\/h3>\n\n\n\n<p>1 grudnia 2015 r. TerpeneTech Ltd otrzyma\u0142a oficjalne powiadomienie od ECHA (Europejskiej Agencji Chemikali\u00f3w).<\/p>\n\n\n\n<p>Niniejsze powiadomienie zatwierdzi\u0142o wniosek TerpeneTech o umieszczenie firmy na li\u015bcie producent\u00f3w i dostawc\u00f3w substancji czynnych (lista na podstawie art. 95) NA MOCY ART. 95 UST. 1 ROZPORZ\u0104DZENIA (UE) NR 528\/2012:<\/p>\n\n\n\n<ul class=\"wp-block-list\"><li><strong>Substancja czynna<\/strong>Geraniol (geraniol\/(E) 3,7-dimetylo-2,6-oktadien-1-ol\/106-24-1), nr WE: 203-377-1, nr CAS: 106-24-1<\/li><li><strong>Typ produktu (PT)<\/strong>:\n<ul>\n<li>PT 18 (insektycydy, akarycydy i produkty do zwalczania innych stawonog\u00f3w),<\/li>\n<li>PT 19 (repelenty i atraktanty)<\/li>\n<\/ul>\n<\/li><\/ul>\n\n<\/div><\/div><\/div>\n<\/div>\n\n\n<div style=\"height:100px\" aria-hidden=\"true\" class=\"wp-block-spacer\"><\/div>\n\n\n<div class=\"gb-grid-wrapper gb-grid-wrapper-8c1b329e\">\n<div class=\"gb-grid-column gb-grid-column-9d00e4ef\"><div class=\"gb-container gb-container-9d00e4ef\"><div class=\"gb-inside-container\">\n\n<h3 class=\"wp-block-heading\">STOPNIE I POCHODZENIE GERANIOLU JAKO \u015aRODKA BIOB\u00d3JCZEGO<\/h3>\n\n\n\n<ul class=\"wp-block-list\"><li>Ro\u015blinny<\/li><li>Syntetyczny<\/li><\/ul>\n\n\n\n<p>Geraniol to cz\u0105steczka zawarta g\u0142\u00f3wnie w olejkach eterycznych z trawy cytrynowej i palczatki imbirowej. Wyst\u0119puje r\u00f3wnie\u017c w innych ro\u015blinach, takich jak tymianek i sosna.<\/p>\n\n\n\n<p>Geraniol naturalnie wyst\u0119puje w tych ro\u015blinach, aby chroni\u0107 je przed owadami.<\/p>\n\n\n\n<p>Obecnie geraniol jest wykorzystywany we wszystkich dziedzinach chemii. Mo\u017cna go znale\u017a\u0107 na rynkach perfum, kosmetyk\u00f3w, \u015brodk\u00f3w ochrony ro\u015blin i produkt\u00f3w biob\u00f3jczych.<\/p>\n\n<\/div><\/div><\/div>\n\n<div class=\"gb-grid-column gb-grid-column-fc9bfc31\"><div class=\"gb-container gb-container-fc9bfc31\"><div class=\"gb-inside-container\">\n\n<div class=\"wp-block-image\"><figure class=\"alignright\"><img decoding=\"async\" src=\"https:\/\/www.terpenetech.eu\/wp-content\/uploads\/2019\/12\/illustration-palmarosa-1.png\" alt=\"\"\/><\/figure><\/div>\n\n<\/div><\/div><\/div>\n<\/div>\n\n\n<div style=\"height:100px\" aria-hidden=\"true\" class=\"wp-block-spacer\"><\/div>\n\n\n<div class=\"gb-grid-wrapper gb-grid-wrapper-8dec038f\">\n<div class=\"gb-grid-column gb-grid-column-21f76e27\"><div class=\"gb-container gb-container-21f76e27\"><div class=\"gb-inside-container\">\n\n<h3 class=\"wp-block-heading\">ZASTOSOWANIA \u015aRODKA BIOB\u00d3JCZEGO Z GERANIOLEM<\/h3>\n\n\n\n<p>Geraniol ma nast\u0119puj\u0105ce zastosowania:<\/p>\n\n\n\n<ul class=\"wp-block-list\"><li>w \u015bwiecach odstraszaj\u0105cych komary<\/li><li>w \u015brodkach owadob\u00f3jczych przeciwko pe\u0142zaj\u0105cym i lataj\u0105cym insektom<\/li><li>w \u015brodkach przeciwko roztoczom<\/li><li>w \u015brodkach odstraszaj\u0105cych psy i koty<\/li><li>w bransoletkach przeciw komarom<\/li><\/ul>\n\n\n\n<p>\u015arodowisko naukowe od wielu lat potwierdza skuteczno\u015b\u0107 tej substancji czynnej jako insektycydu i repelentu.<\/p>\n\n<\/div><\/div><\/div>\n\n<div class=\"gb-grid-column gb-grid-column-ceee8506\"><div class=\"gb-container gb-container-ceee8506\"><div class=\"gb-inside-container\">\n\n<h3 class=\"wp-block-heading\">STRATEGIA FIRMY TERPENTECH W ZAKRESIE \u015aRODK\u00d3W BIOB\u00d3JCZYCH<\/h3>\n\n\n\n<p>Strategia regulacyjna TerpeneTech ma na celu uszanowanie wiedzy i niekonkurowanie z w\u0142asnymi klientami, a raczej wspieranie ich w inicjatywach regulacyjnych i handlowych.<\/p>\n\n\n\n<div class=\"wp-block-image\"><figure class=\"aligncenter is-resized\"><img decoding=\"async\" src=\"https:\/\/www.terpenetech.eu\/wp-content\/uploads\/2019\/12\/atom3-768x703.png\" alt=\"\" width=\"150\"\/><\/figure><\/div>\n\n<\/div><\/div><\/div>\n<\/div>\n\n\n<div style=\"height:100px\" aria-hidden=\"true\" class=\"wp-block-spacer\"><\/div>\n\n\n\n<h5 class=\"wp-block-heading\">MASZ PYTANIA ZWI\u0104ZANE ZE \u015aRODKIEM BIOB\u00d3JCZYM Z GERANIOLEM FIRMY TERPENTECH?<\/h5>\n\n\n\n<div class=\"wp-block-buttons is-layout-flex wp-block-buttons-is-layout-flex\">\n<div class=\"wp-block-button\"><a class=\"wp-block-button__link\" href=\"https:\/\/www.terpenetech.eu\/pl\/skontaktuj-sie-z-nami\/\" style=\"border-radius:6px\">SKONTAKTUJ SI\u0118 Z NAMI<\/a><\/div>\n<\/div>","protected":false},"excerpt":{"rendered":"<p>Geraniol Biocide:insecticides and repellents Since the late 1990s, the European Union in accordance with member states has transferred &#8230; <\/p>\n<p class=\"read-more-container\"><a title=\"biocyd\u00f3w Geraniol\" class=\"read-more button\" href=\"https:\/\/www.terpenetech.eu\/pl\/geraniol-biocides\/#more-1174\" aria-label=\"Dowiedz si\u0119 wi\u0119cej o Geraniol Biocide\">Czytaj dalej<\/a><\/p>","protected":false},"author":4,"featured_media":0,"parent":0,"menu_order":0,"comment_status":"closed","ping_status":"closed","template":"","meta":{"_seopress_robots_primary_cat":"","_seopress_titles_title":"Geraniol Biocide official supplier for insecticides and repellents","_seopress_titles_desc":"Terpenetech LTD is listed in the article 95 list of identified Suppliers - Geraniol biocide for insecticides and repellents.","_seopress_robots_index":"","footnotes":""},"class_list":["post-1174","page","type-page","status-publish"],"_links":{"self":[{"href":"https:\/\/www.terpenetech.eu\/pl\/wp-json\/wp\/v2\/pages\/1174","targetHints":{"allow":["GET"]}}],"collection":[{"href":"https:\/\/www.terpenetech.eu\/pl\/wp-json\/wp\/v2\/pages"}],"about":[{"href":"https:\/\/www.terpenetech.eu\/pl\/wp-json\/wp\/v2\/types\/page"}],"author":[{"embeddable":true,"href":"https:\/\/www.terpenetech.eu\/pl\/wp-json\/wp\/v2\/users\/4"}],"replies":[{"embeddable":true,"href":"https:\/\/www.terpenetech.eu\/pl\/wp-json\/wp\/v2\/comments?post=1174"}],"version-history":[{"count":0,"href":"https:\/\/www.terpenetech.eu\/pl\/wp-json\/wp\/v2\/pages\/1174\/revisions"}],"wp:attachment":[{"href":"https:\/\/www.terpenetech.eu\/pl\/wp-json\/wp\/v2\/media?parent=1174"}],"curies":[{"name":"wp","href":"https:\/\/api.w.org\/{rel}","templated":true}]}}