{"id":786,"date":"2017-04-13T09:12:30","date_gmt":"2017-04-13T09:12:30","guid":{"rendered":"https:\/\/www.terpenetech.eu\/?page_id=786"},"modified":"2025-05-13T08:50:06","modified_gmt":"2025-05-13T08:50:06","slug":"terpenetech","status":"publish","type":"page","link":"https:\/\/www.terpenetech.eu\/nl\/","title":{"rendered":"Home"},"content":{"rendered":"<h1 class=\"gb-headline gb-headline-5f432b52 gb-headline-text\">BETER <span style=\"color:#54595f\" class=\"has-inline-color\">LEVEN<\/span> MOOIERE <span style=\"color:#54595f\" class=\"has-inline-color\">TOEKOMST<\/span><\/h1>\n\n\n<div class=\"gb-grid-wrapper gb-grid-wrapper-433793f6\">\n<div class=\"gb-grid-column gb-grid-column-bd6af51b\"><div class=\"gb-container gb-container-bd6af51b\"><div class=\"gb-inside-container\">\n<div class=\"wp-block-image\">\n<figure class=\"aligncenter\"><img decoding=\"async\" src=\"https:\/\/www.terpenetech.eu\/wp-content\/uploads\/2019\/12\/Logo-YPorange-245x300.png\" alt=\"\"\/><\/figure>\n<\/div>\n<\/div><\/div><\/div>\n\n<div class=\"gb-grid-column gb-grid-column-6afde3ba\"><div class=\"gb-container gb-container-6afde3ba\"><div class=\"gb-inside-container\">\n\n<p>De missie van TerpeneTech is om oplossingen te bieden die helpen om mens en dier te beschermen tegen micro-organismen en insecten.<\/p>\n\n\n\n<p>Terpenen zijn de bouwstenen van etherische oli\u00ebn. Planten gebruiken etherische oli\u00ebn om zich te beschermen tegen schadelijke organismen. Essenti\u00eble oli\u00ebn zijn een belangrijk thema geworden in Onderzoek en Ontwikkeling ter vervanging van pesticiden en synthetische antimicrobi\u00eble stoffen.<\/p>\n\n\n\n<p>Met onze unieke gepatenteerde inkapselingstechnologie kunnen we actieve terpenen vrijgeven en afleveren waar en wanneer ze nodig zijn.<\/p>\n\n\n\n<div class=\"wp-block-buttons is-layout-flex wp-block-buttons-is-layout-flex\">\n<div class=\"wp-block-button is-style-fill\"><a class=\"wp-block-button__link wp-element-button\" style=\"border-radius:6px\">KOM MEER TE WETEN<\/a><\/div>\n<\/div>\n\n<\/div><\/div><\/div>\n<\/div>\n\n\n<div style=\"height:100px\" aria-hidden=\"true\" class=\"wp-block-spacer\"><\/div>\n\n\n\n<h2 class=\"gb-headline gb-headline-24b23606 gb-headline-text\">YP TECHNOLOGY<\/h2>\n\n\n\n<h4 class=\"wp-block-heading has-text-align-center\">NATUURLIJK GEPROGRAMMEERD OM TE WERKEN WAAR EN WANNEER WE HET NODIG HEBBEN<\/h4>\n\n\n\n<div style=\"padding:56.25% 0 0 0;position:relative;\"><iframe src=\"https:\/\/player.vimeo.com\/video\/1083809070?h=994ffa7620&amp;autoplay=1&amp;loop=1&amp;muted=1&amp;background=1&amp;badge=0&amp;autopause=0&amp;player_id=0&amp;app_id=58479\" frameborder=\"0\" allow=\"autoplay; fullscreen; picture-in-picture\" allowfullscreen=\"\" style=\"position:absolute;top:0;left:0;width:100%;height:100%;\" title=\"GISTDEELTJES-TECHNOLOGIE\"><\/iframe><\/div><script src=\"https:\/\/player.vimeo.com\/api\/player.js\"><\/script>\n\n\n<div class=\"gb-container gb-container-df89b94d\"><div class=\"gb-inside-container\">\n\n<p>Onze gepatenteerde technologie maakt gebruik van natuurlijke uitgeholde deeltjes om de actieve terpenen in te kapselen. In aanwezigheid van vocht zwellen de deeltjes, waardoor hun terpeenlading langzaam vrijkomt. Als ze droog zijn, krimpen de deeltjes en sluiten ze zich, en houden hun terpeenlading vast totdat de volgende vochtcyclus begint. Het product werkt effectief waar en wanneer het nodig is!<\/p>\n\n\n\n<div class=\"wp-block-buttons is-horizontal is-content-justification-center is-layout-flex wp-container-core-buttons-is-layout-499968f5 wp-block-buttons-is-layout-flex\">\n<div class=\"wp-block-button\"><a class=\"wp-block-button__link wp-element-button\" href=\"https:\/\/www.terpenetech.eu\/nl\/gistdeeltjes-technologie\/\" style=\"border-radius:6px\">KOM MEER TE WETEN<\/a><\/div>\n<\/div>\n\n<\/div><\/div>\n\n\n<div style=\"height:100px\" aria-hidden=\"true\" class=\"wp-block-spacer\"><\/div>\n\n\n\n<h2 class=\"gb-headline gb-headline-4b298da4 gb-headline-text\">BIOCIDE<\/h2>\n\n\n\n<h4 class=\"wp-block-heading has-text-align-center\">29 NOVEMBER 2017: GERANIOL BIOCIDE VEGETAL EN PUR BESCHIKBAAR<\/h4>\n\n\n\n<h5 class=\"wp-block-heading has-text-align-center\">GERANIOL IS OPGENOMEN OP DE LIJST MET WERKZAME STOFFEN EN LEVERANCIERS VAN ECHA (EUROPEES CHEMISCH AGENTSCHAP)<\/h5>\n\n\n<div class=\"gb-grid-wrapper gb-grid-wrapper-435f8806\">\n<div class=\"gb-grid-column gb-grid-column-3bfd2df9\"><div class=\"gb-container gb-container-3bfd2df9\"><div class=\"gb-inside-container\">\n<div class=\"wp-block-image\">\n<figure class=\"aligncenter\"><img decoding=\"async\" src=\"https:\/\/www.terpenetech.eu\/wp-content\/uploads\/2017\/10\/eu_1282-300x202.png\" alt=\"\"\/><\/figure>\n<\/div>\n<\/div><\/div><\/div>\n\n<div class=\"gb-grid-column gb-grid-column-337c519f\"><div class=\"gb-container gb-container-337c519f\"><div class=\"gb-inside-container\">\n\n<p>TERPENETECH is een door ECHA goedgekeurde leverancier volgens artikel 95 van de werkzame <a href=\"https:\/\/www.terpenetech.eu\/nl\/geraniol-is-een-veilige-en-effectieve-biocide-werkzame-stof-van-natuurlijke-oorsprong\/\">biocide Geraniol<\/a> voor de productcategorie\u00ebn:<\/p>\n\n\n\n<p>\u2022 PT 18 (Insecticiden, acariciden en producten voor de bestrijding van andere geleedpotigen),<br>\u2022 PT 19 (insectenwerende middelen en lokstoffen)<\/p>\n\n\n\n<div class=\"wp-block-buttons is-layout-flex wp-block-buttons-is-layout-flex\">\n<div class=\"wp-block-button\"><a class=\"wp-block-button__link wp-element-button\" href=\"https:\/\/www.terpenetech.eu\/nl\/biocide-geraniol\/\" style=\"border-radius:6px\">KOM MEER TE WETEN<\/a><\/div>\n<\/div>\n\n<\/div><\/div><\/div>\n<\/div>\n\n\n<div style=\"height:100px\" aria-hidden=\"true\" class=\"wp-block-spacer\"><\/div>\n\n\n\n<h2 class=\"wp-block-heading has-text-align-center\">PRODUCTEN<\/h2>\n\n\n\n<h4 class=\"wp-block-heading has-text-align-center\">WIJ MAKEN PRODUCTEN DIE HET LEVEN VAN MENSEN EN DIEREN VERBETEREN<\/h4>\n\n\n\n<div style=\"height:20px\" aria-hidden=\"true\" class=\"wp-block-spacer\"><\/div>\n\n\n<div class=\"gb-grid-wrapper gb-grid-wrapper-ce66a87c\">\n<div class=\"gb-grid-column gb-grid-column-36d6359f\"><div class=\"gb-container gb-container-36d6359f\"><div class=\"gb-inside-container\">\n\n<div class=\"wp-block-image\"><figure class=\"aligncenter is-resized\"><a href=\"https:\/\/www.terpenetech.eu\/nl\/category\/producten\/persoonlijke-en-medische-zorg\/\"><img loading=\"lazy\" decoding=\"async\" src=\"https:\/\/www.terpenetech.eu\/wp-content\/uploads\/2017\/10\/environemental-spray-1.png\" alt=\"\" width=\"100\" height=\"100\"\/><\/a><\/figure><\/div>\n\n\n\n<div style=\"height:20px\" aria-hidden=\"true\" class=\"wp-block-spacer\"><\/div>\n\n\n\n<h3 class=\"has-text-align-center wp-block-heading\"><a href=\"https:\/\/www.terpenetech.eu\/nl\/category\/producten\/persoonlijke-en-medische-zorg\/\">PERSOONLIJKE EN MEDISCHE ZORG<\/a><\/h3>\n\n\n\n<div class=\"wp-block-buttons alignwide is-content-justification-center is-layout-flex wp-block-buttons-is-layout-flex\">\n<div class=\"wp-block-button\"><a class=\"wp-block-button__link\" href=\"https:\/\/www.terpenetech.eu\/nl\/producten\/persoonlijke-en-medische-zorg\/\" style=\"border-radius:6px\">KOM MEER TE WETEN<\/a><\/div>\n<\/div>\n\n\n\n<div style=\"height:50px\" aria-hidden=\"true\" class=\"wp-block-spacer\"><\/div>\n\n<\/div><\/div><\/div>\n\n<div class=\"gb-grid-column gb-grid-column-669f93bb\"><div class=\"gb-container gb-container-669f93bb\"><div class=\"gb-inside-container\">\n\n<div class=\"wp-block-image\"><figure class=\"aligncenter is-resized\"><a href=\"https:\/\/www.terpenetech.eu\/nl\/category\/producten\/huishouden\/\"><img loading=\"lazy\" decoding=\"async\" src=\"https:\/\/www.terpenetech.eu\/wp-content\/uploads\/2017\/10\/if_Glass_Spray_112418.png\" alt=\"\" width=\"100\" height=\"100\"\/><\/a><\/figure><\/div>\n\n\n\n<div style=\"height:20px\" aria-hidden=\"true\" class=\"wp-block-spacer\"><\/div>\n\n\n\n<h3 class=\"has-text-align-center wp-block-heading\"><a href=\"https:\/\/www.terpenetech.eu\/nl\/category\/producten\/huishouden\/\">HUISHOUDEN<\/a><\/h3>\n\n\n\n<div class=\"wp-block-buttons is-content-justification-center is-layout-flex wp-block-buttons-is-layout-flex\">\n<div class=\"wp-block-button\"><a class=\"wp-block-button__link\" href=\"https:\/\/www.terpenetech.eu\/nl\/producten\/huishouden\/\" style=\"border-radius:6px\">KOM MEER TE WETEN<\/a><\/div>\n<\/div>\n\n\n\n<div style=\"height:50px\" aria-hidden=\"true\" class=\"wp-block-spacer\"><\/div>\n\n<\/div><\/div><\/div>\n<\/div>\n\n<div class=\"gb-grid-wrapper gb-grid-wrapper-f0ef6049\">\n<div class=\"gb-grid-column gb-grid-column-42442c7a\"><div class=\"gb-container gb-container-42442c7a\"><div class=\"gb-inside-container\">\n\n<div class=\"wp-block-image\"><figure class=\"aligncenter is-resized\"><a href=\"https:\/\/www.terpenetech.eu\/nl\/category\/producten\/agro-industry\/\"><img loading=\"lazy\" decoding=\"async\" src=\"https:\/\/www.terpenetech.eu\/wp-content\/uploads\/2017\/10\/if_hen_2117289.png\" alt=\"\" width=\"100\" height=\"100\"\/><\/a><\/figure><\/div>\n\n\n\n<div style=\"height:20px\" aria-hidden=\"true\" class=\"wp-block-spacer\"><\/div>\n\n\n\n<h3 class=\"has-text-align-center wp-block-heading\"><a href=\"https:\/\/www.terpenetech.eu\/nl\/category\/producten\/agro-industry\/\">LANDBOUWTECHNIEK<\/a><\/h3>\n\n\n\n<div class=\"wp-block-buttons is-content-justification-center is-layout-flex wp-block-buttons-is-layout-flex\">\n<div class=\"wp-block-button\"><a class=\"wp-block-button__link\" href=\"https:\/\/www.terpenetech.eu\/nl\/producten\/landbouwtechniek\/\" style=\"border-radius:6px\">KOM MEER TE WETEN<\/a><\/div>\n<\/div>\n\n\n\n<div style=\"height:50px\" aria-hidden=\"true\" class=\"wp-block-spacer\"><\/div>\n\n<\/div><\/div><\/div>\n\n<div class=\"gb-grid-column gb-grid-column-22cd4022\"><div class=\"gb-container gb-container-22cd4022\"><div class=\"gb-inside-container\">\n\n<div class=\"wp-block-image\"><figure class=\"aligncenter is-resized\"><a href=\"https:\/\/www.terpenetech.eu\/nl\/category\/producten\/parfums-en-geuren\/\"><img loading=\"lazy\" decoding=\"async\" src=\"https:\/\/www.terpenetech.eu\/wp-content\/uploads\/2017\/10\/if_beauty-perfume_822045.png\" alt=\"\" width=\"100\" height=\"100\"\/><\/a><\/figure><\/div>\n\n\n\n<div style=\"height:20px\" aria-hidden=\"true\" class=\"wp-block-spacer\"><\/div>\n\n\n\n<h3 class=\"has-text-align-center wp-block-heading\"><a href=\"https:\/\/www.terpenetech.eu\/nl\/category\/producten\/parfums-en-geuren\/\">PARFUMS EN GEUREN<\/a><\/h3>\n\n\n\n<div class=\"wp-block-buttons is-content-justification-center is-layout-flex wp-block-buttons-is-layout-flex\">\n<div class=\"wp-block-button\"><a class=\"wp-block-button__link\" href=\"https:\/\/www.terpenetech.eu\/nl\/producten\/parfums-en-geuren\/\" style=\"border-radius:6px\">KOM MEER TE WETEN<\/a><\/div>\n<\/div>\n\n\n\n<div style=\"height:50px\" aria-hidden=\"true\" class=\"wp-block-spacer\"><\/div>\n\n<\/div><\/div><\/div>\n<\/div>\n\n\n<div style=\"height:100px\" aria-hidden=\"true\" class=\"wp-block-spacer\"><\/div>\n\n\n\n<h2 class=\"wp-block-heading has-text-align-center\">IP EN KENNIS<\/h2>\n\n\n<div class=\"gb-container gb-container-b891c83b\"><div class=\"gb-inside-container\">\n<div class=\"gb-grid-wrapper gb-grid-wrapper-cdbb9bed\">\n<div class=\"gb-grid-column gb-grid-column-210556de\"><div class=\"gb-container gb-container-210556de\"><div class=\"gb-inside-container\">\n<div class=\"wp-block-image\">\n<figure class=\"alignleft is-resized\"><img decoding=\"async\" src=\"https:\/\/www.terpenetech.eu\/wp-content\/uploads\/2017\/10\/ICO_RD2.png\" alt=\"\" style=\"width:50px;height:50px\"\/><\/figure>\n<\/div>\n<\/div><\/div><\/div>\n\n<div class=\"gb-grid-column gb-grid-column-cd5b7c30\"><div class=\"gb-container gb-container-cd5b7c30\"><div class=\"gb-inside-container\">\n\n<h3 class=\"wp-block-heading\">R&amp;D<\/h3>\n\n\n\n<p>Onze universitaire R&amp;D werkt voortdurend aan het vinden van de optimale combinaties van terpenen voor specifieke toepassingen die synergetisch werken met onze gistdeeltjestechnologie.<br>We werken samen met universiteiten en onafhankelijke laboratoria over de hele wereld op het gebied van onderzoek en ontwikkeling, werkzaamheid, toxicologie, stabiliteit en ecotoxicologie.<\/p>\n\n<\/div><\/div><\/div>\n<\/div>\n<\/div><\/div>\n\n<div class=\"gb-container gb-container-76424239\"><div class=\"gb-inside-container\">\n<div class=\"gb-grid-wrapper gb-grid-wrapper-d321007b\">\n<div class=\"gb-grid-column gb-grid-column-bad0341e\"><div class=\"gb-container gb-container-bad0341e\"><div class=\"gb-inside-container\">\n<div class=\"wp-block-image\">\n<figure class=\"alignleft is-resized\"><img decoding=\"async\" src=\"https:\/\/www.terpenetech.eu\/wp-content\/uploads\/2017\/10\/ICO_REGULATORY2.png\" alt=\"\" style=\"width:50px;height:50px\"\/><\/figure>\n<\/div>\n<\/div><\/div><\/div>\n\n<div class=\"gb-grid-column gb-grid-column-229d9231\"><div class=\"gb-container gb-container-229d9231\"><div class=\"gb-inside-container\">\n\n<h3 class=\"wp-block-heading\">REGELGEVING<\/h3>\n\n\n\n<p>TerpeneTech is actief in 3 Europese regelgevende categorie\u00ebn:<\/p>\n\n\n\n<p><b>Medisch hulpmiddel 2017\/745<\/b><br>TerpeneTech is fabrikant van medische hulpmiddelen in klasse 1<\/p>\n\n\n\n<p><b>Biocideproductverordening 528\/2012<\/b><br>TerpeneTech is vermeld volgens biocideverordening Artikel 95 voor de werkzame stof G\u00e9raniol en is nu een door ECHA geregistreerde leverancier voor Geraniol voor gebruik in PT19- (insectenwerend) en PT18-producten (insectendodend).<\/p>\n\n\n\n<p><b>Cosmeticaverordening 1223\/2009<\/b><br>TerpeneTech is een fabrikant en gegevenshouder van cosmetische producten.<\/p>\n\n<\/div><\/div><\/div>\n<\/div>\n<\/div><\/div>\n\n<div class=\"gb-container gb-container-c8dd9c30\"><div class=\"gb-inside-container\">\n<div class=\"gb-grid-wrapper gb-grid-wrapper-1dee13ba\">\n<div class=\"gb-grid-column gb-grid-column-298818b2\"><div class=\"gb-container gb-container-298818b2\"><div class=\"gb-inside-container\">\n<div class=\"wp-block-image\">\n<figure class=\"alignleft is-resized\"><img decoding=\"async\" src=\"https:\/\/www.terpenetech.eu\/wp-content\/uploads\/2017\/10\/ICO_MANUFACTURING2.png\" alt=\"\" style=\"width:50px;height:50px\"\/><\/figure>\n<\/div>\n<\/div><\/div><\/div>\n\n<div class=\"gb-grid-column gb-grid-column-d86680fa\"><div class=\"gb-container gb-container-d86680fa\"><div class=\"gb-inside-container\">\n\n<h3 class=\"wp-block-heading\">PRODUCTIE<\/h3>\n\n\n\n<p>Alle productiefaciliteiten bevinden zich in de buurt van de distributiegebieden en zijn geregistreerd volgens de normen ISO9001 en ISO 13485 (medische hulpmiddelen).<\/p>\n\n\n\n<p><b>We can manufacture small and large batches of ready to<br>use bulk, concentrates and finished products.<\/b><\/p>\n\n<\/div><\/div><\/div>\n<\/div>\n<\/div><\/div>","protected":false},"excerpt":{"rendered":"<p>Better living brighter future YP TECHNOLOGY NATURALLY PROGRAMMED TO WORK WHEN AND WHERE WE NEED IT Our patented &#8230; <\/p>\n<p class=\"read-more-container\"><a title=\"Home\" class=\"read-more button\" href=\"https:\/\/www.terpenetech.eu\/nl\/#more-786\" aria-label=\"Lees meer over Home\">Lees meer<\/a><\/p>","protected":false},"author":4,"featured_media":752,"parent":0,"menu_order":0,"comment_status":"closed","ping_status":"closed","template":"","meta":{"_seopress_robots_primary_cat":"","_seopress_titles_title":"TerpeneTech : Better Living, Brighter Future","_seopress_titles_desc":"TerpeneTech\u2019s mission is to provide solutions that help to protect Humans and Animals from microorganisms and insects.","_seopress_robots_index":"","footnotes":""},"class_list":["post-786","page","type-page","status-publish","has-post-thumbnail"],"_links":{"self":[{"href":"https:\/\/www.terpenetech.eu\/nl\/wp-json\/wp\/v2\/pages\/786","targetHints":{"allow":["GET"]}}],"collection":[{"href":"https:\/\/www.terpenetech.eu\/nl\/wp-json\/wp\/v2\/pages"}],"about":[{"href":"https:\/\/www.terpenetech.eu\/nl\/wp-json\/wp\/v2\/types\/page"}],"author":[{"embeddable":true,"href":"https:\/\/www.terpenetech.eu\/nl\/wp-json\/wp\/v2\/users\/4"}],"replies":[{"embeddable":true,"href":"https:\/\/www.terpenetech.eu\/nl\/wp-json\/wp\/v2\/comments?post=786"}],"version-history":[{"count":0,"href":"https:\/\/www.terpenetech.eu\/nl\/wp-json\/wp\/v2\/pages\/786\/revisions"}],"wp:featuredmedia":[{"embeddable":true,"href":"https:\/\/www.terpenetech.eu\/nl\/wp-json\/wp\/v2\/media\/752"}],"wp:attachment":[{"href":"https:\/\/www.terpenetech.eu\/nl\/wp-json\/wp\/v2\/media?parent=786"}],"curies":[{"name":"wp","href":"https:\/\/api.w.org\/{rel}","templated":true}]}}