{"id":3319,"date":"2021-09-17T14:42:43","date_gmt":"2021-09-17T14:42:43","guid":{"rendered":"https:\/\/www.terpenetech.eu\/?page_id=3319"},"modified":"2025-07-28T10:09:04","modified_gmt":"2025-07-28T10:09:04","slug":"tecnologia-yp","status":"publish","type":"page","link":"https:\/\/www.terpenetech.eu\/it\/yp-technology\/","title":{"rendered":"TECNOLOGIA YP"},"content":{"rendered":"<h1 class=\"gb-headline gb-headline-18d63bc2 gb-headline-text\">TECNOLOGIA YP<\/h1>\n\n\n<div class=\"gb-container gb-container-1f15e2b9\"><div class=\"gb-inside-container\">\n\n<div style=\"padding:56.25% 0 0 0;position:relative;\"><iframe src=\"https:\/\/player.vimeo.com\/video\/1083809070?h=994ffa7620&amp;autoplay=1&amp;loop=1&amp;muted=1&amp;background=1&amp;badge=0&amp;autopause=0&amp;player_id=0&amp;app_id=58479\" frameborder=\"0\" allow=\"autoplay; fullscreen; picture-in-picture\" allowfullscreen=\"\" style=\"position:absolute;top:0;left:0;width:100%;height:100%;\" title=\"TECNOLOGIA YP\"><\/iframe><\/div><script src=\"https:\/\/player.vimeo.com\/api\/player.js\"><\/script>\n\n\n\n<div style=\"height:50px\" aria-hidden=\"true\" class=\"wp-block-spacer\"><\/div>\n\n\n\n<p>La tecnologia brevettata utilizza particelle vuote naturali per incapsulare sia i singoli terpeni sia le loro combinazioni. In presenza di umidit\u00e0, le particelle si gonfiano rilasciando lentamente il loro carico utile di terpeni. L'umidit\u00e0 pu\u00f2 provenire da pioggia, rugiada, nebbia, sudore o idratazione naturale della pelle. Una volta asciutte, le particelle si restringono e trattengono il carico utile di terpeni fino alla fase umida successiva. L'umidit\u00e0 \u00e8 un elemento chiave nella crescita dei microrganismi. La stessa umidit\u00e0 che \u00e8 necessaria ai microrganismi per svilupparsi, provoca il rilascio dei terpeni antimicrobici uccidendo batteri, muffe e funghi. In questo modo, il prodotto funziona quando e dove \u00e8 necessario!<\/p>\n\n<\/div><\/div>\n\n<div class=\"wp-block-image\">\n<figure class=\"aligncenter size-full\"><a href=\"https:\/\/www.terpenetech.eu\/wp-content\/uploads\/2017\/10\/YPTECHNOLOGY_PROCESS2.png\"><img loading=\"lazy\" decoding=\"async\" width=\"870\" height=\"543\" src=\"https:\/\/www.terpenetech.eu\/wp-content\/uploads\/2017\/10\/YPTECHNOLOGY_PROCESS2.png\" alt=\"\" class=\"wp-image-1397\" srcset=\"https:\/\/www.terpenetech.eu\/wp-content\/uploads\/2017\/10\/YPTECHNOLOGY_PROCESS2.png 870w, https:\/\/www.terpenetech.eu\/wp-content\/uploads\/2017\/10\/YPTECHNOLOGY_PROCESS2-300x187.png 300w, https:\/\/www.terpenetech.eu\/wp-content\/uploads\/2017\/10\/YPTECHNOLOGY_PROCESS2-768x479.png 768w, https:\/\/www.terpenetech.eu\/wp-content\/uploads\/2017\/10\/YPTECHNOLOGY_PROCESS2-800x500.png 800w\" sizes=\"auto, (max-width: 870px) 100vw, 870px\" \/><\/a><\/figure>\n<\/div>","protected":false},"excerpt":{"rendered":"<p>YP Technology The patented technology uses natural hollow particles to encapsulate both individual and combinations of terpenes. In &#8230; <\/p>\n<p class=\"read-more-container\"><a title=\"TECNOLOGIA YP\" class=\"read-more button\" href=\"https:\/\/www.terpenetech.eu\/it\/yp-technology\/#more-3319\" aria-label=\"Per saperne di pi\u00f9 su YP Technology\">Leggi tutto<\/a><\/p>","protected":false},"author":4,"featured_media":0,"parent":0,"menu_order":0,"comment_status":"closed","ping_status":"closed","template":"","meta":{"_seopress_robots_primary_cat":"","_seopress_titles_title":"","_seopress_titles_desc":"","_seopress_robots_index":"","footnotes":""},"class_list":["post-3319","page","type-page","status-publish"],"_links":{"self":[{"href":"https:\/\/www.terpenetech.eu\/it\/wp-json\/wp\/v2\/pages\/3319","targetHints":{"allow":["GET"]}}],"collection":[{"href":"https:\/\/www.terpenetech.eu\/it\/wp-json\/wp\/v2\/pages"}],"about":[{"href":"https:\/\/www.terpenetech.eu\/it\/wp-json\/wp\/v2\/types\/page"}],"author":[{"embeddable":true,"href":"https:\/\/www.terpenetech.eu\/it\/wp-json\/wp\/v2\/users\/4"}],"replies":[{"embeddable":true,"href":"https:\/\/www.terpenetech.eu\/it\/wp-json\/wp\/v2\/comments?post=3319"}],"version-history":[{"count":1,"href":"https:\/\/www.terpenetech.eu\/it\/wp-json\/wp\/v2\/pages\/3319\/revisions"}],"predecessor-version":[{"id":3997,"href":"https:\/\/www.terpenetech.eu\/it\/wp-json\/wp\/v2\/pages\/3319\/revisions\/3997"}],"wp:attachment":[{"href":"https:\/\/www.terpenetech.eu\/it\/wp-json\/wp\/v2\/media?parent=3319"}],"curies":[{"name":"wp","href":"https:\/\/api.w.org\/{rel}","templated":true}]}}