{"id":786,"date":"2017-04-13T09:12:30","date_gmt":"2017-04-13T09:12:30","guid":{"rendered":"https:\/\/www.terpenetech.eu\/?page_id=786"},"modified":"2025-05-13T08:50:06","modified_gmt":"2025-05-13T08:50:06","slug":"terpenetech","status":"publish","type":"page","link":"https:\/\/www.terpenetech.eu\/fr\/","title":{"rendered":"Home"},"content":{"rendered":"<h1 class=\"gb-headline gb-headline-5f432b52 gb-headline-text\">Better <span style=\"color:#54595f\" class=\"has-inline-color\">living<\/span> brighter <span style=\"color:#54595f\" class=\"has-inline-color\">future<\/span><\/h1>\n\n\n<div class=\"gb-grid-wrapper gb-grid-wrapper-433793f6\">\n<div class=\"gb-grid-column gb-grid-column-bd6af51b\"><div class=\"gb-container gb-container-bd6af51b\"><div class=\"gb-inside-container\">\n<div class=\"wp-block-image\">\n<figure class=\"aligncenter\"><img decoding=\"async\" src=\"https:\/\/www.terpenetech.eu\/wp-content\/uploads\/2019\/12\/Logo-YPorange-245x300.png\" alt=\"\"\/><\/figure>\n<\/div>\n<\/div><\/div><\/div>\n\n<div class=\"gb-grid-column gb-grid-column-6afde3ba\"><div class=\"gb-container gb-container-6afde3ba\"><div class=\"gb-inside-container\">\n\n<p>La mission de TerpeneTech consiste \u00e0 fournir des solutions pour prot\u00e9ger les hommes et les animaux des micro-organismes et des insectes.<\/p>\n\n\n\n<p>Les terp\u00e8nes sont la pierre angulaire des huiles essentielles. Les plantes utilisent les huiles essentielles pour assurer une protection contre les organismes nocifs. Les huiles essentielles occupent une place importante dans les activit\u00e9s de recherche et d\u00e9veloppement visant \u00e0 substituer les pesticides et des antimicrobiens de synth\u00e8se.<\/p>\n\n\n\n<p>Notre technologie d\u2019encapsulation brevet\u00e9e unique nous permet de lib\u00e9rer et de diffuser les terp\u00e8nes actifs au bon moment et au bon endroit.<\/p>\n\n\n\n<div class=\"wp-block-buttons is-layout-flex wp-block-buttons-is-layout-flex\">\n<div class=\"wp-block-button is-style-fill\"><a class=\"wp-block-button__link wp-element-button\" style=\"border-radius:6px\">EN SAVOIR PLUS<\/a><\/div>\n<\/div>\n\n<\/div><\/div><\/div>\n<\/div>\n\n\n<div style=\"height:100px\" aria-hidden=\"true\" class=\"wp-block-spacer\"><\/div>\n\n\n\n<h2 class=\"gb-headline gb-headline-24b23606 gb-headline-text\">YP TECHNOLOGY<\/h2>\n\n\n\n<h4 class=\"wp-block-heading has-text-align-center\">NATURELLEMENT CON\u00c7UE POUR FONCTIONNER AU BON MOMENT ET AU BON ENDROIT<\/h4>\n\n\n\n<div style=\"padding:56.25% 0 0 0;position:relative;\"><iframe src=\"https:\/\/player.vimeo.com\/video\/1083809070?h=994ffa7620&amp;autoplay=1&amp;loop=1&amp;muted=1&amp;background=1&amp;badge=0&amp;autopause=0&amp;player_id=0&amp;app_id=58479\" frameborder=\"0\" allow=\"autoplay; fullscreen; picture-in-picture\" allowfullscreen=\"\" style=\"position:absolute;top:0;left:0;width:100%;height:100%;\" title=\"TECHNOLOGIE YP\"><\/iframe><\/div><script src=\"https:\/\/player.vimeo.com\/api\/player.js\"><\/script>\n\n\n<div class=\"gb-container gb-container-df89b94d\"><div class=\"gb-inside-container\">\n\n<p>Notre technologie brevet\u00e9e utilise des particules creuses naturelles pour encapsuler les terp\u00e8nes actifs. En pr\u00e9sence d\u2019humidit\u00e9, les particules gonflent et lib\u00e8rent lentement leurs charges utiles de terp\u00e8nes. Une fois s\u00e8ches, les particules se r\u00e9tractent et se ferment, conservant leurs charges utiles de terp\u00e8nes jusqu\u2019au cycle d\u2019humidit\u00e9 suivant. Dans les faits, le produit s\u2019active au bon moment et au bon endroit\u00a0!<\/p>\n\n\n\n<div class=\"wp-block-buttons is-horizontal is-content-justification-center is-layout-flex wp-container-core-buttons-is-layout-499968f5 wp-block-buttons-is-layout-flex\">\n<div class=\"wp-block-button\"><a class=\"wp-block-button__link wp-element-button\" href=\"https:\/\/www.terpenetech.eu\/fr\/technologie-yp\/\" style=\"border-radius:6px\">EN SAVOIR PLUS<\/a><\/div>\n<\/div>\n\n<\/div><\/div>\n\n\n<div style=\"height:100px\" aria-hidden=\"true\" class=\"wp-block-spacer\"><\/div>\n\n\n\n<h2 class=\"gb-headline gb-headline-4b298da4 gb-headline-text\">BIOCIDE<\/h2>\n\n\n\n<h4 class=\"wp-block-heading has-text-align-center\">29\u00a0NOVEMBRE\u00a02017\u00a0: DISPONIBILIT\u00c9 DU GERANIOL BIOCIDE V\u00c9G\u00c9TAL ET DU GERANIOL BIOCIDE PUR<\/h4>\n\n\n\n<h5 class=\"wp-block-heading has-text-align-center\">LE G\u00c9RANIOL EST AJOUT\u00c9 \u00c0 LA LISTE DES FOURNISSEURS DE SUBSTANCES ACTIVES PAR L\u2019AGENCE EUROP\u00c9ENNE DES PRODUITS CHIMIQUES (ECHA)<\/h5>\n\n\n<div class=\"gb-grid-wrapper gb-grid-wrapper-435f8806\">\n<div class=\"gb-grid-column gb-grid-column-3bfd2df9\"><div class=\"gb-container gb-container-3bfd2df9\"><div class=\"gb-inside-container\">\n<div class=\"wp-block-image\">\n<figure class=\"aligncenter\"><img decoding=\"async\" src=\"https:\/\/www.terpenetech.eu\/wp-content\/uploads\/2017\/10\/eu_1282-300x202.png\" alt=\"\"\/><\/figure>\n<\/div>\n<\/div><\/div><\/div>\n\n<div class=\"gb-grid-column gb-grid-column-337c519f\"><div class=\"gb-container gb-container-337c519f\"><div class=\"gb-inside-container\">\n\n<p>TERPENETECH est un fournisseur de substance active <a href=\"https:\/\/www.terpenetech.eu\/fr\/geraniol-biocide-active-ingredient\/\">Geraniol Biocide<\/a> tel que pr\u00e9vu par l\u2019Article 95 de l\u2019Agence europ\u00e9enne des produits chimiques pour les cat\u00e9gories de produits suivantes :<\/p>\n\n\n\n<p>\u2022\u00a0PT\u00a018 (insecticides, acaricides et produits de lutte contre d\u2019autres arthropodes),<br>\u2022\u00a0PT\u00a019 (r\u00e9pulsifs et attractifs)<\/p>\n\n\n\n<div class=\"wp-block-buttons is-layout-flex wp-block-buttons-is-layout-flex\">\n<div class=\"wp-block-button\"><a class=\"wp-block-button__link wp-element-button\" href=\"https:\/\/www.terpenetech.eu\/fr\/geraniol-biocide\/\" style=\"border-radius:6px\">EN SAVOIR PLUS<\/a><\/div>\n<\/div>\n\n<\/div><\/div><\/div>\n<\/div>\n\n\n<div style=\"height:100px\" aria-hidden=\"true\" class=\"wp-block-spacer\"><\/div>\n\n\n\n<h2 class=\"wp-block-heading has-text-align-center\">PRODUITS<\/h2>\n\n\n\n<h4 class=\"wp-block-heading has-text-align-center\">NOUS CR\u00c9ONS DES PRODUITS QUI AM\u00c9LIORENT LES VIES DES PERSONNES ET DES ANIMAUX<\/h4>\n\n\n\n<div style=\"height:20px\" aria-hidden=\"true\" class=\"wp-block-spacer\"><\/div>\n\n\n<div class=\"gb-grid-wrapper gb-grid-wrapper-ce66a87c\">\n<div class=\"gb-grid-column gb-grid-column-36d6359f\"><div class=\"gb-container gb-container-36d6359f\"><div class=\"gb-inside-container\">\n\n<div class=\"wp-block-image\"><figure class=\"aligncenter is-resized\"><a href=\"https:\/\/www.terpenetech.eu\/fr\/category\/produits\/produits-de-soins-et-de-sante\/\"><img loading=\"lazy\" decoding=\"async\" src=\"https:\/\/www.terpenetech.eu\/wp-content\/uploads\/2017\/10\/environemental-spray-1.png\" alt=\"\" width=\"100\" height=\"100\"\/><\/a><\/figure><\/div>\n\n\n\n<div style=\"height:20px\" aria-hidden=\"true\" class=\"wp-block-spacer\"><\/div>\n\n\n\n<h3 class=\"has-text-align-center wp-block-heading\"><a href=\"https:\/\/www.terpenetech.eu\/fr\/category\/produits\/produits-de-soins-et-de-sante\/\">PRODUITS DE SOINS ET DE SANT\u00c9<\/a><\/h3>\n\n\n\n<div class=\"wp-block-buttons alignwide is-content-justification-center is-layout-flex wp-block-buttons-is-layout-flex\">\n<div class=\"wp-block-button\"><a class=\"wp-block-button__link\" href=\"https:\/\/www.terpenetech.eu\/fr\/produits\/produits-de-soins-et-de-sante\/\" style=\"border-radius:6px\">EN SAVOIR PLUS<\/a><\/div>\n<\/div>\n\n\n\n<div style=\"height:50px\" aria-hidden=\"true\" class=\"wp-block-spacer\"><\/div>\n\n<\/div><\/div><\/div>\n\n<div class=\"gb-grid-column gb-grid-column-669f93bb\"><div class=\"gb-container gb-container-669f93bb\"><div class=\"gb-inside-container\">\n\n<div class=\"wp-block-image\"><figure class=\"aligncenter is-resized\"><a href=\"https:\/\/www.terpenetech.eu\/fr\/category\/produits\/produits-d-entretien\/\"><img loading=\"lazy\" decoding=\"async\" src=\"https:\/\/www.terpenetech.eu\/wp-content\/uploads\/2017\/10\/if_Glass_Spray_112418.png\" alt=\"\" width=\"100\" height=\"100\"\/><\/a><\/figure><\/div>\n\n\n\n<div style=\"height:20px\" aria-hidden=\"true\" class=\"wp-block-spacer\"><\/div>\n\n\n\n<h3 class=\"has-text-align-center wp-block-heading\"><a href=\"https:\/\/www.terpenetech.eu\/fr\/category\/produits\/produits-d-entretien\/\">PRODUITS D\u2019ENTRETIEN<\/a><\/h3>\n\n\n\n<div class=\"wp-block-buttons is-content-justification-center is-layout-flex wp-block-buttons-is-layout-flex\">\n<div class=\"wp-block-button\"><a class=\"wp-block-button__link\" href=\"https:\/\/www.terpenetech.eu\/fr\/produits\/produits-d-entretien\/\" style=\"border-radius:6px\">EN SAVOIR PLUS<\/a><\/div>\n<\/div>\n\n\n\n<div style=\"height:50px\" aria-hidden=\"true\" class=\"wp-block-spacer\"><\/div>\n\n<\/div><\/div><\/div>\n<\/div>\n\n<div class=\"gb-grid-wrapper gb-grid-wrapper-f0ef6049\">\n<div class=\"gb-grid-column gb-grid-column-42442c7a\"><div class=\"gb-container gb-container-42442c7a\"><div class=\"gb-inside-container\">\n\n<div class=\"wp-block-image\"><figure class=\"aligncenter is-resized\"><a href=\"https:\/\/www.terpenetech.eu\/fr\/category\/produits\/agro-industry\/\"><img loading=\"lazy\" decoding=\"async\" src=\"https:\/\/www.terpenetech.eu\/wp-content\/uploads\/2017\/10\/if_hen_2117289.png\" alt=\"\" width=\"100\" height=\"100\"\/><\/a><\/figure><\/div>\n\n\n\n<div style=\"height:20px\" aria-hidden=\"true\" class=\"wp-block-spacer\"><\/div>\n\n\n\n<h3 class=\"has-text-align-center wp-block-heading\"><a href=\"https:\/\/www.terpenetech.eu\/fr\/category\/produits\/agro-industry\/\">AGRO-INDUSTRIEL<\/a><\/h3>\n\n\n\n<div class=\"wp-block-buttons is-content-justification-center is-layout-flex wp-block-buttons-is-layout-flex\">\n<div class=\"wp-block-button\"><a class=\"wp-block-button__link\" href=\"https:\/\/www.terpenetech.eu\/fr\/produits\/agro-industriel\/\" style=\"border-radius:6px\">EN SAVOIR PLUS<\/a><\/div>\n<\/div>\n\n\n\n<div style=\"height:50px\" aria-hidden=\"true\" class=\"wp-block-spacer\"><\/div>\n\n<\/div><\/div><\/div>\n\n<div class=\"gb-grid-column gb-grid-column-22cd4022\"><div class=\"gb-container gb-container-22cd4022\"><div class=\"gb-inside-container\">\n\n<div class=\"wp-block-image\"><figure class=\"aligncenter is-resized\"><a href=\"https:\/\/www.terpenetech.eu\/fr\/category\/produits\/parfums-et-fragrances\/\"><img loading=\"lazy\" decoding=\"async\" src=\"https:\/\/www.terpenetech.eu\/wp-content\/uploads\/2017\/10\/if_beauty-perfume_822045.png\" alt=\"\" width=\"100\" height=\"100\"\/><\/a><\/figure><\/div>\n\n\n\n<div style=\"height:20px\" aria-hidden=\"true\" class=\"wp-block-spacer\"><\/div>\n\n\n\n<h3 class=\"has-text-align-center wp-block-heading\"><a href=\"https:\/\/www.terpenetech.eu\/fr\/category\/produits\/parfums-et-fragrances\/\">PARFUMS ET FRAGRANCES<\/a><\/h3>\n\n\n\n<div class=\"wp-block-buttons is-content-justification-center is-layout-flex wp-block-buttons-is-layout-flex\">\n<div class=\"wp-block-button\"><a class=\"wp-block-button__link\" href=\"https:\/\/www.terpenetech.eu\/fr\/produits\/parfums-et-fragrances\/\" style=\"border-radius:6px\">EN SAVOIR PLUS<\/a><\/div>\n<\/div>\n\n\n\n<div style=\"height:50px\" aria-hidden=\"true\" class=\"wp-block-spacer\"><\/div>\n\n<\/div><\/div><\/div>\n<\/div>\n\n\n<div style=\"height:100px\" aria-hidden=\"true\" class=\"wp-block-spacer\"><\/div>\n\n\n\n<h2 class=\"wp-block-heading has-text-align-center\">IP &amp; SAVOIR-FAIRE<\/h2>\n\n\n<div class=\"gb-container gb-container-b891c83b\"><div class=\"gb-inside-container\">\n<div class=\"gb-grid-wrapper gb-grid-wrapper-cdbb9bed\">\n<div class=\"gb-grid-column gb-grid-column-210556de\"><div class=\"gb-container gb-container-210556de\"><div class=\"gb-inside-container\">\n<div class=\"wp-block-image\">\n<figure class=\"alignleft is-resized\"><img decoding=\"async\" src=\"https:\/\/www.terpenetech.eu\/wp-content\/uploads\/2017\/10\/ICO_RD2.png\" alt=\"\" style=\"width:50px;height:50px\"\/><\/figure>\n<\/div>\n<\/div><\/div><\/div>\n\n<div class=\"gb-grid-column gb-grid-column-cd5b7c30\"><div class=\"gb-container gb-container-cd5b7c30\"><div class=\"gb-inside-container\">\n\n<h3 class=\"wp-block-heading\">R&amp;D<\/h3>\n\n\n\n<p>Notre service de R&amp;D universitaire travaille sans rel\u00e2che pour identifier les combinaisons optimales de terp\u00e8nes d\u00e9di\u00e9es \u00e0 des applications sp\u00e9cifiques \u0153uvrant en synergie avec notre technologie\u00a0YP.<br>Nous collaborons avec des universit\u00e9s et des laboratoires ind\u00e9pendants du monde entier dans le cadre de nos activit\u00e9s de R&amp;D et \u00e0 des fins d\u2019\u00e9valuation de l\u2019efficacit\u00e9, la toxicologie, la stabilit\u00e9 et l\u2019\u00e9cotoxicologie de notre technologie.<\/p>\n\n<\/div><\/div><\/div>\n<\/div>\n<\/div><\/div>\n\n<div class=\"gb-container gb-container-76424239\"><div class=\"gb-inside-container\">\n<div class=\"gb-grid-wrapper gb-grid-wrapper-d321007b\">\n<div class=\"gb-grid-column gb-grid-column-bad0341e\"><div class=\"gb-container gb-container-bad0341e\"><div class=\"gb-inside-container\">\n<div class=\"wp-block-image\">\n<figure class=\"alignleft is-resized\"><img decoding=\"async\" src=\"https:\/\/www.terpenetech.eu\/wp-content\/uploads\/2017\/10\/ICO_REGULATORY2.png\" alt=\"\" style=\"width:50px;height:50px\"\/><\/figure>\n<\/div>\n<\/div><\/div><\/div>\n\n<div class=\"gb-grid-column gb-grid-column-229d9231\"><div class=\"gb-container gb-container-229d9231\"><div class=\"gb-inside-container\">\n\n<h3 class=\"wp-block-heading\">R\u00c9GLEMENTATION<\/h3>\n\n\n\n<p>TerpeneTech se conforme \u00e0 3 cat\u00e9gories de r\u00e9glementations europ\u00e9ennes\u00a0:<\/p>\n\n\n\n<p><b>R\u00e8glement relatif aux dispositifs m\u00e9dicaux 2017\/745<\/b><br>TerpeneTech est un fabricant de dispositifs m\u00e9dicaux relevant de la classe\u00a01.<\/p>\n\n\n\n<p><b>R\u00e8glement relatif aux produits biocides 528\/2012<\/b><br>TerpeneTech int\u00e8gre la liste des fournisseurs de substance active G\u00e9raniol au titre de l\u2019Article\u00a095 du R\u00e8glement relatif aux produits biocides, et compte d\u00e9sormais parmi les fournisseurs\u00a0ECHA de g\u00e9raniol utilisable dans les produits r\u00e9pulsifs\u00a0PT19 et insecticides\u00a0PT18.<\/p>\n\n\n\n<p><b>R\u00e8glement relatif aux produits cosm\u00e9tiques 1223\/2009<\/b><br>TerpeneTech est fabricant et d\u00e9tenteur de donn\u00e9es dans le domaine des produits cosm\u00e9tiques.<\/p>\n\n<\/div><\/div><\/div>\n<\/div>\n<\/div><\/div>\n\n<div class=\"gb-container gb-container-c8dd9c30\"><div class=\"gb-inside-container\">\n<div class=\"gb-grid-wrapper gb-grid-wrapper-1dee13ba\">\n<div class=\"gb-grid-column gb-grid-column-298818b2\"><div class=\"gb-container gb-container-298818b2\"><div class=\"gb-inside-container\">\n<div class=\"wp-block-image\">\n<figure class=\"alignleft is-resized\"><img decoding=\"async\" src=\"https:\/\/www.terpenetech.eu\/wp-content\/uploads\/2017\/10\/ICO_MANUFACTURING2.png\" alt=\"\" style=\"width:50px;height:50px\"\/><\/figure>\n<\/div>\n<\/div><\/div><\/div>\n\n<div class=\"gb-grid-column gb-grid-column-d86680fa\"><div class=\"gb-container gb-container-d86680fa\"><div class=\"gb-inside-container\">\n\n<h3 class=\"wp-block-heading\">FABRICATION<\/h3>\n\n\n\n<p>Tous les sites de fabrication sont situ\u00e9s \u00e0 proximit\u00e9 des territoires de distribution et conformes aux normes ISO9001 et ISO 13485 (dispositifs m\u00e9dicaux).<\/p>\n\n\n\n<p><b>We can manufacture small and large batches of ready to<br>use bulk, concentrates and finished products.<\/b><\/p>\n\n<\/div><\/div><\/div>\n<\/div>\n<\/div><\/div>","protected":false},"excerpt":{"rendered":"<p>Better living brighter future YP TECHNOLOGY NATURALLY PROGRAMMED TO WORK WHEN AND WHERE WE NEED IT Our patented &#8230; <\/p>\n<p class=\"read-more-container\"><a title=\"Home\" class=\"read-more button\" href=\"https:\/\/www.terpenetech.eu\/fr\/#more-786\" aria-label=\"En savoir plus sur Home\">Lire plus<\/a><\/p>","protected":false},"author":4,"featured_media":752,"parent":0,"menu_order":0,"comment_status":"closed","ping_status":"closed","template":"","meta":{"_seopress_robots_primary_cat":"","_seopress_titles_title":"TerpeneTech : Better Living, Brighter Future","_seopress_titles_desc":"TerpeneTech\u2019s mission is to provide solutions that help to protect Humans and Animals from microorganisms and insects.","_seopress_robots_index":"","footnotes":""},"class_list":["post-786","page","type-page","status-publish","has-post-thumbnail"],"_links":{"self":[{"href":"https:\/\/www.terpenetech.eu\/fr\/wp-json\/wp\/v2\/pages\/786","targetHints":{"allow":["GET"]}}],"collection":[{"href":"https:\/\/www.terpenetech.eu\/fr\/wp-json\/wp\/v2\/pages"}],"about":[{"href":"https:\/\/www.terpenetech.eu\/fr\/wp-json\/wp\/v2\/types\/page"}],"author":[{"embeddable":true,"href":"https:\/\/www.terpenetech.eu\/fr\/wp-json\/wp\/v2\/users\/4"}],"replies":[{"embeddable":true,"href":"https:\/\/www.terpenetech.eu\/fr\/wp-json\/wp\/v2\/comments?post=786"}],"version-history":[{"count":0,"href":"https:\/\/www.terpenetech.eu\/fr\/wp-json\/wp\/v2\/pages\/786\/revisions"}],"wp:featuredmedia":[{"embeddable":true,"href":"https:\/\/www.terpenetech.eu\/fr\/wp-json\/wp\/v2\/media\/752"}],"wp:attachment":[{"href":"https:\/\/www.terpenetech.eu\/fr\/wp-json\/wp\/v2\/media?parent=786"}],"curies":[{"name":"wp","href":"https:\/\/api.w.org\/{rel}","templated":true}]}}