{"id":3319,"date":"2021-09-17T14:42:43","date_gmt":"2021-09-17T14:42:43","guid":{"rendered":"https:\/\/www.terpenetech.eu\/?page_id=3319"},"modified":"2025-07-28T10:09:04","modified_gmt":"2025-07-28T10:09:04","slug":"technologie-yp","status":"publish","type":"page","link":"https:\/\/www.terpenetech.eu\/fr\/yp-technology\/","title":{"rendered":"TECHNOLOGIE YP"},"content":{"rendered":"<h1 class=\"gb-headline gb-headline-18d63bc2 gb-headline-text\">TECHNOLOGIE YP<\/h1>\n\n\n<div class=\"gb-container gb-container-1f15e2b9\"><div class=\"gb-inside-container\">\n\n<div style=\"padding:56.25% 0 0 0;position:relative;\"><iframe src=\"https:\/\/player.vimeo.com\/video\/1083809070?h=994ffa7620&amp;autoplay=1&amp;loop=1&amp;muted=1&amp;background=1&amp;badge=0&amp;autopause=0&amp;player_id=0&amp;app_id=58479\" frameborder=\"0\" allow=\"autoplay; fullscreen; picture-in-picture\" allowfullscreen=\"\" style=\"position:absolute;top:0;left:0;width:100%;height:100%;\" title=\"TECHNOLOGIE YP\"><\/iframe><\/div><script src=\"https:\/\/player.vimeo.com\/api\/player.js\"><\/script>\n\n\n\n<div style=\"height:50px\" aria-hidden=\"true\" class=\"wp-block-spacer\"><\/div>\n\n\n\n<p>La technologie brevet\u00e9e utilise des particules creuses naturelles pour encapsuler les terp\u00e8nes isol\u00e9s et les combinaisons de terp\u00e8nes. En pr\u00e9sence d\u2019humidit\u00e9, les particules naturelles gonflent et lib\u00e8rent lentement leurs charges utiles de terp\u00e8nes. L\u2019humidit\u00e9 peut provenir de la pluie, de la ros\u00e9e, de la bu\u00e9e, de la transpiration ou de l\u2019humidit\u00e9 naturelle de la peau. Lorsque cette humidit\u00e9 s\u00e8che, les particules se r\u00e9tractent et conservent leurs charges utiles jusqu\u2019au cycle d\u2019humidit\u00e9 suivant. L\u2019humidit\u00e9 est un ingr\u00e9dient cl\u00e9 dans la croissance des micro-organismes. Cette humidit\u00e9 essentielle \u00e0 la croissance des micro-organismes entra\u00eene la lib\u00e9ration des terp\u00e8nes antimicrobiens, \u00e9liminant les bact\u00e9ries, la moisissure et les champignons. Dans les faits, le produit s\u2019active au bon moment et au bon endroit\u00a0!<\/p>\n\n<\/div><\/div>\n\n<div class=\"wp-block-image\">\n<figure class=\"aligncenter size-full\"><a href=\"https:\/\/www.terpenetech.eu\/wp-content\/uploads\/2017\/10\/YPTECHNOLOGY_PROCESS2.png\"><img loading=\"lazy\" decoding=\"async\" width=\"870\" height=\"543\" src=\"https:\/\/www.terpenetech.eu\/wp-content\/uploads\/2017\/10\/YPTECHNOLOGY_PROCESS2.png\" alt=\"\" class=\"wp-image-1397\" srcset=\"https:\/\/www.terpenetech.eu\/wp-content\/uploads\/2017\/10\/YPTECHNOLOGY_PROCESS2.png 870w, https:\/\/www.terpenetech.eu\/wp-content\/uploads\/2017\/10\/YPTECHNOLOGY_PROCESS2-300x187.png 300w, https:\/\/www.terpenetech.eu\/wp-content\/uploads\/2017\/10\/YPTECHNOLOGY_PROCESS2-768x479.png 768w, https:\/\/www.terpenetech.eu\/wp-content\/uploads\/2017\/10\/YPTECHNOLOGY_PROCESS2-800x500.png 800w\" sizes=\"auto, (max-width: 870px) 100vw, 870px\" \/><\/a><\/figure>\n<\/div>","protected":false},"excerpt":{"rendered":"<p>YP Technology The patented technology uses natural hollow particles to encapsulate both individual and combinations of terpenes. In &#8230; <\/p>\n<p class=\"read-more-container\"><a title=\"TECHNOLOGIE YP\" class=\"read-more button\" href=\"https:\/\/www.terpenetech.eu\/fr\/yp-technology\/#more-3319\" aria-label=\"En savoir plus sur YP Technology\">Lire plus<\/a><\/p>","protected":false},"author":4,"featured_media":0,"parent":0,"menu_order":0,"comment_status":"closed","ping_status":"closed","template":"","meta":{"_seopress_robots_primary_cat":"","_seopress_titles_title":"","_seopress_titles_desc":"","_seopress_robots_index":"","footnotes":""},"class_list":["post-3319","page","type-page","status-publish"],"_links":{"self":[{"href":"https:\/\/www.terpenetech.eu\/fr\/wp-json\/wp\/v2\/pages\/3319","targetHints":{"allow":["GET"]}}],"collection":[{"href":"https:\/\/www.terpenetech.eu\/fr\/wp-json\/wp\/v2\/pages"}],"about":[{"href":"https:\/\/www.terpenetech.eu\/fr\/wp-json\/wp\/v2\/types\/page"}],"author":[{"embeddable":true,"href":"https:\/\/www.terpenetech.eu\/fr\/wp-json\/wp\/v2\/users\/4"}],"replies":[{"embeddable":true,"href":"https:\/\/www.terpenetech.eu\/fr\/wp-json\/wp\/v2\/comments?post=3319"}],"version-history":[{"count":1,"href":"https:\/\/www.terpenetech.eu\/fr\/wp-json\/wp\/v2\/pages\/3319\/revisions"}],"predecessor-version":[{"id":3997,"href":"https:\/\/www.terpenetech.eu\/fr\/wp-json\/wp\/v2\/pages\/3319\/revisions\/3997"}],"wp:attachment":[{"href":"https:\/\/www.terpenetech.eu\/fr\/wp-json\/wp\/v2\/media?parent=3319"}],"curies":[{"name":"wp","href":"https:\/\/api.w.org\/{rel}","templated":true}]}}