{"id":2755,"date":"2020-06-24T12:50:35","date_gmt":"2020-06-24T12:50:35","guid":{"rendered":"https:\/\/www.terpenetech.eu\/?page_id=2755"},"modified":"2021-09-17T14:33:58","modified_gmt":"2021-09-17T14:33:58","slug":"performance","status":"publish","type":"page","link":"https:\/\/www.terpenetech.eu\/fr\/company\/performance\/","title":{"rendered":"PERFORMANCE"},"content":{"rendered":"<h1 class=\"has-text-align-center wp-block-heading\">Terpenetech <span style=\"color: #54595f;\">PERFORMANCE<\/span><\/h1>\n\n\n\n<h2 class=\"has-text-align-center wp-block-heading\">LES PERFORMANCES DU PRODUIT R\u00c9PONDENT, VOIRE D\u00c9PASSENT LES ATTENTES<\/h2>\n\n\n\n<p>Les terp\u00e8nes ont l\u2019inconv\u00e9nient r\u00e9put\u00e9 d\u2019\u00eatre volatiles et de s\u2019\u00e9vaporer rapidement, les emp\u00eachant d\u2019avoir une activit\u00e9 r\u00e9siduelle \u00e0 long terme. Gr\u00e2ce \u00e0 la technologie brevet\u00e9e de micro-encapsulation de particules de levures d\u2019Eden\u00a0Research, les probl\u00e8mes associ\u00e9s aux terp\u00e8nes peuvent \u00eatre r\u00e9solus, permettant de d\u00e9velopper et de commercialiser des biocides efficaces et non toxiques.<br>Outre des terp\u00e8nes, TerpeneTech a \u00e9galement d\u00e9velopp\u00e9 une technologie et des formulations de produits bas\u00e9es sur d\u2019autres actifs et ingr\u00e9dients inertes naturels. Les nouvelles formulations ont fait preuve d\u2019une efficacit\u00e9 exceptionnelle dans des produits destin\u00e9s \u00e0 l\u2019homme, aux animaux, aux chevaux, aux volailles et au b\u00e9tail.<\/p>\n\n\n\n<p>La strat\u00e9gie de TerpeneTech consiste \u00e0 d\u00e9velopper, tester et commercialiser des produits biocides naturels efficaces de qualit\u00e9 sup\u00e9rieure en collaboration avec de grandes entreprises du monde entier.<\/p>\n\n\n\n<div style=\"height:50px\" aria-hidden=\"true\" class=\"wp-block-spacer\"><\/div>\n\n\n<div class=\"gb-grid-wrapper gb-grid-wrapper-f169a147\">\n<div class=\"gb-grid-column gb-grid-column-386d7d9c\"><div class=\"gb-container gb-container-386d7d9c\"><div class=\"gb-inside-container\">\n\n<p style=\"text-align: center;\"><a href=\"https:\/\/www.terpenetech.eu\/fr\/a-propos\/philosophie\/\"><i class=\"fas fa-dot-circle\" style=\"color: #52BB35; font-size: 70px;\"><\/i><\/a><\/p>\n\n\n\n<h3 class=\"has-text-align-center wp-block-heading\"><a href=\"https:\/\/www.terpenetech.eu\/fr\/a-propos\/philosophie\/\">PHILOSOPHIE<\/a><\/h3>\n\n\n\n<p><\/p>\n\n<\/div><\/div><\/div>\n\n<div class=\"gb-grid-column gb-grid-column-34760ac8\"><div class=\"gb-container gb-container-34760ac8\"><div class=\"gb-inside-container\">\n\n<p style=\"text-align: center;\"><a href=\"https:\/\/www.terpenetech.eu\/fr\/a-propos\/histoire\/\"><i class=\"fas fa-calendar-alt\" style=\"color: #52BB35; font-size: 70px;\"><\/i><\/a><\/p>\n\n\n\n<h3 class=\"has-text-align-center wp-block-heading\"><a href=\"https:\/\/www.terpenetech.eu\/fr\/a-propos\/histoire\/\">HISTOIRE<\/a><\/h3>\n\n<\/div><\/div><\/div>\n\n<div class=\"gb-grid-column gb-grid-column-4cac1503\"><div class=\"gb-container gb-container-4cac1503\"><div class=\"gb-inside-container\">\n\n<p style=\"text-align: center;\"><a href=\"https:\/\/www.terpenetech.eu\/fr\/a-propos\/equipe\/\"><i class=\"fas fa-user-circle\" style=\"color: #52BB35; font-size: 70px;\"><\/i><\/a><\/p>\n\n\n\n<h3 class=\"has-text-align-center wp-block-heading\"><a href=\"https:\/\/www.terpenetech.eu\/fr\/a-propos\/equipe\/\">L\u2019\u00c9QUIPE<\/a><\/h3>\n\n<\/div><\/div><\/div>\n\n<div class=\"gb-grid-column gb-grid-column-870e4ad4\"><div class=\"gb-container gb-container-870e4ad4\"><div class=\"gb-inside-container\">\n\n<p style=\"text-align: center;\"><a href=\"https:\/\/www.terpenetech.eu\/fr\/a-propos\/strategie\/\"><i class=\"fas fa-list-alt\" style=\"color: #52BB35; font-size: 70px;\"><\/i><\/a><\/p>\n\n\n\n<h3 class=\"has-text-align-center wp-block-heading\"><a href=\"https:\/\/www.terpenetech.eu\/fr\/a-propos\/strategie\/\">STRAT\u00c9GIE<\/a><\/h3>\n\n<\/div><\/div><\/div>\n\n<div class=\"gb-grid-column gb-grid-column-eccb1f92\"><div class=\"gb-container gb-container-eccb1f92\"><div class=\"gb-inside-container\">\n\n<p style=\"text-align: center;\"><a href=\"https:\/\/www.terpenetech.eu\/fr\/a-propos\/performance\/\"><i class=\"fas fa-flask\" style=\"color: #52BB35; font-size: 70px;\"><\/i><\/a><\/p>\n\n\n\n<h3 class=\"has-text-align-center wp-block-heading\"><a href=\"https:\/\/www.terpenetech.eu\/fr\/a-propos\/performance\/\">PERFORMANCE<\/a><\/h3>\n\n<\/div><\/div><\/div>\n<\/div>","protected":false},"excerpt":{"rendered":"<p>Terpenetech PERFORMANCE Product performance meets or exceeds expectations Terpenes have a well known drawbacks in that they are &#8230; <\/p>\n<p class=\"read-more-container\"><a title=\"PERFORMANCE\" class=\"read-more button\" href=\"https:\/\/www.terpenetech.eu\/fr\/company\/performance\/#more-2755\" aria-label=\"En savoir plus sur Performance\">Lire plus<\/a><\/p>","protected":false},"author":4,"featured_media":0,"parent":800,"menu_order":0,"comment_status":"closed","ping_status":"closed","template":"","meta":{"_seopress_robots_primary_cat":"","_seopress_titles_title":"Performance - TERPENETECH LTD","_seopress_titles_desc":"By utilizing Eden Research\u2019s patented Yeast Particle Microencapsulation Technology the problems associated with Terpenes can be overcome and effective, non-toxic Biocides can be developed and brought to market.","_seopress_robots_index":"","footnotes":""},"class_list":["post-2755","page","type-page","status-publish"],"_links":{"self":[{"href":"https:\/\/www.terpenetech.eu\/fr\/wp-json\/wp\/v2\/pages\/2755","targetHints":{"allow":["GET"]}}],"collection":[{"href":"https:\/\/www.terpenetech.eu\/fr\/wp-json\/wp\/v2\/pages"}],"about":[{"href":"https:\/\/www.terpenetech.eu\/fr\/wp-json\/wp\/v2\/types\/page"}],"author":[{"embeddable":true,"href":"https:\/\/www.terpenetech.eu\/fr\/wp-json\/wp\/v2\/users\/4"}],"replies":[{"embeddable":true,"href":"https:\/\/www.terpenetech.eu\/fr\/wp-json\/wp\/v2\/comments?post=2755"}],"version-history":[{"count":0,"href":"https:\/\/www.terpenetech.eu\/fr\/wp-json\/wp\/v2\/pages\/2755\/revisions"}],"up":[{"embeddable":true,"href":"https:\/\/www.terpenetech.eu\/fr\/wp-json\/wp\/v2\/pages\/800"}],"wp:attachment":[{"href":"https:\/\/www.terpenetech.eu\/fr\/wp-json\/wp\/v2\/media?parent=2755"}],"curies":[{"name":"wp","href":"https:\/\/api.w.org\/{rel}","templated":true}]}}