{"id":2754,"date":"2020-06-24T12:57:12","date_gmt":"2020-06-24T12:57:12","guid":{"rendered":"https:\/\/www.terpenetech.eu\/?page_id=2754"},"modified":"2021-09-17T14:33:50","modified_gmt":"2021-09-17T14:33:50","slug":"strategie","status":"publish","type":"page","link":"https:\/\/www.terpenetech.eu\/fr\/company\/strategy\/","title":{"rendered":"STRAT\u00c9GIE"},"content":{"rendered":"<h1 class=\"has-text-align-center wp-block-heading\">Terpenetech <span style=\"color: #54595f;\">STRAT\u00c9GIE<\/span><\/h1>\n\n\n\n<p>Les produits \u00e0 base de plantes repr\u00e9sentent une avanc\u00e9e de taille. Les d\u00e9fenses naturelles des plantes utilisent des terp\u00e8nes qui se sont r\u00e9v\u00e9l\u00e9s \u00eatre d\u2019excellents r\u00e9pulsifs et insecticides aux propri\u00e9t\u00e9s antimicrobiennes. De nombreux actifs et synergistes insecticides se sont av\u00e9r\u00e9s potentiellement nocifs pour l\u2019homme, les animaux et l\u2019environnement, et ont ainsi \u00e9t\u00e9 retir\u00e9s du march\u00e9. Les professionnels et les consommateurs se retrouvent priv\u00e9s d\u2019outils pour lutter contre les maladies \u00e0 transmission vectorielle. Face au danger que repr\u00e9sentent les insectes et les maladies en provenance d\u2019Afrique, il devient urgent de d\u00e9velopper des produits s\u00fbrs et efficaces pour prot\u00e9ger les populations.<\/p>\n\n\n\n<h4 class=\"wp-block-heading\">Terpenetech&#8217;s non-toxic, <b>\u00e9cologiques<\/b> et non toxiques de TerpeneTech reposent sur des terp\u00e8nes encapsul\u00e9s, des actifs naturels et des ingr\u00e9dients inertes naturels permettant de cr\u00e9er des <b>produits naturels<\/b> aux arguments de vente attractifs et uniques\u00a0:<\/h4>\n\n\n\n<ul class=\"wp-block-list\"><li><i class=\"fas fa-check\"><\/i> <b>S\u00dbRS<\/b><br>Ingr\u00e9dients\u00a0GRAS (g\u00e9n\u00e9ralement consid\u00e9r\u00e9s comme sans danger)<\/li><li><i class=\"fas fa-check\"><\/i><b> CONCURRENTIELS ET RENTABLES<\/b><br>Tarif concurrentiel pour les consommateurs, les agriculteurs et les industriels<\/li><li><i class=\"fas fa-check\"><\/i> <b>NON-TOXIC &amp; ENVIRONMENTALLY ACCEPTABLE<\/b><br>Alternative s\u00fbre aux substances chimiques industrielles potentiellement dangereuses<\/li><li><i class=\"fas fa-check\"><\/i> <b>FAIBLE RISQUE DE R\u00c9SISTANCE GR\u00c2CE AUX TERP\u00c8NES<\/b><br>Mode d\u2019action multisites<\/li><li><i class=\"fas fa-check\"><\/i> <b>RESPECT DES CRIT\u00c8RES D\u2019EFFICACIT\u00c9<\/b><\/li><\/ul>\n\n\n\n<div style=\"height:50px\" aria-hidden=\"true\" class=\"wp-block-spacer\"><\/div>\n\n\n<div class=\"gb-grid-wrapper gb-grid-wrapper-f169a147\">\n<div class=\"gb-grid-column gb-grid-column-386d7d9c\"><div class=\"gb-container gb-container-386d7d9c\"><div class=\"gb-inside-container\">\n\n<p style=\"text-align: center;\"><a href=\"https:\/\/www.terpenetech.eu\/fr\/a-propos\/philosophie\/\"><i class=\"fas fa-dot-circle\" style=\"color: #52BB35; font-size: 70px;\"><\/i><\/a><\/p>\n\n\n\n<h3 class=\"has-text-align-center wp-block-heading\"><a href=\"https:\/\/www.terpenetech.eu\/fr\/a-propos\/philosophie\/\">PHILOSOPHIE<\/a><\/h3>\n\n\n\n<p><\/p>\n\n<\/div><\/div><\/div>\n\n<div class=\"gb-grid-column gb-grid-column-34760ac8\"><div class=\"gb-container gb-container-34760ac8\"><div class=\"gb-inside-container\">\n\n<p style=\"text-align: center;\"><a href=\"https:\/\/www.terpenetech.eu\/fr\/a-propos\/histoire\/\"><i class=\"fas fa-calendar-alt\" style=\"color: #52BB35; font-size: 70px;\"><\/i><\/a><\/p>\n\n\n\n<h3 class=\"has-text-align-center wp-block-heading\"><a href=\"https:\/\/www.terpenetech.eu\/fr\/a-propos\/histoire\/\">HISTOIRE<\/a><\/h3>\n\n<\/div><\/div><\/div>\n\n<div class=\"gb-grid-column gb-grid-column-4cac1503\"><div class=\"gb-container gb-container-4cac1503\"><div class=\"gb-inside-container\">\n\n<p style=\"text-align: center;\"><a href=\"https:\/\/www.terpenetech.eu\/fr\/a-propos\/equipe\/\"><i class=\"fas fa-user-circle\" style=\"color: #52BB35; font-size: 70px;\"><\/i><\/a><\/p>\n\n\n\n<h3 class=\"has-text-align-center wp-block-heading\"><a href=\"https:\/\/www.terpenetech.eu\/fr\/a-propos\/equipe\/\">L\u2019\u00c9QUIPE<\/a><\/h3>\n\n<\/div><\/div><\/div>\n\n<div class=\"gb-grid-column gb-grid-column-870e4ad4\"><div class=\"gb-container gb-container-870e4ad4\"><div class=\"gb-inside-container\">\n\n<p style=\"text-align: center;\"><a href=\"https:\/\/www.terpenetech.eu\/fr\/a-propos\/strategie\/\"><i class=\"fas fa-list-alt\" style=\"color: #52BB35; font-size: 70px;\"><\/i><\/a><\/p>\n\n\n\n<h3 class=\"has-text-align-center wp-block-heading\"><a href=\"https:\/\/www.terpenetech.eu\/fr\/a-propos\/strategie\/\">STRAT\u00c9GIE<\/a><\/h3>\n\n<\/div><\/div><\/div>\n\n<div class=\"gb-grid-column gb-grid-column-eccb1f92\"><div class=\"gb-container gb-container-eccb1f92\"><div class=\"gb-inside-container\">\n\n<p style=\"text-align: center;\"><a href=\"https:\/\/www.terpenetech.eu\/fr\/a-propos\/performance\/\"><i class=\"fas fa-flask\" style=\"color: #52BB35; font-size: 70px;\"><\/i><\/a><\/p>\n\n\n\n<h3 class=\"has-text-align-center wp-block-heading\"><a href=\"https:\/\/www.terpenetech.eu\/fr\/a-propos\/performance\/\">PERFORMANCE<\/a><\/h3>\n\n<\/div><\/div><\/div>\n<\/div>","protected":false},"excerpt":{"rendered":"<p>Terpenetech STRATEGY Plant based products represent the new frontier as plants use Terpenes in their natural defense and &#8230; <\/p>\n<p class=\"read-more-container\"><a title=\"STRAT\u00c9GIE\" class=\"read-more button\" href=\"https:\/\/www.terpenetech.eu\/fr\/company\/strategy\/#more-2754\" aria-label=\"En savoir plus sur Strategy\">Lire plus<\/a><\/p>","protected":false},"author":4,"featured_media":0,"parent":800,"menu_order":0,"comment_status":"closed","ping_status":"closed","template":"","meta":{"_seopress_robots_primary_cat":"","_seopress_titles_title":"Strategy - TERPENETECH LTD","_seopress_titles_desc":"Plant based products represent the new frontier as plants use Terpenes in their natural defense and Terpenes have demonstrated excellent repellent, insecticidal and anti-microbial properties.","_seopress_robots_index":"","footnotes":""},"class_list":["post-2754","page","type-page","status-publish"],"_links":{"self":[{"href":"https:\/\/www.terpenetech.eu\/fr\/wp-json\/wp\/v2\/pages\/2754","targetHints":{"allow":["GET"]}}],"collection":[{"href":"https:\/\/www.terpenetech.eu\/fr\/wp-json\/wp\/v2\/pages"}],"about":[{"href":"https:\/\/www.terpenetech.eu\/fr\/wp-json\/wp\/v2\/types\/page"}],"author":[{"embeddable":true,"href":"https:\/\/www.terpenetech.eu\/fr\/wp-json\/wp\/v2\/users\/4"}],"replies":[{"embeddable":true,"href":"https:\/\/www.terpenetech.eu\/fr\/wp-json\/wp\/v2\/comments?post=2754"}],"version-history":[{"count":0,"href":"https:\/\/www.terpenetech.eu\/fr\/wp-json\/wp\/v2\/pages\/2754\/revisions"}],"up":[{"embeddable":true,"href":"https:\/\/www.terpenetech.eu\/fr\/wp-json\/wp\/v2\/pages\/800"}],"wp:attachment":[{"href":"https:\/\/www.terpenetech.eu\/fr\/wp-json\/wp\/v2\/media?parent=2754"}],"curies":[{"name":"wp","href":"https:\/\/api.w.org\/{rel}","templated":true}]}}