{"id":2753,"date":"2020-06-24T12:53:44","date_gmt":"2020-06-24T12:53:44","guid":{"rendered":"https:\/\/www.terpenetech.eu\/?page_id=2753"},"modified":"2021-09-17T14:36:36","modified_gmt":"2021-09-17T14:36:36","slug":"equipe","status":"publish","type":"page","link":"https:\/\/www.terpenetech.eu\/fr\/company\/team\/","title":{"rendered":"L\u2019\u00c9QUIPE"},"content":{"rendered":"<h1 class=\"has-text-align-center wp-block-heading\">Terpenetech <span style=\"color: #54595f;\">L\u2019\u00c9QUIPE<\/span><\/h1>\n\n\n\n<div style=\"height:20px\" aria-hidden=\"true\" class=\"wp-block-spacer\"><\/div>\n\n\n<div class=\"gb-grid-wrapper gb-grid-wrapper-9c5a53bb\">\n<div class=\"gb-grid-column gb-grid-column-bea8a046\"><div class=\"gb-container gb-container-bea8a046\"><div class=\"gb-inside-container\">\n\n<div class=\"wp-block-image\"><figure class=\"aligncenter is-resized\"><img loading=\"lazy\" decoding=\"async\" src=\"https:\/\/www.terpenetech.eu\/wp-content\/uploads\/2019\/12\/antoine_biron.jpg\" alt=\"\" width=\"150\" height=\"150\"\/><\/figure><\/div>\n\n\n\n<div style=\"height:20px\" aria-hidden=\"true\" class=\"wp-block-spacer\"><\/div>\n\n\n\n<h2 class=\"has-text-align-center wp-block-heading\">ANTOINE BIRON<\/h2>\n\n\n\n<h6 class=\"has-text-align-center wp-block-heading\">DIRECTEUR EUROPE<\/h6>\n\n\n\n<p>Antoine op\u00e8re dans le secteur des biocides depuis plus de 10\u00a0ans. Il a notamment travaill\u00e9 \u00e0 la production et l\u2019enregistrement de substances actives v\u00e9g\u00e9tales insecticides et r\u00e9pulsives ainsi qu\u2019\u00e0 leur vente aupr\u00e8s des distributeurs des secteurs de pharmacies, de jardineries, de magasins de bricolage, du secteur agro-industriel et de la grande distribution.<\/p>\n\n<\/div><\/div><\/div>\n\n<div class=\"gb-grid-column gb-grid-column-79575e25\"><div class=\"gb-container gb-container-79575e25\"><div class=\"gb-inside-container\">\n\n<div class=\"wp-block-image\"><figure class=\"aligncenter size-full is-resized\"><a href=\"https:\/\/www.terpenetech.eu\/wp-content\/uploads\/2019\/12\/herb_friend.jpg\"><img loading=\"lazy\" decoding=\"async\" src=\"https:\/\/www.terpenetech.eu\/wp-content\/uploads\/2019\/12\/herb_friend.jpg\" alt=\"\" class=\"wp-image-2570\" width=\"150\" height=\"150\" srcset=\"https:\/\/www.terpenetech.eu\/wp-content\/uploads\/2019\/12\/herb_friend.jpg 498w, https:\/\/www.terpenetech.eu\/wp-content\/uploads\/2019\/12\/herb_friend-300x300.jpg 300w, https:\/\/www.terpenetech.eu\/wp-content\/uploads\/2019\/12\/herb_friend-150x150.jpg 150w\" sizes=\"auto, (max-width: 150px) 100vw, 150px\" \/><\/a><\/figure><\/div>\n\n\n\n<div style=\"height:20px\" aria-hidden=\"true\" class=\"wp-block-spacer\"><\/div>\n\n\n\n<h2 class=\"has-text-align-center wp-block-heading\">HERB FRIEND<\/h2>\n\n\n\n<h6 class=\"has-text-align-center wp-block-heading\">DIRECTEUR \u00c9TATS-UNIS ET CHINE<\/h6>\n\n\n\n<p>Herb compte plus de 20\u00a0ans d\u2019exp\u00e9rience dans le d\u00e9veloppement, la commercialisation, le marketing et la vente de produits biocides. Il a mis en place des programmes marketing et commerciaux dans le monde entier ainsi que des sites de production aux \u00c9tats-Unis et en Chine.<\/p>\n\n<\/div><\/div><\/div>\n<\/div>\n\n\n<div style=\"height:50px\" aria-hidden=\"true\" class=\"wp-block-spacer\"><\/div>\n\n\n<div class=\"gb-grid-wrapper gb-grid-wrapper-f169a147\">\n<div class=\"gb-grid-column gb-grid-column-386d7d9c\"><div class=\"gb-container gb-container-386d7d9c\"><div class=\"gb-inside-container\">\n\n<p style=\"text-align: center;\"><a href=\"https:\/\/www.terpenetech.eu\/fr\/a-propos\/philosophie\/\"><i class=\"fas fa-dot-circle\" style=\"color: #52BB35; font-size: 70px;\"><\/i><\/a><\/p>\n\n\n\n<h3 class=\"has-text-align-center wp-block-heading\"><a href=\"https:\/\/www.terpenetech.eu\/fr\/a-propos\/philosophie\/\">PHILOSOPHIE<\/a><\/h3>\n\n\n\n<p><\/p>\n\n<\/div><\/div><\/div>\n\n<div class=\"gb-grid-column gb-grid-column-34760ac8\"><div class=\"gb-container gb-container-34760ac8\"><div class=\"gb-inside-container\">\n\n<p style=\"text-align: center;\"><a href=\"https:\/\/www.terpenetech.eu\/fr\/a-propos\/histoire\/\"><i class=\"fas fa-calendar-alt\" style=\"color: #52BB35; font-size: 70px;\"><\/i><\/a><\/p>\n\n\n\n<h3 class=\"has-text-align-center wp-block-heading\"><a href=\"https:\/\/www.terpenetech.eu\/fr\/a-propos\/histoire\/\">HISTOIRE<\/a><\/h3>\n\n<\/div><\/div><\/div>\n\n<div class=\"gb-grid-column gb-grid-column-4cac1503\"><div class=\"gb-container gb-container-4cac1503\"><div class=\"gb-inside-container\">\n\n<p style=\"text-align: center;\"><a href=\"https:\/\/www.terpenetech.eu\/fr\/a-propos\/equipe\/\"><i class=\"fas fa-user-circle\" style=\"color: #52BB35; font-size: 70px;\"><\/i><\/a><\/p>\n\n\n\n<h3 class=\"has-text-align-center wp-block-heading\"><a href=\"https:\/\/www.terpenetech.eu\/fr\/a-propos\/equipe\/\">L\u2019\u00c9QUIPE<\/a><\/h3>\n\n<\/div><\/div><\/div>\n\n<div class=\"gb-grid-column gb-grid-column-870e4ad4\"><div class=\"gb-container gb-container-870e4ad4\"><div class=\"gb-inside-container\">\n\n<p style=\"text-align: center;\"><a href=\"https:\/\/www.terpenetech.eu\/fr\/a-propos\/strategie\/\"><i class=\"fas fa-list-alt\" style=\"color: #52BB35; font-size: 70px;\"><\/i><\/a><\/p>\n\n\n\n<h3 class=\"has-text-align-center wp-block-heading\"><a href=\"https:\/\/www.terpenetech.eu\/fr\/a-propos\/strategie\/\">STRAT\u00c9GIE<\/a><\/h3>\n\n<\/div><\/div><\/div>\n\n<div class=\"gb-grid-column gb-grid-column-eccb1f92\"><div class=\"gb-container gb-container-eccb1f92\"><div class=\"gb-inside-container\">\n\n<p style=\"text-align: center;\"><a href=\"https:\/\/www.terpenetech.eu\/fr\/a-propos\/performance\/\"><i class=\"fas fa-flask\" style=\"color: #52BB35; font-size: 70px;\"><\/i><\/a><\/p>\n\n\n\n<h3 class=\"has-text-align-center wp-block-heading\"><a href=\"https:\/\/www.terpenetech.eu\/fr\/a-propos\/performance\/\">PERFORMANCE<\/a><\/h3>\n\n<\/div><\/div><\/div>\n<\/div>","protected":false},"excerpt":{"rendered":"<p>Terpenetech TEAM<\/p>","protected":false},"author":4,"featured_media":0,"parent":800,"menu_order":0,"comment_status":"closed","ping_status":"closed","template":"","meta":{"_seopress_robots_primary_cat":"","_seopress_titles_title":"Team - TERPENETECH LTD","_seopress_titles_desc":"Antoine Biron - Director EU &amp; Herb Friend - Director US &amp; China","_seopress_robots_index":"","footnotes":""},"class_list":["post-2753","page","type-page","status-publish"],"_links":{"self":[{"href":"https:\/\/www.terpenetech.eu\/fr\/wp-json\/wp\/v2\/pages\/2753","targetHints":{"allow":["GET"]}}],"collection":[{"href":"https:\/\/www.terpenetech.eu\/fr\/wp-json\/wp\/v2\/pages"}],"about":[{"href":"https:\/\/www.terpenetech.eu\/fr\/wp-json\/wp\/v2\/types\/page"}],"author":[{"embeddable":true,"href":"https:\/\/www.terpenetech.eu\/fr\/wp-json\/wp\/v2\/users\/4"}],"replies":[{"embeddable":true,"href":"https:\/\/www.terpenetech.eu\/fr\/wp-json\/wp\/v2\/comments?post=2753"}],"version-history":[{"count":0,"href":"https:\/\/www.terpenetech.eu\/fr\/wp-json\/wp\/v2\/pages\/2753\/revisions"}],"up":[{"embeddable":true,"href":"https:\/\/www.terpenetech.eu\/fr\/wp-json\/wp\/v2\/pages\/800"}],"wp:attachment":[{"href":"https:\/\/www.terpenetech.eu\/fr\/wp-json\/wp\/v2\/media?parent=2753"}],"curies":[{"name":"wp","href":"https:\/\/api.w.org\/{rel}","templated":true}]}}