{"id":2751,"date":"2020-06-24T12:54:00","date_gmt":"2020-06-24T12:54:00","guid":{"rendered":"https:\/\/www.terpenetech.eu\/?page_id=2751"},"modified":"2021-09-17T14:32:37","modified_gmt":"2021-09-17T14:32:37","slug":"histoire","status":"publish","type":"page","link":"https:\/\/www.terpenetech.eu\/fr\/company\/history\/","title":{"rendered":"HISTOIRE"},"content":{"rendered":"<h1 class=\"has-text-align-center wp-block-heading\">Terpenetech <span style=\"color: #54595f;\">HISTOIRE<\/span><\/h1>\n\n\n\n<ul class=\"wp-block-list\"><li><strong>22 SEPTEMBRE 2011<\/strong><p style=\"text-align: left;\">Le 22\u00a0septembre 2011, TerpeneTech\u00a0Limited conclut des contrats mondiaux exclusifs de licence et de commercialisation avec Eden\u00a0Research\u00a0Plc portant sur l\u2019utilisation de la technologie brevet\u00e9e de micro-encapsulation de particules de levure d\u2019Eden dans les domaines des produits de consommation et des biocides agro-industriels.<\/p><p>TerpeneTech acc\u00e8de \u00e9galement aux dossiers d\u2019Eden sur <b>le g\u00e9raniol, l\u2019eug\u00e9nol et le thymol<\/b> en vue de commercialiser des produits \u00e0 base de terp\u00e8nes encapsul\u00e9s et non encapsul\u00e9s.<\/p><\/li><li><strong>20 MAI 2013<\/strong><p style=\"text-align: left;\">Le 20\u00a0mai\u00a02013, Eden\u00a0Research\u00a0Plc. annonce que <b>les trois\u00a0substances actives sont autoris\u00e9es par la Commission europ\u00e9enne (\u00ab\u00a0CE\u00a0\u00bb) \u00e0 \u00eatre utilis\u00e9es dans des produits phytopharmaceutiques<\/b> au sein de l\u2019Union europ\u00e9enne, en vertu du R\u00e8glement\u00a0(CE) n\u00b0\u00a01107\/2009 et en vue de leur inscription \u00e0 l\u2019Annexe\u00a0I.<\/p><\/li><li><strong>1ER D\u00c9CEMBRE 2015<\/strong><p style=\"text-align: left;\">Le 1er\u00a0d\u00e9cembre\u00a02015, TerpeneTech devient fournisseur de substance active G\u00e9raniol (CAS-106-24-1), utilisable dans des insecticides (PT19) et des r\u00e9pulsifs (PT18). L\u2019Agence europ\u00e9enne des produits chimiques (ECHA) conc\u00e8de \u00e0 TerpeneTech l\u2019autorisation l\u00e9gale de fournir du g\u00e9raniol au march\u00e9 europ\u00e9en en tant que substance active biocide, ainsi que des lettres d\u2019acc\u00e8s pour soutenir l\u2019enregistrement de produits de ses clients.<\/p><\/li><li><strong>6 OCTOBRE 2018<\/strong><p style=\"text-align: left;\">Au terme de trois\u00a0ans de R&amp;D et de travaux r\u00e9glementaires, TerpeneTech soumet le 6\u00a0octobre\u00a02018 une Notification de fabrication de dispositif m\u00e9dical \u00e0 l\u2019agence britannique MHRA pour sa lotion anti-poux.<\/p><\/li><li><strong>2020<\/strong><p style=\"text-align: left;\">Afin de se couvrir face au Brexit, de prot\u00e9ger ses clients et de conserver ses droits en tant que fournisseur de substances actives biocides et de fabricant de dispositif m\u00e9dical, TerpeneTech fonde TerpeneTech\u00a0Irlande pour conserver ses enregistrements au sein de l\u2019UE.<\/p><\/li><\/ul>\n\n\n<div class=\"gb-grid-wrapper gb-grid-wrapper-fea98a2d\">\n<div class=\"gb-grid-column gb-grid-column-824e9495\"><div class=\"gb-container gb-container-824e9495\"><div class=\"gb-inside-container\">\n\n<div class=\"wp-block-image\"><figure class=\"aligncenter\"><img decoding=\"async\" src=\"https:\/\/www.terpenetech.eu\/wp-content\/uploads\/2019\/12\/LOGO_TERPENETECH_NEW.png\" alt=\"\"\/><\/figure><\/div>\n\n<\/div><\/div><\/div>\n\n<div class=\"gb-grid-column gb-grid-column-cfc06ecf\"><div class=\"gb-container gb-container-cfc06ecf\"><div class=\"gb-inside-container\">\n\n<div class=\"wp-block-image\"><figure class=\"aligncenter is-resized\"><img decoding=\"async\" src=\"https:\/\/www.terpenetech.eu\/wp-content\/uploads\/2014\/11\/EDEN_LOGO.png\" alt=\"\" width=\"200\"\/><\/figure><\/div>\n\n<\/div><\/div><\/div>\n<\/div>\n\n\n<div style=\"height:50px\" aria-hidden=\"true\" class=\"wp-block-spacer\"><\/div>\n\n\n<div class=\"gb-grid-wrapper gb-grid-wrapper-f169a147\">\n<div class=\"gb-grid-column gb-grid-column-386d7d9c\"><div class=\"gb-container gb-container-386d7d9c\"><div class=\"gb-inside-container\">\n\n<p style=\"text-align: center;\"><a href=\"https:\/\/www.terpenetech.eu\/fr\/a-propos\/philosophie\/\"><i class=\"fas fa-dot-circle\" style=\"color: #52BB35; font-size: 70px;\"><\/i><\/a><\/p>\n\n\n\n<h3 class=\"has-text-align-center wp-block-heading\"><a href=\"https:\/\/www.terpenetech.eu\/fr\/a-propos\/philosophie\/\">PHILOSOPHIE<\/a><\/h3>\n\n\n\n<p><\/p>\n\n<\/div><\/div><\/div>\n\n<div class=\"gb-grid-column gb-grid-column-34760ac8\"><div class=\"gb-container gb-container-34760ac8\"><div class=\"gb-inside-container\">\n\n<p style=\"text-align: center;\"><a href=\"https:\/\/www.terpenetech.eu\/fr\/a-propos\/histoire\/\"><i class=\"fas fa-calendar-alt\" style=\"color: #52BB35; font-size: 70px;\"><\/i><\/a><\/p>\n\n\n\n<h3 class=\"has-text-align-center wp-block-heading\"><a href=\"https:\/\/www.terpenetech.eu\/fr\/a-propos\/histoire\/\">HISTOIRE<\/a><\/h3>\n\n<\/div><\/div><\/div>\n\n<div class=\"gb-grid-column gb-grid-column-4cac1503\"><div class=\"gb-container gb-container-4cac1503\"><div class=\"gb-inside-container\">\n\n<p style=\"text-align: center;\"><a href=\"https:\/\/www.terpenetech.eu\/fr\/a-propos\/equipe\/\"><i class=\"fas fa-user-circle\" style=\"color: #52BB35; font-size: 70px;\"><\/i><\/a><\/p>\n\n\n\n<h3 class=\"has-text-align-center wp-block-heading\"><a href=\"https:\/\/www.terpenetech.eu\/fr\/a-propos\/equipe\/\">L\u2019\u00c9QUIPE<\/a><\/h3>\n\n<\/div><\/div><\/div>\n\n<div class=\"gb-grid-column gb-grid-column-870e4ad4\"><div class=\"gb-container gb-container-870e4ad4\"><div class=\"gb-inside-container\">\n\n<p style=\"text-align: center;\"><a href=\"https:\/\/www.terpenetech.eu\/fr\/a-propos\/strategie\/\"><i class=\"fas fa-list-alt\" style=\"color: #52BB35; font-size: 70px;\"><\/i><\/a><\/p>\n\n\n\n<h3 class=\"has-text-align-center wp-block-heading\"><a href=\"https:\/\/www.terpenetech.eu\/fr\/a-propos\/strategie\/\">STRAT\u00c9GIE<\/a><\/h3>\n\n<\/div><\/div><\/div>\n\n<div class=\"gb-grid-column gb-grid-column-eccb1f92\"><div class=\"gb-container gb-container-eccb1f92\"><div class=\"gb-inside-container\">\n\n<p style=\"text-align: center;\"><a href=\"https:\/\/www.terpenetech.eu\/fr\/a-propos\/performance\/\"><i class=\"fas fa-flask\" style=\"color: #52BB35; font-size: 70px;\"><\/i><\/a><\/p>\n\n\n\n<h3 class=\"has-text-align-center wp-block-heading\"><a href=\"https:\/\/www.terpenetech.eu\/fr\/a-propos\/performance\/\">PERFORMANCE<\/a><\/h3>\n\n<\/div><\/div><\/div>\n<\/div>","protected":false},"excerpt":{"rendered":"<p>Terpenetech HISTORY September 22, 2011 TerpeneTech Limited, on September 22, 2011, entered into exclusive worldwide licensing and marketing &#8230; <\/p>\n<p class=\"read-more-container\"><a title=\"HISTOIRE\" class=\"read-more button\" href=\"https:\/\/www.terpenetech.eu\/fr\/company\/history\/#more-2751\" aria-label=\"En savoir plus sur History\">Lire plus<\/a><\/p>","protected":false},"author":4,"featured_media":0,"parent":800,"menu_order":0,"comment_status":"closed","ping_status":"closed","template":"","meta":{"_seopress_robots_primary_cat":"","_seopress_titles_title":"History - TERPENETECH LTD","_seopress_titles_desc":"On December 1st, 2015, TerpeneTech was identified as Active Substance Supplier for Geraniol CAS-106-24-1) for its use in Insecticides (PT19) and Repellents (PT18).","_seopress_robots_index":"","footnotes":""},"class_list":["post-2751","page","type-page","status-publish"],"_links":{"self":[{"href":"https:\/\/www.terpenetech.eu\/fr\/wp-json\/wp\/v2\/pages\/2751","targetHints":{"allow":["GET"]}}],"collection":[{"href":"https:\/\/www.terpenetech.eu\/fr\/wp-json\/wp\/v2\/pages"}],"about":[{"href":"https:\/\/www.terpenetech.eu\/fr\/wp-json\/wp\/v2\/types\/page"}],"author":[{"embeddable":true,"href":"https:\/\/www.terpenetech.eu\/fr\/wp-json\/wp\/v2\/users\/4"}],"replies":[{"embeddable":true,"href":"https:\/\/www.terpenetech.eu\/fr\/wp-json\/wp\/v2\/comments?post=2751"}],"version-history":[{"count":0,"href":"https:\/\/www.terpenetech.eu\/fr\/wp-json\/wp\/v2\/pages\/2751\/revisions"}],"up":[{"embeddable":true,"href":"https:\/\/www.terpenetech.eu\/fr\/wp-json\/wp\/v2\/pages\/800"}],"wp:attachment":[{"href":"https:\/\/www.terpenetech.eu\/fr\/wp-json\/wp\/v2\/media?parent=2751"}],"curies":[{"name":"wp","href":"https:\/\/api.w.org\/{rel}","templated":true}]}}