{"id":2748,"date":"2020-06-24T12:49:53","date_gmt":"2020-06-24T12:49:53","guid":{"rendered":"https:\/\/www.terpenetech.eu\/?page_id=2748"},"modified":"2021-09-17T14:25:09","modified_gmt":"2021-09-17T14:25:09","slug":"philosophie","status":"publish","type":"page","link":"https:\/\/www.terpenetech.eu\/fr\/company\/philosophy\/","title":{"rendered":"PHILOSOPHIE"},"content":{"rendered":"<h1 class=\"has-text-align-center wp-block-heading\">Terpenetech <span style=\"color: #54595f;\">PHILOSOPHIE<\/span><\/h1>\n\n\n\n<p>Chez TerpeneTech, nous sommes convaincus que l\u2019avenir des biocides repose sur le d\u00e9veloppement et la commercialisation de produits naturels efficaces.<\/p>\n\n\n\n<p>TerpeneTech s\u2019engage \u00e0 promouvoir l\u2019utilisation d\u2019actifs d\u2019origine naturelle pour prot\u00e9ger les hommes et les animaux des composants chimiques et des micro-organismes nocifs. La nature est une formidable source d\u2019inspiration qui offre bien souvent les meilleures solutions. Par exemple, les plantes permettent de cr\u00e9er des produits chimiques naturels, tels que les huiles essentielles, r\u00e9put\u00e9es pour leurs vertus protectrices, et de nombreux produits pharmaceutiques \u00e0 base de plantes.<\/p>\n\n\n\n<h4 class=\"wp-block-heading\">La vocation de TerpeneTech est <b>d\u2019identifier les mol\u00e9cules terp\u00e9niques et d\u2019\u00e9valuer leurs propri\u00e9t\u00e9s<\/b> afin de garantir leur s\u00e9curit\u00e9 et leur performance. Le proc\u00e9d\u00e9 d\u2019\u00e9valuation inclut l\u2019\u00e9cotoxicit\u00e9, la biocompatibilit\u00e9, la stabilit\u00e9 et l\u2019efficacit\u00e9.<\/h4>\n\n\n\n<p>Les terp\u00e8nes d\u2019origine naturelle pr\u00e9sentent de nombreux avantages et caract\u00e9ristiques positifs dans le cadre d\u2019applications de produits de grande consommation et commerciaux. Les terp\u00e8nes comportent n\u00e9anmoins un inconv\u00e9nient majeur. Ils sont volatiles et ont par cons\u00e9quent une dur\u00e9e de vie limit\u00e9e. La technologie d\u2019encapsulation de TerpeneTech peut jouer un r\u00f4le majeur dans l'optimisation des performances des terp\u00e8nes naturels, en stimulant leur lib\u00e9ration prolong\u00e9e. Cette technologie permet en outre d\u2019\u00e9liminer les agents de surface et les alcools contenus dans les formulations des produits.<\/p>\n\n\n\n<p>De la R&amp;D \u00e0 la commercialisation, une multitude de comp\u00e9tences et de savoir-faire sont n\u00e9cessaires pour garantir la r\u00e9ussite \u00e0 chaque \u00e9tape. TerpeneTech consid\u00e8re ses clients comme ses partenaires et collabore \u00e9troitement avec eux pour trouver les solutions les plus adapt\u00e9es. Nous partageons les m\u00eames motivations et objectifs de promotion de solutions durables pour un avenir meilleur et des conditions de vie plus saines.<\/p>\n\n\n<div class=\"gb-grid-wrapper gb-grid-wrapper-f169a147\">\n<div class=\"gb-grid-column gb-grid-column-386d7d9c\"><div class=\"gb-container gb-container-386d7d9c\"><div class=\"gb-inside-container\">\n\n<p style=\"text-align: center;\"><a href=\"https:\/\/www.terpenetech.eu\/fr\/a-propos\/philosophie\/\"><i class=\"fas fa-dot-circle\" style=\"color: #52BB35; font-size: 70px;\"><\/i><\/a><\/p>\n\n\n\n<h3 class=\"has-text-align-center wp-block-heading\"><a href=\"https:\/\/www.terpenetech.eu\/fr\/a-propos\/philosophie\/\">PHILOSOPHIE<\/a><\/h3>\n\n\n\n<p><\/p>\n\n<\/div><\/div><\/div>\n\n<div class=\"gb-grid-column gb-grid-column-34760ac8\"><div class=\"gb-container gb-container-34760ac8\"><div class=\"gb-inside-container\">\n\n<p style=\"text-align: center;\"><a href=\"https:\/\/www.terpenetech.eu\/fr\/a-propos\/histoire\/\"><i class=\"fas fa-calendar-alt\" style=\"color: #52BB35; font-size: 70px;\"><\/i><\/a><\/p>\n\n\n\n<h3 class=\"has-text-align-center wp-block-heading\"><a href=\"https:\/\/www.terpenetech.eu\/fr\/a-propos\/histoire\/\">HISTOIRE<\/a><\/h3>\n\n<\/div><\/div><\/div>\n\n<div class=\"gb-grid-column gb-grid-column-4cac1503\"><div class=\"gb-container gb-container-4cac1503\"><div class=\"gb-inside-container\">\n\n<p style=\"text-align: center;\"><a href=\"https:\/\/www.terpenetech.eu\/fr\/a-propos\/equipe\/\"><i class=\"fas fa-user-circle\" style=\"color: #52BB35; font-size: 70px;\"><\/i><\/a><\/p>\n\n\n\n<h3 class=\"has-text-align-center wp-block-heading\"><a href=\"https:\/\/www.terpenetech.eu\/fr\/a-propos\/equipe\/\">L\u2019\u00c9QUIPE<\/a><\/h3>\n\n<\/div><\/div><\/div>\n\n<div class=\"gb-grid-column gb-grid-column-870e4ad4\"><div class=\"gb-container gb-container-870e4ad4\"><div class=\"gb-inside-container\">\n\n<p style=\"text-align: center;\"><a href=\"https:\/\/www.terpenetech.eu\/fr\/a-propos\/strategie\/\"><i class=\"fas fa-list-alt\" style=\"color: #52BB35; font-size: 70px;\"><\/i><\/a><\/p>\n\n\n\n<h3 class=\"has-text-align-center wp-block-heading\"><a href=\"https:\/\/www.terpenetech.eu\/fr\/a-propos\/strategie\/\">STRAT\u00c9GIE<\/a><\/h3>\n\n<\/div><\/div><\/div>\n\n<div class=\"gb-grid-column gb-grid-column-eccb1f92\"><div class=\"gb-container gb-container-eccb1f92\"><div class=\"gb-inside-container\">\n\n<p style=\"text-align: center;\"><a href=\"https:\/\/www.terpenetech.eu\/fr\/a-propos\/performance\/\"><i class=\"fas fa-flask\" style=\"color: #52BB35; font-size: 70px;\"><\/i><\/a><\/p>\n\n\n\n<h3 class=\"has-text-align-center wp-block-heading\"><a href=\"https:\/\/www.terpenetech.eu\/fr\/a-propos\/performance\/\">PERFORMANCE<\/a><\/h3>\n\n<\/div><\/div><\/div>\n<\/div>","protected":false},"excerpt":{"rendered":"<p>Terpenetech PHILOSOPHY TerpeneTech believes that the future of Biocides lies in the development and commercialization of effective natural &#8230; <\/p>\n<p class=\"read-more-container\"><a title=\"PHILOSOPHIE\" class=\"read-more button\" href=\"https:\/\/www.terpenetech.eu\/fr\/company\/philosophy\/#more-2748\" aria-label=\"En savoir plus sur Philosophy\">Lire plus<\/a><\/p>","protected":false},"author":4,"featured_media":0,"parent":800,"menu_order":0,"comment_status":"closed","ping_status":"closed","template":"","meta":{"_seopress_robots_primary_cat":"","_seopress_titles_title":"Philosophy - TERPENETECH LTD","_seopress_titles_desc":"TerpeneTech believes that the future of Biocides lies in the development and commercialization of effective natural based products.","_seopress_robots_index":"","footnotes":""},"class_list":["post-2748","page","type-page","status-publish"],"_links":{"self":[{"href":"https:\/\/www.terpenetech.eu\/fr\/wp-json\/wp\/v2\/pages\/2748","targetHints":{"allow":["GET"]}}],"collection":[{"href":"https:\/\/www.terpenetech.eu\/fr\/wp-json\/wp\/v2\/pages"}],"about":[{"href":"https:\/\/www.terpenetech.eu\/fr\/wp-json\/wp\/v2\/types\/page"}],"author":[{"embeddable":true,"href":"https:\/\/www.terpenetech.eu\/fr\/wp-json\/wp\/v2\/users\/4"}],"replies":[{"embeddable":true,"href":"https:\/\/www.terpenetech.eu\/fr\/wp-json\/wp\/v2\/comments?post=2748"}],"version-history":[{"count":0,"href":"https:\/\/www.terpenetech.eu\/fr\/wp-json\/wp\/v2\/pages\/2748\/revisions"}],"up":[{"embeddable":true,"href":"https:\/\/www.terpenetech.eu\/fr\/wp-json\/wp\/v2\/pages\/800"}],"wp:attachment":[{"href":"https:\/\/www.terpenetech.eu\/fr\/wp-json\/wp\/v2\/media?parent=2748"}],"curies":[{"name":"wp","href":"https:\/\/api.w.org\/{rel}","templated":true}]}}