{"id":2679,"date":"2020-06-19T09:10:29","date_gmt":"2020-06-19T09:10:29","guid":{"rendered":"https:\/\/www.terpenetech.eu\/?page_id=2679"},"modified":"2021-09-23T08:41:56","modified_gmt":"2021-09-23T08:41:56","slug":"lotion-anti-poux","status":"publish","type":"page","link":"https:\/\/www.terpenetech.eu\/fr\/head-lice-lotion\/","title":{"rendered":"LOTION ANTI-POUX"},"content":{"rendered":"<div class=\"gb-container gb-container-f698c8dc\"><div class=\"gb-inside-container\">\n<div class=\"gb-grid-wrapper gb-grid-wrapper-8a683789\">\n<div class=\"gb-grid-column gb-grid-column-5fb2d298\"><div class=\"gb-container gb-container-5fb2d298\"><div class=\"gb-inside-container\"><\/div><\/div><\/div>\n\n<div class=\"gb-grid-column gb-grid-column-3817af76\"><div class=\"gb-container gb-container-3817af76\"><div class=\"gb-inside-container\">\n\n<div style=\"height:100px\" aria-hidden=\"true\" class=\"wp-block-spacer\"><\/div>\n\n\n\n<h1 class=\"wp-block-heading\">Terpenator<br><span class=\"has-inline-color has-black-color\">LOTION ANTI-POUX<\/span><\/h1>\n\n\n\n<p>Notre lotion anti-poux sans insecticide neutralise les poux et les lentes gr\u00e2ce \u00e0 un mode d\u2019action physique qui entra\u00eene la rupture de leurs organes internes. L\u2019action neutralisante de l\u2019huile d\u2019arbre \u00e0 th\u00e9 naturelle est optimis\u00e9e par notre technologie d\u2019encapsulation brevet\u00e9e. Cette technique a fait ses preuves lors de tests comparatifs visant \u00e0 am\u00e9liorer l\u2019efficacit\u00e9 et \u00e0 minimiser la dur\u00e9e de neutralisation.<\/p>\n\n\n\n<p style=\"font-size: 14px;\">Un dispositif m\u00e9dical enregistr\u00e9 cr\u00e9\u00e9 par Terpenetech LTD<\/p>\n\n\n\n<div class=\"wp-block-buttons is-layout-flex wp-block-buttons-is-layout-flex\">\n<div class=\"wp-block-button\"><a class=\"wp-block-button__link\" style=\"border-radius:6px\">Obtenez votre propre lotion de marque<\/a><\/div>\n<\/div>\n\n\n\n<div style=\"height:100px\" aria-hidden=\"true\" class=\"wp-block-spacer\"><\/div>\n\n<\/div><\/div><\/div>\n<\/div>\n<\/div><\/div>\n\n\n<div style=\"height:100px\" aria-hidden=\"true\" class=\"wp-block-spacer\"><\/div>\n\n\n\n<div class=\"wp-block-image\"><figure class=\"aligncenter size-full\"><a href=\"https:\/\/www.terpenetech.eu\/wp-content\/uploads\/2021\/09\/Clock.png\"><img loading=\"lazy\" decoding=\"async\" width=\"105\" height=\"105\" src=\"https:\/\/www.terpenetech.eu\/wp-content\/uploads\/2021\/09\/Clock.png\" alt=\"\" class=\"wp-image-3391\" srcset=\"https:\/\/www.terpenetech.eu\/wp-content\/uploads\/2021\/09\/Clock.png 105w, https:\/\/www.terpenetech.eu\/wp-content\/uploads\/2021\/09\/Clock-12x12.png 12w\" sizes=\"auto, (max-width: 105px) 100vw, 105px\" \/><\/a><\/figure><\/div>\n\n\n\n<h3 class=\"has-text-align-center wp-block-heading\">100\u00a0%\u00a0efficace en une seule application<br>Test\u00e9e en Universit\u00e9<br>Soucieuse des consommateurs<\/h3>\n\n\n\n<div style=\"height:100px\" aria-hidden=\"true\" class=\"wp-block-spacer\"><\/div>\n\n\n<div class=\"gb-container gb-container-f0dcc34b\"><div class=\"gb-inside-container\">\n<div class=\"gb-grid-wrapper gb-grid-wrapper-659576bf\">\n<div class=\"gb-grid-column gb-grid-column-cf53101a\"><div class=\"gb-container gb-container-cf53101a\"><div class=\"gb-inside-container\">\n\n<h2 class=\"wp-block-heading\">Caract\u00e9ristiques de la lotion anti-poux Terpenator<\/h2>\n\n\n\n<ul class=\"wp-block-list\"><li>100\u00a0% efficace en moins de 15\u00a0minutes<\/li><li>Test\u00e9e en Universit\u00e9<\/li><li>Non grasse, facile \u00e0 appliquer et \u00e0 rincer<\/li><li>\u00c0 base d\u2019ingr\u00e9dients actifs naturels et v\u00e9g\u00e9taux tels que l\u2019huile d\u2019arbre \u00e0 th\u00e9<\/li><li>Utilise notre technologie de micro-encapsulation brevet\u00e9e<\/li><li>Pour adultes et enfants d\u00e8s 36\u00a0mois<\/li><li>Non irritante<\/li><li>Sans insecticide<\/li><\/ul>\n\n\n\n<figure class=\"wp-block-image size-full\"><a href=\"https:\/\/www.terpenetech.eu\/wp-content\/uploads\/2021\/09\/Patented.png\"><img loading=\"lazy\" decoding=\"async\" width=\"285\" height=\"100\" src=\"https:\/\/www.terpenetech.eu\/wp-content\/uploads\/2021\/09\/Patented.png\" alt=\"\" class=\"wp-image-3411\" srcset=\"https:\/\/www.terpenetech.eu\/wp-content\/uploads\/2021\/09\/Patented.png 285w, https:\/\/www.terpenetech.eu\/wp-content\/uploads\/2021\/09\/Patented-18x6.png 18w\" sizes=\"auto, (max-width: 285px) 100vw, 285px\" \/><\/a><\/figure>\n\n<\/div><\/div><\/div>\n\n<div class=\"gb-grid-column gb-grid-column-65163d7a\"><div class=\"gb-container gb-container-65163d7a\" id=\"imgbox\"><div class=\"gb-inside-container\">\n\n<div class=\"imgbox size-full\"><img loading=\"lazy\" decoding=\"async\" width=\"468\" height=\"312\" src=\"https:\/\/www.terpenetech.eu\/wp-content\/uploads\/2021\/09\/Pics-Tea-tree.png\" alt=\"\" class=\"wp-image-3401 img\" srcset=\"https:\/\/www.terpenetech.eu\/wp-content\/uploads\/2021\/09\/Pics-Tea-tree.png 468w, https:\/\/www.terpenetech.eu\/wp-content\/uploads\/2021\/09\/Pics-Tea-tree-300x200.png 300w, https:\/\/www.terpenetech.eu\/wp-content\/uploads\/2021\/09\/Pics-Tea-tree-18x12.png 18w\" sizes=\"auto, (max-width: 468px) 100vw, 468px\" \/><\/div>\n\n<\/div><\/div><\/div>\n<\/div>\n\n\n<div style=\"height:100px\" aria-hidden=\"true\" class=\"wp-block-spacer\"><\/div>\n\n<\/div><\/div>\n\n<div class=\"gb-container gb-container-d8521590\"><div class=\"gb-inside-container\">\n\n<div style=\"height:50px\" aria-hidden=\"true\" class=\"wp-block-spacer\"><\/div>\n\n\n\n<h2 class=\"has-text-align-center wp-block-heading\">Produit tr\u00e8s efficace<\/h2>\n\n\n\n<h3 class=\"has-text-align-center wp-block-heading\">\u00c9tudes de terrain<\/h3>\n\n\n\n<div style=\"height:50px\" aria-hidden=\"true\" class=\"wp-block-spacer\"><\/div>\n\n\n<div class=\"gb-grid-wrapper gb-grid-wrapper-543880f5\">\n<div class=\"gb-grid-column gb-grid-column-a9b2ef63\"><div class=\"gb-container gb-container-a9b2ef63 encadre_tt\"><div class=\"gb-inside-container\">\n\n<p class=\"has-text-align-center\"><strong>\u00c9tude de terrain \u00e9valuant l\u2019efficacit\u00e9 de Terpenator par rapport \u00e0 d\u2019autres produits anti-poux<\/strong><\/p>\n\n\n\n<hr class=\"wp-block-separator has-text-color has-background has-black-background-color has-black-color is-style-wide sep_tt\"\/>\n\n\n\n<p class=\"has-text-align-center\"><b>Nombre de participants<br><\/b>196 sujets<\/p>\n\n\n\n<p class=\"has-text-align-center\"><strong>Lieu in vivo<\/strong><br>Villages de D\u00e9guela et Lena, Mali<\/p>\n\n<\/div><\/div><\/div>\n\n<div class=\"gb-grid-column gb-grid-column-21a9e13e\"><div class=\"gb-container gb-container-21a9e13e encadre_tt\"><div class=\"gb-inside-container\">\n\n<p class=\"has-text-align-center\"><strong>\u00c9tude de terrain comparant l\u2019efficacit\u00e9 de la formulation de la lotion anti-poux avec syst\u00e8me\u00a0YP d\u2019encapsulation \u00e0 celle d\u2019une formulation de lotion anti-poux identique sans syst\u00e8me\u00a0YP d\u2019encapsulation.<\/strong><\/p>\n\n\n\n<hr class=\"wp-block-separator has-text-color has-background has-black-background-color has-black-color is-style-wide\"\/>\n\n\n\n<p class=\"has-text-align-center\"><b><meta charset=\"utf-8\"><b>Nombre de participants<\/b><br><\/b>180 sujets<\/p>\n\n\n\n<p class=\"has-text-align-center\"><strong><meta charset=\"utf-8\"><strong>Lieu in vivo<\/strong><\/strong><br>Mali<\/p>\n\n<\/div><\/div><\/div>\n<\/div>\n\n\n<div style=\"height:30px\" aria-hidden=\"true\" class=\"wp-block-spacer\"><\/div>\n\n\n<div class=\"gb-grid-wrapper gb-grid-wrapper-0908171d\">\n<div class=\"gb-grid-column gb-grid-column-abc8a6a6\"><div class=\"gb-container gb-container-abc8a6a6 encadre_tt\"><div class=\"gb-inside-container\">\n\n<p class=\"has-text-align-center\"><i class=\"fas fa-check\"><\/i><\/p>\n\n\n\n<p class=\"has-text-align-center\"><b><strong>R\u00e9sultats<\/strong><\/b><br><b><br><\/b>Les formulations contenues dans l\u2019anti-poux Terpenator se sont r\u00e9v\u00e9l\u00e9es plus efficaces que celles de ses concurrents.<\/p>\n\n<\/div><\/div><\/div>\n\n<div class=\"gb-grid-column gb-grid-column-8637cc75\"><div class=\"gb-container gb-container-8637cc75 encadre_tt\"><div class=\"gb-inside-container\">\n\n<p class=\"has-text-align-center\"><i class=\"fas fa-check\"><\/i><\/p>\n\n\n\n<p class=\"has-text-align-center\"><b><strong>R\u00e9sultats<\/strong><\/b><br><b><br><\/b>La formulation avec syst\u00e8me\u00a0YP d\u2019encapsulation \u00e9tait statistiquement plus efficace que la formulation sans syst\u00e8me\u00a0YP d\u2019encapsulation.<\/p>\n\n<\/div><\/div><\/div>\n<\/div>\n\n\n<div style=\"height:50px\" aria-hidden=\"true\" class=\"wp-block-spacer\"><\/div>\n\n<\/div><\/div>\n\n\n<div style=\"height:100px\" aria-hidden=\"true\" class=\"wp-block-spacer\"><\/div>\n\n\n<div class=\"gb-container gb-container-f8c392e1\"><div class=\"gb-inside-container\">\n<div class=\"gb-grid-wrapper gb-grid-wrapper-7552c911\">\n<div class=\"gb-grid-column gb-grid-column-d9f5aa58\"><div class=\"gb-container gb-container-d9f5aa58\"><div class=\"gb-inside-container\">\n\n<div class=\"wp-block-image\"><figure class=\"aligncenter size-full\"><a href=\"https:\/\/www.terpenetech.eu\/wp-content\/uploads\/2021\/09\/Picto-Certified.png\"><img loading=\"lazy\" decoding=\"async\" width=\"120\" height=\"145\" src=\"https:\/\/www.terpenetech.eu\/wp-content\/uploads\/2021\/09\/Picto-Certified.png\" alt=\"\" class=\"wp-image-3431\" srcset=\"https:\/\/www.terpenetech.eu\/wp-content\/uploads\/2021\/09\/Picto-Certified.png 120w, https:\/\/www.terpenetech.eu\/wp-content\/uploads\/2021\/09\/Picto-Certified-10x12.png 10w\" sizes=\"auto, (max-width: 120px) 100vw, 120px\" \/><\/a><\/figure><\/div>\n\n<\/div><\/div><\/div>\n\n<div class=\"gb-grid-column gb-grid-column-83dc763b\"><div class=\"gb-container gb-container-83dc763b\"><div class=\"gb-inside-container\">\n\n<h2 class=\"wp-block-heading\">Norme de fabrication et de contr\u00f4le qualit\u00e9 sup\u00e9rieure<\/h2>\n\n\n<div class=\"gb-grid-wrapper gb-grid-wrapper-23e03a8d\">\n<div class=\"gb-grid-column gb-grid-column-7c93d639\"><div class=\"gb-container gb-container-7c93d639\"><div class=\"gb-inside-container\">\n\n<figure class=\"wp-block-image size-full\"><a href=\"https:\/\/www.terpenetech.eu\/wp-content\/uploads\/2021\/09\/iso.png\"><img loading=\"lazy\" decoding=\"async\" width=\"77\" height=\"77\" src=\"https:\/\/www.terpenetech.eu\/wp-content\/uploads\/2021\/09\/iso.png\" alt=\"\" class=\"wp-image-3432\" srcset=\"https:\/\/www.terpenetech.eu\/wp-content\/uploads\/2021\/09\/iso.png 77w, https:\/\/www.terpenetech.eu\/wp-content\/uploads\/2021\/09\/iso-12x12.png 12w\" sizes=\"auto, (max-width: 77px) 100vw, 77px\" \/><\/a><\/figure>\n\n<\/div><\/div><\/div>\n\n<div class=\"gb-grid-column gb-grid-column-f9b607c9\"><div class=\"gb-container gb-container-f9b607c9\"><div class=\"gb-inside-container\">\n\n<h3 class=\"wp-block-heading\">ISO 13485<\/h3>\n\n\n\n<ul class=\"wp-block-list\"><li>Mati\u00e8res premi\u00e8res r\u00e9pondant aux sp\u00e9cifications des ingr\u00e9dients<\/li><li>3\u00a0analyses par lot (niveaux bas\/interm\u00e9diaire\/\u00e9lev\u00e9)<\/li><li>Analyse quantitative d'actifs<\/li><li>pH<\/li><li>Densit\u00e9<\/li><li>Viscosit\u00e9<\/li><\/ul>\n\n<\/div><\/div><\/div>\n<\/div>\n<\/div><\/div><\/div>\n<\/div>\n<\/div><\/div>\n\n\n<div style=\"height:100px\" aria-hidden=\"true\" class=\"wp-block-spacer\"><\/div>\n\n\n<div class=\"gb-container gb-container-6c6db97d\"><div class=\"gb-inside-container\">\n\n<div style=\"height:20px\" aria-hidden=\"true\" class=\"wp-block-spacer\"><\/div>\n\n\n\n<h2 class=\"has-text-align-center wp-block-heading\">Application et rin\u00e7age faciles<\/h2>\n\n\n\n<div style=\"height:40px\" aria-hidden=\"true\" class=\"wp-block-spacer\"><\/div>\n\n\n\n<figure class=\"wp-block-embed is-type-rich is-provider-embed-handler wp-block-embed-embed-handler\"><div class=\"wp-block-embed__wrapper\">\n<div style=\"width: 640px;\" class=\"wp-video\"><video class=\"wp-video-shortcode\" id=\"video-2679-1\" width=\"640\" height=\"360\" preload=\"metadata\" controls=\"controls\"><source type=\"video\/mp4\" src=\"https:\/\/www.terpenetech.eu\/wp-content\/uploads\/2020\/07\/ANIMATION_ANTI_POUX_1280x720_CROPPED_BD.mp4?_=1\" \/><a href=\"https:\/\/www.terpenetech.eu\/wp-content\/uploads\/2020\/07\/ANIMATION_ANTI_POUX_1280x720_CROPPED_BD.mp4\">https:\/\/www.terpenetech.eu\/wp-content\/uploads\/2020\/07\/ANIMATION_ANTI_POUX_1280x720_CROPPED_BD.mp4<\/a><\/video><\/div>\n<\/div><\/figure>\n\n\n\n<div style=\"height:20px\" aria-hidden=\"true\" class=\"wp-block-spacer\"><\/div>\n\n<\/div><\/div>\n\n\n<div style=\"height:120px\" aria-hidden=\"true\" class=\"wp-block-spacer\"><\/div>\n\n\n<div class=\"gb-container gb-container-38a5fc9f\"><div class=\"gb-inside-container\">\n<div class=\"gb-grid-wrapper gb-grid-wrapper-75922ac2\">\n<div class=\"gb-grid-column gb-grid-column-0944191e\"><div class=\"gb-container gb-container-0944191e\"><div class=\"gb-inside-container\">\n\n<div class=\"imgbox_upleft size-full\"><img loading=\"lazy\" decoding=\"async\" src=\"https:\/\/www.terpenetech.eu\/wp-content\/uploads\/2019\/12\/headlice_terpenetech_4.jpg\" alt=\"\" width=\"960\" height=\"641\"><\/div>\n\n<\/div><\/div><\/div>\n\n<div class=\"gb-grid-column gb-grid-column-e33a23b0\"><div class=\"gb-container gb-container-e33a23b0\"><div class=\"gb-inside-container\">\n\n<h2 class=\"wp-block-heading\">UNE SOLUTION SIMPLE ET S\u00dbRE POUR TRAITER LES POUX ET LES LENTES<\/h2>\n\n\n\n<ul class=\"wp-block-list\"><li>Profil des mati\u00e8res premi\u00e8res sans insecticide et \u00e0 faible toxicit\u00e9<\/li><li>Sans SLS, sans parabens, sans ph\u00e9noxy\u00e9thanol, sans PEG<\/li><li>pH neutre<\/li><li>N'irrite pas la peau<\/li><li>Utilisable sur les enfants d\u00e8s 36\u00a0mois<\/li><li>Viscosit\u00e9 ajust\u00e9e pour \u00e9viter que la lotion ne coule et prot\u00e9ger les yeux de toute exposition<\/li><li>Rapport de biocompatibilit\u00e9 r\u00e9dig\u00e9 par un toxicologue agr\u00e9\u00e9<\/li><\/ul>\n\n<\/div><\/div><\/div>\n<\/div>\n<\/div><\/div>\n\n\n<div style=\"height:120px\" aria-hidden=\"true\" class=\"wp-block-spacer\"><\/div>\n\n\n<div class=\"gb-container gb-container-95c4ab4b\"><div class=\"gb-inside-container\">\n\n<figure class=\"wp-block-image size-full\"><a href=\"https:\/\/www.terpenetech.eu\/wp-content\/uploads\/2021\/09\/Pics-Packaging.png\"><img loading=\"lazy\" decoding=\"async\" width=\"869\" height=\"571\" src=\"https:\/\/www.terpenetech.eu\/wp-content\/uploads\/2021\/09\/Pics-Packaging.png\" alt=\"\" class=\"wp-image-3447\" srcset=\"https:\/\/www.terpenetech.eu\/wp-content\/uploads\/2021\/09\/Pics-Packaging.png 869w, https:\/\/www.terpenetech.eu\/wp-content\/uploads\/2021\/09\/Pics-Packaging-300x197.png 300w, https:\/\/www.terpenetech.eu\/wp-content\/uploads\/2021\/09\/Pics-Packaging-768x505.png 768w, https:\/\/www.terpenetech.eu\/wp-content\/uploads\/2021\/09\/Pics-Packaging-18x12.png 18w\" sizes=\"auto, (max-width: 869px) 100vw, 869px\" \/><\/a><\/figure>\n\n\n\n<div class=\"square_behind3\"><\/div>\n\n<\/div><\/div>\n\n\n<div style=\"height:120px\" aria-hidden=\"true\" class=\"wp-block-spacer\"><\/div>\n\n\n<div class=\"gb-container gb-container-9b80e502\"><div class=\"gb-inside-container\">\n<div class=\"gb-grid-wrapper gb-grid-wrapper-8588b58e\">\n<div class=\"gb-grid-column gb-grid-column-212ef83d\"><div class=\"gb-container gb-container-212ef83d\"><div class=\"gb-inside-container\">\n\n<h2 class=\"wp-block-heading\">LA LOTION ANTI-POUX TERPENATOR DISPOSE D'UN\u00c9 \u00c9VALUATION COMPL\u00c8TE DE LA STABILIT\u00c9<\/h2>\n\n<\/div><\/div><\/div>\n\n<div class=\"gb-grid-column gb-grid-column-f28311f5\"><div class=\"gb-container gb-container-f28311f5\"><div class=\"gb-inside-container\"><\/div><\/div><\/div>\n<\/div>\n\n<div class=\"gb-grid-wrapper gb-grid-wrapper-4bc39c22\">\n<div class=\"gb-grid-column gb-grid-column-3015ed81\"><div class=\"gb-container gb-container-3015ed81\"><div class=\"gb-inside-container\">\n\n<ul class=\"wp-block-list\"><li>Mat\u00e9riaux choisis pour \u00e9viter la perte d'ingr\u00e9dient actif<br>Test r\u00e9alis\u00e9 dans un four\u00a0: 2\u00a0semaines \u00e0 52\u00a0\u00b0C puis soumis au test GC-MS pour confirmer l\u2019absence de substance active<\/li><li>Formule stable conforme aux normes\u00a0ICH pendant 6\u00a0mois<br>Test\u00e9e dans des conditions de temp\u00e9rature normale, chaude et froide<\/li><\/ul>\n\n<\/div><\/div><\/div>\n\n<div class=\"gb-grid-column gb-grid-column-7d0a8bb6\"><div class=\"gb-container gb-container-7d0a8bb6\"><div class=\"gb-inside-container\">\n\n<ul class=\"wp-block-list\"><li><span style=\"font-size: inherit;\">Tests chimiques et physiques pour confirmer la stabilit\u00e9 du pH\/la densit\u00e9\/la viscosit\u00e9\/l\u2019aspect\/la couleur<\/span><\/li><li>Challenge\u00a0Test effectu\u00e9 pour confirmer la stabilit\u00e9 antibact\u00e9rienne<\/li><li>Test de stabilit\u00e9 en cours d\u2019utilisation, pendant le transport et dans l\u2019environnement<\/li><\/ul>\n\n<\/div><\/div><\/div>\n<\/div>\n<\/div><\/div>\n\n\n<div style=\"height:100px\" aria-hidden=\"true\" class=\"wp-block-spacer\"><\/div>\n\n\n<div class=\"gb-container gb-container-68e44d8a\"><div class=\"gb-inside-container\">\n\n<div class=\"wp-block-image\"><figure class=\"aligncenter size-full\"><a href=\"https:\/\/www.terpenetech.eu\/wp-content\/uploads\/2021\/09\/Picto-Bottle.png\"><img loading=\"lazy\" decoding=\"async\" width=\"44\" height=\"100\" src=\"https:\/\/www.terpenetech.eu\/wp-content\/uploads\/2021\/09\/Picto-Bottle.png\" alt=\"\" class=\"wp-image-3458\" srcset=\"https:\/\/www.terpenetech.eu\/wp-content\/uploads\/2021\/09\/Picto-Bottle.png 44w, https:\/\/www.terpenetech.eu\/wp-content\/uploads\/2021\/09\/Picto-Bottle-5x12.png 5w\" sizes=\"auto, (max-width: 44px) 100vw, 44px\" \/><\/a><\/figure><\/div>\n\n\n\n<div style=\"height:20px\" aria-hidden=\"true\" class=\"wp-block-spacer\"><\/div>\n\n\n\n<h2 class=\"has-text-align-center wp-block-heading\"><span class=\"has-inline-color has-white-color\">La lotion anti-poux est disponible \u00e0 votre marque.<\/span><\/h2>\n\n\n\n<p class=\"has-text-align-center\"><p class=\"has-text-align-center\" style=\"margin-top: -20px;\">Les zones de distribution potentielles restent \u00e0 d\u00e9finir.<\/p><\/p>\n\n\n\n<div class=\"wp-block-buttons is-content-justification-center is-layout-flex wp-block-buttons-is-layout-flex\">\n<div class=\"wp-block-button\"><a class=\"wp-block-button__link has-black-color has-white-background-color has-text-color has-background\" style=\"border-radius:6px\">Contactez-nous pour plus d\u2019informations<\/a><\/div>\n<\/div>\n\n\n\n<p><a role=\"button\" href=\"https:\/\/www.terpenetech.eu\/fr\/nous-contacter\/\"><br>CONTACTEZ-NOUS POUR PLUS D\u2019INFORMATIONS<br><\/a><\/p>\n\n<\/div><\/div>","protected":false},"excerpt":{"rendered":"<p>100% effective with one applicationUniversity TestedConsumer Friendly Very efficient product Field studies Easy application and easy rinsing Head &#8230; <\/p>\n<p class=\"read-more-container\"><a title=\"LOTION ANTI-POUX\" class=\"read-more button\" href=\"https:\/\/www.terpenetech.eu\/fr\/head-lice-lotion\/#more-2679\" aria-label=\"En savoir plus sur Head Lice Lotion\">Lire plus<\/a><\/p>","protected":false},"author":4,"featured_media":0,"parent":0,"menu_order":0,"comment_status":"closed","ping_status":"closed","template":"","meta":{"_seopress_robots_primary_cat":"","_seopress_titles_title":"Terpenator Head Lice Lotion - TERPENETECH LTD","_seopress_titles_desc":"A registered medical device manufactured by Terpenetech LTD","_seopress_robots_index":"","footnotes":""},"class_list":["post-2679","page","type-page","status-publish"],"_links":{"self":[{"href":"https:\/\/www.terpenetech.eu\/fr\/wp-json\/wp\/v2\/pages\/2679","targetHints":{"allow":["GET"]}}],"collection":[{"href":"https:\/\/www.terpenetech.eu\/fr\/wp-json\/wp\/v2\/pages"}],"about":[{"href":"https:\/\/www.terpenetech.eu\/fr\/wp-json\/wp\/v2\/types\/page"}],"author":[{"embeddable":true,"href":"https:\/\/www.terpenetech.eu\/fr\/wp-json\/wp\/v2\/users\/4"}],"replies":[{"embeddable":true,"href":"https:\/\/www.terpenetech.eu\/fr\/wp-json\/wp\/v2\/comments?post=2679"}],"version-history":[{"count":0,"href":"https:\/\/www.terpenetech.eu\/fr\/wp-json\/wp\/v2\/pages\/2679\/revisions"}],"wp:attachment":[{"href":"https:\/\/www.terpenetech.eu\/fr\/wp-json\/wp\/v2\/media?parent=2679"}],"curies":[{"name":"wp","href":"https:\/\/api.w.org\/{rel}","templated":true}]}}