{"id":2501,"date":"2019-12-10T16:39:24","date_gmt":"2019-12-10T16:39:24","guid":{"rendered":"https:\/\/www.terpenetech.eu\/?page_id=2501"},"modified":"2021-09-17T15:17:41","modified_gmt":"2021-09-17T15:17:41","slug":"parfums-et-fragrances","status":"publish","type":"page","link":"https:\/\/www.terpenetech.eu\/fr\/products\/perfumes-fragrances\/","title":{"rendered":"Parfums et fragrances"},"content":{"rendered":"<h1 class=\"gb-headline gb-headline-5972ed07 gb-headline-text\">PARFUMS ET FRAGRANCES<\/h1>\n\n\n<div class=\"gb-container gb-container-7f790822\"><div class=\"gb-inside-container\">\n\n<div class=\"wp-block-image\"><figure class=\"aligncenter is-resized\"><img loading=\"lazy\" decoding=\"async\" src=\"https:\/\/www.terpenetech.eu\/wp-content\/uploads\/2017\/10\/if_beauty-perfume_822045.png\" alt=\"\" width=\"48\" height=\"48\"\/><\/figure><\/div>\n\n\n\n<div style=\"height:20px\" aria-hidden=\"true\" class=\"wp-block-spacer\"><\/div>\n\n\n\n<h3 class=\"has-text-align-center wp-block-heading\">PARFUMS<\/h3>\n\n\n\n<p class=\"has-text-align-center\">\u2022\u00a0La technologie d\u2019encapsulation favorise des performances r\u00e9siduelles durables \u2022\u00a0\u00c9limine le besoin d\u2019alcool et d\u2019agents de surface \u2022\u00a0Lib\u00e8re du parfum lorsque cela est n\u00e9cessaire, en pr\u00e9sence d\u2019humidit\u00e9<\/p>\n\n<\/div><\/div>","protected":false},"excerpt":{"rendered":"<p>PERFUMES &amp; FRAGRANCES Perfume product \u2022 Encapsulation technology helps provide sustained residual performance \u2022 Eliminates need for alcohol &#8230; <\/p>\n<p class=\"read-more-container\"><a title=\"Parfums et fragrances\" class=\"read-more button\" href=\"https:\/\/www.terpenetech.eu\/fr\/products\/perfumes-fragrances\/#more-2501\" aria-label=\"En savoir plus sur Perfumes &#038; fragrances\">Lire plus<\/a><\/p>","protected":false},"author":4,"featured_media":0,"parent":2514,"menu_order":0,"comment_status":"closed","ping_status":"closed","template":"","meta":{"_seopress_robots_primary_cat":"","_seopress_titles_title":"Perfumes &amp; fragrances - TERPENETECH LTD","_seopress_titles_desc":"PERFUME PRODUCT","_seopress_robots_index":"","footnotes":""},"class_list":["post-2501","page","type-page","status-publish"],"_links":{"self":[{"href":"https:\/\/www.terpenetech.eu\/fr\/wp-json\/wp\/v2\/pages\/2501","targetHints":{"allow":["GET"]}}],"collection":[{"href":"https:\/\/www.terpenetech.eu\/fr\/wp-json\/wp\/v2\/pages"}],"about":[{"href":"https:\/\/www.terpenetech.eu\/fr\/wp-json\/wp\/v2\/types\/page"}],"author":[{"embeddable":true,"href":"https:\/\/www.terpenetech.eu\/fr\/wp-json\/wp\/v2\/users\/4"}],"replies":[{"embeddable":true,"href":"https:\/\/www.terpenetech.eu\/fr\/wp-json\/wp\/v2\/comments?post=2501"}],"version-history":[{"count":0,"href":"https:\/\/www.terpenetech.eu\/fr\/wp-json\/wp\/v2\/pages\/2501\/revisions"}],"up":[{"embeddable":true,"href":"https:\/\/www.terpenetech.eu\/fr\/wp-json\/wp\/v2\/pages\/2514"}],"wp:attachment":[{"href":"https:\/\/www.terpenetech.eu\/fr\/wp-json\/wp\/v2\/media?parent=2501"}],"curies":[{"name":"wp","href":"https:\/\/api.w.org\/{rel}","templated":true}]}}