{"id":2499,"date":"2019-12-10T16:38:16","date_gmt":"2019-12-10T16:38:16","guid":{"rendered":"https:\/\/www.terpenetech.eu\/?page_id=2499"},"modified":"2021-09-17T15:17:35","modified_gmt":"2021-09-17T15:17:35","slug":"produits-d-entretien","status":"publish","type":"page","link":"https:\/\/www.terpenetech.eu\/fr\/products\/household\/","title":{"rendered":"Produits d\u2019entretien"},"content":{"rendered":"<h1 class=\"gb-headline gb-headline-c546a4a2 gb-headline-text\">PRODUITS D\u2019ENTRETIEN<\/h1>\n\n\n<div class=\"gb-grid-wrapper gb-grid-wrapper-301971d7\">\n<div class=\"gb-grid-column gb-grid-column-1d6044a2\"><div class=\"gb-container gb-container-1d6044a2\"><div class=\"gb-inside-container\">\n\n<div class=\"wp-block-image\"><figure class=\"aligncenter is-resized\"><img loading=\"lazy\" decoding=\"async\" src=\"https:\/\/www.terpenetech.eu\/wp-content\/uploads\/2017\/10\/if_nose_2_133676-1.png\" alt=\"\" width=\"48\" height=\"48\"\/><\/figure><\/div>\n\n\n\n<div style=\"height:20px\" aria-hidden=\"true\" class=\"wp-block-spacer\"><\/div>\n\n\n\n<h3 class=\"has-text-align-center wp-block-heading\">NEUTRALISEUR D\u2019ODEURS<\/h3>\n\n\n\n<p class=\"has-text-align-center\">\u2022\u00a0\u00c9limine les mauvaises odeurs dans l\u2019agro-industriel gr\u00e2ce \u00e0 ses activit\u00e9s r\u00e9siduelles durables \u2022\u00a0Action imm\u00e9diate gr\u00e2ce aux substances actives biocides naturelles \u2022\u00a0Disponibilit\u00e9 dans le monde entier<\/p>\n\n<\/div><\/div><\/div>\n\n<div class=\"gb-grid-column gb-grid-column-03ffd201\"><div class=\"gb-container gb-container-03ffd201\"><div class=\"gb-inside-container\">\n\n<div class=\"wp-block-image\"><figure class=\"aligncenter is-resized\"><img loading=\"lazy\" decoding=\"async\" src=\"https:\/\/www.terpenetech.eu\/wp-content\/uploads\/2017\/10\/if_Glass_Spray_112418.png\" alt=\"\" width=\"48\" height=\"48\"\/><\/figure><\/div>\n\n\n\n<div style=\"height:20px\" aria-hidden=\"true\" class=\"wp-block-spacer\"><\/div>\n\n\n\n<h3 class=\"has-text-align-center wp-block-heading\">SPRAY INSECTICIDE<\/h3>\n\n\n\n<p class=\"has-text-align-center\">\u2022\u00a099\u00a0% d\u2019ingr\u00e9dients d\u2019origine naturelle \u2022\u00a0Technologie d\u2019encapsulation brevet\u00e9e \u2022\u00a0100\u00a0% d\u2019efficacit\u00e9 test\u00e9e contre les puces, les acariens, les mites, les poux et les punaises de lit \u2022\u00a0Efficace \u00e0 toutes les \u00e9tapes de d\u00e9veloppement de l\u2019insecte \u2022\u00a0Syst\u00e8me\u00a0YP brevet\u00e9 de micro-encapsulation \u2022\u00a0Disponibilit\u00e9 dans le monde entier<\/p>\n\n<\/div><\/div><\/div>\n\n<div class=\"gb-grid-column gb-grid-column-32922882\"><div class=\"gb-container gb-container-32922882\"><div class=\"gb-inside-container\">\n\n<div class=\"wp-block-image\"><figure class=\"aligncenter is-resized\"><img loading=\"lazy\" decoding=\"async\" src=\"https:\/\/www.terpenetech.eu\/wp-content\/uploads\/2017\/10\/if_49_1480252.png\" alt=\"\" width=\"48\" height=\"48\"\/><\/figure><\/div>\n\n\n\n<div style=\"height:20px\" aria-hidden=\"true\" class=\"wp-block-spacer\"><\/div>\n\n\n\n<h3 class=\"has-text-align-center wp-block-heading\">ANTIBACT\u00c9RIEN\/FONGICIDE (NON DISPONIBLE DANS LA COMMUNAUT\u00c9 \u00c9CONOMIQUE EUROP\u00c9ENNE)<\/h3>\n\n\n\n<p class=\"has-text-align-center\">\u2022\u00a0En cours de d\u00e9veloppement \u2022\u00a0Disponibilit\u00e9 \u00e0 venir dans le monde entier (\u00e0 l\u2019exception de la zone soumise \u00e0 la R\u00e9glementation europ\u00e9enne)<\/p>\n\n<\/div><\/div><\/div>\n<\/div>","protected":false},"excerpt":{"rendered":"<p>PRODUITS D\u2019ENTRETIEN<\/p>","protected":false},"author":4,"featured_media":0,"parent":2514,"menu_order":0,"comment_status":"closed","ping_status":"closed","template":"","meta":{"_seopress_robots_primary_cat":"","_seopress_titles_title":"Household - TERPENETECH LTD","_seopress_titles_desc":"ODOR NEUTRALIZER - INSECTICIDAL ENVIRONMENT SPRAY - ANTI-BACTERIAL \/ FUNGI (NOT AVAILABLE IN EEC COMMUNITY)","_seopress_robots_index":"","footnotes":""},"class_list":["post-2499","page","type-page","status-publish"],"_links":{"self":[{"href":"https:\/\/www.terpenetech.eu\/fr\/wp-json\/wp\/v2\/pages\/2499","targetHints":{"allow":["GET"]}}],"collection":[{"href":"https:\/\/www.terpenetech.eu\/fr\/wp-json\/wp\/v2\/pages"}],"about":[{"href":"https:\/\/www.terpenetech.eu\/fr\/wp-json\/wp\/v2\/types\/page"}],"author":[{"embeddable":true,"href":"https:\/\/www.terpenetech.eu\/fr\/wp-json\/wp\/v2\/users\/4"}],"replies":[{"embeddable":true,"href":"https:\/\/www.terpenetech.eu\/fr\/wp-json\/wp\/v2\/comments?post=2499"}],"version-history":[{"count":0,"href":"https:\/\/www.terpenetech.eu\/fr\/wp-json\/wp\/v2\/pages\/2499\/revisions"}],"up":[{"embeddable":true,"href":"https:\/\/www.terpenetech.eu\/fr\/wp-json\/wp\/v2\/pages\/2514"}],"wp:attachment":[{"href":"https:\/\/www.terpenetech.eu\/fr\/wp-json\/wp\/v2\/media?parent=2499"}],"curies":[{"name":"wp","href":"https:\/\/api.w.org\/{rel}","templated":true}]}}