{"id":2491,"date":"2019-12-10T16:25:27","date_gmt":"2019-12-10T16:25:27","guid":{"rendered":"https:\/\/www.terpenetech.eu\/?page_id=2491"},"modified":"2021-09-23T09:13:21","modified_gmt":"2021-09-23T09:13:21","slug":"agro-industriel","status":"publish","type":"page","link":"https:\/\/www.terpenetech.eu\/fr\/products\/agro-industrial\/","title":{"rendered":"AGRO-INDUSTRIEL"},"content":{"rendered":"<h1 class=\"gb-headline gb-headline-7fe765d4 gb-headline-text\">AGRO-INDUSTRIEL<\/h1>\n\n\n<div class=\"gb-grid-wrapper gb-grid-wrapper-aeeff28e\">\n<div class=\"gb-grid-column gb-grid-column-7f247790\"><div class=\"gb-container gb-container-7f247790\"><div class=\"gb-inside-container\">\n\n<div class=\"wp-block-image is-style-default\"><figure class=\"aligncenter\"><img decoding=\"async\" src=\"https:\/\/www.terpenetech.eu\/wp-content\/uploads\/2017\/10\/redmite.png\" alt=\"\"\/><\/figure><\/div>\n\n\n\n<div style=\"height:20px\" aria-hidden=\"true\" class=\"wp-block-spacer\"><\/div>\n\n\n\n<h3 class=\"has-text-align-center wp-block-heading\">INSECTICIDES CONTRE LES POUX ROUGES<\/h3>\n\n\n\n<p class=\"has-text-align-center\">\u2022\u00a099,9\u00a0% d\u2019ingr\u00e9dients d\u2019origine naturelle \u2022\u00a0Technologie d\u2019encapsulation brevet\u00e9e \u2022\u00a0100\u00a0% d\u2019efficacit\u00e9 test\u00e9e contre les araign\u00e9es rouges et les T\u00e9n\u00e9brionid\u00e9s \u2022\u00a0Efficaces \u00e0 tous les stades de d\u00e9veloppement de l\u2019insecte, de l\u2019\u0153uf \u00e0 l\u2019adulte \u2022\u00a0N\u2019endommage pas les \u0153ufs \u2022\u00a0Syst\u00e8me\u00a0YP brevet\u00e9 de micro-encapsulation \u2022\u00a0Disponibilit\u00e9 dans le monde entier<\/p>\n\n<\/div><\/div><\/div>\n\n<div class=\"gb-grid-column gb-grid-column-83128e35\"><div class=\"gb-container gb-container-83128e35\"><div class=\"gb-inside-container\">\n\n<div class=\"wp-block-image\"><figure class=\"aligncenter\"><img decoding=\"async\" src=\"https:\/\/www.terpenetech.eu\/wp-content\/uploads\/2017\/10\/mamitis.png\" alt=\"\"\/><\/figure><\/div>\n\n\n\n<div style=\"height:20px\" aria-hidden=\"true\" class=\"wp-block-spacer\"><\/div>\n\n\n\n<h3 class=\"has-text-align-center wp-block-heading\">TRAITEMENT CONTRE LA MAMMITE<\/h3>\n\n\n\n<p class=\"has-text-align-center\">\u2022\u00a0Emp\u00eache le d\u00e9veloppement de mammites \u2022\u00a0Repousse les mouches \u2022\u00a0Pr\u00e9vient la contamination bact\u00e9rienne gr\u00e2ce \u00e0 ses activit\u00e9s r\u00e9siduelles \u2022\u00a0Ensemble de donn\u00e9es en construction \u2022\u00a0Disponibilit\u00e9 dans le monde entier<\/p>\n\n<\/div><\/div><\/div>\n\n<div class=\"gb-grid-column gb-grid-column-95f5be18\"><div class=\"gb-container gb-container-95f5be18\"><div class=\"gb-inside-container\">\n\n<div class=\"wp-block-image\"><figure class=\"aligncenter is-resized\"><img decoding=\"async\" src=\"https:\/\/www.terpenetech.eu\/wp-content\/uploads\/2017\/10\/if_nose_2_133676-1.png\" alt=\"\" width=\"48\"\/><\/figure><\/div>\n\n\n\n<div style=\"height:20px\" aria-hidden=\"true\" class=\"wp-block-spacer\"><\/div>\n\n\n\n<h3 class=\"has-text-align-center wp-block-heading\">NEUTRALISEUR D\u2019ODEURS<\/h3>\n\n\n\n<p class=\"has-text-align-center\">\u2022\u00a0\u00c9limine les mauvaises odeurs dans l\u2019agro-industriel gr\u00e2ce \u00e0 ses activit\u00e9s r\u00e9siduelles durables \u2022\u00a0Action imm\u00e9diate gr\u00e2ce aux substances actives biocides naturelles \u2022\u00a0Disponibilit\u00e9 dans le monde entier<\/p>\n\n<\/div><\/div><\/div>\n\n<div class=\"gb-grid-column gb-grid-column-d1528089\"><div class=\"gb-container gb-container-d1528089\"><div class=\"gb-inside-container\">\n\n<div class=\"wp-block-image\"><figure class=\"aligncenter is-resized\"><img decoding=\"async\" src=\"https:\/\/www.terpenetech.eu\/wp-content\/uploads\/2017\/09\/Animal-feed.png\" alt=\"\" width=\"48\"\/><\/figure><\/div>\n\n\n\n<div style=\"height:20px\" aria-hidden=\"true\" class=\"wp-block-spacer\"><\/div>\n\n\n\n<h3 class=\"has-text-align-center wp-block-heading\">ALIMENTS POUR ANIMAUX<\/h3>\n\n<\/div><\/div><\/div>\n<\/div>","protected":false},"excerpt":{"rendered":"<p>AGRO-INDUSTRIEL<\/p>","protected":false},"author":4,"featured_media":0,"parent":2514,"menu_order":0,"comment_status":"closed","ping_status":"closed","template":"","meta":{"_seopress_robots_primary_cat":"","_seopress_titles_title":"Agro-industrial - TERPENETECH LTD","_seopress_titles_desc":"RED MITES INSECTICIDES - MAMITIS TREATMENT - ODOR NEUTRALIZER - ANIMAL FEED","_seopress_robots_index":"","footnotes":""},"class_list":["post-2491","page","type-page","status-publish"],"_links":{"self":[{"href":"https:\/\/www.terpenetech.eu\/fr\/wp-json\/wp\/v2\/pages\/2491","targetHints":{"allow":["GET"]}}],"collection":[{"href":"https:\/\/www.terpenetech.eu\/fr\/wp-json\/wp\/v2\/pages"}],"about":[{"href":"https:\/\/www.terpenetech.eu\/fr\/wp-json\/wp\/v2\/types\/page"}],"author":[{"embeddable":true,"href":"https:\/\/www.terpenetech.eu\/fr\/wp-json\/wp\/v2\/users\/4"}],"replies":[{"embeddable":true,"href":"https:\/\/www.terpenetech.eu\/fr\/wp-json\/wp\/v2\/comments?post=2491"}],"version-history":[{"count":0,"href":"https:\/\/www.terpenetech.eu\/fr\/wp-json\/wp\/v2\/pages\/2491\/revisions"}],"up":[{"embeddable":true,"href":"https:\/\/www.terpenetech.eu\/fr\/wp-json\/wp\/v2\/pages\/2514"}],"wp:attachment":[{"href":"https:\/\/www.terpenetech.eu\/fr\/wp-json\/wp\/v2\/media?parent=2491"}],"curies":[{"name":"wp","href":"https:\/\/api.w.org\/{rel}","templated":true}]}}