{"id":2482,"date":"2019-12-10T16:15:19","date_gmt":"2019-12-10T16:15:19","guid":{"rendered":"https:\/\/www.terpenetech.eu\/?page_id=2482"},"modified":"2021-09-17T15:16:42","modified_gmt":"2021-09-17T15:16:42","slug":"produits-de-soins-et-de-sante","status":"publish","type":"page","link":"https:\/\/www.terpenetech.eu\/fr\/products\/personal-and-medical-care\/","title":{"rendered":"Produits de soins et de sant\u00e9"},"content":{"rendered":"<h1 class=\"gb-headline gb-headline-9c1f2b71 gb-headline-text\">PERSONAL AND MEDICAL CARE<\/h1>\n\n\n\n<div style=\"height:50px\" aria-hidden=\"true\" class=\"wp-block-spacer\"><\/div>\n\n\n<div class=\"gb-grid-wrapper gb-grid-wrapper-90f63ceb\">\n<div class=\"gb-grid-column gb-grid-column-623b179e\"><div class=\"gb-container gb-container-623b179e\"><div class=\"gb-inside-container\">\n\n<div class=\"wp-block-image\"><figure class=\"aligncenter is-resized\"><img loading=\"lazy\" decoding=\"async\" src=\"https:\/\/www.terpenetech.eu\/wp-content\/uploads\/2017\/10\/kids-hair-1.png\" alt=\"\" width=\"48\" height=\"48\"\/><\/figure><\/div>\n\n\n\n<h3 class=\"has-text-align-center wp-block-heading\">LOTION ANTI-POUX<\/h3>\n\n\n\n<p class=\"has-text-align-center\">\u2022\u00a0100\u00a0% efficace en 15\u00a0minutes \u2022\u00a01\u00a0application \u2022\u00a0Tr\u00e8s facile \u00e0 rincer \u2022\u00a0Syst\u00e8me\u00a0YP brevet\u00e9 de micro-encapsulation \u2022\u00a0Disponibilit\u00e9 dans le monde entier<\/p>\n\n<\/div><\/div><\/div>\n\n<div class=\"gb-grid-column gb-grid-column-64334978\"><div class=\"gb-container gb-container-64334978\"><div class=\"gb-inside-container\">\n\n<div class=\"wp-block-image\"><figure class=\"aligncenter is-resized\"><img loading=\"lazy\" decoding=\"async\" src=\"https:\/\/www.terpenetech.eu\/wp-content\/uploads\/2017\/10\/roll-on-copy-2.png\" alt=\"\" width=\"48\" height=\"48\"\/><\/figure><\/div>\n\n\n\n<h3 class=\"has-text-align-center wp-block-heading\">D\u00c9ODORANT<\/h3>\n\n\n\n<p class=\"has-text-align-center\">\u2022\u00a0Efficacit\u00e9 24\u00a0heures \u2022\u00a0Sans parabens \u2022\u00a0Sans agents de surface \u2022\u00a0Sans sel d\u2019aluminium \u2022\u00a0Sans conservateur \u2022\u00a0Aucun effet n\u00e9faste sur votre sant\u00e9 \u2022\u00a0Parfums agr\u00e9ables \u2022\u00a0Syst\u00e8me\u00a0YP brevet\u00e9 de micro-encapsulation \u2022\u00a0Disponibilit\u00e9 dans le monde entier<\/p>\n\n<\/div><\/div><\/div>\n\n<div class=\"gb-grid-column gb-grid-column-f0d6caa4\"><div class=\"gb-container gb-container-f0d6caa4\"><div class=\"gb-inside-container\">\n\n<div class=\"wp-block-image\"><figure class=\"aligncenter is-resized\"><img loading=\"lazy\" decoding=\"async\" src=\"https:\/\/www.terpenetech.eu\/wp-content\/uploads\/2017\/10\/if_6_737629.png\" alt=\"\" width=\"48\" height=\"48\"\/><\/figure><\/div>\n\n\n\n<h3 class=\"has-text-align-center wp-block-heading\">MASQUES POUR LE VISAGE<\/h3>\n\n\n\n<p class=\"has-text-align-center\">\u2022\u00a0Anti-\u00e2ge \u2022\u00a0Antioxydants \u2022\u00a0Emp\u00eachent le d\u00e9veloppement de taches brunes sur la peau \u2022\u00a0Estompent les taches brunes d\u00e9j\u00e0 pr\u00e9sentes sur la peau \u2022\u00a0Syst\u00e8me\u00a0YP brevet\u00e9 de micro-encapsulation \u2022\u00a0Disponibilit\u00e9 dans le monde entier<\/p>\n\n<\/div><\/div><\/div>\n\n<div class=\"gb-grid-column gb-grid-column-27a798c0\"><div class=\"gb-container gb-container-27a798c0\"><div class=\"gb-inside-container\">\n\n<div class=\"wp-block-image\"><figure class=\"aligncenter is-resized\"><img loading=\"lazy\" decoding=\"async\" src=\"https:\/\/www.terpenetech.eu\/wp-content\/uploads\/2017\/10\/if_breath-human-_1819476.png\" alt=\"\" width=\"48\" height=\"48\"\/><\/figure><\/div>\n\n\n\n<h3 class=\"has-text-align-center wp-block-heading\">RAFRA\u00ceCHISSEUR D\u2019HALEINE<\/h3>\n\n\n\n<p class=\"has-text-align-center\">\u2022\u00a0Aide \u00e0 contr\u00f4ler la mauvaise haleine \u2022\u00a0Action imm\u00e9diate \u2022\u00a0Activit\u00e9s r\u00e9siduelles durables \u2022\u00a0Efficace contre les odeurs les plus fortes telles que l\u2019ail, le tabac, etc. \u2022\u00a0Disponibilit\u00e9 dans le monde entier<\/p>\n\n<\/div><\/div><\/div>\n\n<div class=\"gb-grid-column gb-grid-column-77e6e3c8\"><div class=\"gb-container gb-container-77e6e3c8\"><div class=\"gb-inside-container\">\n\n<div class=\"wp-block-image\"><figure class=\"aligncenter is-resized\"><img loading=\"lazy\" decoding=\"async\" src=\"https:\/\/www.terpenetech.eu\/wp-content\/uploads\/2017\/10\/if_nose_2_133676-1.png\" alt=\"\" width=\"48\" height=\"48\"\/><\/figure><\/div>\n\n\n\n<h3 class=\"has-text-align-center wp-block-heading\">SPRAY NASAL<\/h3>\n\n\n\n<p class=\"has-text-align-center\">\u2022\u00a0En cours de d\u00e9veloppement \u2022\u00a0Disponibilit\u00e9 \u00e0 venir dans le monde entier<\/p>\n\n<\/div><\/div><\/div>\n<\/div>","protected":false},"excerpt":{"rendered":"<p>PERSONAL AND MEDICAL CARE<\/p>","protected":false},"author":4,"featured_media":0,"parent":2514,"menu_order":0,"comment_status":"closed","ping_status":"closed","template":"","meta":{"_seopress_robots_primary_cat":"","_seopress_titles_title":"Personal and medical care - TERPENETECH LTD","_seopress_titles_desc":"HEAD LICE LOTION - DEODORANT - FACIAL MASKS - BREATH FRESHENER - NASAL SPRAY","_seopress_robots_index":"","footnotes":""},"class_list":["post-2482","page","type-page","status-publish"],"_links":{"self":[{"href":"https:\/\/www.terpenetech.eu\/fr\/wp-json\/wp\/v2\/pages\/2482","targetHints":{"allow":["GET"]}}],"collection":[{"href":"https:\/\/www.terpenetech.eu\/fr\/wp-json\/wp\/v2\/pages"}],"about":[{"href":"https:\/\/www.terpenetech.eu\/fr\/wp-json\/wp\/v2\/types\/page"}],"author":[{"embeddable":true,"href":"https:\/\/www.terpenetech.eu\/fr\/wp-json\/wp\/v2\/users\/4"}],"replies":[{"embeddable":true,"href":"https:\/\/www.terpenetech.eu\/fr\/wp-json\/wp\/v2\/comments?post=2482"}],"version-history":[{"count":0,"href":"https:\/\/www.terpenetech.eu\/fr\/wp-json\/wp\/v2\/pages\/2482\/revisions"}],"up":[{"embeddable":true,"href":"https:\/\/www.terpenetech.eu\/fr\/wp-json\/wp\/v2\/pages\/2514"}],"wp:attachment":[{"href":"https:\/\/www.terpenetech.eu\/fr\/wp-json\/wp\/v2\/media?parent=2482"}],"curies":[{"name":"wp","href":"https:\/\/api.w.org\/{rel}","templated":true}]}}