{"id":1174,"date":"2017-10-04T14:54:19","date_gmt":"2017-10-04T14:54:19","guid":{"rendered":"\/?page_id=1174"},"modified":"2021-09-17T15:29:32","modified_gmt":"2021-09-17T15:29:32","slug":"geraniol-biocide","status":"publish","type":"page","link":"https:\/\/www.terpenetech.eu\/fr\/geraniol-biocides\/","title":{"rendered":"Geraniol Biocide"},"content":{"rendered":"<h1 class=\"has-text-align-center wp-block-heading\">GERANIOL BIOCIDE\u00a0:<br><span style=\"color: #54595f;\">INSECTICIDES ET R\u00c9PULSIFS<\/span><\/h1>\n\n\n\n<p class=\"has-text-align-center\">Depuis la fin des ann\u00e9es 1990, l\u2019Union europ\u00e9enne, en accord avec les \u00c9tats membres, a transf\u00e9r\u00e9 la responsabilit\u00e9 de l'\u00e9valuation des produits chimiques vers le secteur priv\u00e9.<\/p>\n\n\n\n<p class=\"has-text-align-center\">A biocidal product is a substance intending to destroy, deter, render harmless, prevent the action of, or exert a controlling effect on any harmful organism by any means other than mere&nbsp;physical or mechanical action.<\/p>\n\n\n\n<p class=\"has-text-align-center\">Dans le cadre de la Directive Biocide, TerpeneTech a constitu\u00e9 un dossier d\u2019\u00e9valuation ind\u00e9pendant pour l\u2019utilisation du g\u00e9raniol comme ingr\u00e9dient actif biocide pour des insecticides et des r\u00e9pulsifs. TerpeneTech figure d\u00e9sormais sur la liste des fournisseurs identifi\u00e9s au titre de l\u2019Article\u00a095.<\/p>\n\n\n\n<p class=\"has-text-align-center\"><a href=\"https:\/\/www.terpenetech.eu\/fr\/geraniol-biocide-active-ingredient\/\">En savoir plus sur le G\u00e9raniol en tant qu'ingr\u00e9dient actif biocide.<\/a><\/p>\n\n\n\n<div style=\"height:100px\" aria-hidden=\"true\" class=\"wp-block-spacer\"><\/div>\n\n\n<div class=\"gb-grid-wrapper gb-grid-wrapper-ec6be730\">\n<div class=\"gb-grid-column gb-grid-column-9ae80494\"><div class=\"gb-container gb-container-9ae80494\"><div class=\"gb-inside-container\">\n\n<figure class=\"wp-block-image\"><img decoding=\"async\" src=\"https:\/\/www.terpenetech.eu\/wp-content\/uploads\/2019\/12\/echa-logo-768x526.jpg\" alt=\"\"\/><\/figure>\n\n<\/div><\/div><\/div>\n\n<div class=\"gb-grid-column gb-grid-column-05e26c2a\"><div class=\"gb-container gb-container-05e26c2a\"><div class=\"gb-inside-container\">\n\n<h3 class=\"wp-block-heading\">FOURNISSEUR IDENTIFI\u00c9 DE SUBSTANCE ACTIVE BIOCIDE TERPENETECH<\/h3>\n\n\n\n<p>Depuis le 1er d\u00e9cembre 2015, TerpeneTech Ltd a re\u00e7u une notification officielle de l\u2019Agence europ\u00e9enne des produits chimiques (ECHA).<\/p>\n\n\n\n<p>Cette notification a approuv\u00e9 la demande de TerpeneTech de figurer dans la liste des fournisseurs de substances actives (liste de l\u2019article\u00a095), CONFORM\u00c9MENT \u00c0 L\u2019ARTICLE 95(1) DE LA R\u00c9GLEMENTATION N\u00b0\u00a0 528\/2012\u00a0:<\/p>\n\n\n\n<ul class=\"wp-block-list\"><li><strong>Substance active<\/strong>G\u00e9raniol (geraniol \/ (E) 3,7-dimethyl-2,6 octadien-1-ol \/ 106- 24-1), N\u00b0\u00a0CE\u00a0: 203-377-1, N\u00b0\u00a0CAS\u00a0: 106 -24 -1<\/li><li><strong>Type de produit (PT)<\/strong>:\n<ul>\n<li>PT\u00a018 (insecticides, acaricides et produits de lutte contre d\u2019autres arthropodes),<\/li>\n<li>PT\u00a019 (r\u00e9pulsifs et attractifs)<\/li>\n<\/ul>\n<\/li><\/ul>\n\n<\/div><\/div><\/div>\n<\/div>\n\n\n<div style=\"height:100px\" aria-hidden=\"true\" class=\"wp-block-spacer\"><\/div>\n\n\n<div class=\"gb-grid-wrapper gb-grid-wrapper-8c1b329e\">\n<div class=\"gb-grid-column gb-grid-column-9d00e4ef\"><div class=\"gb-container gb-container-9d00e4ef\"><div class=\"gb-inside-container\">\n\n<h3 class=\"wp-block-heading\">CLASSES ET ORIGINES DU GERANIOL BIOCIDE<\/h3>\n\n\n\n<ul class=\"wp-block-list\"><li>V\u00e9g\u00e9tal<\/li><li>Synth\u00e9tique<\/li><\/ul>\n\n\n\n<p>Le g\u00e9raniol est une mol\u00e9cule principalement contenue dans les huiles essentielles de citronnelle et de Palmarosa. On le retrouve \u00e9galement dans d\u2019autres plantes telles que le thym et le pin.<\/p>\n\n\n\n<p>Le g\u00e9raniol est naturellement pr\u00e9sent dans ces plantes pour les aider \u00e0 se prot\u00e9ger des insectes.<\/p>\n\n\n\n<p>Aujourd\u2019hui, le g\u00e9raniol s\u2019utilise dans tous les domaines de la chimie. On le retrouve dans les parfums, les cosm\u00e9tiques, les produits phytosanitaires et les biocides.<\/p>\n\n<\/div><\/div><\/div>\n\n<div class=\"gb-grid-column gb-grid-column-fc9bfc31\"><div class=\"gb-container gb-container-fc9bfc31\"><div class=\"gb-inside-container\">\n\n<div class=\"wp-block-image\"><figure class=\"alignright\"><img decoding=\"async\" src=\"https:\/\/www.terpenetech.eu\/wp-content\/uploads\/2019\/12\/illustration-palmarosa-1.png\" alt=\"\"\/><\/figure><\/div>\n\n<\/div><\/div><\/div>\n<\/div>\n\n\n<div style=\"height:100px\" aria-hidden=\"true\" class=\"wp-block-spacer\"><\/div>\n\n\n<div class=\"gb-grid-wrapper gb-grid-wrapper-8dec038f\">\n<div class=\"gb-grid-column gb-grid-column-21f76e27\"><div class=\"gb-container gb-container-21f76e27\"><div class=\"gb-inside-container\">\n\n<h3 class=\"wp-block-heading\">UTILISATIONS DU GERANIOL BIOCIDE<\/h3>\n\n\n\n<p>Le g\u00e9raniol a des applications pertinentes dans les domaines suivants\u00a0:<\/p>\n\n\n\n<ul class=\"wp-block-list\"><li>Bougies r\u00e9pulsives anti-moustiques<\/li><li>Insecticides pour insectes volants et rampants<\/li><li>R\u00e9pulsifs antimites<\/li><li>R\u00e9pulsifs pour chiens et chats<\/li><li>Bracelets r\u00e9pulsifs anti-moustiques<\/li><\/ul>\n\n\n\n<p>La communaut\u00e9 scientifique confirme depuis de nombreuses ann\u00e9es l\u2019efficacit\u00e9 de cette substance active en tant qu\u2019insecticide et que r\u00e9pulsif.<\/p>\n\n<\/div><\/div><\/div>\n\n<div class=\"gb-grid-column gb-grid-column-ceee8506\"><div class=\"gb-container gb-container-ceee8506\"><div class=\"gb-inside-container\">\n\n<h3 class=\"wp-block-heading\">VISION STRAT\u00c9GIQUE DU BIOCIDE CHEZ TERPENETECH<\/h3>\n\n\n\n<p>La strat\u00e9gie r\u00e9glementaire de TerpeneTech s\u2019emploie \u00e0 respecter les savoir-faire de ses clients sans les concurrencer, et \u00e0 les accompagner dans leurs initiatives commerciales et r\u00e9glementaires.<\/p>\n\n\n\n<div class=\"wp-block-image\"><figure class=\"aligncenter is-resized\"><img decoding=\"async\" src=\"https:\/\/www.terpenetech.eu\/wp-content\/uploads\/2019\/12\/atom3-768x703.png\" alt=\"\" width=\"150\"\/><\/figure><\/div>\n\n<\/div><\/div><\/div>\n<\/div>\n\n\n<div style=\"height:100px\" aria-hidden=\"true\" class=\"wp-block-spacer\"><\/div>\n\n\n\n<h5 class=\"wp-block-heading\">VOUS AVEZ DES QUESTIONS SUR LE BIOCIDE GERANIOL DE TERPENETECH\u00a0?<\/h5>\n\n\n\n<div class=\"wp-block-buttons is-layout-flex wp-block-buttons-is-layout-flex\">\n<div class=\"wp-block-button\"><a class=\"wp-block-button__link\" href=\"https:\/\/www.terpenetech.eu\/fr\/nous-contacter\/\" style=\"border-radius:6px\">NOUS CONTACTER<\/a><\/div>\n<\/div>","protected":false},"excerpt":{"rendered":"<p>Geraniol Biocide:insecticides and repellents Since the late 1990s, the European Union in accordance with member states has transferred &#8230; <\/p>\n<p class=\"read-more-container\"><a title=\"Geraniol Biocide\" class=\"read-more button\" href=\"https:\/\/www.terpenetech.eu\/fr\/geraniol-biocides\/#more-1174\" aria-label=\"En savoir plus sur Geraniol Biocide\">Lire plus<\/a><\/p>","protected":false},"author":4,"featured_media":0,"parent":0,"menu_order":0,"comment_status":"closed","ping_status":"closed","template":"","meta":{"_seopress_robots_primary_cat":"","_seopress_titles_title":"Geraniol Biocide official supplier for insecticides and repellents","_seopress_titles_desc":"Terpenetech LTD is listed in the article 95 list of identified Suppliers - Geraniol biocide for insecticides and repellents.","_seopress_robots_index":"","footnotes":""},"class_list":["post-1174","page","type-page","status-publish"],"_links":{"self":[{"href":"https:\/\/www.terpenetech.eu\/fr\/wp-json\/wp\/v2\/pages\/1174","targetHints":{"allow":["GET"]}}],"collection":[{"href":"https:\/\/www.terpenetech.eu\/fr\/wp-json\/wp\/v2\/pages"}],"about":[{"href":"https:\/\/www.terpenetech.eu\/fr\/wp-json\/wp\/v2\/types\/page"}],"author":[{"embeddable":true,"href":"https:\/\/www.terpenetech.eu\/fr\/wp-json\/wp\/v2\/users\/4"}],"replies":[{"embeddable":true,"href":"https:\/\/www.terpenetech.eu\/fr\/wp-json\/wp\/v2\/comments?post=1174"}],"version-history":[{"count":0,"href":"https:\/\/www.terpenetech.eu\/fr\/wp-json\/wp\/v2\/pages\/1174\/revisions"}],"wp:attachment":[{"href":"https:\/\/www.terpenetech.eu\/fr\/wp-json\/wp\/v2\/media?parent=1174"}],"curies":[{"name":"wp","href":"https:\/\/api.w.org\/{rel}","templated":true}]}}