{"id":2679,"date":"2020-06-19T09:10:29","date_gmt":"2020-06-19T09:10:29","guid":{"rendered":"https:\/\/www.terpenetech.eu\/?page_id=2679"},"modified":"2021-09-23T08:41:56","modified_gmt":"2021-09-23T08:41:56","slug":"locion-para-piojos","status":"publish","type":"page","link":"https:\/\/www.terpenetech.eu\/es\/head-lice-lotion\/","title":{"rendered":"LOCI\u00d3N PARA PIOJOS"},"content":{"rendered":"<div class=\"gb-container gb-container-f698c8dc\"><div class=\"gb-inside-container\">\n<div class=\"gb-grid-wrapper gb-grid-wrapper-8a683789\">\n<div class=\"gb-grid-column gb-grid-column-5fb2d298\"><div class=\"gb-container gb-container-5fb2d298\"><div class=\"gb-inside-container\"><\/div><\/div><\/div>\n\n<div class=\"gb-grid-column gb-grid-column-3817af76\"><div class=\"gb-container gb-container-3817af76\"><div class=\"gb-inside-container\">\n\n<div style=\"height:100px\" aria-hidden=\"true\" class=\"wp-block-spacer\"><\/div>\n\n\n\n<h1 class=\"wp-block-heading\">Terpenator<br><span class=\"has-inline-color has-black-color\">LOCI\u00d3N PARA PIOJOS<\/span><\/h1>\n\n\n\n<p>Nuestra loci\u00f3n para piojos sin insecticida acaba con los piojos y las liendres mediante un modo de acci\u00f3n f\u00edsico que hace que los \u00f3rganos internos se desgarren. La acci\u00f3n letal del aceite de \u00e1rbol del t\u00e9 natural est\u00e1 optimizada por nuestra tecnolog\u00eda de encapsulaci\u00f3n patentada probada en pruebas comparativas para mejorar la eficacia y minimizar el tiempo de mortalidad.<\/p>\n\n\n\n<p style=\"font-size: 14px;\">Producto sanitario registrado<\/p>\n\n\n\n<div class=\"wp-block-buttons is-layout-flex wp-block-buttons-is-layout-flex\">\n<div class=\"wp-block-button\"><a class=\"wp-block-button__link\" style=\"border-radius:6px\">Obtenga su propia loci\u00f3n de marca<\/a><\/div>\n<\/div>\n\n\n\n<div style=\"height:100px\" aria-hidden=\"true\" class=\"wp-block-spacer\"><\/div>\n\n<\/div><\/div><\/div>\n<\/div>\n<\/div><\/div>\n\n\n<div style=\"height:100px\" aria-hidden=\"true\" class=\"wp-block-spacer\"><\/div>\n\n\n\n<div class=\"wp-block-image\"><figure class=\"aligncenter size-full\"><a href=\"https:\/\/www.terpenetech.eu\/wp-content\/uploads\/2021\/09\/Clock.png\"><img loading=\"lazy\" decoding=\"async\" width=\"105\" height=\"105\" src=\"https:\/\/www.terpenetech.eu\/wp-content\/uploads\/2021\/09\/Clock.png\" alt=\"\" class=\"wp-image-3391\" srcset=\"https:\/\/www.terpenetech.eu\/wp-content\/uploads\/2021\/09\/Clock.png 105w, https:\/\/www.terpenetech.eu\/wp-content\/uploads\/2021\/09\/Clock-12x12.png 12w\" sizes=\"auto, (max-width: 105px) 100vw, 105px\" \/><\/a><\/figure><\/div>\n\n\n\n<h3 class=\"has-text-align-center wp-block-heading\">100\u00a0% efectiva con una \u00fanica aplicaci\u00f3n<br>Probada en la universidad<br>Amigable para el consumidor<\/h3>\n\n\n\n<div style=\"height:100px\" aria-hidden=\"true\" class=\"wp-block-spacer\"><\/div>\n\n\n<div class=\"gb-container gb-container-f0dcc34b\"><div class=\"gb-inside-container\">\n<div class=\"gb-grid-wrapper gb-grid-wrapper-659576bf\">\n<div class=\"gb-grid-column gb-grid-column-cf53101a\"><div class=\"gb-container gb-container-cf53101a\"><div class=\"gb-inside-container\">\n\n<h2 class=\"wp-block-heading\">Loci\u00f3n para piojos Terpenator, rica en en funciones<\/h2>\n\n\n\n<ul class=\"wp-block-list\"><li>100\u00a0% efectiva en tan solo 15\u00a0minutos<\/li><li>Probada en la universidad<\/li><li>Nada grasa, f\u00e1cil de aplicar y de aclarar<\/li><li>Con aceite de \u00e1rbol del \u00e1rbol de t\u00e9 vegetal como ingrediente activo natural<\/li><li>Con tecnolog\u00eda de microencapsulaci\u00f3n patentada<\/li><li>Se puede aplicar a adultos y ni\u00f1os a partir de los 36\u00a0meses<\/li><li>No irritante, puede utilizarse para prevenir una reinfestaci\u00f3n<\/li><li>Sin insecticidas<\/li><\/ul>\n\n\n\n<figure class=\"wp-block-image size-full\"><a href=\"https:\/\/www.terpenetech.eu\/wp-content\/uploads\/2021\/09\/Patented.png\"><img loading=\"lazy\" decoding=\"async\" width=\"285\" height=\"100\" src=\"https:\/\/www.terpenetech.eu\/wp-content\/uploads\/2021\/09\/Patented.png\" alt=\"\" class=\"wp-image-3411\" srcset=\"https:\/\/www.terpenetech.eu\/wp-content\/uploads\/2021\/09\/Patented.png 285w, https:\/\/www.terpenetech.eu\/wp-content\/uploads\/2021\/09\/Patented-18x6.png 18w\" sizes=\"auto, (max-width: 285px) 100vw, 285px\" \/><\/a><\/figure>\n\n<\/div><\/div><\/div>\n\n<div class=\"gb-grid-column gb-grid-column-65163d7a\"><div class=\"gb-container gb-container-65163d7a\" id=\"imgbox\"><div class=\"gb-inside-container\">\n\n<div class=\"imgbox size-full\"><img loading=\"lazy\" decoding=\"async\" width=\"468\" height=\"312\" src=\"https:\/\/www.terpenetech.eu\/wp-content\/uploads\/2021\/09\/Pics-Tea-tree.png\" alt=\"\" class=\"wp-image-3401 img\" srcset=\"https:\/\/www.terpenetech.eu\/wp-content\/uploads\/2021\/09\/Pics-Tea-tree.png 468w, https:\/\/www.terpenetech.eu\/wp-content\/uploads\/2021\/09\/Pics-Tea-tree-300x200.png 300w, https:\/\/www.terpenetech.eu\/wp-content\/uploads\/2021\/09\/Pics-Tea-tree-18x12.png 18w\" sizes=\"auto, (max-width: 468px) 100vw, 468px\" \/><\/div>\n\n<\/div><\/div><\/div>\n<\/div>\n\n\n<div style=\"height:100px\" aria-hidden=\"true\" class=\"wp-block-spacer\"><\/div>\n\n<\/div><\/div>\n\n<div class=\"gb-container gb-container-d8521590\"><div class=\"gb-inside-container\">\n\n<div style=\"height:50px\" aria-hidden=\"true\" class=\"wp-block-spacer\"><\/div>\n\n\n\n<h2 class=\"has-text-align-center wp-block-heading\">Producto muy eficaz<\/h2>\n\n\n\n<h3 class=\"has-text-align-center wp-block-heading\">Estudios de campo<\/h3>\n\n\n\n<div style=\"height:50px\" aria-hidden=\"true\" class=\"wp-block-spacer\"><\/div>\n\n\n<div class=\"gb-grid-wrapper gb-grid-wrapper-543880f5\">\n<div class=\"gb-grid-column gb-grid-column-a9b2ef63\"><div class=\"gb-container gb-container-a9b2ef63 encadre_tt\"><div class=\"gb-inside-container\">\n\n<p class=\"has-text-align-center\"><strong>Ensayo de campo para determinar la eficacia de Terpenator comparado con otras lociones para piojos de la competencia<\/strong><\/p>\n\n\n\n<hr class=\"wp-block-separator has-text-color has-background has-black-background-color has-black-color is-style-wide sep_tt\"\/>\n\n\n\n<p class=\"has-text-align-center\"><b>N\u00famero de participantes<br><\/b>196\u00a0sujetos<\/p>\n\n\n\n<p class=\"has-text-align-center\"><strong>Ubicaci\u00f3n in vivo<\/strong><br>Poblados de Deguela y Lena, Mali<\/p>\n\n<\/div><\/div><\/div>\n\n<div class=\"gb-grid-column gb-grid-column-21a9e13e\"><div class=\"gb-container gb-container-21a9e13e encadre_tt\"><div class=\"gb-inside-container\">\n\n<p class=\"has-text-align-center\"><strong>Ensayo de campo para comparar la eficacia de la formulaci\u00f3n de la loci\u00f3n para piojos con encapsulaci\u00f3n YP con la misma formulaci\u00f3n de la loci\u00f3n para piojos sin encapsulaci\u00f3n YP.<\/strong><\/p>\n\n\n\n<hr class=\"wp-block-separator has-text-color has-background has-black-background-color has-black-color is-style-wide\"\/>\n\n\n\n<p class=\"has-text-align-center\"><b><meta charset=\"utf-8\"><b>N\u00famero de participantes<\/b><br><\/b>180\u00a0sujetos<\/p>\n\n\n\n<p class=\"has-text-align-center\"><strong><meta charset=\"utf-8\"><strong>Ubicaci\u00f3n in vivo<\/strong><\/strong><br>Mali<\/p>\n\n<\/div><\/div><\/div>\n<\/div>\n\n\n<div style=\"height:30px\" aria-hidden=\"true\" class=\"wp-block-spacer\"><\/div>\n\n\n<div class=\"gb-grid-wrapper gb-grid-wrapper-0908171d\">\n<div class=\"gb-grid-column gb-grid-column-abc8a6a6\"><div class=\"gb-container gb-container-abc8a6a6 encadre_tt\"><div class=\"gb-inside-container\">\n\n<p class=\"has-text-align-center\"><i class=\"fas fa-check\"><\/i><\/p>\n\n\n\n<p class=\"has-text-align-center\"><b><strong>Resultados<\/strong><\/b><br><b><br><\/b>Las formulaciones de la loci\u00f3n contra piojos Terpenator demostraron ser superiores a las de los productos de la competencia<\/p>\n\n<\/div><\/div><\/div>\n\n<div class=\"gb-grid-column gb-grid-column-8637cc75\"><div class=\"gb-container gb-container-8637cc75 encadre_tt\"><div class=\"gb-inside-container\">\n\n<p class=\"has-text-align-center\"><i class=\"fas fa-check\"><\/i><\/p>\n\n\n\n<p class=\"has-text-align-center\"><b><strong>Resultados<\/strong><\/b><br><b><br><\/b>La formulaci\u00f3n con encapsulaci\u00f3n YP result\u00f3 ser estad\u00edsticamente superior a la formulaci\u00f3n sin encapsulaci\u00f3n YP<\/p>\n\n<\/div><\/div><\/div>\n<\/div>\n\n\n<div style=\"height:50px\" aria-hidden=\"true\" class=\"wp-block-spacer\"><\/div>\n\n<\/div><\/div>\n\n\n<div style=\"height:100px\" aria-hidden=\"true\" class=\"wp-block-spacer\"><\/div>\n\n\n<div class=\"gb-container gb-container-f8c392e1\"><div class=\"gb-inside-container\">\n<div class=\"gb-grid-wrapper gb-grid-wrapper-7552c911\">\n<div class=\"gb-grid-column gb-grid-column-d9f5aa58\"><div class=\"gb-container gb-container-d9f5aa58\"><div class=\"gb-inside-container\">\n\n<div class=\"wp-block-image\"><figure class=\"aligncenter size-full\"><a href=\"https:\/\/www.terpenetech.eu\/wp-content\/uploads\/2021\/09\/Picto-Certified.png\"><img loading=\"lazy\" decoding=\"async\" width=\"120\" height=\"145\" src=\"https:\/\/www.terpenetech.eu\/wp-content\/uploads\/2021\/09\/Picto-Certified.png\" alt=\"\" class=\"wp-image-3431\" srcset=\"https:\/\/www.terpenetech.eu\/wp-content\/uploads\/2021\/09\/Picto-Certified.png 120w, https:\/\/www.terpenetech.eu\/wp-content\/uploads\/2021\/09\/Picto-Certified-10x12.png 10w\" sizes=\"auto, (max-width: 120px) 100vw, 120px\" \/><\/a><\/figure><\/div>\n\n<\/div><\/div><\/div>\n\n<div class=\"gb-grid-column gb-grid-column-83dc763b\"><div class=\"gb-container gb-container-83dc763b\"><div class=\"gb-inside-container\">\n\n<h2 class=\"wp-block-heading\">Est\u00e1ndares m\u00e1s altos de fabricaci\u00f3n y control de calidad<\/h2>\n\n\n<div class=\"gb-grid-wrapper gb-grid-wrapper-23e03a8d\">\n<div class=\"gb-grid-column gb-grid-column-7c93d639\"><div class=\"gb-container gb-container-7c93d639\"><div class=\"gb-inside-container\">\n\n<figure class=\"wp-block-image size-full\"><a href=\"https:\/\/www.terpenetech.eu\/wp-content\/uploads\/2021\/09\/iso.png\"><img loading=\"lazy\" decoding=\"async\" width=\"77\" height=\"77\" src=\"https:\/\/www.terpenetech.eu\/wp-content\/uploads\/2021\/09\/iso.png\" alt=\"\" class=\"wp-image-3432\" srcset=\"https:\/\/www.terpenetech.eu\/wp-content\/uploads\/2021\/09\/iso.png 77w, https:\/\/www.terpenetech.eu\/wp-content\/uploads\/2021\/09\/iso-12x12.png 12w\" sizes=\"auto, (max-width: 77px) 100vw, 77px\" \/><\/a><\/figure>\n\n<\/div><\/div><\/div>\n\n<div class=\"gb-grid-column gb-grid-column-f9b607c9\"><div class=\"gb-container gb-container-f9b607c9\"><div class=\"gb-inside-container\">\n\n<h3 class=\"wp-block-heading\">ISO 13485<\/h3>\n\n\n\n<ul class=\"wp-block-list\"><li>Materias primas que cumplen con las especificaciones de ingredientes<\/li><li>3 an\u00e1lisis por lote (superior\/inferior\/medio)<\/li><li>Contenido activo cuantitativo<\/li><li>pH<\/li><li>Densidad<\/li><li>Viscosidad<\/li><\/ul>\n\n<\/div><\/div><\/div>\n<\/div>\n<\/div><\/div><\/div>\n<\/div>\n<\/div><\/div>\n\n\n<div style=\"height:100px\" aria-hidden=\"true\" class=\"wp-block-spacer\"><\/div>\n\n\n<div class=\"gb-container gb-container-6c6db97d\"><div class=\"gb-inside-container\">\n\n<div style=\"height:20px\" aria-hidden=\"true\" class=\"wp-block-spacer\"><\/div>\n\n\n\n<h2 class=\"has-text-align-center wp-block-heading\">Aplicaci\u00f3n y aclarado sencillos<\/h2>\n\n\n\n<div style=\"height:40px\" aria-hidden=\"true\" class=\"wp-block-spacer\"><\/div>\n\n\n\n<figure class=\"wp-block-embed is-type-rich is-provider-embed-handler wp-block-embed-embed-handler\"><div class=\"wp-block-embed__wrapper\">\n<div style=\"width: 640px;\" class=\"wp-video\"><video class=\"wp-video-shortcode\" id=\"video-2679-1\" width=\"640\" height=\"360\" preload=\"metadata\" controls=\"controls\"><source type=\"video\/mp4\" src=\"https:\/\/www.terpenetech.eu\/wp-content\/uploads\/2020\/07\/ANIMATION_ANTI_POUX_1280x720_CROPPED_BD.mp4?_=1\" \/><a href=\"https:\/\/www.terpenetech.eu\/wp-content\/uploads\/2020\/07\/ANIMATION_ANTI_POUX_1280x720_CROPPED_BD.mp4\">https:\/\/www.terpenetech.eu\/wp-content\/uploads\/2020\/07\/ANIMATION_ANTI_POUX_1280x720_CROPPED_BD.mp4<\/a><\/video><\/div>\n<\/div><\/figure>\n\n\n\n<div style=\"height:20px\" aria-hidden=\"true\" class=\"wp-block-spacer\"><\/div>\n\n<\/div><\/div>\n\n\n<div style=\"height:120px\" aria-hidden=\"true\" class=\"wp-block-spacer\"><\/div>\n\n\n<div class=\"gb-container gb-container-38a5fc9f\"><div class=\"gb-inside-container\">\n<div class=\"gb-grid-wrapper gb-grid-wrapper-75922ac2\">\n<div class=\"gb-grid-column gb-grid-column-0944191e\"><div class=\"gb-container gb-container-0944191e\"><div class=\"gb-inside-container\">\n\n<div class=\"imgbox_upleft size-full\"><img loading=\"lazy\" decoding=\"async\" src=\"https:\/\/www.terpenetech.eu\/wp-content\/uploads\/2019\/12\/headlice_terpenetech_4.jpg\" alt=\"\" width=\"960\" height=\"641\"><\/div>\n\n<\/div><\/div><\/div>\n\n<div class=\"gb-grid-column gb-grid-column-e33a23b0\"><div class=\"gb-container gb-container-e33a23b0\"><div class=\"gb-inside-container\">\n\n<h2 class=\"wp-block-heading\">LOCI\u00d3N CONTRA PIOJOS Y LIENDRES: UNA SOLUCI\u00d3N SENCILLA Y SEGURA<\/h2>\n\n\n\n<ul class=\"wp-block-list\"><li>Perfil de materia prima de baja toxicidad y sin insecticidas<\/li><li>Sin SLS, parabenos, fenoxietanol ni PEG<\/li><li>pH neutro<\/li><li>No irrita la piel<\/li><li>Se puede aplicar en ni\u00f1os a partir de los 36\u00a0meses<\/li><li>Viscosidad ajustada para minimizar el goteo: reduce la exposici\u00f3n a los ojos<\/li><li>Informe de biocompatibilidad redactado por un toxic\u00f3logo certificado<\/li><\/ul>\n\n<\/div><\/div><\/div>\n<\/div>\n<\/div><\/div>\n\n\n<div style=\"height:120px\" aria-hidden=\"true\" class=\"wp-block-spacer\"><\/div>\n\n\n<div class=\"gb-container gb-container-95c4ab4b\"><div class=\"gb-inside-container\">\n\n<figure class=\"wp-block-image size-full\"><a href=\"https:\/\/www.terpenetech.eu\/wp-content\/uploads\/2021\/09\/Pics-Packaging.png\"><img loading=\"lazy\" decoding=\"async\" width=\"869\" height=\"571\" src=\"https:\/\/www.terpenetech.eu\/wp-content\/uploads\/2021\/09\/Pics-Packaging.png\" alt=\"\" class=\"wp-image-3447\" srcset=\"https:\/\/www.terpenetech.eu\/wp-content\/uploads\/2021\/09\/Pics-Packaging.png 869w, https:\/\/www.terpenetech.eu\/wp-content\/uploads\/2021\/09\/Pics-Packaging-300x197.png 300w, https:\/\/www.terpenetech.eu\/wp-content\/uploads\/2021\/09\/Pics-Packaging-768x505.png 768w, https:\/\/www.terpenetech.eu\/wp-content\/uploads\/2021\/09\/Pics-Packaging-18x12.png 18w\" sizes=\"auto, (max-width: 869px) 100vw, 869px\" \/><\/a><\/figure>\n\n\n\n<div class=\"square_behind3\"><\/div>\n\n<\/div><\/div>\n\n\n<div style=\"height:120px\" aria-hidden=\"true\" class=\"wp-block-spacer\"><\/div>\n\n\n<div class=\"gb-container gb-container-9b80e502\"><div class=\"gb-inside-container\">\n<div class=\"gb-grid-wrapper gb-grid-wrapper-8588b58e\">\n<div class=\"gb-grid-column gb-grid-column-212ef83d\"><div class=\"gb-container gb-container-212ef83d\"><div class=\"gb-inside-container\">\n\n<h2 class=\"wp-block-heading\">LA LOCI\u00d3N CONTRA PIOJOS TERPENATOR HA SUPERADO TODAS LAS PRUEBAS DE ESTABILIDAD NECESARIAS<\/h2>\n\n<\/div><\/div><\/div>\n\n<div class=\"gb-grid-column gb-grid-column-f28311f5\"><div class=\"gb-container gb-container-f28311f5\"><div class=\"gb-inside-container\"><\/div><\/div><\/div>\n<\/div>\n\n<div class=\"gb-grid-wrapper gb-grid-wrapper-4bc39c22\">\n<div class=\"gb-grid-column gb-grid-column-3015ed81\"><div class=\"gb-container gb-container-3015ed81\"><div class=\"gb-inside-container\">\n\n<ul class=\"wp-block-list\"><li>Materiales de envasado elegidos para evitar la p\u00e9rdida del ingrediente activo\u2028<br>Probada en horno: 2 semanas a 52\u00a0\u00b0C y GC-MS probado para confirmar que no hay p\u00e9rdida de activo<\/li><li>F\u00f3rmula estable seg\u00fan los est\u00e1ndares de ICH 6\u00a0meses<br>Probada en condiciones de temperatura normal, fr\u00eda y c\u00e1lida<\/li><\/ul>\n\n<\/div><\/div><\/div>\n\n<div class=\"gb-grid-column gb-grid-column-7d0a8bb6\"><div class=\"gb-container gb-container-7d0a8bb6\"><div class=\"gb-inside-container\">\n\n<ul class=\"wp-block-list\"><li><span style=\"font-size: inherit;\">Pruebas qu\u00edmicas y f\u00edsicas para confirmar la estabilidad del pH, la densidad, la viscosidad, el aspecto y el color<\/span><\/li><li>Prueba de provocaci\u00f3n realizada para confirmar la estabilidad antibacteriana<\/li><li>Estabilidad ambiental, de transporte y en uso probada<\/li><\/ul>\n\n<\/div><\/div><\/div>\n<\/div>\n<\/div><\/div>\n\n\n<div style=\"height:100px\" aria-hidden=\"true\" class=\"wp-block-spacer\"><\/div>\n\n\n<div class=\"gb-container gb-container-68e44d8a\"><div class=\"gb-inside-container\">\n\n<div class=\"wp-block-image\"><figure class=\"aligncenter size-full\"><a href=\"https:\/\/www.terpenetech.eu\/wp-content\/uploads\/2021\/09\/Picto-Bottle.png\"><img loading=\"lazy\" decoding=\"async\" width=\"44\" height=\"100\" src=\"https:\/\/www.terpenetech.eu\/wp-content\/uploads\/2021\/09\/Picto-Bottle.png\" alt=\"\" class=\"wp-image-3458\" srcset=\"https:\/\/www.terpenetech.eu\/wp-content\/uploads\/2021\/09\/Picto-Bottle.png 44w, https:\/\/www.terpenetech.eu\/wp-content\/uploads\/2021\/09\/Picto-Bottle-5x12.png 5w\" sizes=\"auto, (max-width: 44px) 100vw, 44px\" \/><\/a><\/figure><\/div>\n\n\n\n<div style=\"height:20px\" aria-hidden=\"true\" class=\"wp-block-spacer\"><\/div>\n\n\n\n<h2 class=\"has-text-align-center wp-block-heading\"><span class=\"has-inline-color has-white-color\">De etiqueta privada.<\/span><\/h2>\n\n\n\n<p class=\"has-text-align-center\"><p class=\"has-text-align-center\" style=\"margin-top: -20px;\">Posibles territorios de distribuci\u00f3n a discutir.<\/p><\/p>\n\n\n\n<div class=\"wp-block-buttons is-content-justification-center is-layout-flex wp-block-buttons-is-layout-flex\">\n<div class=\"wp-block-button\"><a class=\"wp-block-button__link has-black-color has-white-background-color has-text-color has-background\" style=\"border-radius:6px\">Cont\u00e1ctenos para obtener m\u00e1s informaci\u00f3n<\/a><\/div>\n<\/div>\n\n\n\n<p><a role=\"button\" href=\"https:\/\/www.terpenetech.eu\/es\/contactenos\/\"><br>CONT\u00c1CTENOS PARA OBTENER M\u00c1S INFORMACI\u00d3N<br><\/a><\/p>\n\n<\/div><\/div>","protected":false},"excerpt":{"rendered":"<p>100% effective with one applicationUniversity TestedConsumer Friendly Very efficient product Field studies Easy application and easy rinsing Head &#8230; <\/p>\n<p class=\"read-more-container\"><a title=\"LOCI\u00d3N PARA PIOJOS\" class=\"read-more button\" href=\"https:\/\/www.terpenetech.eu\/es\/head-lice-lotion\/#more-2679\" aria-label=\"Leer m\u00e1s sobre Head Lice Lotion\">Leer m\u00e1s<\/a><\/p>","protected":false},"author":4,"featured_media":0,"parent":0,"menu_order":0,"comment_status":"closed","ping_status":"closed","template":"","meta":{"_seopress_robots_primary_cat":"","_seopress_titles_title":"Terpenator Head Lice Lotion - TERPENETECH LTD","_seopress_titles_desc":"A registered medical device manufactured by Terpenetech LTD","_seopress_robots_index":"","footnotes":""},"class_list":["post-2679","page","type-page","status-publish"],"_links":{"self":[{"href":"https:\/\/www.terpenetech.eu\/es\/wp-json\/wp\/v2\/pages\/2679","targetHints":{"allow":["GET"]}}],"collection":[{"href":"https:\/\/www.terpenetech.eu\/es\/wp-json\/wp\/v2\/pages"}],"about":[{"href":"https:\/\/www.terpenetech.eu\/es\/wp-json\/wp\/v2\/types\/page"}],"author":[{"embeddable":true,"href":"https:\/\/www.terpenetech.eu\/es\/wp-json\/wp\/v2\/users\/4"}],"replies":[{"embeddable":true,"href":"https:\/\/www.terpenetech.eu\/es\/wp-json\/wp\/v2\/comments?post=2679"}],"version-history":[{"count":0,"href":"https:\/\/www.terpenetech.eu\/es\/wp-json\/wp\/v2\/pages\/2679\/revisions"}],"wp:attachment":[{"href":"https:\/\/www.terpenetech.eu\/es\/wp-json\/wp\/v2\/media?parent=2679"}],"curies":[{"name":"wp","href":"https:\/\/api.w.org\/{rel}","templated":true}]}}