{"id":786,"date":"2017-04-13T09:12:30","date_gmt":"2017-04-13T09:12:30","guid":{"rendered":"https:\/\/www.terpenetech.eu\/?page_id=786"},"modified":"2025-05-13T08:50:06","modified_gmt":"2025-05-13T08:50:06","slug":"terpenetech","status":"publish","type":"page","link":"https:\/\/www.terpenetech.eu\/de\/","title":{"rendered":"Home"},"content":{"rendered":"<h1 class=\"gb-headline gb-headline-5f432b52 gb-headline-text\">BESSER <span style=\"color:#54595f\" class=\"has-inline-color\">LEBEN IN EINER<\/span> BESSEREN <span style=\"color:#54595f\" class=\"has-inline-color\">ZUKUNFT<\/span><\/h1>\n\n\n<div class=\"gb-grid-wrapper gb-grid-wrapper-433793f6\">\n<div class=\"gb-grid-column gb-grid-column-bd6af51b\"><div class=\"gb-container gb-container-bd6af51b\"><div class=\"gb-inside-container\">\n<div class=\"wp-block-image\">\n<figure class=\"aligncenter\"><img decoding=\"async\" src=\"https:\/\/www.terpenetech.eu\/wp-content\/uploads\/2019\/12\/Logo-YPorange-245x300.png\" alt=\"\"\/><\/figure>\n<\/div>\n<\/div><\/div><\/div>\n\n<div class=\"gb-grid-column gb-grid-column-6afde3ba\"><div class=\"gb-container gb-container-6afde3ba\"><div class=\"gb-inside-container\">\n\n<p>Die Mission von TerpeneTech ist es, L\u00f6sungen bereitzustellen, die Menschen und Tiere vor Mikroorganismen und Insekten sch\u00fctzen.<\/p>\n\n\n\n<p>Terpene sind die Bausteine \u00e4therischer \u00d6le. Pflanzen verwenden \u00e4therische \u00d6le zum Schutz vor Schadorganismen. \u00c4therische \u00d6le sind zu einem wichtigen Bereich der Forschung und Entwicklung geworden, um Pestizide und synthetische mikrobenhemmende Mittel zu ersetzen.<\/p>\n\n\n\n<p>Unsere einzigartige patentierte Verkapselungstechnologie erm\u00f6glicht es uns, die aktiven Terpene freizugeben und freizusetzen, wann und wo sie ben\u00f6tigt werden.<\/p>\n\n\n\n<div class=\"wp-block-buttons is-layout-flex wp-block-buttons-is-layout-flex\">\n<div class=\"wp-block-button is-style-fill\"><a class=\"wp-block-button__link wp-element-button\" style=\"border-radius:6px\">MEHR ERFAHREN<\/a><\/div>\n<\/div>\n\n<\/div><\/div><\/div>\n<\/div>\n\n\n<div style=\"height:100px\" aria-hidden=\"true\" class=\"wp-block-spacer\"><\/div>\n\n\n\n<h2 class=\"gb-headline gb-headline-24b23606 gb-headline-text\">YP TECHNOLOGY<\/h2>\n\n\n\n<h4 class=\"wp-block-heading has-text-align-center\">NAT\u00dcRLICH PROGRAMMIERT, UM DORT AKTIV ZU WERDEN, WANN UND WO WIR ES BRAUCHEN<\/h4>\n\n\n\n<div style=\"padding:56.25% 0 0 0;position:relative;\"><iframe src=\"https:\/\/player.vimeo.com\/video\/1083809070?h=994ffa7620&amp;autoplay=1&amp;loop=1&amp;muted=1&amp;background=1&amp;badge=0&amp;autopause=0&amp;player_id=0&amp;app_id=58479\" frameborder=\"0\" allow=\"autoplay; fullscreen; picture-in-picture\" allowfullscreen=\"\" style=\"position:absolute;top:0;left:0;width:100%;height:100%;\" title=\"YP-TECHNOLOGIE\"><\/iframe><\/div><script src=\"https:\/\/player.vimeo.com\/api\/player.js\"><\/script>\n\n\n<div class=\"gb-container gb-container-df89b94d\"><div class=\"gb-inside-container\">\n\n<p>Unsere patentierte Technologie verwendet nat\u00fcrliche ausgeh\u00f6hlte Partikel, um die aktiven Terpene zu verkapseln. Wenn Feuchtigkeit vorhanden ist, quellen die Partikel auf und setzen langsam ihre Terpen-Ladung frei. Nach dem Trocknen schrumpfen und schlie\u00dfen sich die Partikel und halten ihre Terpen-Ladung fest, bis der n\u00e4chste Feuchtigkeitszyklus wieder beginnt. Das Produkt funktioniert effektiv, wann und wo Sie es ben\u00f6tigen!<\/p>\n\n\n\n<div class=\"wp-block-buttons is-horizontal is-content-justification-center is-layout-flex wp-container-core-buttons-is-layout-499968f5 wp-block-buttons-is-layout-flex\">\n<div class=\"wp-block-button\"><a class=\"wp-block-button__link wp-element-button\" href=\"https:\/\/www.terpenetech.eu\/de\/yp-technologie\/\" style=\"border-radius:6px\">MEHR ERFAHREN<\/a><\/div>\n<\/div>\n\n<\/div><\/div>\n\n\n<div style=\"height:100px\" aria-hidden=\"true\" class=\"wp-block-spacer\"><\/div>\n\n\n\n<h2 class=\"gb-headline gb-headline-4b298da4 gb-headline-text\">BIOZID<\/h2>\n\n\n\n<h4 class=\"wp-block-heading has-text-align-center\">GERANIOL-BIOZID VEGETAL UND PUR SEIT 29. NOVEMBER 2017 VERF\u00dcGBAR<\/h4>\n\n\n\n<h5 class=\"wp-block-heading has-text-align-center\">GERANIOL IST AUF DER LISTE F\u00dcR WIRKSTOFFE UND LIEFERANTEN DER ECHA (EUROP\u00c4ISCHE CHEMIKALIENAGENTUR)  AUFGEF\u00dcHRT.<\/h5>\n\n\n<div class=\"gb-grid-wrapper gb-grid-wrapper-435f8806\">\n<div class=\"gb-grid-column gb-grid-column-3bfd2df9\"><div class=\"gb-container gb-container-3bfd2df9\"><div class=\"gb-inside-container\">\n<div class=\"wp-block-image\">\n<figure class=\"aligncenter\"><img decoding=\"async\" src=\"https:\/\/www.terpenetech.eu\/wp-content\/uploads\/2017\/10\/eu_1282-300x202.png\" alt=\"\"\/><\/figure>\n<\/div>\n<\/div><\/div><\/div>\n\n<div class=\"gb-grid-column gb-grid-column-337c519f\"><div class=\"gb-container gb-container-337c519f\"><div class=\"gb-inside-container\">\n\n<p>TERPENETECH ist ein von der ECHA nach Artikel 95 zugelassener <a href=\"https:\/\/www.terpenetech.eu\/de\/geraniol-ist-ein-sicherer-wirksamer-und-naturlicher-aktiver-biozid-inhaltsstoff\/\">Geraniol-Biozid<\/a> f\u00fcr folgende Produktkategorien:<\/p>\n\n\n\n<p>\u2022 PT 18 (Insektizide, Akarizide und Produkte zur Bek\u00e4mpfung anderer Arthropoden),<br>\u2022 PT 19 (Repellentien und Lockstoffe)<\/p>\n\n\n\n<div class=\"wp-block-buttons is-layout-flex wp-block-buttons-is-layout-flex\">\n<div class=\"wp-block-button\"><a class=\"wp-block-button__link wp-element-button\" href=\"https:\/\/www.terpenetech.eu\/de\/geraniol-biozid\/\" style=\"border-radius:6px\">MEHR ERFAHREN<\/a><\/div>\n<\/div>\n\n<\/div><\/div><\/div>\n<\/div>\n\n\n<div style=\"height:100px\" aria-hidden=\"true\" class=\"wp-block-spacer\"><\/div>\n\n\n\n<h2 class=\"wp-block-heading has-text-align-center\">PRODUKTE<\/h2>\n\n\n\n<h4 class=\"wp-block-heading has-text-align-center\">WIR ENTWICKELN PRODUKTE, DIE DAS LEBEN VON MENSCHEN UND TIEREN VERBESSERN<\/h4>\n\n\n\n<div style=\"height:20px\" aria-hidden=\"true\" class=\"wp-block-spacer\"><\/div>\n\n\n<div class=\"gb-grid-wrapper gb-grid-wrapper-ce66a87c\">\n<div class=\"gb-grid-column gb-grid-column-36d6359f\"><div class=\"gb-container gb-container-36d6359f\"><div class=\"gb-inside-container\">\n\n<div class=\"wp-block-image\"><figure class=\"aligncenter is-resized\"><a href=\"https:\/\/www.terpenetech.eu\/de\/category\/produkte\/personliche-und-medizinische-pflege\/\"><img loading=\"lazy\" decoding=\"async\" src=\"https:\/\/www.terpenetech.eu\/wp-content\/uploads\/2017\/10\/environemental-spray-1.png\" alt=\"\" width=\"100\" height=\"100\"\/><\/a><\/figure><\/div>\n\n\n\n<div style=\"height:20px\" aria-hidden=\"true\" class=\"wp-block-spacer\"><\/div>\n\n\n\n<h3 class=\"has-text-align-center wp-block-heading\"><a href=\"https:\/\/www.terpenetech.eu\/de\/category\/produkte\/personliche-und-medizinische-pflege\/\">PERS\u00d6NLICHE &amp; MEDIZINISCHE PFLEGE<\/a><\/h3>\n\n\n\n<div class=\"wp-block-buttons alignwide is-content-justification-center is-layout-flex wp-block-buttons-is-layout-flex\">\n<div class=\"wp-block-button\"><a class=\"wp-block-button__link\" href=\"https:\/\/www.terpenetech.eu\/de\/produkte\/personliche-und-medizinische-pflege\/\" style=\"border-radius:6px\">MEHR ERFAHREN<\/a><\/div>\n<\/div>\n\n\n\n<div style=\"height:50px\" aria-hidden=\"true\" class=\"wp-block-spacer\"><\/div>\n\n<\/div><\/div><\/div>\n\n<div class=\"gb-grid-column gb-grid-column-669f93bb\"><div class=\"gb-container gb-container-669f93bb\"><div class=\"gb-inside-container\">\n\n<div class=\"wp-block-image\"><figure class=\"aligncenter is-resized\"><a href=\"https:\/\/www.terpenetech.eu\/de\/category\/produkte\/haushalt\/\"><img loading=\"lazy\" decoding=\"async\" src=\"https:\/\/www.terpenetech.eu\/wp-content\/uploads\/2017\/10\/if_Glass_Spray_112418.png\" alt=\"\" width=\"100\" height=\"100\"\/><\/a><\/figure><\/div>\n\n\n\n<div style=\"height:20px\" aria-hidden=\"true\" class=\"wp-block-spacer\"><\/div>\n\n\n\n<h3 class=\"has-text-align-center wp-block-heading\"><a href=\"https:\/\/www.terpenetech.eu\/de\/category\/produkte\/haushalt\/\">HAUSHALT<\/a><\/h3>\n\n\n\n<div class=\"wp-block-buttons is-content-justification-center is-layout-flex wp-block-buttons-is-layout-flex\">\n<div class=\"wp-block-button\"><a class=\"wp-block-button__link\" href=\"https:\/\/www.terpenetech.eu\/de\/produkte\/haushalt\/\" style=\"border-radius:6px\">MEHR ERFAHREN<\/a><\/div>\n<\/div>\n\n\n\n<div style=\"height:50px\" aria-hidden=\"true\" class=\"wp-block-spacer\"><\/div>\n\n<\/div><\/div><\/div>\n<\/div>\n\n<div class=\"gb-grid-wrapper gb-grid-wrapper-f0ef6049\">\n<div class=\"gb-grid-column gb-grid-column-42442c7a\"><div class=\"gb-container gb-container-42442c7a\"><div class=\"gb-inside-container\">\n\n<div class=\"wp-block-image\"><figure class=\"aligncenter is-resized\"><a href=\"https:\/\/www.terpenetech.eu\/de\/category\/produkte\/agro-industry\/\"><img loading=\"lazy\" decoding=\"async\" src=\"https:\/\/www.terpenetech.eu\/wp-content\/uploads\/2017\/10\/if_hen_2117289.png\" alt=\"\" width=\"100\" height=\"100\"\/><\/a><\/figure><\/div>\n\n\n\n<div style=\"height:20px\" aria-hidden=\"true\" class=\"wp-block-spacer\"><\/div>\n\n\n\n<h3 class=\"has-text-align-center wp-block-heading\"><a href=\"https:\/\/www.terpenetech.eu\/de\/category\/produkte\/agro-industry\/\">AGRARINDUSTRIE<\/a><\/h3>\n\n\n\n<div class=\"wp-block-buttons is-content-justification-center is-layout-flex wp-block-buttons-is-layout-flex\">\n<div class=\"wp-block-button\"><a class=\"wp-block-button__link\" href=\"https:\/\/www.terpenetech.eu\/de\/produkte\/agrarindustrie\/\" style=\"border-radius:6px\">MEHR ERFAHREN<\/a><\/div>\n<\/div>\n\n\n\n<div style=\"height:50px\" aria-hidden=\"true\" class=\"wp-block-spacer\"><\/div>\n\n<\/div><\/div><\/div>\n\n<div class=\"gb-grid-column gb-grid-column-22cd4022\"><div class=\"gb-container gb-container-22cd4022\"><div class=\"gb-inside-container\">\n\n<div class=\"wp-block-image\"><figure class=\"aligncenter is-resized\"><a href=\"https:\/\/www.terpenetech.eu\/de\/category\/produkte\/parfums-dufte\/\"><img loading=\"lazy\" decoding=\"async\" src=\"https:\/\/www.terpenetech.eu\/wp-content\/uploads\/2017\/10\/if_beauty-perfume_822045.png\" alt=\"\" width=\"100\" height=\"100\"\/><\/a><\/figure><\/div>\n\n\n\n<div style=\"height:20px\" aria-hidden=\"true\" class=\"wp-block-spacer\"><\/div>\n\n\n\n<h3 class=\"has-text-align-center wp-block-heading\"><a href=\"https:\/\/www.terpenetech.eu\/de\/category\/produkte\/parfums-dufte\/\">PARFUMS &amp; D\u00dcFTE<\/a><\/h3>\n\n\n\n<div class=\"wp-block-buttons is-content-justification-center is-layout-flex wp-block-buttons-is-layout-flex\">\n<div class=\"wp-block-button\"><a class=\"wp-block-button__link\" href=\"https:\/\/www.terpenetech.eu\/de\/produkte\/parfums-dufte\/\" style=\"border-radius:6px\">MEHR ERFAHREN<\/a><\/div>\n<\/div>\n\n\n\n<div style=\"height:50px\" aria-hidden=\"true\" class=\"wp-block-spacer\"><\/div>\n\n<\/div><\/div><\/div>\n<\/div>\n\n\n<div style=\"height:100px\" aria-hidden=\"true\" class=\"wp-block-spacer\"><\/div>\n\n\n\n<h2 class=\"wp-block-heading has-text-align-center\">IP &amp; KNOW-HOW<\/h2>\n\n\n<div class=\"gb-container gb-container-b891c83b\"><div class=\"gb-inside-container\">\n<div class=\"gb-grid-wrapper gb-grid-wrapper-cdbb9bed\">\n<div class=\"gb-grid-column gb-grid-column-210556de\"><div class=\"gb-container gb-container-210556de\"><div class=\"gb-inside-container\">\n<div class=\"wp-block-image\">\n<figure class=\"alignleft is-resized\"><img decoding=\"async\" src=\"https:\/\/www.terpenetech.eu\/wp-content\/uploads\/2017\/10\/ICO_RD2.png\" alt=\"\" style=\"width:50px;height:50px\"\/><\/figure>\n<\/div>\n<\/div><\/div><\/div>\n\n<div class=\"gb-grid-column gb-grid-column-cd5b7c30\"><div class=\"gb-container gb-container-cd5b7c30\"><div class=\"gb-inside-container\">\n\n<h3 class=\"wp-block-heading\">F&amp;E<\/h3>\n\n\n\n<p>Unsere universit\u00e4re Forschungs- und Entwicklungsabteilung arbeitet st\u00e4ndig daran, die optimalen Kombinationen von Terpenen f\u00fcr bestimmte Anwendungen zu finden, die synergetisch mit unserer YP-Technologie zusammenwirken.<br>Wir arbeiten weltweit mit Universit\u00e4ten und unabh\u00e4ngigen Labors in den Bereichen Forschung und Entwicklung, Wirksamkeit, Toxikologie, Stabilit\u00e4t und \u00d6kotoxikologie zusammen.<\/p>\n\n<\/div><\/div><\/div>\n<\/div>\n<\/div><\/div>\n\n<div class=\"gb-container gb-container-76424239\"><div class=\"gb-inside-container\">\n<div class=\"gb-grid-wrapper gb-grid-wrapper-d321007b\">\n<div class=\"gb-grid-column gb-grid-column-bad0341e\"><div class=\"gb-container gb-container-bad0341e\"><div class=\"gb-inside-container\">\n<div class=\"wp-block-image\">\n<figure class=\"alignleft is-resized\"><img decoding=\"async\" src=\"https:\/\/www.terpenetech.eu\/wp-content\/uploads\/2017\/10\/ICO_REGULATORY2.png\" alt=\"\" style=\"width:50px;height:50px\"\/><\/figure>\n<\/div>\n<\/div><\/div><\/div>\n\n<div class=\"gb-grid-column gb-grid-column-229d9231\"><div class=\"gb-container gb-container-229d9231\"><div class=\"gb-inside-container\">\n\n<h3 class=\"wp-block-heading\">REGULATORISCHES<\/h3>\n\n\n\n<p>TerpeneTech ist in drei europ\u00e4ischen Regulierungskategorien aktiv:<\/p>\n\n\n\n<p><b>Medizinprodukt 2017\/745<\/b><br>TerpeneTech ist Hersteller von Medizinprodukten der Klasse 1<\/p>\n\n\n\n<p><b>Biozidproduktverordnung 528\/2012<\/b><br>TerpeneTech hat eine Zulassung gem\u00e4\u00df Artikel\u00a095 der Biozid-Verordnung f\u00fcr den Wirkstoff Geraniol erhalten, ist jetzt eine von der ECHA gelistete Lieferantenquelle f\u00fcr Geraniol und kann in Repellent-PT19- und Insektizid-PT18-Produkten verwendet werden.<\/p>\n\n\n\n<p><b>Kosmetikverordnung 1223\/2009<\/b><br>TerpeneTech ist Hersteller und Dateninhaber von Kosmetikprodukten.<\/p>\n\n<\/div><\/div><\/div>\n<\/div>\n<\/div><\/div>\n\n<div class=\"gb-container gb-container-c8dd9c30\"><div class=\"gb-inside-container\">\n<div class=\"gb-grid-wrapper gb-grid-wrapper-1dee13ba\">\n<div class=\"gb-grid-column gb-grid-column-298818b2\"><div class=\"gb-container gb-container-298818b2\"><div class=\"gb-inside-container\">\n<div class=\"wp-block-image\">\n<figure class=\"alignleft is-resized\"><img decoding=\"async\" src=\"https:\/\/www.terpenetech.eu\/wp-content\/uploads\/2017\/10\/ICO_MANUFACTURING2.png\" alt=\"\" style=\"width:50px;height:50px\"\/><\/figure>\n<\/div>\n<\/div><\/div><\/div>\n\n<div class=\"gb-grid-column gb-grid-column-d86680fa\"><div class=\"gb-container gb-container-d86680fa\"><div class=\"gb-inside-container\">\n\n<h3 class=\"wp-block-heading\">HERSTELLUNG<\/h3>\n\n\n\n<p>Alle Produktionsst\u00e4tten befinden sich in der N\u00e4he der Vertriebsgebiete und sind nach ISO\u00a09001 und ISO\u00a013485 (Medizinprodukte) registriert.<\/p>\n\n\n\n<p><b>We can manufacture small and large batches of ready to<br>use bulk, concentrates and finished products.<\/b><\/p>\n\n<\/div><\/div><\/div>\n<\/div>\n<\/div><\/div>","protected":false},"excerpt":{"rendered":"<p>Better living brighter future YP TECHNOLOGY NATURALLY PROGRAMMED TO WORK WHEN AND WHERE WE NEED IT Our patented &#8230; <\/p>\n<p class=\"read-more-container\"><a title=\"Home\" class=\"read-more button\" href=\"https:\/\/www.terpenetech.eu\/de\/#more-786\" aria-label=\"Mehr Informationen \u00fcber Home\">Weiterlesen &#8230;<\/a><\/p>","protected":false},"author":4,"featured_media":752,"parent":0,"menu_order":0,"comment_status":"closed","ping_status":"closed","template":"","meta":{"_seopress_robots_primary_cat":"","_seopress_titles_title":"TerpeneTech : Better Living, Brighter Future","_seopress_titles_desc":"TerpeneTech\u2019s mission is to provide solutions that help to protect Humans and Animals from microorganisms and insects.","_seopress_robots_index":"","footnotes":""},"class_list":["post-786","page","type-page","status-publish","has-post-thumbnail"],"_links":{"self":[{"href":"https:\/\/www.terpenetech.eu\/de\/wp-json\/wp\/v2\/pages\/786","targetHints":{"allow":["GET"]}}],"collection":[{"href":"https:\/\/www.terpenetech.eu\/de\/wp-json\/wp\/v2\/pages"}],"about":[{"href":"https:\/\/www.terpenetech.eu\/de\/wp-json\/wp\/v2\/types\/page"}],"author":[{"embeddable":true,"href":"https:\/\/www.terpenetech.eu\/de\/wp-json\/wp\/v2\/users\/4"}],"replies":[{"embeddable":true,"href":"https:\/\/www.terpenetech.eu\/de\/wp-json\/wp\/v2\/comments?post=786"}],"version-history":[{"count":0,"href":"https:\/\/www.terpenetech.eu\/de\/wp-json\/wp\/v2\/pages\/786\/revisions"}],"wp:featuredmedia":[{"embeddable":true,"href":"https:\/\/www.terpenetech.eu\/de\/wp-json\/wp\/v2\/media\/752"}],"wp:attachment":[{"href":"https:\/\/www.terpenetech.eu\/de\/wp-json\/wp\/v2\/media?parent=786"}],"curies":[{"name":"wp","href":"https:\/\/api.w.org\/{rel}","templated":true}]}}