{"id":3319,"date":"2021-09-17T14:42:43","date_gmt":"2021-09-17T14:42:43","guid":{"rendered":"https:\/\/www.terpenetech.eu\/?page_id=3319"},"modified":"2025-07-28T10:09:04","modified_gmt":"2025-07-28T10:09:04","slug":"yp-technologie","status":"publish","type":"page","link":"https:\/\/www.terpenetech.eu\/de\/yp-technology\/","title":{"rendered":"YP-TECHNOLOGIE"},"content":{"rendered":"<h1 class=\"gb-headline gb-headline-18d63bc2 gb-headline-text\">YP-TECHNOLOGIE<\/h1>\n\n\n<div class=\"gb-container gb-container-1f15e2b9\"><div class=\"gb-inside-container\">\n\n<div style=\"padding:56.25% 0 0 0;position:relative;\"><iframe src=\"https:\/\/player.vimeo.com\/video\/1083809070?h=994ffa7620&amp;autoplay=1&amp;loop=1&amp;muted=1&amp;background=1&amp;badge=0&amp;autopause=0&amp;player_id=0&amp;app_id=58479\" frameborder=\"0\" allow=\"autoplay; fullscreen; picture-in-picture\" allowfullscreen=\"\" style=\"position:absolute;top:0;left:0;width:100%;height:100%;\" title=\"YP-TECHNOLOGIE\"><\/iframe><\/div><script src=\"https:\/\/player.vimeo.com\/api\/player.js\"><\/script>\n\n\n\n<div style=\"height:50px\" aria-hidden=\"true\" class=\"wp-block-spacer\"><\/div>\n\n\n\n<p>Die patentierte Technologie verwendet nat\u00fcrliche Hohlpartikel, um sowohl einzelne als auch Kombinationen von Terpenen zu verkapseln. Wenn Feuchtigkeit vorhanden ist, quellen die nat\u00fcrlichen Partikel auf und setzen langsam ihre Terpenladungen frei. Feuchtigkeit kann durch Regen, Tau, Nebel, Schwei\u00df oder nat\u00fcrliche Hautfeuchtigkeit entstehen. Wenn die Feuchtigkeit verschwindet, schrumpfen die Partikel und halten ihre Ladungen fest, bis die Feuchtigkeit den Zyklus erneut starten l\u00e4sst. Feuchtigkeit ist ein Schl\u00fcsselbestandteil f\u00fcr das Wachstum von Mikroorganismen. Die gleiche Feuchtigkeit, die Mikroorganismen zum Wachsen ben\u00f6tigen, hat zur Folge, dass die antimikrobiellen Terpene freigesetzt werden. Dadurch werden Bakterien, Schimmel und Pilze abget\u00f6tet. Das Produkt funktioniert effektiv, wann und wo Sie es ben\u00f6tigen!<\/p>\n\n<\/div><\/div>\n\n<div class=\"wp-block-image\">\n<figure class=\"aligncenter size-full\"><a href=\"https:\/\/www.terpenetech.eu\/wp-content\/uploads\/2017\/10\/YPTECHNOLOGY_PROCESS2.png\"><img loading=\"lazy\" decoding=\"async\" width=\"870\" height=\"543\" src=\"https:\/\/www.terpenetech.eu\/wp-content\/uploads\/2017\/10\/YPTECHNOLOGY_PROCESS2.png\" alt=\"\" class=\"wp-image-1397\" srcset=\"https:\/\/www.terpenetech.eu\/wp-content\/uploads\/2017\/10\/YPTECHNOLOGY_PROCESS2.png 870w, https:\/\/www.terpenetech.eu\/wp-content\/uploads\/2017\/10\/YPTECHNOLOGY_PROCESS2-300x187.png 300w, https:\/\/www.terpenetech.eu\/wp-content\/uploads\/2017\/10\/YPTECHNOLOGY_PROCESS2-768x479.png 768w, https:\/\/www.terpenetech.eu\/wp-content\/uploads\/2017\/10\/YPTECHNOLOGY_PROCESS2-800x500.png 800w\" sizes=\"auto, (max-width: 870px) 100vw, 870px\" \/><\/a><\/figure>\n<\/div>","protected":false},"excerpt":{"rendered":"<p>YP Technology The patented technology uses natural hollow particles to encapsulate both individual and combinations of terpenes. In &#8230; <\/p>\n<p class=\"read-more-container\"><a title=\"YP-TECHNOLOGIE\" class=\"read-more button\" href=\"https:\/\/www.terpenetech.eu\/de\/yp-technology\/#more-3319\" aria-label=\"Mehr Informationen \u00fcber YP Technology\">Weiterlesen &#8230;<\/a><\/p>","protected":false},"author":4,"featured_media":0,"parent":0,"menu_order":0,"comment_status":"closed","ping_status":"closed","template":"","meta":{"_seopress_robots_primary_cat":"","_seopress_titles_title":"","_seopress_titles_desc":"","_seopress_robots_index":"","footnotes":""},"class_list":["post-3319","page","type-page","status-publish"],"_links":{"self":[{"href":"https:\/\/www.terpenetech.eu\/de\/wp-json\/wp\/v2\/pages\/3319","targetHints":{"allow":["GET"]}}],"collection":[{"href":"https:\/\/www.terpenetech.eu\/de\/wp-json\/wp\/v2\/pages"}],"about":[{"href":"https:\/\/www.terpenetech.eu\/de\/wp-json\/wp\/v2\/types\/page"}],"author":[{"embeddable":true,"href":"https:\/\/www.terpenetech.eu\/de\/wp-json\/wp\/v2\/users\/4"}],"replies":[{"embeddable":true,"href":"https:\/\/www.terpenetech.eu\/de\/wp-json\/wp\/v2\/comments?post=3319"}],"version-history":[{"count":1,"href":"https:\/\/www.terpenetech.eu\/de\/wp-json\/wp\/v2\/pages\/3319\/revisions"}],"predecessor-version":[{"id":3997,"href":"https:\/\/www.terpenetech.eu\/de\/wp-json\/wp\/v2\/pages\/3319\/revisions\/3997"}],"wp:attachment":[{"href":"https:\/\/www.terpenetech.eu\/de\/wp-json\/wp\/v2\/media?parent=3319"}],"curies":[{"name":"wp","href":"https:\/\/api.w.org\/{rel}","templated":true}]}}