{"id":2755,"date":"2020-06-24T12:50:35","date_gmt":"2020-06-24T12:50:35","guid":{"rendered":"https:\/\/www.terpenetech.eu\/?page_id=2755"},"modified":"2021-09-17T14:33:58","modified_gmt":"2021-09-17T14:33:58","slug":"leistung","status":"publish","type":"page","link":"https:\/\/www.terpenetech.eu\/de\/company\/performance\/","title":{"rendered":"LEISTUNG"},"content":{"rendered":"<h1 class=\"has-text-align-center wp-block-heading\">Terpenetech <span style=\"color: #54595f;\">LEISTUNG<\/span><\/h1>\n\n\n\n<h2 class=\"has-text-align-center wp-block-heading\">DIE LEISTUNG DES PRODUKTS ERF\u00dcLLT ODER \u00dcBERTRIFFT DIE ERWARTUNGEN<\/h2>\n\n\n\n<p>Terpene haben bekannte Nachteile, da sie fl\u00fcchtig sind und schnell verdampfen, wodurch sie eine kurzfristige Restaktivit\u00e4t aufweisen. Durch die Verwendung der patentierten Hefepartikel-Mikroverkapselungstechnologie von Eden Research k\u00f6nnen die mit Terpenen verbundenen Probleme \u00fcberwunden und wirksame, ungiftige Biozide entwickelt und auf den Markt gebracht werden.<br>Neben Terpenen hat TerpeneTech auch Technologie- und Produktformulierungen entwickelt, die auf anderen nat\u00fcrlichen Wirkstoffen und reaktionstr\u00e4gen Inhaltsstoffen basieren. Die neuen Formulierungen haben in Produkten f\u00fcr Menschen, Haustiere, Pferde, Gefl\u00fcgel und Rinder ausgezeichnete Wirksamkeit gezeigt.<\/p>\n\n\n\n<p>Die Strategie von TerpeneTech besteht darin, wirksame nat\u00fcrliche Weltklasse-Biozidprodukte zu entwickeln, zu testen, zu vermarkten und in Zusammenarbeit mit f\u00fchrenden Unternehmen weltweit auf den Markt zu bringen.<\/p>\n\n\n\n<div style=\"height:50px\" aria-hidden=\"true\" class=\"wp-block-spacer\"><\/div>\n\n\n<div class=\"gb-grid-wrapper gb-grid-wrapper-f169a147\">\n<div class=\"gb-grid-column gb-grid-column-386d7d9c\"><div class=\"gb-container gb-container-386d7d9c\"><div class=\"gb-inside-container\">\n\n<p style=\"text-align: center;\"><a href=\"https:\/\/www.terpenetech.eu\/de\/uber\/philosophie\/\"><i class=\"fas fa-dot-circle\" style=\"color: #52BB35; font-size: 70px;\"><\/i><\/a><\/p>\n\n\n\n<h3 class=\"has-text-align-center wp-block-heading\"><a href=\"https:\/\/www.terpenetech.eu\/de\/uber\/philosophie\/\">PHILOSOPHIE<\/a><\/h3>\n\n\n\n<p><\/p>\n\n<\/div><\/div><\/div>\n\n<div class=\"gb-grid-column gb-grid-column-34760ac8\"><div class=\"gb-container gb-container-34760ac8\"><div class=\"gb-inside-container\">\n\n<p style=\"text-align: center;\"><a href=\"https:\/\/www.terpenetech.eu\/de\/uber\/geschichte\/\"><i class=\"fas fa-calendar-alt\" style=\"color: #52BB35; font-size: 70px;\"><\/i><\/a><\/p>\n\n\n\n<h3 class=\"has-text-align-center wp-block-heading\"><a href=\"https:\/\/www.terpenetech.eu\/de\/uber\/geschichte\/\">GESCHICHTE<\/a><\/h3>\n\n<\/div><\/div><\/div>\n\n<div class=\"gb-grid-column gb-grid-column-4cac1503\"><div class=\"gb-container gb-container-4cac1503\"><div class=\"gb-inside-container\">\n\n<p style=\"text-align: center;\"><a href=\"https:\/\/www.terpenetech.eu\/de\/uber\/team\/\"><i class=\"fas fa-user-circle\" style=\"color: #52BB35; font-size: 70px;\"><\/i><\/a><\/p>\n\n\n\n<h3 class=\"has-text-align-center wp-block-heading\"><a href=\"https:\/\/www.terpenetech.eu\/de\/uber\/team\/\">TEAM<\/a><\/h3>\n\n<\/div><\/div><\/div>\n\n<div class=\"gb-grid-column gb-grid-column-870e4ad4\"><div class=\"gb-container gb-container-870e4ad4\"><div class=\"gb-inside-container\">\n\n<p style=\"text-align: center;\"><a href=\"https:\/\/www.terpenetech.eu\/de\/uber\/strategie\/\"><i class=\"fas fa-list-alt\" style=\"color: #52BB35; font-size: 70px;\"><\/i><\/a><\/p>\n\n\n\n<h3 class=\"has-text-align-center wp-block-heading\"><a href=\"https:\/\/www.terpenetech.eu\/de\/uber\/strategie\/\">STRATEGIE<\/a><\/h3>\n\n<\/div><\/div><\/div>\n\n<div class=\"gb-grid-column gb-grid-column-eccb1f92\"><div class=\"gb-container gb-container-eccb1f92\"><div class=\"gb-inside-container\">\n\n<p style=\"text-align: center;\"><a href=\"https:\/\/www.terpenetech.eu\/de\/uber\/leistung\/\"><i class=\"fas fa-flask\" style=\"color: #52BB35; font-size: 70px;\"><\/i><\/a><\/p>\n\n\n\n<h3 class=\"has-text-align-center wp-block-heading\"><a href=\"https:\/\/www.terpenetech.eu\/de\/uber\/leistung\/\">LEISTUNG<\/a><\/h3>\n\n<\/div><\/div><\/div>\n<\/div>","protected":false},"excerpt":{"rendered":"<p>Terpenetech PERFORMANCE Product performance meets or exceeds expectations Terpenes have a well known drawbacks in that they are &#8230; <\/p>\n<p class=\"read-more-container\"><a title=\"LEISTUNG\" class=\"read-more button\" href=\"https:\/\/www.terpenetech.eu\/de\/company\/performance\/#more-2755\" aria-label=\"Mehr Informationen \u00fcber Performance\">Weiterlesen &#8230;<\/a><\/p>","protected":false},"author":4,"featured_media":0,"parent":800,"menu_order":0,"comment_status":"closed","ping_status":"closed","template":"","meta":{"_seopress_robots_primary_cat":"","_seopress_titles_title":"Performance - TERPENETECH LTD","_seopress_titles_desc":"By utilizing Eden Research\u2019s patented Yeast Particle Microencapsulation Technology the problems associated with Terpenes can be overcome and effective, non-toxic Biocides can be developed and brought to market.","_seopress_robots_index":"","footnotes":""},"class_list":["post-2755","page","type-page","status-publish"],"_links":{"self":[{"href":"https:\/\/www.terpenetech.eu\/de\/wp-json\/wp\/v2\/pages\/2755","targetHints":{"allow":["GET"]}}],"collection":[{"href":"https:\/\/www.terpenetech.eu\/de\/wp-json\/wp\/v2\/pages"}],"about":[{"href":"https:\/\/www.terpenetech.eu\/de\/wp-json\/wp\/v2\/types\/page"}],"author":[{"embeddable":true,"href":"https:\/\/www.terpenetech.eu\/de\/wp-json\/wp\/v2\/users\/4"}],"replies":[{"embeddable":true,"href":"https:\/\/www.terpenetech.eu\/de\/wp-json\/wp\/v2\/comments?post=2755"}],"version-history":[{"count":0,"href":"https:\/\/www.terpenetech.eu\/de\/wp-json\/wp\/v2\/pages\/2755\/revisions"}],"up":[{"embeddable":true,"href":"https:\/\/www.terpenetech.eu\/de\/wp-json\/wp\/v2\/pages\/800"}],"wp:attachment":[{"href":"https:\/\/www.terpenetech.eu\/de\/wp-json\/wp\/v2\/media?parent=2755"}],"curies":[{"name":"wp","href":"https:\/\/api.w.org\/{rel}","templated":true}]}}