{"id":2748,"date":"2020-06-24T12:49:53","date_gmt":"2020-06-24T12:49:53","guid":{"rendered":"https:\/\/www.terpenetech.eu\/?page_id=2748"},"modified":"2021-09-17T14:25:09","modified_gmt":"2021-09-17T14:25:09","slug":"philosophie","status":"publish","type":"page","link":"https:\/\/www.terpenetech.eu\/de\/company\/philosophy\/","title":{"rendered":"PHILOSOPHIE"},"content":{"rendered":"<h1 class=\"has-text-align-center wp-block-heading\">Terpenetech <span style=\"color: #54595f;\">PHILOSOPHIE<\/span><\/h1>\n\n\n\n<p>Wir bei TerpeneTech glauben, dass die Zukunft von Bioziden in der Entwicklung und Vermarktung wirksamer Produkte auf nat\u00fcrlicher Basis liegt.<\/p>\n\n\n\n<p>TerpeneTech hat sich zum Ziel gesetzt, die Verwendung von Wirkstoffen nat\u00fcrlichen Ursprungs zu f\u00f6rdern, um Menschen und Tiere vor potenziell sch\u00e4dlichen Chemikalien und Mikroorganismen zu sch\u00fctzen. Die Natur ist eine gro\u00dfartige Inspiration und bietet oft \u00fcberlegene L\u00f6sungen. Pflanzen, zum Beispiel, sind eine Quelle f\u00fcr nat\u00fcrliche Chemikalien wie \u00e4therische \u00d6le, die sie verwenden, um sich selbst zu sch\u00fctzen. Diese Chemikalien sind eine Quelle f\u00fcr eine Vielzahl von Arzneimitteln pflanzlichen Ursprungs.<\/p>\n\n\n\n<h4 class=\"wp-block-heading\">TerpeneTech konzentriert sich darauf , <b>nat\u00fcrliche Terpenmolek\u00fcle zu identifizieren und ihre Eigenschaften zu bewerten<\/b> , um ihre Sicherheits- und Leistungspotential zu gew\u00e4hrleisten. Der Bewertungsprozess umfasst \u00d6kotoxizit\u00e4t, Biokompatibilit\u00e4t, Stabilit\u00e4t und Wirksamkeit.<\/h4>\n\n\n\n<p>Terpene auf nat\u00fcrlicher Basis weisen zahlreiche positive Eigenschaften und Vorteile bei vielseitigen Anwendungen f\u00fcr Verbraucher- und kommerzielle Produkte auf. Terpene haben jedoch ein gro\u00dfes Manko. Sie sind fl\u00fcchtig und daher in ihrer Lebensdauer begrenzt. Die Verkapselungstechnologie von TerpeneTech kann eine wichtige Rolle bei der Optimierung der Leistung nat\u00fcrlicher Terpene spielen, indem eine verz\u00f6gerte Freisetzung erm\u00f6glicht wird. Dar\u00fcber hinaus erm\u00f6glicht diese Technologie das Weglassen von Tensiden und Alkoholen aus Produktformulierungen.<\/p>\n\n\n\n<p>Der \u00dcbergang von Forschung und Entwicklung zur Marktreife erfordert vielf\u00e4ltige F\u00e4higkeiten und Know-how, um den Erfolg sicherzustellen. TerpeneTech behandelt seine Kunden als Partner und arbeitet eng mit ihnen zusammen, um optimale L\u00f6sungen zu finden. Wir teilen gemeinsame Ziele und Motive, um nachhaltige L\u00f6sungen f\u00fcr ein sichereres, besseres Leben und eine bessere Zukunft zu f\u00f6rdern.<\/p>\n\n\n<div class=\"gb-grid-wrapper gb-grid-wrapper-f169a147\">\n<div class=\"gb-grid-column gb-grid-column-386d7d9c\"><div class=\"gb-container gb-container-386d7d9c\"><div class=\"gb-inside-container\">\n\n<p style=\"text-align: center;\"><a href=\"https:\/\/www.terpenetech.eu\/de\/uber\/philosophie\/\"><i class=\"fas fa-dot-circle\" style=\"color: #52BB35; font-size: 70px;\"><\/i><\/a><\/p>\n\n\n\n<h3 class=\"has-text-align-center wp-block-heading\"><a href=\"https:\/\/www.terpenetech.eu\/de\/uber\/philosophie\/\">PHILOSOPHIE<\/a><\/h3>\n\n\n\n<p><\/p>\n\n<\/div><\/div><\/div>\n\n<div class=\"gb-grid-column gb-grid-column-34760ac8\"><div class=\"gb-container gb-container-34760ac8\"><div class=\"gb-inside-container\">\n\n<p style=\"text-align: center;\"><a href=\"https:\/\/www.terpenetech.eu\/de\/uber\/geschichte\/\"><i class=\"fas fa-calendar-alt\" style=\"color: #52BB35; font-size: 70px;\"><\/i><\/a><\/p>\n\n\n\n<h3 class=\"has-text-align-center wp-block-heading\"><a href=\"https:\/\/www.terpenetech.eu\/de\/uber\/geschichte\/\">GESCHICHTE<\/a><\/h3>\n\n<\/div><\/div><\/div>\n\n<div class=\"gb-grid-column gb-grid-column-4cac1503\"><div class=\"gb-container gb-container-4cac1503\"><div class=\"gb-inside-container\">\n\n<p style=\"text-align: center;\"><a href=\"https:\/\/www.terpenetech.eu\/de\/uber\/team\/\"><i class=\"fas fa-user-circle\" style=\"color: #52BB35; font-size: 70px;\"><\/i><\/a><\/p>\n\n\n\n<h3 class=\"has-text-align-center wp-block-heading\"><a href=\"https:\/\/www.terpenetech.eu\/de\/uber\/team\/\">TEAM<\/a><\/h3>\n\n<\/div><\/div><\/div>\n\n<div class=\"gb-grid-column gb-grid-column-870e4ad4\"><div class=\"gb-container gb-container-870e4ad4\"><div class=\"gb-inside-container\">\n\n<p style=\"text-align: center;\"><a href=\"https:\/\/www.terpenetech.eu\/de\/uber\/strategie\/\"><i class=\"fas fa-list-alt\" style=\"color: #52BB35; font-size: 70px;\"><\/i><\/a><\/p>\n\n\n\n<h3 class=\"has-text-align-center wp-block-heading\"><a href=\"https:\/\/www.terpenetech.eu\/de\/uber\/strategie\/\">STRATEGIE<\/a><\/h3>\n\n<\/div><\/div><\/div>\n\n<div class=\"gb-grid-column gb-grid-column-eccb1f92\"><div class=\"gb-container gb-container-eccb1f92\"><div class=\"gb-inside-container\">\n\n<p style=\"text-align: center;\"><a href=\"https:\/\/www.terpenetech.eu\/de\/uber\/leistung\/\"><i class=\"fas fa-flask\" style=\"color: #52BB35; font-size: 70px;\"><\/i><\/a><\/p>\n\n\n\n<h3 class=\"has-text-align-center wp-block-heading\"><a href=\"https:\/\/www.terpenetech.eu\/de\/uber\/leistung\/\">LEISTUNG<\/a><\/h3>\n\n<\/div><\/div><\/div>\n<\/div>","protected":false},"excerpt":{"rendered":"<p>Terpenetech PHILOSOPHY TerpeneTech believes that the future of Biocides lies in the development and commercialization of effective natural &#8230; <\/p>\n<p class=\"read-more-container\"><a title=\"PHILOSOPHIE\" class=\"read-more button\" href=\"https:\/\/www.terpenetech.eu\/de\/company\/philosophy\/#more-2748\" aria-label=\"Mehr Informationen \u00fcber Philosophy\">Weiterlesen &#8230;<\/a><\/p>","protected":false},"author":4,"featured_media":0,"parent":800,"menu_order":0,"comment_status":"closed","ping_status":"closed","template":"","meta":{"_seopress_robots_primary_cat":"","_seopress_titles_title":"Philosophy - TERPENETECH LTD","_seopress_titles_desc":"TerpeneTech believes that the future of Biocides lies in the development and commercialization of effective natural based products.","_seopress_robots_index":"","footnotes":""},"class_list":["post-2748","page","type-page","status-publish"],"_links":{"self":[{"href":"https:\/\/www.terpenetech.eu\/de\/wp-json\/wp\/v2\/pages\/2748","targetHints":{"allow":["GET"]}}],"collection":[{"href":"https:\/\/www.terpenetech.eu\/de\/wp-json\/wp\/v2\/pages"}],"about":[{"href":"https:\/\/www.terpenetech.eu\/de\/wp-json\/wp\/v2\/types\/page"}],"author":[{"embeddable":true,"href":"https:\/\/www.terpenetech.eu\/de\/wp-json\/wp\/v2\/users\/4"}],"replies":[{"embeddable":true,"href":"https:\/\/www.terpenetech.eu\/de\/wp-json\/wp\/v2\/comments?post=2748"}],"version-history":[{"count":0,"href":"https:\/\/www.terpenetech.eu\/de\/wp-json\/wp\/v2\/pages\/2748\/revisions"}],"up":[{"embeddable":true,"href":"https:\/\/www.terpenetech.eu\/de\/wp-json\/wp\/v2\/pages\/800"}],"wp:attachment":[{"href":"https:\/\/www.terpenetech.eu\/de\/wp-json\/wp\/v2\/media?parent=2748"}],"curies":[{"name":"wp","href":"https:\/\/api.w.org\/{rel}","templated":true}]}}