{"id":2679,"date":"2020-06-19T09:10:29","date_gmt":"2020-06-19T09:10:29","guid":{"rendered":"https:\/\/www.terpenetech.eu\/?page_id=2679"},"modified":"2021-09-23T08:41:56","modified_gmt":"2021-09-23T08:41:56","slug":"lotion-gegen-kopflaufe","status":"publish","type":"page","link":"https:\/\/www.terpenetech.eu\/de\/head-lice-lotion\/","title":{"rendered":"LOTION GEGEN KOPFL\u00c4USE"},"content":{"rendered":"<div class=\"gb-container gb-container-f698c8dc\"><div class=\"gb-inside-container\">\n<div class=\"gb-grid-wrapper gb-grid-wrapper-8a683789\">\n<div class=\"gb-grid-column gb-grid-column-5fb2d298\"><div class=\"gb-container gb-container-5fb2d298\"><div class=\"gb-inside-container\"><\/div><\/div><\/div>\n\n<div class=\"gb-grid-column gb-grid-column-3817af76\"><div class=\"gb-container gb-container-3817af76\"><div class=\"gb-inside-container\">\n\n<div style=\"height:100px\" aria-hidden=\"true\" class=\"wp-block-spacer\"><\/div>\n\n\n\n<h1 class=\"wp-block-heading\">Terpenator<br><span class=\"has-inline-color has-black-color\">LOTION GEGEN KOPFL\u00c4UFE<\/span><\/h1>\n\n\n\n<p>Unsere insektizidfreie Lotion gegen Kopfl\u00e4use t\u00f6tet Kopfl\u00e4use und Nissen durch eine physikalische Wirkungsweise ab, bei der die inneren Organe der Insekten versagen. Die Abt\u00f6tungswirkung durch nat\u00fcrliches Teebaum\u00f6l wird durch unsere patentierte Verkapselungstechnologie optimiert, die sich in Vergleichstests bew\u00e4hrt hat, um die Wirksamkeit zu verbessern und die Abt\u00f6tungszeit zu minimieren.<\/p>\n\n\n\n<p style=\"font-size: 14px;\">Ein registriertes medizinisches Produkt<\/p>\n\n\n\n<div class=\"wp-block-buttons is-layout-flex wp-block-buttons-is-layout-flex\">\n<div class=\"wp-block-button\"><a class=\"wp-block-button__link\" style=\"border-radius:6px\">Holen Sie sich Ihre eigene Markenlotion<\/a><\/div>\n<\/div>\n\n\n\n<div style=\"height:100px\" aria-hidden=\"true\" class=\"wp-block-spacer\"><\/div>\n\n<\/div><\/div><\/div>\n<\/div>\n<\/div><\/div>\n\n\n<div style=\"height:100px\" aria-hidden=\"true\" class=\"wp-block-spacer\"><\/div>\n\n\n\n<div class=\"wp-block-image\"><figure class=\"aligncenter size-full\"><a href=\"https:\/\/www.terpenetech.eu\/wp-content\/uploads\/2021\/09\/Clock.png\"><img loading=\"lazy\" decoding=\"async\" width=\"105\" height=\"105\" src=\"https:\/\/www.terpenetech.eu\/wp-content\/uploads\/2021\/09\/Clock.png\" alt=\"\" class=\"wp-image-3391\" srcset=\"https:\/\/www.terpenetech.eu\/wp-content\/uploads\/2021\/09\/Clock.png 105w, https:\/\/www.terpenetech.eu\/wp-content\/uploads\/2021\/09\/Clock-12x12.png 12w\" sizes=\"auto, (max-width: 105px) 100vw, 105px\" \/><\/a><\/figure><\/div>\n\n\n\n<h3 class=\"has-text-align-center wp-block-heading\">100 % wirkung nach nur einer anwendung<br>Universit\u00e4r getestet<br>Verbraucherfreundlich<\/h3>\n\n\n\n<div style=\"height:100px\" aria-hidden=\"true\" class=\"wp-block-spacer\"><\/div>\n\n\n<div class=\"gb-container gb-container-f0dcc34b\"><div class=\"gb-inside-container\">\n<div class=\"gb-grid-wrapper gb-grid-wrapper-659576bf\">\n<div class=\"gb-grid-column gb-grid-column-cf53101a\"><div class=\"gb-container gb-container-cf53101a\"><div class=\"gb-inside-container\">\n\n<h2 class=\"wp-block-heading\">Funktionsreiche Terpenator-Lotion gegen Kopfl\u00e4use,<\/h2>\n\n\n\n<ul class=\"wp-block-list\"><li>100 % Wirksamkeit in nur 15 Minuten<\/li><li>Universit\u00e4r getestet<\/li><li>Nicht fettend, leicht aufzutragen und leicht abzusp\u00fclen<\/li><li>Mit nat\u00fcrlichem, pflanzlichem Teebaum\u00f6l-Wirkstoff<\/li><li>Mit patentierter Mikroverkapselungstechnologie<\/li><li>Kann bei Erwachsenen und Kindern ab 36 Monaten angewendet werden<\/li><li>Nicht reizend, kann verwendet werden, um einen erneuten Befall zu verhindern<\/li><li>Insektizidfrei<\/li><\/ul>\n\n\n\n<figure class=\"wp-block-image size-full\"><a href=\"https:\/\/www.terpenetech.eu\/wp-content\/uploads\/2021\/09\/Patented.png\"><img loading=\"lazy\" decoding=\"async\" width=\"285\" height=\"100\" src=\"https:\/\/www.terpenetech.eu\/wp-content\/uploads\/2021\/09\/Patented.png\" alt=\"\" class=\"wp-image-3411\" srcset=\"https:\/\/www.terpenetech.eu\/wp-content\/uploads\/2021\/09\/Patented.png 285w, https:\/\/www.terpenetech.eu\/wp-content\/uploads\/2021\/09\/Patented-18x6.png 18w\" sizes=\"auto, (max-width: 285px) 100vw, 285px\" \/><\/a><\/figure>\n\n<\/div><\/div><\/div>\n\n<div class=\"gb-grid-column gb-grid-column-65163d7a\"><div class=\"gb-container gb-container-65163d7a\" id=\"imgbox\"><div class=\"gb-inside-container\">\n\n<div class=\"imgbox size-full\"><img loading=\"lazy\" decoding=\"async\" width=\"468\" height=\"312\" src=\"https:\/\/www.terpenetech.eu\/wp-content\/uploads\/2021\/09\/Pics-Tea-tree.png\" alt=\"\" class=\"wp-image-3401 img\" srcset=\"https:\/\/www.terpenetech.eu\/wp-content\/uploads\/2021\/09\/Pics-Tea-tree.png 468w, https:\/\/www.terpenetech.eu\/wp-content\/uploads\/2021\/09\/Pics-Tea-tree-300x200.png 300w, https:\/\/www.terpenetech.eu\/wp-content\/uploads\/2021\/09\/Pics-Tea-tree-18x12.png 18w\" sizes=\"auto, (max-width: 468px) 100vw, 468px\" \/><\/div>\n\n<\/div><\/div><\/div>\n<\/div>\n\n\n<div style=\"height:100px\" aria-hidden=\"true\" class=\"wp-block-spacer\"><\/div>\n\n<\/div><\/div>\n\n<div class=\"gb-container gb-container-d8521590\"><div class=\"gb-inside-container\">\n\n<div style=\"height:50px\" aria-hidden=\"true\" class=\"wp-block-spacer\"><\/div>\n\n\n\n<h2 class=\"has-text-align-center wp-block-heading\">Sehr effizientes produkt<\/h2>\n\n\n\n<h3 class=\"has-text-align-center wp-block-heading\">Feldversuche<\/h3>\n\n\n\n<div style=\"height:50px\" aria-hidden=\"true\" class=\"wp-block-spacer\"><\/div>\n\n\n<div class=\"gb-grid-wrapper gb-grid-wrapper-543880f5\">\n<div class=\"gb-grid-column gb-grid-column-a9b2ef63\"><div class=\"gb-container gb-container-a9b2ef63 encadre_tt\"><div class=\"gb-inside-container\">\n\n<p class=\"has-text-align-center\"><strong>Feldversuch, um die Wirksamkeit von Terpenator im Vergleich zu konkurrierenden Lotion-Produkten gegen Kopfl\u00e4use zu bestimmen<\/strong><\/p>\n\n\n\n<hr class=\"wp-block-separator has-text-color has-background has-black-background-color has-black-color is-style-wide sep_tt\"\/>\n\n\n\n<p class=\"has-text-align-center\"><b>Anzahl der teilnehmer<br><\/b>196 Probanden<\/p>\n\n\n\n<p class=\"has-text-align-center\"><strong>In-vivo-ort<\/strong><br>Die D\u00f6rfer Deguela und Lena, Mali<\/p>\n\n<\/div><\/div><\/div>\n\n<div class=\"gb-grid-column gb-grid-column-21a9e13e\"><div class=\"gb-container gb-container-21a9e13e encadre_tt\"><div class=\"gb-inside-container\">\n\n<p class=\"has-text-align-center\"><strong>Feldversuch, um die Wirksamkeit der Lotion-Formulierung gegen Kopfl\u00e4use mit YP-Verkapselung mit derselben Lotion-Formulierung gegen Kopfl\u00e4use ohne YP-Verkapselung zu vergleichen.<\/strong><\/p>\n\n\n\n<hr class=\"wp-block-separator has-text-color has-background has-black-background-color has-black-color is-style-wide\"\/>\n\n\n\n<p class=\"has-text-align-center\"><b><meta charset=\"utf-8\"><b>Anzahl der teilnehmer<\/b><br><\/b>180 Probanden<\/p>\n\n\n\n<p class=\"has-text-align-center\"><strong><meta charset=\"utf-8\"><strong>In-vivo-ort<\/strong><\/strong><br>Mali<\/p>\n\n<\/div><\/div><\/div>\n<\/div>\n\n\n<div style=\"height:30px\" aria-hidden=\"true\" class=\"wp-block-spacer\"><\/div>\n\n\n<div class=\"gb-grid-wrapper gb-grid-wrapper-0908171d\">\n<div class=\"gb-grid-column gb-grid-column-abc8a6a6\"><div class=\"gb-container gb-container-abc8a6a6 encadre_tt\"><div class=\"gb-inside-container\">\n\n<p class=\"has-text-align-center\"><i class=\"fas fa-check\"><\/i><\/p>\n\n\n\n<p class=\"has-text-align-center\"><b><strong>Ergebnisse<\/strong><\/b><br><b><br><\/b>Terpenator Kopfl\u00e4use-Formulierungen erwiesen sich als \u00fcberlegen gegen\u00fcber Konkurrenzprodukten<\/p>\n\n<\/div><\/div><\/div>\n\n<div class=\"gb-grid-column gb-grid-column-8637cc75\"><div class=\"gb-container gb-container-8637cc75 encadre_tt\"><div class=\"gb-inside-container\">\n\n<p class=\"has-text-align-center\"><i class=\"fas fa-check\"><\/i><\/p>\n\n\n\n<p class=\"has-text-align-center\"><b><strong>Ergebnisse<\/strong><\/b><br><b><br><\/b>Die Formulierung mit YP-Verkapselung war der Formulierung ohne YP-Verkapselung statistisch \u00fcberlegen<\/p>\n\n<\/div><\/div><\/div>\n<\/div>\n\n\n<div style=\"height:50px\" aria-hidden=\"true\" class=\"wp-block-spacer\"><\/div>\n\n<\/div><\/div>\n\n\n<div style=\"height:100px\" aria-hidden=\"true\" class=\"wp-block-spacer\"><\/div>\n\n\n<div class=\"gb-container gb-container-f8c392e1\"><div class=\"gb-inside-container\">\n<div class=\"gb-grid-wrapper gb-grid-wrapper-7552c911\">\n<div class=\"gb-grid-column gb-grid-column-d9f5aa58\"><div class=\"gb-container gb-container-d9f5aa58\"><div class=\"gb-inside-container\">\n\n<div class=\"wp-block-image\"><figure class=\"aligncenter size-full\"><a href=\"https:\/\/www.terpenetech.eu\/wp-content\/uploads\/2021\/09\/Picto-Certified.png\"><img loading=\"lazy\" decoding=\"async\" width=\"120\" height=\"145\" src=\"https:\/\/www.terpenetech.eu\/wp-content\/uploads\/2021\/09\/Picto-Certified.png\" alt=\"\" class=\"wp-image-3431\" srcset=\"https:\/\/www.terpenetech.eu\/wp-content\/uploads\/2021\/09\/Picto-Certified.png 120w, https:\/\/www.terpenetech.eu\/wp-content\/uploads\/2021\/09\/Picto-Certified-10x12.png 10w\" sizes=\"auto, (max-width: 120px) 100vw, 120px\" \/><\/a><\/figure><\/div>\n\n<\/div><\/div><\/div>\n\n<div class=\"gb-grid-column gb-grid-column-83dc763b\"><div class=\"gb-container gb-container-83dc763b\"><div class=\"gb-inside-container\">\n\n<h2 class=\"wp-block-heading\">H\u00f6chster herstellungsstandard und qualit\u00e4tskontrolle<\/h2>\n\n\n<div class=\"gb-grid-wrapper gb-grid-wrapper-23e03a8d\">\n<div class=\"gb-grid-column gb-grid-column-7c93d639\"><div class=\"gb-container gb-container-7c93d639\"><div class=\"gb-inside-container\">\n\n<figure class=\"wp-block-image size-full\"><a href=\"https:\/\/www.terpenetech.eu\/wp-content\/uploads\/2021\/09\/iso.png\"><img loading=\"lazy\" decoding=\"async\" width=\"77\" height=\"77\" src=\"https:\/\/www.terpenetech.eu\/wp-content\/uploads\/2021\/09\/iso.png\" alt=\"\" class=\"wp-image-3432\" srcset=\"https:\/\/www.terpenetech.eu\/wp-content\/uploads\/2021\/09\/iso.png 77w, https:\/\/www.terpenetech.eu\/wp-content\/uploads\/2021\/09\/iso-12x12.png 12w\" sizes=\"auto, (max-width: 77px) 100vw, 77px\" \/><\/a><\/figure>\n\n<\/div><\/div><\/div>\n\n<div class=\"gb-grid-column gb-grid-column-f9b607c9\"><div class=\"gb-container gb-container-f9b607c9\"><div class=\"gb-inside-container\">\n\n<h3 class=\"wp-block-heading\">ISO 13485<\/h3>\n\n\n\n<ul class=\"wp-block-list\"><li>Rohstoffe, die den Spezifikationen der Inhaltsstoffe entsprechen<\/li><li>3 Analysen pro Charge (oben\/unten\/mittig)<\/li><li>Quantitativ aktiver Inhalt<\/li><li>PH<\/li><li>Dichte<\/li><li>Viskosit\u00e4t<\/li><\/ul>\n\n<\/div><\/div><\/div>\n<\/div>\n<\/div><\/div><\/div>\n<\/div>\n<\/div><\/div>\n\n\n<div style=\"height:100px\" aria-hidden=\"true\" class=\"wp-block-spacer\"><\/div>\n\n\n<div class=\"gb-container gb-container-6c6db97d\"><div class=\"gb-inside-container\">\n\n<div style=\"height:20px\" aria-hidden=\"true\" class=\"wp-block-spacer\"><\/div>\n\n\n\n<h2 class=\"has-text-align-center wp-block-heading\">Einfache anwendung und einfaches aussp\u00fclen<\/h2>\n\n\n\n<div style=\"height:40px\" aria-hidden=\"true\" class=\"wp-block-spacer\"><\/div>\n\n\n\n<figure class=\"wp-block-embed is-type-rich is-provider-embed-handler wp-block-embed-embed-handler\"><div class=\"wp-block-embed__wrapper\">\n<div style=\"width: 640px;\" class=\"wp-video\"><video class=\"wp-video-shortcode\" id=\"video-2679-1\" width=\"640\" height=\"360\" preload=\"metadata\" controls=\"controls\"><source type=\"video\/mp4\" src=\"https:\/\/www.terpenetech.eu\/wp-content\/uploads\/2020\/07\/ANIMATION_ANTI_POUX_1280x720_CROPPED_BD.mp4?_=1\" \/><a href=\"https:\/\/www.terpenetech.eu\/wp-content\/uploads\/2020\/07\/ANIMATION_ANTI_POUX_1280x720_CROPPED_BD.mp4\">https:\/\/www.terpenetech.eu\/wp-content\/uploads\/2020\/07\/ANIMATION_ANTI_POUX_1280x720_CROPPED_BD.mp4<\/a><\/video><\/div>\n<\/div><\/figure>\n\n\n\n<div style=\"height:20px\" aria-hidden=\"true\" class=\"wp-block-spacer\"><\/div>\n\n<\/div><\/div>\n\n\n<div style=\"height:120px\" aria-hidden=\"true\" class=\"wp-block-spacer\"><\/div>\n\n\n<div class=\"gb-container gb-container-38a5fc9f\"><div class=\"gb-inside-container\">\n<div class=\"gb-grid-wrapper gb-grid-wrapper-75922ac2\">\n<div class=\"gb-grid-column gb-grid-column-0944191e\"><div class=\"gb-container gb-container-0944191e\"><div class=\"gb-inside-container\">\n\n<div class=\"imgbox_upleft size-full\"><img loading=\"lazy\" decoding=\"async\" src=\"https:\/\/www.terpenetech.eu\/wp-content\/uploads\/2019\/12\/headlice_terpenetech_4.jpg\" alt=\"\" width=\"960\" height=\"641\"><\/div>\n\n<\/div><\/div><\/div>\n\n<div class=\"gb-grid-column gb-grid-column-e33a23b0\"><div class=\"gb-container gb-container-e33a23b0\"><div class=\"gb-inside-container\">\n\n<h2 class=\"wp-block-heading\">EINE SICHERE, SORGENFREIE L\u00d6SUNG F\u00dcR KOPFL\u00c4USE UND NISSEN MIT UNSERER LOTION GEGEN KOPFL\u00c4USE<\/h2>\n\n\n\n<ul class=\"wp-block-list\"><li>Insektizidfreies, minimal toxikologisches Rohstoffprofil<\/li><li>Kein SLS, kein Paraben, kein Phenoxyethanol, kein PEG<\/li><li>PH-neutral<\/li><li>Reizt die Haut nicht<\/li><li>Kann bei Kindern ab 36 Monaten angewendet werden<\/li><li>Viskosit\u00e4t angepasst, um das Tropfen zu minimieren \u2013 verringert die Gefahr von Kontakt mit den Augen<\/li><li>Biokompatibilit\u00e4tsbericht von einem zertifizierten Toxikologen<\/li><\/ul>\n\n<\/div><\/div><\/div>\n<\/div>\n<\/div><\/div>\n\n\n<div style=\"height:120px\" aria-hidden=\"true\" class=\"wp-block-spacer\"><\/div>\n\n\n<div class=\"gb-container gb-container-95c4ab4b\"><div class=\"gb-inside-container\">\n\n<figure class=\"wp-block-image size-full\"><a href=\"https:\/\/www.terpenetech.eu\/wp-content\/uploads\/2021\/09\/Pics-Packaging.png\"><img loading=\"lazy\" decoding=\"async\" width=\"869\" height=\"571\" src=\"https:\/\/www.terpenetech.eu\/wp-content\/uploads\/2021\/09\/Pics-Packaging.png\" alt=\"\" class=\"wp-image-3447\" srcset=\"https:\/\/www.terpenetech.eu\/wp-content\/uploads\/2021\/09\/Pics-Packaging.png 869w, https:\/\/www.terpenetech.eu\/wp-content\/uploads\/2021\/09\/Pics-Packaging-300x197.png 300w, https:\/\/www.terpenetech.eu\/wp-content\/uploads\/2021\/09\/Pics-Packaging-768x505.png 768w, https:\/\/www.terpenetech.eu\/wp-content\/uploads\/2021\/09\/Pics-Packaging-18x12.png 18w\" sizes=\"auto, (max-width: 869px) 100vw, 869px\" \/><\/a><\/figure>\n\n\n\n<div class=\"square_behind3\"><\/div>\n\n<\/div><\/div>\n\n\n<div style=\"height:120px\" aria-hidden=\"true\" class=\"wp-block-spacer\"><\/div>\n\n\n<div class=\"gb-container gb-container-9b80e502\"><div class=\"gb-inside-container\">\n<div class=\"gb-grid-wrapper gb-grid-wrapper-8588b58e\">\n<div class=\"gb-grid-column gb-grid-column-212ef83d\"><div class=\"gb-container gb-container-212ef83d\"><div class=\"gb-inside-container\">\n\n<h2 class=\"wp-block-heading\">DIE TERPENATOR LOTION GEGEN KOPFL\u00c4USE HAT ALLE ERFORDERLICHEN STABILIT\u00c4TSPR\u00dcFUNGEN BESTANDEN<\/h2>\n\n<\/div><\/div><\/div>\n\n<div class=\"gb-grid-column gb-grid-column-f28311f5\"><div class=\"gb-container gb-container-f28311f5\"><div class=\"gb-inside-container\"><\/div><\/div><\/div>\n<\/div>\n\n<div class=\"gb-grid-wrapper gb-grid-wrapper-4bc39c22\">\n<div class=\"gb-grid-column gb-grid-column-3015ed81\"><div class=\"gb-container gb-container-3015ed81\"><div class=\"gb-inside-container\">\n\n<ul class=\"wp-block-list\"><li>Verpackungsmaterialien, die ausgew\u00e4hlt wurden, um den Verlust von Wirkstoffen zu verhindern<br>Ofengetestet: 2 Wochen bei 52 \u00b0C, dann GC-MS getestet, um Wirkungsverlust auszuschlie\u00dfen<\/li><li>Stabile Formel nach ICH-Standards (6 Monate)<br>Unter normalen, kalten und warmen Temperaturbedingungen getestet<\/li><\/ul>\n\n<\/div><\/div><\/div>\n\n<div class=\"gb-grid-column gb-grid-column-7d0a8bb6\"><div class=\"gb-container gb-container-7d0a8bb6\"><div class=\"gb-inside-container\">\n\n<ul class=\"wp-block-list\"><li><span style=\"font-size: inherit;\">Chemische und physikalische Tests zur Best\u00e4tigung der Stabilit\u00e4t von pH\/Dichte\/Viskosit\u00e4t\/Erscheinung\/Farbe<\/span><\/li><li>Gr\u00fcndlich getestet, um die antibakterielle Stabilit\u00e4t zu best\u00e4tigen<\/li><li>Umgebungs-, Transport- und Anwendungsstabilit\u00e4t<\/li><\/ul>\n\n<\/div><\/div><\/div>\n<\/div>\n<\/div><\/div>\n\n\n<div style=\"height:100px\" aria-hidden=\"true\" class=\"wp-block-spacer\"><\/div>\n\n\n<div class=\"gb-container gb-container-68e44d8a\"><div class=\"gb-inside-container\">\n\n<div class=\"wp-block-image\"><figure class=\"aligncenter size-full\"><a href=\"https:\/\/www.terpenetech.eu\/wp-content\/uploads\/2021\/09\/Picto-Bottle.png\"><img loading=\"lazy\" decoding=\"async\" width=\"44\" height=\"100\" src=\"https:\/\/www.terpenetech.eu\/wp-content\/uploads\/2021\/09\/Picto-Bottle.png\" alt=\"\" class=\"wp-image-3458\" srcset=\"https:\/\/www.terpenetech.eu\/wp-content\/uploads\/2021\/09\/Picto-Bottle.png 44w, https:\/\/www.terpenetech.eu\/wp-content\/uploads\/2021\/09\/Picto-Bottle-5x12.png 5w\" sizes=\"auto, (max-width: 44px) 100vw, 44px\" \/><\/a><\/figure><\/div>\n\n\n\n<div style=\"height:20px\" aria-hidden=\"true\" class=\"wp-block-spacer\"><\/div>\n\n\n\n<h2 class=\"has-text-align-center wp-block-heading\"><span class=\"has-inline-color has-white-color\">Eigenmarkenbasis getestet.<\/span><\/h2>\n\n\n\n<p class=\"has-text-align-center\"><p class=\"has-text-align-center\" style=\"margin-top: -20px;\">M\u00f6gliche verteilungsgebiete stehen noch zur diskussion.<\/p><\/p>\n\n\n\n<div class=\"wp-block-buttons is-content-justification-center is-layout-flex wp-block-buttons-is-layout-flex\">\n<div class=\"wp-block-button\"><a class=\"wp-block-button__link has-black-color has-white-background-color has-text-color has-background\" style=\"border-radius:6px\">Kontaktieren sie uns f\u00fcr weitere informationen<\/a><\/div>\n<\/div>\n\n\n\n<p><a role=\"button\" href=\"https:\/\/www.terpenetech.eu\/de\/kontaktieren-sie-uns\/\"><br>KONTAKTIEREN SIE UNS F\u00dcR WEITERE INFORMATIONEN<br><\/a><\/p>\n\n<\/div><\/div>","protected":false},"excerpt":{"rendered":"<p>100% effective with one applicationUniversity TestedConsumer Friendly Very efficient product Field studies Easy application and easy rinsing Head &#8230; <\/p>\n<p class=\"read-more-container\"><a title=\"LOTION GEGEN KOPFL\u00c4USE\" class=\"read-more button\" href=\"https:\/\/www.terpenetech.eu\/de\/head-lice-lotion\/#more-2679\" aria-label=\"Mehr Informationen \u00fcber Head Lice Lotion\">Weiterlesen &#8230;<\/a><\/p>","protected":false},"author":4,"featured_media":0,"parent":0,"menu_order":0,"comment_status":"closed","ping_status":"closed","template":"","meta":{"_seopress_robots_primary_cat":"","_seopress_titles_title":"Terpenator Head Lice Lotion - TERPENETECH LTD","_seopress_titles_desc":"A registered medical device manufactured by Terpenetech LTD","_seopress_robots_index":"","footnotes":""},"class_list":["post-2679","page","type-page","status-publish"],"_links":{"self":[{"href":"https:\/\/www.terpenetech.eu\/de\/wp-json\/wp\/v2\/pages\/2679","targetHints":{"allow":["GET"]}}],"collection":[{"href":"https:\/\/www.terpenetech.eu\/de\/wp-json\/wp\/v2\/pages"}],"about":[{"href":"https:\/\/www.terpenetech.eu\/de\/wp-json\/wp\/v2\/types\/page"}],"author":[{"embeddable":true,"href":"https:\/\/www.terpenetech.eu\/de\/wp-json\/wp\/v2\/users\/4"}],"replies":[{"embeddable":true,"href":"https:\/\/www.terpenetech.eu\/de\/wp-json\/wp\/v2\/comments?post=2679"}],"version-history":[{"count":0,"href":"https:\/\/www.terpenetech.eu\/de\/wp-json\/wp\/v2\/pages\/2679\/revisions"}],"wp:attachment":[{"href":"https:\/\/www.terpenetech.eu\/de\/wp-json\/wp\/v2\/media?parent=2679"}],"curies":[{"name":"wp","href":"https:\/\/api.w.org\/{rel}","templated":true}]}}