{"id":1174,"date":"2017-10-04T14:54:19","date_gmt":"2017-10-04T14:54:19","guid":{"rendered":"\/?page_id=1174"},"modified":"2021-09-17T15:29:32","modified_gmt":"2021-09-17T15:29:32","slug":"geraniol-biozid","status":"publish","type":"page","link":"https:\/\/www.terpenetech.eu\/de\/geraniol-biocides\/","title":{"rendered":"Geraniol-Biozid"},"content":{"rendered":"<h1 class=\"has-text-align-center wp-block-heading\">GERANIOL BIOZID:<br><span style=\"color: #54595f;\">INSEKTIZIDE UND ABWEHRMITTEL<\/span><\/h1>\n\n\n\n<p class=\"has-text-align-center\">Seit Ende der neunziger Jahre hat die Europ\u00e4ische Union gem\u00e4\u00df den Mitgliedstaaten die Verantwortung f\u00fcr die Bewertung von Chemikalien auf den privaten Sektor \u00fcbertragen.<\/p>\n\n\n\n<p class=\"has-text-align-center\">A biocidal product is a substance intending to destroy, deter, render harmless, prevent the action of, or exert a controlling effect on any harmful organism by any means other than mere&nbsp;physical or mechanical action.<\/p>\n\n\n\n<p class=\"has-text-align-center\">Im Rahmen der Biozidrichtlinie hat TerpeneTech ein unabh\u00e4ngiges Bewertungsdossier f\u00fcr die Verwendung von Geraniol als biozidem Wirkstoff (Insektizid und Abwehrmittel) erstellt. TerpeneTech ist jetzt in der Liste von Artikel 95 der identifizierten Lieferanten aufgef\u00fchrt.<\/p>\n\n\n\n<p class=\"has-text-align-center\"><a href=\"https:\/\/www.terpenetech.eu\/de\/geraniol-ist-ein-sicherer-wirksamer-und-naturlicher-aktiver-biozid-inhaltsstoff\/\">Erfahren Sie mehr \u00fcber Geraniol als Biozidwirkstoff.<\/a><\/p>\n\n\n\n<div style=\"height:100px\" aria-hidden=\"true\" class=\"wp-block-spacer\"><\/div>\n\n\n<div class=\"gb-grid-wrapper gb-grid-wrapper-ec6be730\">\n<div class=\"gb-grid-column gb-grid-column-9ae80494\"><div class=\"gb-container gb-container-9ae80494\"><div class=\"gb-inside-container\">\n\n<figure class=\"wp-block-image\"><img decoding=\"async\" src=\"https:\/\/www.terpenetech.eu\/wp-content\/uploads\/2019\/12\/echa-logo-768x526.jpg\" alt=\"\"\/><\/figure>\n\n<\/div><\/div><\/div>\n\n<div class=\"gb-grid-column gb-grid-column-05e26c2a\"><div class=\"gb-container gb-container-05e26c2a\"><div class=\"gb-inside-container\">\n\n<h3 class=\"wp-block-heading\">TERPENETECH ALS IDENTIFIZIERTER BIOZID-WIRKSTOFFLIEFERANT<\/h3>\n\n\n\n<p>Am 1. Dezember 2015 hat TerpeneTech Ltd. eine offizielle Mitteilung von der ECHA (European Chemical Agency) erhalten.<\/p>\n\n\n\n<p>Mit dieser Mitteilung wurde die Einreichung von TerpeneTech zur Aufnahme in die Liste der Wirkstoffe und Lieferanten (Liste nach Artikel 95) gem\u00e4\u00df Artikel 95 Absatz 1 der Verordnung (EU) Nr. 528\/2012 genehmigt:<\/p>\n\n\n\n<ul class=\"wp-block-list\"><li><strong>Wirkstoff<\/strong>Geraniol (Geraniol\/(E) 3,7-Dimethyl-2,6-octadien-1-ol\/106-24-1), EG-Nr.: 203-377-1, CAS-Nr.: 106-24-1<\/li><li><strong>Produkttyp (PT)<\/strong>:\n<ul>\n<li>PT 18 (Insektizide, Akarizide und Produkte zur Bek\u00e4mpfung anderer Arthropoden),<\/li>\n<li>PT 19 (Repellentien und Lockstoffe)<\/li>\n<\/ul>\n<\/li><\/ul>\n\n<\/div><\/div><\/div>\n<\/div>\n\n\n<div style=\"height:100px\" aria-hidden=\"true\" class=\"wp-block-spacer\"><\/div>\n\n\n<div class=\"gb-grid-wrapper gb-grid-wrapper-8c1b329e\">\n<div class=\"gb-grid-column gb-grid-column-9d00e4ef\"><div class=\"gb-container gb-container-9d00e4ef\"><div class=\"gb-inside-container\">\n\n<h3 class=\"wp-block-heading\">GERANIOL BIOZID-QUALIT\u00c4TEN UND URSPR\u00dcNGE<\/h3>\n\n\n\n<ul class=\"wp-block-list\"><li>Pflanzlich<\/li><li>Synthetisch<\/li><\/ul>\n\n\n\n<p>Geraniol ist ein Molek\u00fcl, das haupts\u00e4chlich in den \u00e4therischen \u00d6len von Zitronengras und Palmarosa enthalten ist. Es kommt auch in anderen Pflanzen wie Thymian und Kiefern vor.<\/p>\n\n\n\n<p>Geraniol ist in diesen Pflanzen nat\u00fcrlich vorhanden, um sie vor Insekten zu sch\u00fctzen.<\/p>\n\n\n\n<p>Heute wird Geraniol in allen Bereichen der Chemie eingesetzt. Es ist in den M\u00e4rkten f\u00fcr Parfums, Kosmetika, Pflanzenschutz und Biozide erh\u00e4ltlich.<\/p>\n\n<\/div><\/div><\/div>\n\n<div class=\"gb-grid-column gb-grid-column-fc9bfc31\"><div class=\"gb-container gb-container-fc9bfc31\"><div class=\"gb-inside-container\">\n\n<div class=\"wp-block-image\"><figure class=\"alignright\"><img decoding=\"async\" src=\"https:\/\/www.terpenetech.eu\/wp-content\/uploads\/2019\/12\/illustration-palmarosa-1.png\" alt=\"\"\/><\/figure><\/div>\n\n<\/div><\/div><\/div>\n<\/div>\n\n\n<div style=\"height:100px\" aria-hidden=\"true\" class=\"wp-block-spacer\"><\/div>\n\n\n<div class=\"gb-grid-wrapper gb-grid-wrapper-8dec038f\">\n<div class=\"gb-grid-column gb-grid-column-21f76e27\"><div class=\"gb-container gb-container-21f76e27\"><div class=\"gb-inside-container\">\n\n<h3 class=\"wp-block-heading\">DIE VERWENDUNGEN VON GERANIOL-BIOZID<\/h3>\n\n\n\n<p>Geraniol ist f\u00fcr folgende Anwendungen relevant:<\/p>\n\n\n\n<ul class=\"wp-block-list\"><li>M\u00fcckenschutzkerzen<\/li><li>Insektizide f\u00fcr krabbelnde und fliegende Insekten<\/li><li>Milbenabwehrmittel<\/li><li>Abwehrmittel f\u00fcr Hund und Katze<\/li><li>Armb\u00e4nder mit Abwehrmittel gegen M\u00fccken<\/li><\/ul>\n\n\n\n<p>Die wissenschaftliche Gemeinschaft hat seit vielen Jahren die Wirksamkeit dieses Wirkstoffs als Insektizid und Abwehrmittel nachgewiesen.<\/p>\n\n<\/div><\/div><\/div>\n\n<div class=\"gb-grid-column gb-grid-column-ceee8506\"><div class=\"gb-container gb-container-ceee8506\"><div class=\"gb-inside-container\">\n\n<h3 class=\"wp-block-heading\">TERPENETECH BIOZID-STRATEGIE<\/h3>\n\n\n\n<p>Die Regulierungsstrategie von TerpeneTech zielt darauf ab, Ihr Know-how zu respektieren und nicht mit den eigenen Kunden zu konkurrieren, sondern sie bei ihren regulatorischen und kommerziellen Initiativen zu unterst\u00fctzen.<\/p>\n\n\n\n<div class=\"wp-block-image\"><figure class=\"aligncenter is-resized\"><img decoding=\"async\" src=\"https:\/\/www.terpenetech.eu\/wp-content\/uploads\/2019\/12\/atom3-768x703.png\" alt=\"\" width=\"150\"\/><\/figure><\/div>\n\n<\/div><\/div><\/div>\n<\/div>\n\n\n<div style=\"height:100px\" aria-hidden=\"true\" class=\"wp-block-spacer\"><\/div>\n\n\n\n<h5 class=\"wp-block-heading\">HABEN SIE FRAGEN IM ZUSAMMENHANG MIT TERPENETECHS BIOZID GERANIOL?<\/h5>\n\n\n\n<div class=\"wp-block-buttons is-layout-flex wp-block-buttons-is-layout-flex\">\n<div class=\"wp-block-button\"><a class=\"wp-block-button__link\" href=\"https:\/\/www.terpenetech.eu\/de\/kontaktieren-sie-uns\/\" style=\"border-radius:6px\">KONTAKTIEREN SIE UNS<\/a><\/div>\n<\/div>","protected":false},"excerpt":{"rendered":"<p>Geraniol Biocide:insecticides and repellents Since the late 1990s, the European Union in accordance with member states has transferred &#8230; <\/p>\n<p class=\"read-more-container\"><a title=\"Geraniol-Biozid\" class=\"read-more button\" href=\"https:\/\/www.terpenetech.eu\/de\/geraniol-biocides\/#more-1174\" aria-label=\"Mehr Informationen \u00fcber Geraniol Biocide\">Weiterlesen &#8230;<\/a><\/p>","protected":false},"author":4,"featured_media":0,"parent":0,"menu_order":0,"comment_status":"closed","ping_status":"closed","template":"","meta":{"_seopress_robots_primary_cat":"","_seopress_titles_title":"Geraniol Biocide official supplier for insecticides and repellents","_seopress_titles_desc":"Terpenetech LTD is listed in the article 95 list of identified Suppliers - Geraniol biocide for insecticides and repellents.","_seopress_robots_index":"","footnotes":""},"class_list":["post-1174","page","type-page","status-publish"],"_links":{"self":[{"href":"https:\/\/www.terpenetech.eu\/de\/wp-json\/wp\/v2\/pages\/1174","targetHints":{"allow":["GET"]}}],"collection":[{"href":"https:\/\/www.terpenetech.eu\/de\/wp-json\/wp\/v2\/pages"}],"about":[{"href":"https:\/\/www.terpenetech.eu\/de\/wp-json\/wp\/v2\/types\/page"}],"author":[{"embeddable":true,"href":"https:\/\/www.terpenetech.eu\/de\/wp-json\/wp\/v2\/users\/4"}],"replies":[{"embeddable":true,"href":"https:\/\/www.terpenetech.eu\/de\/wp-json\/wp\/v2\/comments?post=1174"}],"version-history":[{"count":0,"href":"https:\/\/www.terpenetech.eu\/de\/wp-json\/wp\/v2\/pages\/1174\/revisions"}],"wp:attachment":[{"href":"https:\/\/www.terpenetech.eu\/de\/wp-json\/wp\/v2\/media?parent=1174"}],"curies":[{"name":"wp","href":"https:\/\/api.w.org\/{rel}","templated":true}]}}