{"id":2754,"date":"2020-06-24T12:57:12","date_gmt":"2020-06-24T12:57:12","guid":{"rendered":"https:\/\/www.terpenetech.eu\/?page_id=2754"},"modified":"2021-09-17T14:33:50","modified_gmt":"2021-09-17T14:33:50","slug":"strategia","status":"publish","type":"page","link":"http:\/\/www.terpenetech.eu\/pl\/company\/strategy\/","title":{"rendered":"STRATEGIA"},"content":{"rendered":"<h1 class=\"has-text-align-center wp-block-heading\">Terpenetech <span style=\"color: #54595f;\">STRATEGIA<\/span><\/h1>\n\n\n\n<p>Produkty pochodzenia ro\u015blinnego stanowi\u0105 now\u0105 granic\u0119, poniewa\u017c ro\u015bliny wykorzystuj\u0105 terpeny w swojej naturalnej obronie, a substancje te wykazuj\u0105 doskona\u0142e w\u0142a\u015bciwo\u015bci odstraszaj\u0105ce, owadob\u00f3jcze i przeciwdrobnoustrojowe. Poniewa\u017c stwierdzono, \u017ce wiele \u015brodk\u00f3w owadob\u00f3jczych i synergetyk\u00f3w jest potencjalnie szkodliwych dla ludzi, zwierz\u0105t domowych i \u015brodowiska, zosta\u0142y one usuni\u0119te z rynku, a profesjonali\u015bci i konsumenci maj\u0105 do dyspozycji mniej narz\u0119dzi do zwalczania chor\u00f3b przenoszonych przez owady. Z uwagi na to, \u017ce potencjalnie niebezpieczne owady i choroby przemieszczaj\u0105 si\u0119 z Afryki dalej na p\u00f3\u0142noc, istnieje pilna potrzeba opracowania skutecznych i bezpiecznych produkt\u00f3w w celu ochrony populacji.<\/p>\n\n\n\n<h4 class=\"wp-block-heading\">Terpenetech&#8217;s non-toxic, <b>przyjazne dla \u015brodowiska<\/b> formu\u0142y Terpenetech s\u0105 oparte na kapsu\u0142kowanych terpenach, naturalnych substancjach czynnych i naturalnych sk\u0142adnikach oboj\u0119tnych, aby tworzy\u0107 <b>naturalne produkty<\/b> o wyj\u0105tkowo atrakcyjnych zaletach:<\/h4>\n\n\n\n<ul class=\"wp-block-list\"><li><i class=\"fas fa-check\"><\/i> <b>BEZPIECZE\u0143STWO<\/b><br>Produkty znajduj\u0105 si\u0119 na li\u015bcie Produkt\u00f3w Uznanych za Bezpieczne (GRAS)<\/li><li><i class=\"fas fa-check\"><\/i><b> KONKURENCYJNO\u015a\u0106 I OP\u0141ACALNO\u015a\u0106<\/b><br>Konkurencyjne ceny dla konsument\u00f3w, rolnik\u00f3w i sektora przemys\u0142owego,<\/li><li><i class=\"fas fa-check\"><\/i> <b>NON-TOXIC &amp; ENVIRONMENTALLY ACCEPTABLE<\/b><br>Bezpieczna alternatywa dla potencjalnie niebezpiecznych chemikali\u00f3w przemys\u0142owych<\/li><li><i class=\"fas fa-check\"><\/i> <b>NISKIE RYZYKO BUDOWY OPORU DZI\u0118KI TERPENOM<\/b><br>Tryb dzia\u0142ania w wielu miejscach<\/li><li><i class=\"fas fa-check\"><\/i> <b>SPE\u0141NIJ WYMAGANIA DOTYCZ\u0104CE SKUTECZNO\u015aCI<\/b><\/li><\/ul>\n\n\n\n<div style=\"height:50px\" aria-hidden=\"true\" class=\"wp-block-spacer\"><\/div>\n\n\n<div class=\"gb-grid-wrapper gb-grid-wrapper-f169a147\">\n<div class=\"gb-grid-column gb-grid-column-386d7d9c\"><div class=\"gb-container gb-container-386d7d9c\"><div class=\"gb-inside-container\">\n\n<p style=\"text-align: center;\"><a href=\"https:\/\/www.terpenetech.eu\/pl\/o-nas\/filozofia\/\"><i class=\"fas fa-dot-circle\" style=\"color: #52BB35; font-size: 70px;\"><\/i><\/a><\/p>\n\n\n\n<h3 class=\"has-text-align-center wp-block-heading\"><a href=\"https:\/\/www.terpenetech.eu\/pl\/o-nas\/filozofia\/\">FILOZOFIA<\/a><\/h3>\n\n\n\n<p><\/p>\n\n<\/div><\/div><\/div>\n\n<div class=\"gb-grid-column gb-grid-column-34760ac8\"><div class=\"gb-container gb-container-34760ac8\"><div class=\"gb-inside-container\">\n\n<p style=\"text-align: center;\"><a href=\"https:\/\/www.terpenetech.eu\/pl\/o-nas\/historia\/\"><i class=\"fas fa-calendar-alt\" style=\"color: #52BB35; font-size: 70px;\"><\/i><\/a><\/p>\n\n\n\n<h3 class=\"has-text-align-center wp-block-heading\"><a href=\"https:\/\/www.terpenetech.eu\/pl\/o-nas\/historia\/\">HISTORIA<\/a><\/h3>\n\n<\/div><\/div><\/div>\n\n<div class=\"gb-grid-column gb-grid-column-4cac1503\"><div class=\"gb-container gb-container-4cac1503\"><div class=\"gb-inside-container\">\n\n<p style=\"text-align: center;\"><a href=\"https:\/\/www.terpenetech.eu\/pl\/o-nas\/zespol\/\"><i class=\"fas fa-user-circle\" style=\"color: #52BB35; font-size: 70px;\"><\/i><\/a><\/p>\n\n\n\n<h3 class=\"has-text-align-center wp-block-heading\"><a href=\"https:\/\/www.terpenetech.eu\/pl\/o-nas\/zespol\/\">ZESP\u00d3\u0141<\/a><\/h3>\n\n<\/div><\/div><\/div>\n\n<div class=\"gb-grid-column gb-grid-column-870e4ad4\"><div class=\"gb-container gb-container-870e4ad4\"><div class=\"gb-inside-container\">\n\n<p style=\"text-align: center;\"><a href=\"https:\/\/www.terpenetech.eu\/pl\/o-nas\/strategia\/\"><i class=\"fas fa-list-alt\" style=\"color: #52BB35; font-size: 70px;\"><\/i><\/a><\/p>\n\n\n\n<h3 class=\"has-text-align-center wp-block-heading\"><a href=\"https:\/\/www.terpenetech.eu\/pl\/o-nas\/strategia\/\">STRATEGIA<\/a><\/h3>\n\n<\/div><\/div><\/div>\n\n<div class=\"gb-grid-column gb-grid-column-eccb1f92\"><div class=\"gb-container gb-container-eccb1f92\"><div class=\"gb-inside-container\">\n\n<p style=\"text-align: center;\"><a href=\"https:\/\/www.terpenetech.eu\/pl\/o-nas\/wlasciwosci-uzytkowe\/\"><i class=\"fas fa-flask\" style=\"color: #52BB35; font-size: 70px;\"><\/i><\/a><\/p>\n\n\n\n<h3 class=\"has-text-align-center wp-block-heading\"><a href=\"https:\/\/www.terpenetech.eu\/pl\/o-nas\/wlasciwosci-uzytkowe\/\">W\u0141A\u015aCIWO\u015aCI U\u017bYTKOWE<\/a><\/h3>\n\n<\/div><\/div><\/div>\n<\/div>","protected":false},"excerpt":{"rendered":"<p>Terpenetech STRATEGY Plant based products represent the new frontier as plants use Terpenes in their natural defense and &#8230; <\/p>\n<p class=\"read-more-container\"><a title=\"STRATEGIA\" class=\"read-more button\" href=\"http:\/\/www.terpenetech.eu\/pl\/company\/strategy\/#more-2754\" aria-label=\"Dowiedz si\u0119 wi\u0119cej o Strategy\">Czytaj dalej<\/a><\/p>","protected":false},"author":4,"featured_media":0,"parent":800,"menu_order":0,"comment_status":"closed","ping_status":"closed","template":"","meta":{"_seopress_robots_primary_cat":"","_seopress_titles_title":"Strategy - TERPENETECH LTD","_seopress_titles_desc":"Plant based products represent the new frontier as plants use Terpenes in their natural defense and Terpenes have demonstrated excellent repellent, insecticidal and anti-microbial properties.","_seopress_robots_index":"","footnotes":""},"class_list":["post-2754","page","type-page","status-publish"],"_links":{"self":[{"href":"http:\/\/www.terpenetech.eu\/pl\/wp-json\/wp\/v2\/pages\/2754","targetHints":{"allow":["GET"]}}],"collection":[{"href":"http:\/\/www.terpenetech.eu\/pl\/wp-json\/wp\/v2\/pages"}],"about":[{"href":"http:\/\/www.terpenetech.eu\/pl\/wp-json\/wp\/v2\/types\/page"}],"author":[{"embeddable":true,"href":"http:\/\/www.terpenetech.eu\/pl\/wp-json\/wp\/v2\/users\/4"}],"replies":[{"embeddable":true,"href":"http:\/\/www.terpenetech.eu\/pl\/wp-json\/wp\/v2\/comments?post=2754"}],"version-history":[{"count":0,"href":"http:\/\/www.terpenetech.eu\/pl\/wp-json\/wp\/v2\/pages\/2754\/revisions"}],"up":[{"embeddable":true,"href":"http:\/\/www.terpenetech.eu\/pl\/wp-json\/wp\/v2\/pages\/800"}],"wp:attachment":[{"href":"http:\/\/www.terpenetech.eu\/pl\/wp-json\/wp\/v2\/media?parent=2754"}],"curies":[{"name":"wp","href":"https:\/\/api.w.org\/{rel}","templated":true}]}}