{"id":2748,"date":"2020-06-24T12:49:53","date_gmt":"2020-06-24T12:49:53","guid":{"rendered":"https:\/\/www.terpenetech.eu\/?page_id=2748"},"modified":"2021-09-17T14:25:09","modified_gmt":"2021-09-17T14:25:09","slug":"filosofia","status":"publish","type":"page","link":"http:\/\/www.terpenetech.eu\/it\/company\/philosophy\/","title":{"rendered":"FILOSOFIA"},"content":{"rendered":"<h1 class=\"has-text-align-center wp-block-heading\">Terpenetech <span style=\"color: #54595f;\">FILOSOFIA<\/span><\/h1>\n\n\n\n<p>TerpeneTech ritiene che il futuro dei biocidi risieda nello sviluppo e nella commercializzazione di prodotti naturali efficaci.<\/p>\n\n\n\n<p>TerpeneTech si dedica a promuovere l'uso di principi attivi di origine naturale per proteggere persone e animali da sostanze chimiche e microrganismi potenzialmente nocivi. La natura \u00e8 una grande fonte di ispirazione e spesso ci offre le migliori soluzioni. Ad esempio, le piante sono una fonte di sostanze chimiche naturali come gli oli essenziali che le piante usano per proteggersi e che possono essere sfruttati per produrre molti farmaci di origine vegetale.<\/p>\n\n\n\n<h4 class=\"wp-block-heading\">L'obiettivo di TerpeneTech \u00e8 <b>identificare le molecole naturali dei terpeni e valutare le loro propriet\u00e0<\/b> per garantirne sicurezza e prestazioni. Il processo di valutazione riguarda eco tossicit\u00e0, biocompatibilit\u00e0, stabilit\u00e0 ed efficacia.<\/h4>\n\n\n\n<p>I terpeni naturali hanno molti pregi e vantaggi e possono essere ampiamente utilizzati in prodotti commerciali e di consumo. Tuttavia, presentano un grande limite. Sono volatili e quindi poco longevi. La tecnologia di incapsulamento di TerpeneTech svolge un ruolo importante nell'ottimizzazione delle prestazioni dei terpeni naturali, consentendo un rilascio prolungato. Inoltre, permette di eliminare tensioattivi e alcoli dalle formulazioni dei prodotti.<\/p>\n\n\n\n<p>Il passaggio da R&amp;S al mercato richiede competenze e know-how diversificati per garantire il successo dei prodotti. TerpeneTech tratta i suoi clienti come partner e lavora a stretto contatto con loro per trovare soluzioni ottimali. Condividiamo obiettivi, finalit\u00e0 e motivazioni per promuovere soluzioni sostenibili per una vita migliore, pi\u00f9 sicura e per un futuro pi\u00f9 luminoso.<\/p>\n\n\n<div class=\"gb-grid-wrapper gb-grid-wrapper-f169a147\">\n<div class=\"gb-grid-column gb-grid-column-386d7d9c\"><div class=\"gb-container gb-container-386d7d9c\"><div class=\"gb-inside-container\">\n\n<p style=\"text-align: center;\"><a href=\"https:\/\/www.terpenetech.eu\/it\/chi-siamo\/filosofia\/\"><i class=\"fas fa-dot-circle\" style=\"color: #52BB35; font-size: 70px;\"><\/i><\/a><\/p>\n\n\n\n<h3 class=\"has-text-align-center wp-block-heading\"><a href=\"https:\/\/www.terpenetech.eu\/it\/chi-siamo\/filosofia\/\">FILOSOFIA<\/a><\/h3>\n\n\n\n<p><\/p>\n\n<\/div><\/div><\/div>\n\n<div class=\"gb-grid-column gb-grid-column-34760ac8\"><div class=\"gb-container gb-container-34760ac8\"><div class=\"gb-inside-container\">\n\n<p style=\"text-align: center;\"><a href=\"https:\/\/www.terpenetech.eu\/it\/chi-siamo\/storia\/\"><i class=\"fas fa-calendar-alt\" style=\"color: #52BB35; font-size: 70px;\"><\/i><\/a><\/p>\n\n\n\n<h3 class=\"has-text-align-center wp-block-heading\"><a href=\"https:\/\/www.terpenetech.eu\/it\/chi-siamo\/storia\/\">STORIA<\/a><\/h3>\n\n<\/div><\/div><\/div>\n\n<div class=\"gb-grid-column gb-grid-column-4cac1503\"><div class=\"gb-container gb-container-4cac1503\"><div class=\"gb-inside-container\">\n\n<p style=\"text-align: center;\"><a href=\"https:\/\/www.terpenetech.eu\/it\/chi-siamo\/team\/\"><i class=\"fas fa-user-circle\" style=\"color: #52BB35; font-size: 70px;\"><\/i><\/a><\/p>\n\n\n\n<h3 class=\"has-text-align-center wp-block-heading\"><a href=\"https:\/\/www.terpenetech.eu\/it\/chi-siamo\/team\/\">TEAM<\/a><\/h3>\n\n<\/div><\/div><\/div>\n\n<div class=\"gb-grid-column gb-grid-column-870e4ad4\"><div class=\"gb-container gb-container-870e4ad4\"><div class=\"gb-inside-container\">\n\n<p style=\"text-align: center;\"><a href=\"https:\/\/www.terpenetech.eu\/it\/chi-siamo\/strategia\/\"><i class=\"fas fa-list-alt\" style=\"color: #52BB35; font-size: 70px;\"><\/i><\/a><\/p>\n\n\n\n<h3 class=\"has-text-align-center wp-block-heading\"><a href=\"https:\/\/www.terpenetech.eu\/it\/chi-siamo\/strategia\/\">STRATEGIA<\/a><\/h3>\n\n<\/div><\/div><\/div>\n\n<div class=\"gb-grid-column gb-grid-column-eccb1f92\"><div class=\"gb-container gb-container-eccb1f92\"><div class=\"gb-inside-container\">\n\n<p style=\"text-align: center;\"><a href=\"https:\/\/www.terpenetech.eu\/it\/chi-siamo\/prestazioni\/\"><i class=\"fas fa-flask\" style=\"color: #52BB35; font-size: 70px;\"><\/i><\/a><\/p>\n\n\n\n<h3 class=\"has-text-align-center wp-block-heading\"><a href=\"https:\/\/www.terpenetech.eu\/it\/chi-siamo\/prestazioni\/\">PRESTAZIONI<\/a><\/h3>\n\n<\/div><\/div><\/div>\n<\/div>","protected":false},"excerpt":{"rendered":"<p>Terpenetech PHILOSOPHY TerpeneTech believes that the future of Biocides lies in the development and commercialization of effective natural &#8230; <\/p>\n<p class=\"read-more-container\"><a title=\"FILOSOFIA\" class=\"read-more button\" href=\"http:\/\/www.terpenetech.eu\/it\/company\/philosophy\/#more-2748\" aria-label=\"Per saperne di pi\u00f9 su Philosophy\">Leggi tutto<\/a><\/p>","protected":false},"author":4,"featured_media":0,"parent":800,"menu_order":0,"comment_status":"closed","ping_status":"closed","template":"","meta":{"_seopress_robots_primary_cat":"","_seopress_titles_title":"Philosophy - TERPENETECH LTD","_seopress_titles_desc":"TerpeneTech believes that the future of Biocides lies in the development and commercialization of effective natural based products.","_seopress_robots_index":"","footnotes":""},"class_list":["post-2748","page","type-page","status-publish"],"_links":{"self":[{"href":"http:\/\/www.terpenetech.eu\/it\/wp-json\/wp\/v2\/pages\/2748","targetHints":{"allow":["GET"]}}],"collection":[{"href":"http:\/\/www.terpenetech.eu\/it\/wp-json\/wp\/v2\/pages"}],"about":[{"href":"http:\/\/www.terpenetech.eu\/it\/wp-json\/wp\/v2\/types\/page"}],"author":[{"embeddable":true,"href":"http:\/\/www.terpenetech.eu\/it\/wp-json\/wp\/v2\/users\/4"}],"replies":[{"embeddable":true,"href":"http:\/\/www.terpenetech.eu\/it\/wp-json\/wp\/v2\/comments?post=2748"}],"version-history":[{"count":0,"href":"http:\/\/www.terpenetech.eu\/it\/wp-json\/wp\/v2\/pages\/2748\/revisions"}],"up":[{"embeddable":true,"href":"http:\/\/www.terpenetech.eu\/it\/wp-json\/wp\/v2\/pages\/800"}],"wp:attachment":[{"href":"http:\/\/www.terpenetech.eu\/it\/wp-json\/wp\/v2\/media?parent=2748"}],"curies":[{"name":"wp","href":"https:\/\/api.w.org\/{rel}","templated":true}]}}