{"id":786,"date":"2017-04-13T09:12:30","date_gmt":"2017-04-13T09:12:30","guid":{"rendered":"https:\/\/www.terpenetech.eu\/?page_id=786"},"modified":"2025-05-13T08:50:06","modified_gmt":"2025-05-13T08:50:06","slug":"terpenetech","status":"publish","type":"page","link":"http:\/\/www.terpenetech.eu\/es\/","title":{"rendered":"Home"},"content":{"rendered":"<h1 class=\"gb-headline gb-headline-5f432b52 gb-headline-text\">UNA VIDA <span style=\"color:#54595f\" class=\"has-inline-color\">Y<\/span> UN FUTURO <span style=\"color:#54595f\" class=\"has-inline-color\">MEJORES<\/span><\/h1>\n\n\n<div class=\"gb-grid-wrapper gb-grid-wrapper-433793f6\">\n<div class=\"gb-grid-column gb-grid-column-bd6af51b\"><div class=\"gb-container gb-container-bd6af51b\"><div class=\"gb-inside-container\">\n<div class=\"wp-block-image\">\n<figure class=\"aligncenter\"><img decoding=\"async\" src=\"https:\/\/www.terpenetech.eu\/wp-content\/uploads\/2019\/12\/Logo-YPorange-245x300.png\" alt=\"\"\/><\/figure>\n<\/div>\n<\/div><\/div><\/div>\n\n<div class=\"gb-grid-column gb-grid-column-6afde3ba\"><div class=\"gb-container gb-container-6afde3ba\"><div class=\"gb-inside-container\">\n\n<p>El objetivo de TerpeneTech es proporcionar soluciones que ayuden a proteger a las personas y a los animales de microorganismos e insectos.<\/p>\n\n\n\n<p>Los terpenos son los componentes b\u00e1sicos de los aceites esenciales. Las plantas emplean aceites esenciales para protegerse contra organismos nocivos. Los aceites esenciales se han convertido en un \u00e1rea importante de los departamentos de Investigaci\u00f3n y Desarrollo para reemplazar a los pesticidas y antimicrobianos sint\u00e9ticos.<\/p>\n\n\n\n<p>Nuestra exclusiva tecnolog\u00eda de encapsulaci\u00f3n patentada nos permite liberar y suministrar los terpenos activos cuando y donde se necesitan.<\/p>\n\n\n\n<div class=\"wp-block-buttons is-layout-flex wp-block-buttons-is-layout-flex\">\n<div class=\"wp-block-button is-style-fill\"><a class=\"wp-block-button__link wp-element-button\" style=\"border-radius:6px\">M\u00c1S INFORMACI\u00d3N<\/a><\/div>\n<\/div>\n\n<\/div><\/div><\/div>\n<\/div>\n\n\n<div style=\"height:100px\" aria-hidden=\"true\" class=\"wp-block-spacer\"><\/div>\n\n\n\n<h2 class=\"gb-headline gb-headline-24b23606 gb-headline-text\">YP TECHNOLOGY<\/h2>\n\n\n\n<h4 class=\"wp-block-heading has-text-align-center\">PROGRAMADA NATURALMENTE PARA FUNCIONAR CUANDO Y DONDE SE NECESITA<\/h4>\n\n\n\n<div style=\"padding:56.25% 0 0 0;position:relative;\"><iframe src=\"https:\/\/player.vimeo.com\/video\/1083809070?h=994ffa7620&amp;autoplay=1&amp;loop=1&amp;muted=1&amp;background=1&amp;badge=0&amp;autopause=0&amp;player_id=0&amp;app_id=58479\" frameborder=\"0\" allow=\"autoplay; fullscreen; picture-in-picture\" allowfullscreen=\"\" style=\"position:absolute;top:0;left:0;width:100%;height:100%;\" title=\"TECNOLOG\u00cdA YP\"><\/iframe><\/div><script src=\"https:\/\/player.vimeo.com\/api\/player.js\"><\/script>\n\n\n<div class=\"gb-container gb-container-df89b94d\"><div class=\"gb-inside-container\">\n\n<p>Nuestra tecnolog\u00eda patentada emplea part\u00edculas huecas naturales para encapsular los terpenos activos. En presencia de humedad, las part\u00edculas se hinchan y liberan lentamente su carga de terpenos. Una vez secas, las part\u00edculas se encogen y se cierran, reteniendo sus cargas de terpenos hasta que comienza el siguiente ciclo de humedad. De esta forma, el producto funciona cuando y donde se necesita.<\/p>\n\n\n\n<div class=\"wp-block-buttons is-horizontal is-content-justification-center is-layout-flex wp-container-core-buttons-is-layout-499968f5 wp-block-buttons-is-layout-flex\">\n<div class=\"wp-block-button\"><a class=\"wp-block-button__link wp-element-button\" href=\"https:\/\/www.terpenetech.eu\/es\/tecnologia-yp\/\" style=\"border-radius:6px\">M\u00c1S INFORMACI\u00d3N<\/a><\/div>\n<\/div>\n\n<\/div><\/div>\n\n\n<div style=\"height:100px\" aria-hidden=\"true\" class=\"wp-block-spacer\"><\/div>\n\n\n\n<h2 class=\"gb-headline gb-headline-4b298da4 gb-headline-text\">BIOCIDA<\/h2>\n\n\n\n<h4 class=\"wp-block-heading has-text-align-center\">29 DE NOVIEMBRE DE 2017: GERANIOL BIOCIDE VEGETAL AND PUR DISPONIBLE<\/h4>\n\n\n\n<h5 class=\"wp-block-heading has-text-align-center\">LA ECHA (AGENCIA QU\u00cdMICA EUROPEA) INCLUYE EL GERANIOL EN LA LISTA DE SUSTANCIAS ACTIVAS Y PROVEEDORES<\/h5>\n\n\n<div class=\"gb-grid-wrapper gb-grid-wrapper-435f8806\">\n<div class=\"gb-grid-column gb-grid-column-3bfd2df9\"><div class=\"gb-container gb-container-3bfd2df9\"><div class=\"gb-inside-container\">\n<div class=\"wp-block-image\">\n<figure class=\"aligncenter\"><img decoding=\"async\" src=\"https:\/\/www.terpenetech.eu\/wp-content\/uploads\/2017\/10\/eu_1282-300x202.png\" alt=\"\"\/><\/figure>\n<\/div>\n<\/div><\/div><\/div>\n\n<div class=\"gb-grid-column gb-grid-column-337c519f\"><div class=\"gb-container gb-container-337c519f\"><div class=\"gb-inside-container\">\n\n<p>TERPENETECH es un proveedor de sustancias activas\u00a0biocidas con <a href=\"https:\/\/www.terpenetech.eu\/es\/el-geraniol-es-un-ingrediente-activo-biocida-de-origen-natural-seguro-y-eficaz\/\">geraniol<\/a> aprobado por la ECHA y que figura en el Art\u00edculo 95 para las siguientes categor\u00edas de productos:<\/p>\n\n\n\n<p>\u2022 PT 18 (Insecticidas, acaricidas y productos para el control de otros artr\u00f3podos)<br>\u2022 PT 19 (Repelentes y atrayentes)<\/p>\n\n\n\n<div class=\"wp-block-buttons is-layout-flex wp-block-buttons-is-layout-flex\">\n<div class=\"wp-block-button\"><a class=\"wp-block-button__link wp-element-button\" href=\"https:\/\/www.terpenetech.eu\/es\/biocida-de-geraniol\/\" style=\"border-radius:6px\">M\u00c1S INFORMACI\u00d3N<\/a><\/div>\n<\/div>\n\n<\/div><\/div><\/div>\n<\/div>\n\n\n<div style=\"height:100px\" aria-hidden=\"true\" class=\"wp-block-spacer\"><\/div>\n\n\n\n<h2 class=\"wp-block-heading has-text-align-center\">PRODUCTOS<\/h2>\n\n\n\n<h4 class=\"wp-block-heading has-text-align-center\">HACEMOS PRODUCTOS QUE MEJORAN LA VIDA DE LAS PERSONAS Y LOS ANIMALES<\/h4>\n\n\n\n<div style=\"height:20px\" aria-hidden=\"true\" class=\"wp-block-spacer\"><\/div>\n\n\n<div class=\"gb-grid-wrapper gb-grid-wrapper-ce66a87c\">\n<div class=\"gb-grid-column gb-grid-column-36d6359f\"><div class=\"gb-container gb-container-36d6359f\"><div class=\"gb-inside-container\">\n\n<div class=\"wp-block-image\"><figure class=\"aligncenter is-resized\"><a href=\"https:\/\/www.terpenetech.eu\/es\/category\/productos\/cuidado-medico-y-personal\/\"><img loading=\"lazy\" decoding=\"async\" src=\"https:\/\/www.terpenetech.eu\/wp-content\/uploads\/2017\/10\/environemental-spray-1.png\" alt=\"\" width=\"100\" height=\"100\"\/><\/a><\/figure><\/div>\n\n\n\n<div style=\"height:20px\" aria-hidden=\"true\" class=\"wp-block-spacer\"><\/div>\n\n\n\n<h3 class=\"has-text-align-center wp-block-heading\"><a href=\"https:\/\/www.terpenetech.eu\/es\/category\/productos\/cuidado-medico-y-personal\/\">CUIDADO M\u00c9DICO Y PERSONAL<\/a><\/h3>\n\n\n\n<div class=\"wp-block-buttons alignwide is-content-justification-center is-layout-flex wp-block-buttons-is-layout-flex\">\n<div class=\"wp-block-button\"><a class=\"wp-block-button__link\" href=\"https:\/\/www.terpenetech.eu\/es\/productos\/cuidado-medico-y-personal\/\" style=\"border-radius:6px\">M\u00c1S INFORMACI\u00d3N<\/a><\/div>\n<\/div>\n\n\n\n<div style=\"height:50px\" aria-hidden=\"true\" class=\"wp-block-spacer\"><\/div>\n\n<\/div><\/div><\/div>\n\n<div class=\"gb-grid-column gb-grid-column-669f93bb\"><div class=\"gb-container gb-container-669f93bb\"><div class=\"gb-inside-container\">\n\n<div class=\"wp-block-image\"><figure class=\"aligncenter is-resized\"><a href=\"https:\/\/www.terpenetech.eu\/es\/category\/productos\/productos-para-el-hogar\/\"><img loading=\"lazy\" decoding=\"async\" src=\"https:\/\/www.terpenetech.eu\/wp-content\/uploads\/2017\/10\/if_Glass_Spray_112418.png\" alt=\"\" width=\"100\" height=\"100\"\/><\/a><\/figure><\/div>\n\n\n\n<div style=\"height:20px\" aria-hidden=\"true\" class=\"wp-block-spacer\"><\/div>\n\n\n\n<h3 class=\"has-text-align-center wp-block-heading\"><a href=\"https:\/\/www.terpenetech.eu\/es\/category\/productos\/productos-para-el-hogar\/\">PRODUCTOS PARA EL HOGAR<\/a><\/h3>\n\n\n\n<div class=\"wp-block-buttons is-content-justification-center is-layout-flex wp-block-buttons-is-layout-flex\">\n<div class=\"wp-block-button\"><a class=\"wp-block-button__link\" href=\"https:\/\/www.terpenetech.eu\/es\/productos\/productos-para-el-hogar\/\" style=\"border-radius:6px\">M\u00c1S INFORMACI\u00d3N<\/a><\/div>\n<\/div>\n\n\n\n<div style=\"height:50px\" aria-hidden=\"true\" class=\"wp-block-spacer\"><\/div>\n\n<\/div><\/div><\/div>\n<\/div>\n\n<div class=\"gb-grid-wrapper gb-grid-wrapper-f0ef6049\">\n<div class=\"gb-grid-column gb-grid-column-42442c7a\"><div class=\"gb-container gb-container-42442c7a\"><div class=\"gb-inside-container\">\n\n<div class=\"wp-block-image\"><figure class=\"aligncenter is-resized\"><a href=\"https:\/\/www.terpenetech.eu\/es\/category\/productos\/agro-industry\/\"><img loading=\"lazy\" decoding=\"async\" src=\"https:\/\/www.terpenetech.eu\/wp-content\/uploads\/2017\/10\/if_hen_2117289.png\" alt=\"\" width=\"100\" height=\"100\"\/><\/a><\/figure><\/div>\n\n\n\n<div style=\"height:20px\" aria-hidden=\"true\" class=\"wp-block-spacer\"><\/div>\n\n\n\n<h3 class=\"has-text-align-center wp-block-heading\"><a href=\"https:\/\/www.terpenetech.eu\/es\/category\/productos\/agro-industry\/\">PRODUCTOS AGROINDUSTRIALES<\/a><\/h3>\n\n\n\n<div class=\"wp-block-buttons is-content-justification-center is-layout-flex wp-block-buttons-is-layout-flex\">\n<div class=\"wp-block-button\"><a class=\"wp-block-button__link\" href=\"https:\/\/www.terpenetech.eu\/es\/productos\/productos-agroindustriales\/\" style=\"border-radius:6px\">M\u00c1S INFORMACI\u00d3N<\/a><\/div>\n<\/div>\n\n\n\n<div style=\"height:50px\" aria-hidden=\"true\" class=\"wp-block-spacer\"><\/div>\n\n<\/div><\/div><\/div>\n\n<div class=\"gb-grid-column gb-grid-column-22cd4022\"><div class=\"gb-container gb-container-22cd4022\"><div class=\"gb-inside-container\">\n\n<div class=\"wp-block-image\"><figure class=\"aligncenter is-resized\"><a href=\"https:\/\/www.terpenetech.eu\/es\/category\/productos\/perfumes-y-fragancias\/\"><img loading=\"lazy\" decoding=\"async\" src=\"https:\/\/www.terpenetech.eu\/wp-content\/uploads\/2017\/10\/if_beauty-perfume_822045.png\" alt=\"\" width=\"100\" height=\"100\"\/><\/a><\/figure><\/div>\n\n\n\n<div style=\"height:20px\" aria-hidden=\"true\" class=\"wp-block-spacer\"><\/div>\n\n\n\n<h3 class=\"has-text-align-center wp-block-heading\"><a href=\"https:\/\/www.terpenetech.eu\/es\/category\/productos\/perfumes-y-fragancias\/\">PERFUMES Y FRAGANCIAS<\/a><\/h3>\n\n\n\n<div class=\"wp-block-buttons is-content-justification-center is-layout-flex wp-block-buttons-is-layout-flex\">\n<div class=\"wp-block-button\"><a class=\"wp-block-button__link\" href=\"https:\/\/www.terpenetech.eu\/es\/productos\/perfumes-y-fragancias\/\" style=\"border-radius:6px\">M\u00c1S INFORMACI\u00d3N<\/a><\/div>\n<\/div>\n\n\n\n<div style=\"height:50px\" aria-hidden=\"true\" class=\"wp-block-spacer\"><\/div>\n\n<\/div><\/div><\/div>\n<\/div>\n\n\n<div style=\"height:100px\" aria-hidden=\"true\" class=\"wp-block-spacer\"><\/div>\n\n\n\n<h2 class=\"wp-block-heading has-text-align-center\">PI Y SABER HACER<\/h2>\n\n\n<div class=\"gb-container gb-container-b891c83b\"><div class=\"gb-inside-container\">\n<div class=\"gb-grid-wrapper gb-grid-wrapper-cdbb9bed\">\n<div class=\"gb-grid-column gb-grid-column-210556de\"><div class=\"gb-container gb-container-210556de\"><div class=\"gb-inside-container\">\n<div class=\"wp-block-image\">\n<figure class=\"alignleft is-resized\"><img decoding=\"async\" src=\"https:\/\/www.terpenetech.eu\/wp-content\/uploads\/2017\/10\/ICO_RD2.png\" alt=\"\" style=\"width:50px;height:50px\"\/><\/figure>\n<\/div>\n<\/div><\/div><\/div>\n\n<div class=\"gb-grid-column gb-grid-column-cd5b7c30\"><div class=\"gb-container gb-container-cd5b7c30\"><div class=\"gb-inside-container\">\n\n<h3 class=\"wp-block-heading\">I+D<\/h3>\n\n\n\n<p>Nuestro departamento de I+D universitario trabaja constantemente para encontrar las mejores combinaciones de terpenos para aplicaciones espec\u00edficas que trabajen de forma sin\u00e9rgica con nuestra tecnolog\u00eda YP.<br>Colaboramos y trabajamos con universidades y laboratorios independientes de todo el mundo en evaluaci\u00f3n de I+D, eficacia, toxicolog\u00eda, estabilidad y ecotoxicolog\u00eda<\/p>\n\n<\/div><\/div><\/div>\n<\/div>\n<\/div><\/div>\n\n<div class=\"gb-container gb-container-76424239\"><div class=\"gb-inside-container\">\n<div class=\"gb-grid-wrapper gb-grid-wrapper-d321007b\">\n<div class=\"gb-grid-column gb-grid-column-bad0341e\"><div class=\"gb-container gb-container-bad0341e\"><div class=\"gb-inside-container\">\n<div class=\"wp-block-image\">\n<figure class=\"alignleft is-resized\"><img decoding=\"async\" src=\"https:\/\/www.terpenetech.eu\/wp-content\/uploads\/2017\/10\/ICO_REGULATORY2.png\" alt=\"\" style=\"width:50px;height:50px\"\/><\/figure>\n<\/div>\n<\/div><\/div><\/div>\n\n<div class=\"gb-grid-column gb-grid-column-229d9231\"><div class=\"gb-container gb-container-229d9231\"><div class=\"gb-inside-container\">\n\n<h3 class=\"wp-block-heading\">MARCO REGULADOR<\/h3>\n\n\n\n<p>TerpeneTech est\u00e1 activa en 3 categor\u00edas normativas europeas:<\/p>\n\n\n\n<p><b>Reglamento 2017\/745 relativo a los productos sanitarios<\/b><br>TerpeneTech fabrica productos sanitarios de clase 1<\/p>\n\n\n\n<p><b>Reglamento 528\/2012 relativo a los productos biocidas<\/b><br>TerpeneTech logr\u00f3 incluir la sustancia activa geraniol en el listado del Art\u00edculo 95 del Reglamento relativo a los productos biocidas, y ahora es un proveedor de geraniol listado por la ECHA para su uso en productos Repelentes PT19 e Insecticidas PT18.<\/p>\n\n\n\n<p><b>Reglamento 1223\/2009 relativo a los productos cosm\u00e9ticos\u2028<\/b><br>TerpeneTech es fabricante y titular de datos de productos cosm\u00e9ticos.<\/p>\n\n<\/div><\/div><\/div>\n<\/div>\n<\/div><\/div>\n\n<div class=\"gb-container gb-container-c8dd9c30\"><div class=\"gb-inside-container\">\n<div class=\"gb-grid-wrapper gb-grid-wrapper-1dee13ba\">\n<div class=\"gb-grid-column gb-grid-column-298818b2\"><div class=\"gb-container gb-container-298818b2\"><div class=\"gb-inside-container\">\n<div class=\"wp-block-image\">\n<figure class=\"alignleft is-resized\"><img decoding=\"async\" src=\"https:\/\/www.terpenetech.eu\/wp-content\/uploads\/2017\/10\/ICO_MANUFACTURING2.png\" alt=\"\" style=\"width:50px;height:50px\"\/><\/figure>\n<\/div>\n<\/div><\/div><\/div>\n\n<div class=\"gb-grid-column gb-grid-column-d86680fa\"><div class=\"gb-container gb-container-d86680fa\"><div class=\"gb-inside-container\">\n\n<h3 class=\"wp-block-heading\">FABRICACI\u00d3N<\/h3>\n\n\n\n<p>Todas las plantas de producci\u00f3n est\u00e1n ubicadas en las proximidades de los territorios de distribuci\u00f3n y cumplen con las normas ISO\u00a09001 e ISO 13485 (productos sanitarios).<\/p>\n\n\n\n<p><b>We can manufacture small and large batches of ready to<br>use bulk, concentrates and finished products.<\/b><\/p>\n\n<\/div><\/div><\/div>\n<\/div>\n<\/div><\/div>","protected":false},"excerpt":{"rendered":"<p>Better living brighter future YP TECHNOLOGY NATURALLY PROGRAMMED TO WORK WHEN AND WHERE WE NEED IT Our patented &#8230; <\/p>\n<p class=\"read-more-container\"><a title=\"Home\" class=\"read-more button\" href=\"http:\/\/www.terpenetech.eu\/es\/#more-786\" aria-label=\"Leer m\u00e1s sobre Home\">Leer m\u00e1s<\/a><\/p>","protected":false},"author":4,"featured_media":752,"parent":0,"menu_order":0,"comment_status":"closed","ping_status":"closed","template":"","meta":{"_seopress_robots_primary_cat":"","_seopress_titles_title":"TerpeneTech : Better Living, Brighter Future","_seopress_titles_desc":"TerpeneTech\u2019s mission is to provide solutions that help to protect Humans and Animals from microorganisms and insects.","_seopress_robots_index":"","footnotes":""},"class_list":["post-786","page","type-page","status-publish","has-post-thumbnail"],"_links":{"self":[{"href":"http:\/\/www.terpenetech.eu\/es\/wp-json\/wp\/v2\/pages\/786","targetHints":{"allow":["GET"]}}],"collection":[{"href":"http:\/\/www.terpenetech.eu\/es\/wp-json\/wp\/v2\/pages"}],"about":[{"href":"http:\/\/www.terpenetech.eu\/es\/wp-json\/wp\/v2\/types\/page"}],"author":[{"embeddable":true,"href":"http:\/\/www.terpenetech.eu\/es\/wp-json\/wp\/v2\/users\/4"}],"replies":[{"embeddable":true,"href":"http:\/\/www.terpenetech.eu\/es\/wp-json\/wp\/v2\/comments?post=786"}],"version-history":[{"count":0,"href":"http:\/\/www.terpenetech.eu\/es\/wp-json\/wp\/v2\/pages\/786\/revisions"}],"wp:featuredmedia":[{"embeddable":true,"href":"http:\/\/www.terpenetech.eu\/es\/wp-json\/wp\/v2\/media\/752"}],"wp:attachment":[{"href":"http:\/\/www.terpenetech.eu\/es\/wp-json\/wp\/v2\/media?parent=786"}],"curies":[{"name":"wp","href":"https:\/\/api.w.org\/{rel}","templated":true}]}}