{"id":2755,"date":"2020-06-24T12:50:35","date_gmt":"2020-06-24T12:50:35","guid":{"rendered":"https:\/\/www.terpenetech.eu\/?page_id=2755"},"modified":"2021-09-17T14:33:58","modified_gmt":"2021-09-17T14:33:58","slug":"rendimiento","status":"publish","type":"page","link":"http:\/\/www.terpenetech.eu\/es\/company\/performance\/","title":{"rendered":"RENDIMIENTO"},"content":{"rendered":"<h1 class=\"has-text-align-center wp-block-heading\">Terpenetech <span style=\"color: #54595f;\">RENDIMIENTO<\/span><\/h1>\n\n\n\n<h2 class=\"has-text-align-center wp-block-heading\">EL RENDIMIENTO DEL PRODUCTO CUMPLE O SUPERA LAS EXPECTATIVAS<\/h2>\n\n\n\n<p>Es conocido en el sector que los terpenos son vol\u00e1tiles y se evaporan r\u00e1pidamente, por lo que tienen una actividad residual a corto plazo. Gracias a la tecnolog\u00eda de microencapsulaci\u00f3n de part\u00edculas de levadura patentada de Eden Research, los problemas asociados con los terpenos se pueden superar para desarrollar y comercializar biocidas no t\u00f3xicos y eficaces.<br>Adem\u00e1s de los terpenos, TerpeneTech tambi\u00e9n ha desarrollado tecnolog\u00eda y formulaciones de productos basadas en otros activos naturales e ingredientes inertes. Las nuevas formulaciones han demostrado una excelente eficacia en productos para humanos, mascotas, caballos, aves y ganado.<\/p>\n\n\n\n<p>La estrategia de TerpeneTech consiste en desarrollar, probar y comercializar productos biocidas naturales y eficaces de clase mundial y llevarlos al mercado en colaboraci\u00f3n con empresas l\u00edderes en todo el mundo.<\/p>\n\n\n\n<div style=\"height:50px\" aria-hidden=\"true\" class=\"wp-block-spacer\"><\/div>\n\n\n<div class=\"gb-grid-wrapper gb-grid-wrapper-f169a147\">\n<div class=\"gb-grid-column gb-grid-column-386d7d9c\"><div class=\"gb-container gb-container-386d7d9c\"><div class=\"gb-inside-container\">\n\n<p style=\"text-align: center;\"><a href=\"https:\/\/www.terpenetech.eu\/es\/quienes-somos\/filosofia\/\"><i class=\"fas fa-dot-circle\" style=\"color: #52BB35; font-size: 70px;\"><\/i><\/a><\/p>\n\n\n\n<h3 class=\"has-text-align-center wp-block-heading\"><a href=\"https:\/\/www.terpenetech.eu\/es\/quienes-somos\/filosofia\/\">FILOSOF\u00cdA<\/a><\/h3>\n\n\n\n<p><\/p>\n\n<\/div><\/div><\/div>\n\n<div class=\"gb-grid-column gb-grid-column-34760ac8\"><div class=\"gb-container gb-container-34760ac8\"><div class=\"gb-inside-container\">\n\n<p style=\"text-align: center;\"><a href=\"https:\/\/www.terpenetech.eu\/es\/quienes-somos\/historia\/\"><i class=\"fas fa-calendar-alt\" style=\"color: #52BB35; font-size: 70px;\"><\/i><\/a><\/p>\n\n\n\n<h3 class=\"has-text-align-center wp-block-heading\"><a href=\"https:\/\/www.terpenetech.eu\/es\/quienes-somos\/historia\/\">HISTORIA<\/a><\/h3>\n\n<\/div><\/div><\/div>\n\n<div class=\"gb-grid-column gb-grid-column-4cac1503\"><div class=\"gb-container gb-container-4cac1503\"><div class=\"gb-inside-container\">\n\n<p style=\"text-align: center;\"><a href=\"https:\/\/www.terpenetech.eu\/es\/quienes-somos\/equipo\/\"><i class=\"fas fa-user-circle\" style=\"color: #52BB35; font-size: 70px;\"><\/i><\/a><\/p>\n\n\n\n<h3 class=\"has-text-align-center wp-block-heading\"><a href=\"https:\/\/www.terpenetech.eu\/es\/quienes-somos\/equipo\/\">EQUIPO<\/a><\/h3>\n\n<\/div><\/div><\/div>\n\n<div class=\"gb-grid-column gb-grid-column-870e4ad4\"><div class=\"gb-container gb-container-870e4ad4\"><div class=\"gb-inside-container\">\n\n<p style=\"text-align: center;\"><a href=\"https:\/\/www.terpenetech.eu\/es\/quienes-somos\/estrategia\/\"><i class=\"fas fa-list-alt\" style=\"color: #52BB35; font-size: 70px;\"><\/i><\/a><\/p>\n\n\n\n<h3 class=\"has-text-align-center wp-block-heading\"><a href=\"https:\/\/www.terpenetech.eu\/es\/quienes-somos\/estrategia\/\">ESTRATEGIA<\/a><\/h3>\n\n<\/div><\/div><\/div>\n\n<div class=\"gb-grid-column gb-grid-column-eccb1f92\"><div class=\"gb-container gb-container-eccb1f92\"><div class=\"gb-inside-container\">\n\n<p style=\"text-align: center;\"><a href=\"https:\/\/www.terpenetech.eu\/es\/quienes-somos\/rendimiento\/\"><i class=\"fas fa-flask\" style=\"color: #52BB35; font-size: 70px;\"><\/i><\/a><\/p>\n\n\n\n<h3 class=\"has-text-align-center wp-block-heading\"><a href=\"https:\/\/www.terpenetech.eu\/es\/quienes-somos\/rendimiento\/\">RENDIMIENTO<\/a><\/h3>\n\n<\/div><\/div><\/div>\n<\/div>","protected":false},"excerpt":{"rendered":"<p>Terpenetech PERFORMANCE Product performance meets or exceeds expectations Terpenes have a well known drawbacks in that they are &#8230; <\/p>\n<p class=\"read-more-container\"><a title=\"RENDIMIENTO\" class=\"read-more button\" href=\"http:\/\/www.terpenetech.eu\/es\/company\/performance\/#more-2755\" aria-label=\"Leer m\u00e1s sobre Performance\">Leer m\u00e1s<\/a><\/p>","protected":false},"author":4,"featured_media":0,"parent":800,"menu_order":0,"comment_status":"closed","ping_status":"closed","template":"","meta":{"_seopress_robots_primary_cat":"","_seopress_titles_title":"Performance - TERPENETECH LTD","_seopress_titles_desc":"By utilizing Eden Research\u2019s patented Yeast Particle Microencapsulation Technology the problems associated with Terpenes can be overcome and effective, non-toxic Biocides can be developed and brought to market.","_seopress_robots_index":"","footnotes":""},"class_list":["post-2755","page","type-page","status-publish"],"_links":{"self":[{"href":"http:\/\/www.terpenetech.eu\/es\/wp-json\/wp\/v2\/pages\/2755","targetHints":{"allow":["GET"]}}],"collection":[{"href":"http:\/\/www.terpenetech.eu\/es\/wp-json\/wp\/v2\/pages"}],"about":[{"href":"http:\/\/www.terpenetech.eu\/es\/wp-json\/wp\/v2\/types\/page"}],"author":[{"embeddable":true,"href":"http:\/\/www.terpenetech.eu\/es\/wp-json\/wp\/v2\/users\/4"}],"replies":[{"embeddable":true,"href":"http:\/\/www.terpenetech.eu\/es\/wp-json\/wp\/v2\/comments?post=2755"}],"version-history":[{"count":0,"href":"http:\/\/www.terpenetech.eu\/es\/wp-json\/wp\/v2\/pages\/2755\/revisions"}],"up":[{"embeddable":true,"href":"http:\/\/www.terpenetech.eu\/es\/wp-json\/wp\/v2\/pages\/800"}],"wp:attachment":[{"href":"http:\/\/www.terpenetech.eu\/es\/wp-json\/wp\/v2\/media?parent=2755"}],"curies":[{"name":"wp","href":"https:\/\/api.w.org\/{rel}","templated":true}]}}