{"id":2754,"date":"2020-06-24T12:57:12","date_gmt":"2020-06-24T12:57:12","guid":{"rendered":"https:\/\/www.terpenetech.eu\/?page_id=2754"},"modified":"2021-09-17T14:33:50","modified_gmt":"2021-09-17T14:33:50","slug":"estrategia","status":"publish","type":"page","link":"http:\/\/www.terpenetech.eu\/es\/company\/strategy\/","title":{"rendered":"ESTRATEGIA"},"content":{"rendered":"<h1 class=\"has-text-align-center wp-block-heading\">Terpenetech <span style=\"color: #54595f;\">ESTRATEGIA<\/span><\/h1>\n\n\n\n<p>Los productos a base de plantas representan la nueva frontera, ya que las plantas utilizan terpenos a modo de defensa natural, que cuentan con propiedades repelentes, insecticidas y antimicrobianas excelentes. Muchos insecticidas activos y sin\u00e9rgicos han resultado ser potencialmente da\u00f1inos para las personas, las mascotas y el medioambiente, por lo que se han retirado del mercado. A ra\u00edz de eso, los profesionales y consumidores tienen menos herramientas a su disposici\u00f3n para combatir las enfermedades transmitidas por insectos portadores. Debido al desplazamiento hacia el norte de insectos y enfermedades potencialmente peligrosos desde \u00c1frica, es de vital importancia desarrollar productos eficaces y seguros para proteger a las poblaciones.<\/p>\n\n\n\n<h4 class=\"wp-block-heading\">Terpenetech&#8217;s non-toxic, <b>ecol\u00f3gicas<\/b> de TerpeneTech se basan en terpenos encapsulados, activos naturales e ingredientes inertes naturales para crear <b>productos naturales<\/b> con atractivos \u00fanicos:<\/h4>\n\n\n\n<ul class=\"wp-block-list\"><li><i class=\"fas fa-check\"><\/i> <b>SEGUROS<\/b><br>Ingredientes generalmente reconocidos como seguros (GRAS, por sus siglas en ingl\u00e9s)<\/li><li><i class=\"fas fa-check\"><\/i><b> COMPETITIVOS Y RENTABLES<\/b><br>Precio competitivo para los consumidores, los agricultores y la industria<\/li><li><i class=\"fas fa-check\"><\/i> <b>NON-TOXIC &amp; ENVIRONMENTALLY ACCEPTABLE<\/b><br>Alternativa segura a los productos qu\u00edmicos industriales potencialmente peligrosos<\/li><li><i class=\"fas fa-check\"><\/i> <b>BAJO RIESGO DE ACUMULACI\u00d3N DE RESISTENCIA CON TERPENOS<\/b><br>Modo de acci\u00f3n de m\u00faltiples sitios<\/li><li><i class=\"fas fa-check\"><\/i> <b>CUMPLEN CON LOS REQUISITOS DE EFICACIA<\/b><\/li><\/ul>\n\n\n\n<div style=\"height:50px\" aria-hidden=\"true\" class=\"wp-block-spacer\"><\/div>\n\n\n<div class=\"gb-grid-wrapper gb-grid-wrapper-f169a147\">\n<div class=\"gb-grid-column gb-grid-column-386d7d9c\"><div class=\"gb-container gb-container-386d7d9c\"><div class=\"gb-inside-container\">\n\n<p style=\"text-align: center;\"><a href=\"https:\/\/www.terpenetech.eu\/es\/quienes-somos\/filosofia\/\"><i class=\"fas fa-dot-circle\" style=\"color: #52BB35; font-size: 70px;\"><\/i><\/a><\/p>\n\n\n\n<h3 class=\"has-text-align-center wp-block-heading\"><a href=\"https:\/\/www.terpenetech.eu\/es\/quienes-somos\/filosofia\/\">FILOSOF\u00cdA<\/a><\/h3>\n\n\n\n<p><\/p>\n\n<\/div><\/div><\/div>\n\n<div class=\"gb-grid-column gb-grid-column-34760ac8\"><div class=\"gb-container gb-container-34760ac8\"><div class=\"gb-inside-container\">\n\n<p style=\"text-align: center;\"><a href=\"https:\/\/www.terpenetech.eu\/es\/quienes-somos\/historia\/\"><i class=\"fas fa-calendar-alt\" style=\"color: #52BB35; font-size: 70px;\"><\/i><\/a><\/p>\n\n\n\n<h3 class=\"has-text-align-center wp-block-heading\"><a href=\"https:\/\/www.terpenetech.eu\/es\/quienes-somos\/historia\/\">HISTORIA<\/a><\/h3>\n\n<\/div><\/div><\/div>\n\n<div class=\"gb-grid-column gb-grid-column-4cac1503\"><div class=\"gb-container gb-container-4cac1503\"><div class=\"gb-inside-container\">\n\n<p style=\"text-align: center;\"><a href=\"https:\/\/www.terpenetech.eu\/es\/quienes-somos\/equipo\/\"><i class=\"fas fa-user-circle\" style=\"color: #52BB35; font-size: 70px;\"><\/i><\/a><\/p>\n\n\n\n<h3 class=\"has-text-align-center wp-block-heading\"><a href=\"https:\/\/www.terpenetech.eu\/es\/quienes-somos\/equipo\/\">EQUIPO<\/a><\/h3>\n\n<\/div><\/div><\/div>\n\n<div class=\"gb-grid-column gb-grid-column-870e4ad4\"><div class=\"gb-container gb-container-870e4ad4\"><div class=\"gb-inside-container\">\n\n<p style=\"text-align: center;\"><a href=\"https:\/\/www.terpenetech.eu\/es\/quienes-somos\/estrategia\/\"><i class=\"fas fa-list-alt\" style=\"color: #52BB35; font-size: 70px;\"><\/i><\/a><\/p>\n\n\n\n<h3 class=\"has-text-align-center wp-block-heading\"><a href=\"https:\/\/www.terpenetech.eu\/es\/quienes-somos\/estrategia\/\">ESTRATEGIA<\/a><\/h3>\n\n<\/div><\/div><\/div>\n\n<div class=\"gb-grid-column gb-grid-column-eccb1f92\"><div class=\"gb-container gb-container-eccb1f92\"><div class=\"gb-inside-container\">\n\n<p style=\"text-align: center;\"><a href=\"https:\/\/www.terpenetech.eu\/es\/quienes-somos\/rendimiento\/\"><i class=\"fas fa-flask\" style=\"color: #52BB35; font-size: 70px;\"><\/i><\/a><\/p>\n\n\n\n<h3 class=\"has-text-align-center wp-block-heading\"><a href=\"https:\/\/www.terpenetech.eu\/es\/quienes-somos\/rendimiento\/\">RENDIMIENTO<\/a><\/h3>\n\n<\/div><\/div><\/div>\n<\/div>","protected":false},"excerpt":{"rendered":"<p>Terpenetech STRATEGY Plant based products represent the new frontier as plants use Terpenes in their natural defense and &#8230; <\/p>\n<p class=\"read-more-container\"><a title=\"ESTRATEGIA\" class=\"read-more button\" href=\"http:\/\/www.terpenetech.eu\/es\/company\/strategy\/#more-2754\" aria-label=\"Leer m\u00e1s sobre Strategy\">Leer m\u00e1s<\/a><\/p>","protected":false},"author":4,"featured_media":0,"parent":800,"menu_order":0,"comment_status":"closed","ping_status":"closed","template":"","meta":{"_seopress_robots_primary_cat":"","_seopress_titles_title":"Strategy - TERPENETECH LTD","_seopress_titles_desc":"Plant based products represent the new frontier as plants use Terpenes in their natural defense and Terpenes have demonstrated excellent repellent, insecticidal and anti-microbial properties.","_seopress_robots_index":"","footnotes":""},"class_list":["post-2754","page","type-page","status-publish"],"_links":{"self":[{"href":"http:\/\/www.terpenetech.eu\/es\/wp-json\/wp\/v2\/pages\/2754","targetHints":{"allow":["GET"]}}],"collection":[{"href":"http:\/\/www.terpenetech.eu\/es\/wp-json\/wp\/v2\/pages"}],"about":[{"href":"http:\/\/www.terpenetech.eu\/es\/wp-json\/wp\/v2\/types\/page"}],"author":[{"embeddable":true,"href":"http:\/\/www.terpenetech.eu\/es\/wp-json\/wp\/v2\/users\/4"}],"replies":[{"embeddable":true,"href":"http:\/\/www.terpenetech.eu\/es\/wp-json\/wp\/v2\/comments?post=2754"}],"version-history":[{"count":0,"href":"http:\/\/www.terpenetech.eu\/es\/wp-json\/wp\/v2\/pages\/2754\/revisions"}],"up":[{"embeddable":true,"href":"http:\/\/www.terpenetech.eu\/es\/wp-json\/wp\/v2\/pages\/800"}],"wp:attachment":[{"href":"http:\/\/www.terpenetech.eu\/es\/wp-json\/wp\/v2\/media?parent=2754"}],"curies":[{"name":"wp","href":"https:\/\/api.w.org\/{rel}","templated":true}]}}