{"id":2753,"date":"2020-06-24T12:53:44","date_gmt":"2020-06-24T12:53:44","guid":{"rendered":"https:\/\/www.terpenetech.eu\/?page_id=2753"},"modified":"2021-09-17T14:36:36","modified_gmt":"2021-09-17T14:36:36","slug":"equipo","status":"publish","type":"page","link":"http:\/\/www.terpenetech.eu\/es\/company\/team\/","title":{"rendered":"EQUIPO"},"content":{"rendered":"<h1 class=\"has-text-align-center wp-block-heading\">Terpenetech <span style=\"color: #54595f;\">EQUIPO<\/span><\/h1>\n\n\n\n<div style=\"height:20px\" aria-hidden=\"true\" class=\"wp-block-spacer\"><\/div>\n\n\n<div class=\"gb-grid-wrapper gb-grid-wrapper-9c5a53bb\">\n<div class=\"gb-grid-column gb-grid-column-bea8a046\"><div class=\"gb-container gb-container-bea8a046\"><div class=\"gb-inside-container\">\n\n<div class=\"wp-block-image\"><figure class=\"aligncenter is-resized\"><img loading=\"lazy\" decoding=\"async\" src=\"https:\/\/www.terpenetech.eu\/wp-content\/uploads\/2019\/12\/antoine_biron.jpg\" alt=\"\" width=\"150\" height=\"150\"\/><\/figure><\/div>\n\n\n\n<div style=\"height:20px\" aria-hidden=\"true\" class=\"wp-block-spacer\"><\/div>\n\n\n\n<h2 class=\"has-text-align-center wp-block-heading\">ANTOINE BIRON<\/h2>\n\n\n\n<h6 class=\"has-text-align-center wp-block-heading\">DIRECTOR DE LA UE<\/h6>\n\n\n\n<p>Antoine lleva trabajando en el sector de los biocidas desde hace m\u00e1s de 10 a\u00f1os. Se centra en la producci\u00f3n y el registro de sustancias activas insecticidas y repelentes vegetales y la venta de las mismas a farmacias, centros de jardiner\u00eda y bricolaje, el sector agroindustrial y a establecimientos del mercado de consumo.<\/p>\n\n<\/div><\/div><\/div>\n\n<div class=\"gb-grid-column gb-grid-column-79575e25\"><div class=\"gb-container gb-container-79575e25\"><div class=\"gb-inside-container\">\n\n<div class=\"wp-block-image\"><figure class=\"aligncenter size-full is-resized\"><a href=\"https:\/\/www.terpenetech.eu\/wp-content\/uploads\/2019\/12\/herb_friend.jpg\"><img loading=\"lazy\" decoding=\"async\" src=\"https:\/\/www.terpenetech.eu\/wp-content\/uploads\/2019\/12\/herb_friend.jpg\" alt=\"\" class=\"wp-image-2570\" width=\"150\" height=\"150\" srcset=\"https:\/\/www.terpenetech.eu\/wp-content\/uploads\/2019\/12\/herb_friend.jpg 498w, https:\/\/www.terpenetech.eu\/wp-content\/uploads\/2019\/12\/herb_friend-300x300.jpg 300w, https:\/\/www.terpenetech.eu\/wp-content\/uploads\/2019\/12\/herb_friend-150x150.jpg 150w\" sizes=\"auto, (max-width: 150px) 100vw, 150px\" \/><\/a><\/figure><\/div>\n\n\n\n<div style=\"height:20px\" aria-hidden=\"true\" class=\"wp-block-spacer\"><\/div>\n\n\n\n<h2 class=\"has-text-align-center wp-block-heading\">HERB FRIEND<\/h2>\n\n\n\n<h6 class=\"has-text-align-center wp-block-heading\">DIRECTOR DE ESTADOS UNIDOS Y CHINA<\/h6>\n\n\n\n<p>Herb tiene m\u00e1s de 20 a\u00f1os de experiencia en el desarrollo, la comercializaci\u00f3n, el marketing y la venta de productos biocidas. Ha creado programas de marketing y de ventas en todo el mundo, as\u00ed como plantas de producci\u00f3n en los EE.\u00a0UU. y China.<\/p>\n\n<\/div><\/div><\/div>\n<\/div>\n\n\n<div style=\"height:50px\" aria-hidden=\"true\" class=\"wp-block-spacer\"><\/div>\n\n\n<div class=\"gb-grid-wrapper gb-grid-wrapper-f169a147\">\n<div class=\"gb-grid-column gb-grid-column-386d7d9c\"><div class=\"gb-container gb-container-386d7d9c\"><div class=\"gb-inside-container\">\n\n<p style=\"text-align: center;\"><a href=\"https:\/\/www.terpenetech.eu\/es\/quienes-somos\/filosofia\/\"><i class=\"fas fa-dot-circle\" style=\"color: #52BB35; font-size: 70px;\"><\/i><\/a><\/p>\n\n\n\n<h3 class=\"has-text-align-center wp-block-heading\"><a href=\"https:\/\/www.terpenetech.eu\/es\/quienes-somos\/filosofia\/\">FILOSOF\u00cdA<\/a><\/h3>\n\n\n\n<p><\/p>\n\n<\/div><\/div><\/div>\n\n<div class=\"gb-grid-column gb-grid-column-34760ac8\"><div class=\"gb-container gb-container-34760ac8\"><div class=\"gb-inside-container\">\n\n<p style=\"text-align: center;\"><a href=\"https:\/\/www.terpenetech.eu\/es\/quienes-somos\/historia\/\"><i class=\"fas fa-calendar-alt\" style=\"color: #52BB35; font-size: 70px;\"><\/i><\/a><\/p>\n\n\n\n<h3 class=\"has-text-align-center wp-block-heading\"><a href=\"https:\/\/www.terpenetech.eu\/es\/quienes-somos\/historia\/\">HISTORIA<\/a><\/h3>\n\n<\/div><\/div><\/div>\n\n<div class=\"gb-grid-column gb-grid-column-4cac1503\"><div class=\"gb-container gb-container-4cac1503\"><div class=\"gb-inside-container\">\n\n<p style=\"text-align: center;\"><a href=\"https:\/\/www.terpenetech.eu\/es\/quienes-somos\/equipo\/\"><i class=\"fas fa-user-circle\" style=\"color: #52BB35; font-size: 70px;\"><\/i><\/a><\/p>\n\n\n\n<h3 class=\"has-text-align-center wp-block-heading\"><a href=\"https:\/\/www.terpenetech.eu\/es\/quienes-somos\/equipo\/\">EQUIPO<\/a><\/h3>\n\n<\/div><\/div><\/div>\n\n<div class=\"gb-grid-column gb-grid-column-870e4ad4\"><div class=\"gb-container gb-container-870e4ad4\"><div class=\"gb-inside-container\">\n\n<p style=\"text-align: center;\"><a href=\"https:\/\/www.terpenetech.eu\/es\/quienes-somos\/estrategia\/\"><i class=\"fas fa-list-alt\" style=\"color: #52BB35; font-size: 70px;\"><\/i><\/a><\/p>\n\n\n\n<h3 class=\"has-text-align-center wp-block-heading\"><a href=\"https:\/\/www.terpenetech.eu\/es\/quienes-somos\/estrategia\/\">ESTRATEGIA<\/a><\/h3>\n\n<\/div><\/div><\/div>\n\n<div class=\"gb-grid-column gb-grid-column-eccb1f92\"><div class=\"gb-container gb-container-eccb1f92\"><div class=\"gb-inside-container\">\n\n<p style=\"text-align: center;\"><a href=\"https:\/\/www.terpenetech.eu\/es\/quienes-somos\/rendimiento\/\"><i class=\"fas fa-flask\" style=\"color: #52BB35; font-size: 70px;\"><\/i><\/a><\/p>\n\n\n\n<h3 class=\"has-text-align-center wp-block-heading\"><a href=\"https:\/\/www.terpenetech.eu\/es\/quienes-somos\/rendimiento\/\">RENDIMIENTO<\/a><\/h3>\n\n<\/div><\/div><\/div>\n<\/div>","protected":false},"excerpt":{"rendered":"<p>Terpenetech TEAM<\/p>","protected":false},"author":4,"featured_media":0,"parent":800,"menu_order":0,"comment_status":"closed","ping_status":"closed","template":"","meta":{"_seopress_robots_primary_cat":"","_seopress_titles_title":"Team - TERPENETECH LTD","_seopress_titles_desc":"Antoine Biron - Director EU &amp; Herb Friend - Director US &amp; China","_seopress_robots_index":"","footnotes":""},"class_list":["post-2753","page","type-page","status-publish"],"_links":{"self":[{"href":"http:\/\/www.terpenetech.eu\/es\/wp-json\/wp\/v2\/pages\/2753","targetHints":{"allow":["GET"]}}],"collection":[{"href":"http:\/\/www.terpenetech.eu\/es\/wp-json\/wp\/v2\/pages"}],"about":[{"href":"http:\/\/www.terpenetech.eu\/es\/wp-json\/wp\/v2\/types\/page"}],"author":[{"embeddable":true,"href":"http:\/\/www.terpenetech.eu\/es\/wp-json\/wp\/v2\/users\/4"}],"replies":[{"embeddable":true,"href":"http:\/\/www.terpenetech.eu\/es\/wp-json\/wp\/v2\/comments?post=2753"}],"version-history":[{"count":0,"href":"http:\/\/www.terpenetech.eu\/es\/wp-json\/wp\/v2\/pages\/2753\/revisions"}],"up":[{"embeddable":true,"href":"http:\/\/www.terpenetech.eu\/es\/wp-json\/wp\/v2\/pages\/800"}],"wp:attachment":[{"href":"http:\/\/www.terpenetech.eu\/es\/wp-json\/wp\/v2\/media?parent=2753"}],"curies":[{"name":"wp","href":"https:\/\/api.w.org\/{rel}","templated":true}]}}