{"id":2751,"date":"2020-06-24T12:54:00","date_gmt":"2020-06-24T12:54:00","guid":{"rendered":"https:\/\/www.terpenetech.eu\/?page_id=2751"},"modified":"2021-09-17T14:32:37","modified_gmt":"2021-09-17T14:32:37","slug":"historia","status":"publish","type":"page","link":"http:\/\/www.terpenetech.eu\/es\/company\/history\/","title":{"rendered":"HISTORIA"},"content":{"rendered":"<h1 class=\"has-text-align-center wp-block-heading\">Terpenetech <span style=\"color: #54595f;\">HISTORIA<\/span><\/h1>\n\n\n\n<ul class=\"wp-block-list\"><li><strong>22 DE SEPTIEMBRE DE 2011<\/strong><p style=\"text-align: left;\">El 22 de septiembre de 2011, TerpeneTech Limited celebr\u00f3 acuerdos exclusivos de comercializaci\u00f3n y licencias a nivel internacional con Eden Research Plc. para emplear la tecnolog\u00eda de microencapsulaci\u00f3n de part\u00edculas de levadura patentada de Eden en los campos de los productos biocidas de consumo y agroindustriales.<\/p><p>A TerpeneTech tambi\u00e9n se le otorg\u00f3 acceso a los datos del expediente de Eden relacionados con\u00a0 <b>geraniol, eugenol y timol\u00a0<\/b> con el fin de vender productos a base de terpenos encapsulados y no encapsulados.<\/p><\/li><li><strong>20 DE MAYO DE 2013<\/strong><p style=\"text-align: left;\">El 20 de mayo de 2013, Eden Research Plc. anunci\u00f3 que <b>la Comisi\u00f3n Europea (\u00abCE\u00bb) hab\u00eda aprobado los tres expedientes de sustancias activas para su uso en productos fitosanitarios<\/b> en virtud del Reglamento (CE) 1107\/2009 de la Uni\u00f3n Europea, con su inclusi\u00f3n en el Anexo I.<\/p><\/li><li><strong>1 DE DICIEMBRE DE 2015<\/strong><p style=\"text-align: left;\">El 1 de diciembre de 2015, TerpeneTech obtuvo su licencia como proveedor de sustancias activas para geraniol (CAS-106-24-1) para su uso en insecticidas (PT19) y repelentes (PT18). La ECHA otorg\u00f3 a TerpeneTech derechos jur\u00eddicos para suministrar geraniol al mercado de la UE como sustancia activa biocida y proporcionar cartas de acceso para respaldar los registros de productos de sus clientes.<\/p><\/li><li><strong>6 DE OCTUBRE DE 2018<\/strong><p style=\"text-align: left;\">Despu\u00e9s de tres a\u00f1os de I+D y trabajos de car\u00e1cter reglamentario, el 6 de octubre de 2018 TerpeneTech envi\u00f3 una notificaci\u00f3n de fabricante de dispositivos m\u00e9dicos para su loci\u00f3n para piojos a la MHRA.<\/p><\/li><li><strong>2020<\/strong><p style=\"text-align: left;\">Para evitar complicaciones con el Brexit, proteger a sus clientes y mantener sus derechos como proveedor de sustancias activas biocidas de la UE y como fabricante de dispositivos m\u00e9dicos, TerpeneTech estableci\u00f3 TerpeneTech Ireland para mantener sus registros en la UE.<\/p><\/li><\/ul>\n\n\n<div class=\"gb-grid-wrapper gb-grid-wrapper-fea98a2d\">\n<div class=\"gb-grid-column gb-grid-column-824e9495\"><div class=\"gb-container gb-container-824e9495\"><div class=\"gb-inside-container\">\n\n<div class=\"wp-block-image\"><figure class=\"aligncenter\"><img decoding=\"async\" src=\"https:\/\/www.terpenetech.eu\/wp-content\/uploads\/2019\/12\/LOGO_TERPENETECH_NEW.png\" alt=\"\"\/><\/figure><\/div>\n\n<\/div><\/div><\/div>\n\n<div class=\"gb-grid-column gb-grid-column-cfc06ecf\"><div class=\"gb-container gb-container-cfc06ecf\"><div class=\"gb-inside-container\">\n\n<div class=\"wp-block-image\"><figure class=\"aligncenter is-resized\"><img decoding=\"async\" src=\"https:\/\/www.terpenetech.eu\/wp-content\/uploads\/2014\/11\/EDEN_LOGO.png\" alt=\"\" width=\"200\"\/><\/figure><\/div>\n\n<\/div><\/div><\/div>\n<\/div>\n\n\n<div style=\"height:50px\" aria-hidden=\"true\" class=\"wp-block-spacer\"><\/div>\n\n\n<div class=\"gb-grid-wrapper gb-grid-wrapper-f169a147\">\n<div class=\"gb-grid-column gb-grid-column-386d7d9c\"><div class=\"gb-container gb-container-386d7d9c\"><div class=\"gb-inside-container\">\n\n<p style=\"text-align: center;\"><a href=\"https:\/\/www.terpenetech.eu\/es\/quienes-somos\/filosofia\/\"><i class=\"fas fa-dot-circle\" style=\"color: #52BB35; font-size: 70px;\"><\/i><\/a><\/p>\n\n\n\n<h3 class=\"has-text-align-center wp-block-heading\"><a href=\"https:\/\/www.terpenetech.eu\/es\/quienes-somos\/filosofia\/\">FILOSOF\u00cdA<\/a><\/h3>\n\n\n\n<p><\/p>\n\n<\/div><\/div><\/div>\n\n<div class=\"gb-grid-column gb-grid-column-34760ac8\"><div class=\"gb-container gb-container-34760ac8\"><div class=\"gb-inside-container\">\n\n<p style=\"text-align: center;\"><a href=\"https:\/\/www.terpenetech.eu\/es\/quienes-somos\/historia\/\"><i class=\"fas fa-calendar-alt\" style=\"color: #52BB35; font-size: 70px;\"><\/i><\/a><\/p>\n\n\n\n<h3 class=\"has-text-align-center wp-block-heading\"><a href=\"https:\/\/www.terpenetech.eu\/es\/quienes-somos\/historia\/\">HISTORIA<\/a><\/h3>\n\n<\/div><\/div><\/div>\n\n<div class=\"gb-grid-column gb-grid-column-4cac1503\"><div class=\"gb-container gb-container-4cac1503\"><div class=\"gb-inside-container\">\n\n<p style=\"text-align: center;\"><a href=\"https:\/\/www.terpenetech.eu\/es\/quienes-somos\/equipo\/\"><i class=\"fas fa-user-circle\" style=\"color: #52BB35; font-size: 70px;\"><\/i><\/a><\/p>\n\n\n\n<h3 class=\"has-text-align-center wp-block-heading\"><a href=\"https:\/\/www.terpenetech.eu\/es\/quienes-somos\/equipo\/\">EQUIPO<\/a><\/h3>\n\n<\/div><\/div><\/div>\n\n<div class=\"gb-grid-column gb-grid-column-870e4ad4\"><div class=\"gb-container gb-container-870e4ad4\"><div class=\"gb-inside-container\">\n\n<p style=\"text-align: center;\"><a href=\"https:\/\/www.terpenetech.eu\/es\/quienes-somos\/estrategia\/\"><i class=\"fas fa-list-alt\" style=\"color: #52BB35; font-size: 70px;\"><\/i><\/a><\/p>\n\n\n\n<h3 class=\"has-text-align-center wp-block-heading\"><a href=\"https:\/\/www.terpenetech.eu\/es\/quienes-somos\/estrategia\/\">ESTRATEGIA<\/a><\/h3>\n\n<\/div><\/div><\/div>\n\n<div class=\"gb-grid-column gb-grid-column-eccb1f92\"><div class=\"gb-container gb-container-eccb1f92\"><div class=\"gb-inside-container\">\n\n<p style=\"text-align: center;\"><a href=\"https:\/\/www.terpenetech.eu\/es\/quienes-somos\/rendimiento\/\"><i class=\"fas fa-flask\" style=\"color: #52BB35; font-size: 70px;\"><\/i><\/a><\/p>\n\n\n\n<h3 class=\"has-text-align-center wp-block-heading\"><a href=\"https:\/\/www.terpenetech.eu\/es\/quienes-somos\/rendimiento\/\">RENDIMIENTO<\/a><\/h3>\n\n<\/div><\/div><\/div>\n<\/div>","protected":false},"excerpt":{"rendered":"<p>Terpenetech HISTORY September 22, 2011 TerpeneTech Limited, on September 22, 2011, entered into exclusive worldwide licensing and marketing &#8230; <\/p>\n<p class=\"read-more-container\"><a title=\"HISTORIA\" class=\"read-more button\" href=\"http:\/\/www.terpenetech.eu\/es\/company\/history\/#more-2751\" aria-label=\"Leer m\u00e1s sobre History\">Leer m\u00e1s<\/a><\/p>","protected":false},"author":4,"featured_media":0,"parent":800,"menu_order":0,"comment_status":"closed","ping_status":"closed","template":"","meta":{"_seopress_robots_primary_cat":"","_seopress_titles_title":"History - TERPENETECH LTD","_seopress_titles_desc":"On December 1st, 2015, TerpeneTech was identified as Active Substance Supplier for Geraniol CAS-106-24-1) for its use in Insecticides (PT19) and Repellents (PT18).","_seopress_robots_index":"","footnotes":""},"class_list":["post-2751","page","type-page","status-publish"],"_links":{"self":[{"href":"http:\/\/www.terpenetech.eu\/es\/wp-json\/wp\/v2\/pages\/2751","targetHints":{"allow":["GET"]}}],"collection":[{"href":"http:\/\/www.terpenetech.eu\/es\/wp-json\/wp\/v2\/pages"}],"about":[{"href":"http:\/\/www.terpenetech.eu\/es\/wp-json\/wp\/v2\/types\/page"}],"author":[{"embeddable":true,"href":"http:\/\/www.terpenetech.eu\/es\/wp-json\/wp\/v2\/users\/4"}],"replies":[{"embeddable":true,"href":"http:\/\/www.terpenetech.eu\/es\/wp-json\/wp\/v2\/comments?post=2751"}],"version-history":[{"count":0,"href":"http:\/\/www.terpenetech.eu\/es\/wp-json\/wp\/v2\/pages\/2751\/revisions"}],"up":[{"embeddable":true,"href":"http:\/\/www.terpenetech.eu\/es\/wp-json\/wp\/v2\/pages\/800"}],"wp:attachment":[{"href":"http:\/\/www.terpenetech.eu\/es\/wp-json\/wp\/v2\/media?parent=2751"}],"curies":[{"name":"wp","href":"https:\/\/api.w.org\/{rel}","templated":true}]}}