{"id":2748,"date":"2020-06-24T12:49:53","date_gmt":"2020-06-24T12:49:53","guid":{"rendered":"https:\/\/www.terpenetech.eu\/?page_id=2748"},"modified":"2021-09-17T14:25:09","modified_gmt":"2021-09-17T14:25:09","slug":"filosofia","status":"publish","type":"page","link":"http:\/\/www.terpenetech.eu\/es\/company\/philosophy\/","title":{"rendered":"FILOSOF\u00cdA"},"content":{"rendered":"<h1 class=\"has-text-align-center wp-block-heading\">Terpenetech <span style=\"color: #54595f;\">FILOSOF\u00cdA<\/span><\/h1>\n\n\n\n<p>TerpeneTech considera que el futuro de los biocidas radica en el desarrollo y la comercializaci\u00f3n de productos efectivos de base natural.<\/p>\n\n\n\n<p>TerpeneTech se dedica a promover el uso de activos de origen natural para proteger a las personas y los animales de sustancias qu\u00edmicas y microorganismos potencialmente da\u00f1inos. La naturaleza es una gran inspiraci\u00f3n y suele presentar soluciones superiores. Por ejemplo, las plantas son la fuente de sustancias qu\u00edmicas naturales como los aceites esenciales, que utilizan para protegerse, as\u00ed como de una multitud de productos farmac\u00e9uticos de origen vegetal.<\/p>\n\n\n\n<h4 class=\"wp-block-heading\">TerpeneTech se centra en <b>identificar mol\u00e9culas de terpeno naturales y evaluar sus propiedades<\/b> para garantizar su seguridad y rendimiento. El proceso de evaluaci\u00f3n incluye ecotoxicidad, biocompatibilidad, estabilidad y eficacia.<\/h4>\n\n\n\n<p>Los terpenos de base natural tienen muchas caracter\u00edsticas y beneficios positivos, y se pueden aplicar a una amplia variedad de productos comerciales y de consumo. Sin embargo, tienen un defecto importante. Son vol\u00e1tiles y, por tanto, tienen una duraci\u00f3n limitada. La tecnolog\u00eda de encapsulaci\u00f3n de TerpeneTech puede desempe\u00f1ar un papel importante a la hora de optimizar el rendimiento de los terpenos naturales mediante una liberaci\u00f3n sostenida. Adem\u00e1s, la tecnolog\u00eda permite la eliminaci\u00f3n de tensioactivos y alcoholes de las formulaciones de productos.<\/p>\n\n\n\n<p>Pasar de la I+D al mercado requiere diversas habilidades y conocimientos para garantizar el \u00e9xito. TerpeneTech trata a sus clientes como socios y trabaja en estrecha colaboraci\u00f3n con ellos para encontrar soluciones \u00f3ptimas. Compartimos metas, objetivos y motivaci\u00f3n comunes para promover soluciones sostenibles para una vida m\u00e1s segura y mejor y un futuro m\u00e1s brillante.<\/p>\n\n\n<div class=\"gb-grid-wrapper gb-grid-wrapper-f169a147\">\n<div class=\"gb-grid-column gb-grid-column-386d7d9c\"><div class=\"gb-container gb-container-386d7d9c\"><div class=\"gb-inside-container\">\n\n<p style=\"text-align: center;\"><a href=\"https:\/\/www.terpenetech.eu\/es\/quienes-somos\/filosofia\/\"><i class=\"fas fa-dot-circle\" style=\"color: #52BB35; font-size: 70px;\"><\/i><\/a><\/p>\n\n\n\n<h3 class=\"has-text-align-center wp-block-heading\"><a href=\"https:\/\/www.terpenetech.eu\/es\/quienes-somos\/filosofia\/\">FILOSOF\u00cdA<\/a><\/h3>\n\n\n\n<p><\/p>\n\n<\/div><\/div><\/div>\n\n<div class=\"gb-grid-column gb-grid-column-34760ac8\"><div class=\"gb-container gb-container-34760ac8\"><div class=\"gb-inside-container\">\n\n<p style=\"text-align: center;\"><a href=\"https:\/\/www.terpenetech.eu\/es\/quienes-somos\/historia\/\"><i class=\"fas fa-calendar-alt\" style=\"color: #52BB35; font-size: 70px;\"><\/i><\/a><\/p>\n\n\n\n<h3 class=\"has-text-align-center wp-block-heading\"><a href=\"https:\/\/www.terpenetech.eu\/es\/quienes-somos\/historia\/\">HISTORIA<\/a><\/h3>\n\n<\/div><\/div><\/div>\n\n<div class=\"gb-grid-column gb-grid-column-4cac1503\"><div class=\"gb-container gb-container-4cac1503\"><div class=\"gb-inside-container\">\n\n<p style=\"text-align: center;\"><a href=\"https:\/\/www.terpenetech.eu\/es\/quienes-somos\/equipo\/\"><i class=\"fas fa-user-circle\" style=\"color: #52BB35; font-size: 70px;\"><\/i><\/a><\/p>\n\n\n\n<h3 class=\"has-text-align-center wp-block-heading\"><a href=\"https:\/\/www.terpenetech.eu\/es\/quienes-somos\/equipo\/\">EQUIPO<\/a><\/h3>\n\n<\/div><\/div><\/div>\n\n<div class=\"gb-grid-column gb-grid-column-870e4ad4\"><div class=\"gb-container gb-container-870e4ad4\"><div class=\"gb-inside-container\">\n\n<p style=\"text-align: center;\"><a href=\"https:\/\/www.terpenetech.eu\/es\/quienes-somos\/estrategia\/\"><i class=\"fas fa-list-alt\" style=\"color: #52BB35; font-size: 70px;\"><\/i><\/a><\/p>\n\n\n\n<h3 class=\"has-text-align-center wp-block-heading\"><a href=\"https:\/\/www.terpenetech.eu\/es\/quienes-somos\/estrategia\/\">ESTRATEGIA<\/a><\/h3>\n\n<\/div><\/div><\/div>\n\n<div class=\"gb-grid-column gb-grid-column-eccb1f92\"><div class=\"gb-container gb-container-eccb1f92\"><div class=\"gb-inside-container\">\n\n<p style=\"text-align: center;\"><a href=\"https:\/\/www.terpenetech.eu\/es\/quienes-somos\/rendimiento\/\"><i class=\"fas fa-flask\" style=\"color: #52BB35; font-size: 70px;\"><\/i><\/a><\/p>\n\n\n\n<h3 class=\"has-text-align-center wp-block-heading\"><a href=\"https:\/\/www.terpenetech.eu\/es\/quienes-somos\/rendimiento\/\">RENDIMIENTO<\/a><\/h3>\n\n<\/div><\/div><\/div>\n<\/div>","protected":false},"excerpt":{"rendered":"<p>Terpenetech PHILOSOPHY TerpeneTech believes that the future of Biocides lies in the development and commercialization of effective natural &#8230; <\/p>\n<p class=\"read-more-container\"><a title=\"FILOSOF\u00cdA\" class=\"read-more button\" href=\"http:\/\/www.terpenetech.eu\/es\/company\/philosophy\/#more-2748\" aria-label=\"Leer m\u00e1s sobre Philosophy\">Leer m\u00e1s<\/a><\/p>","protected":false},"author":4,"featured_media":0,"parent":800,"menu_order":0,"comment_status":"closed","ping_status":"closed","template":"","meta":{"_seopress_robots_primary_cat":"","_seopress_titles_title":"Philosophy - TERPENETECH LTD","_seopress_titles_desc":"TerpeneTech believes that the future of Biocides lies in the development and commercialization of effective natural based products.","_seopress_robots_index":"","footnotes":""},"class_list":["post-2748","page","type-page","status-publish"],"_links":{"self":[{"href":"http:\/\/www.terpenetech.eu\/es\/wp-json\/wp\/v2\/pages\/2748","targetHints":{"allow":["GET"]}}],"collection":[{"href":"http:\/\/www.terpenetech.eu\/es\/wp-json\/wp\/v2\/pages"}],"about":[{"href":"http:\/\/www.terpenetech.eu\/es\/wp-json\/wp\/v2\/types\/page"}],"author":[{"embeddable":true,"href":"http:\/\/www.terpenetech.eu\/es\/wp-json\/wp\/v2\/users\/4"}],"replies":[{"embeddable":true,"href":"http:\/\/www.terpenetech.eu\/es\/wp-json\/wp\/v2\/comments?post=2748"}],"version-history":[{"count":0,"href":"http:\/\/www.terpenetech.eu\/es\/wp-json\/wp\/v2\/pages\/2748\/revisions"}],"up":[{"embeddable":true,"href":"http:\/\/www.terpenetech.eu\/es\/wp-json\/wp\/v2\/pages\/800"}],"wp:attachment":[{"href":"http:\/\/www.terpenetech.eu\/es\/wp-json\/wp\/v2\/media?parent=2748"}],"curies":[{"name":"wp","href":"https:\/\/api.w.org\/{rel}","templated":true}]}}