{"id":1174,"date":"2017-10-04T14:54:19","date_gmt":"2017-10-04T14:54:19","guid":{"rendered":"\/?page_id=1174"},"modified":"2021-09-17T15:29:32","modified_gmt":"2021-09-17T15:29:32","slug":"biocida-de-geraniol","status":"publish","type":"page","link":"http:\/\/www.terpenetech.eu\/es\/geraniol-biocides\/","title":{"rendered":"geraniol"},"content":{"rendered":"<h1 class=\"has-text-align-center wp-block-heading\">BIOCIDA DE GERANIOL:<br><span style=\"color: #54595f;\">INSECTICIDAS Y REPELENTES<\/span><\/h1>\n\n\n\n<p class=\"has-text-align-center\">Desde finales de la d\u00e9cada de 1990, la Uni\u00f3n Europea, de acuerdo con los estados miembros, ha transferido la responsabilidad de evaluar los productos qu\u00edmicos al sector privado.<\/p>\n\n\n\n<p class=\"has-text-align-center\">A biocidal product is a substance intending to destroy, deter, render harmless, prevent the action of, or exert a controlling effect on any harmful organism by any means other than mere&nbsp;physical or mechanical action.<\/p>\n\n\n\n<p class=\"has-text-align-center\">En el marco del Reglamento sobre productos biocidas, TerpeneTech ha redactado un expediente de evaluaci\u00f3n independiente para el uso del geraniol como ingrediente activo biocida para insecticidas y repelentes. TerpeneTech ya figura en la lista del art\u00edculo 95 como proveedor autorizado.<\/p>\n\n\n\n<p class=\"has-text-align-center\"><a href=\"https:\/\/www.terpenetech.eu\/es\/el-geraniol-es-un-ingrediente-activo-biocida-de-origen-natural-seguro-y-eficaz\/\">Obtenga m\u00e1s informaci\u00f3n sobre el geraniol como ingrediente activo biocida.<\/a><\/p>\n\n\n\n<div style=\"height:100px\" aria-hidden=\"true\" class=\"wp-block-spacer\"><\/div>\n\n\n<div class=\"gb-grid-wrapper gb-grid-wrapper-ec6be730\">\n<div class=\"gb-grid-column gb-grid-column-9ae80494\"><div class=\"gb-container gb-container-9ae80494\"><div class=\"gb-inside-container\">\n\n<figure class=\"wp-block-image\"><img decoding=\"async\" src=\"https:\/\/www.terpenetech.eu\/wp-content\/uploads\/2019\/12\/echa-logo-768x526.jpg\" alt=\"\"\/><\/figure>\n\n<\/div><\/div><\/div>\n\n<div class=\"gb-grid-column gb-grid-column-05e26c2a\"><div class=\"gb-container gb-container-05e26c2a\"><div class=\"gb-inside-container\">\n\n<h3 class=\"wp-block-heading\">TERPENETECH, PROVEEDOR IDENTIFICADO DE SUSTANCIA ACTIVA BIOCIDA<\/h3>\n\n\n\n<p>Desde el 1 de diciembre de 2015, TerpeneTech Ltd. cuenta con una notificaci\u00f3n oficial de la ECHA (Agencia Qu\u00edmica Europea).<\/p>\n\n\n\n<p>Esta notificaci\u00f3n aprueba la solicitud de inclusi\u00f3n de TerpeneTech en la lista de proveedores de sustancias activas (lista del Art\u00edculo 95) EN VIRTUD DEL ART\u00cdCULO 95(1) DEL REGLAMENTO (UE) 528\/2012:<\/p>\n\n\n\n<ul class=\"wp-block-list\"><li><strong>Sustancia activa<\/strong>geraniol (geraniol\/(E) 3,7-dimetil-2,6-octadien-1-ol\/106- 24-1), n\u00fam. CE: 203-377-1, n\u00fam. CAS: 106-24-1<\/li><li><strong>Tipo de producto (PT)<\/strong>:\n<ul>\n<li>PT 18 (Insecticidas, acaricidas y productos para el control de otros artr\u00f3podos)<\/li>\n<li>PT 19 (Repelentes y atrayentes)<\/li>\n<\/ul>\n<\/li><\/ul>\n\n<\/div><\/div><\/div>\n<\/div>\n\n\n<div style=\"height:100px\" aria-hidden=\"true\" class=\"wp-block-spacer\"><\/div>\n\n\n<div class=\"gb-grid-wrapper gb-grid-wrapper-8c1b329e\">\n<div class=\"gb-grid-column gb-grid-column-9d00e4ef\"><div class=\"gb-container gb-container-9d00e4ef\"><div class=\"gb-inside-container\">\n\n<h3 class=\"wp-block-heading\">GRADOS Y OR\u00cdGENES DEL BIOCIDA GERANIOL<\/h3>\n\n\n\n<ul class=\"wp-block-list\"><li>Vegetal<\/li><li>Sint\u00e9tico<\/li><\/ul>\n\n\n\n<p>El geraniol es una mol\u00e9cula recogida principalmente en los aceites esenciales del limoncillo y la palmarosa. Tambi\u00e9n se encuentra en otras plantas como el tomillo y el pino.<\/p>\n\n\n\n<p>El geraniol est\u00e1 presente de forma natural en estas plantas para ayudar a protegerlas de los insectos.<\/p>\n\n\n\n<p>En la actualidad, el geraniol se emplea en todos los campos de la qu\u00edmica. Se puede encontrar en los mercados de los perfumes, los cosm\u00e9ticos, los productos fitosanitarios y los biocidas.<\/p>\n\n<\/div><\/div><\/div>\n\n<div class=\"gb-grid-column gb-grid-column-fc9bfc31\"><div class=\"gb-container gb-container-fc9bfc31\"><div class=\"gb-inside-container\">\n\n<div class=\"wp-block-image\"><figure class=\"alignright\"><img decoding=\"async\" src=\"https:\/\/www.terpenetech.eu\/wp-content\/uploads\/2019\/12\/illustration-palmarosa-1.png\" alt=\"\"\/><\/figure><\/div>\n\n<\/div><\/div><\/div>\n<\/div>\n\n\n<div style=\"height:100px\" aria-hidden=\"true\" class=\"wp-block-spacer\"><\/div>\n\n\n<div class=\"gb-grid-wrapper gb-grid-wrapper-8dec038f\">\n<div class=\"gb-grid-column gb-grid-column-21f76e27\"><div class=\"gb-container gb-container-21f76e27\"><div class=\"gb-inside-container\">\n\n<h3 class=\"wp-block-heading\">USOS DEL GERANIOL COMO BIOCIDA<\/h3>\n\n\n\n<p>El geraniol se emplea para las siguientes aplicaciones:<\/p>\n\n\n\n<ul class=\"wp-block-list\"><li>Velas repelentes de mosquitos<\/li><li>Insecticidas para insectos voladores y rastreros<\/li><li>Repelente contra \u00e1caros<\/li><li>Repelente para perros y gatos<\/li><li>Pulseras repelentes de mosquitos<\/li><\/ul>\n\n\n\n<p>La comunidad cient\u00edfica lleva muchos a\u00f1os demostrando la eficacia de esta sustancia activa como insecticida y repelente.<\/p>\n\n<\/div><\/div><\/div>\n\n<div class=\"gb-grid-column gb-grid-column-ceee8506\"><div class=\"gb-container gb-container-ceee8506\"><div class=\"gb-inside-container\">\n\n<h3 class=\"wp-block-heading\">ESTRATEGIA DE BIOCIDAS DE TERPENETECH<\/h3>\n\n\n\n<p>La estrategia normativa de TerpeneTech se esfuerza por respetar sus conocimientos y no competir con sus propios clientes, sino apoyarlos en sus iniciativas regulatorias y comerciales.<\/p>\n\n\n\n<div class=\"wp-block-image\"><figure class=\"aligncenter is-resized\"><img decoding=\"async\" src=\"https:\/\/www.terpenetech.eu\/wp-content\/uploads\/2019\/12\/atom3-768x703.png\" alt=\"\" width=\"150\"\/><\/figure><\/div>\n\n<\/div><\/div><\/div>\n<\/div>\n\n\n<div style=\"height:100px\" aria-hidden=\"true\" class=\"wp-block-spacer\"><\/div>\n\n\n\n<h5 class=\"wp-block-heading\">\u00bfTIENE ALGUNA PREGUNTA SOBRE EL BIOCIDA DE GERANIOL DE TERPENETECH?<\/h5>\n\n\n\n<div class=\"wp-block-buttons is-layout-flex wp-block-buttons-is-layout-flex\">\n<div class=\"wp-block-button\"><a class=\"wp-block-button__link\" href=\"https:\/\/www.terpenetech.eu\/es\/contactenos\/\" style=\"border-radius:6px\">CONT\u00c1CTENOS<\/a><\/div>\n<\/div>","protected":false},"excerpt":{"rendered":"<p>Geraniol Biocide:insecticides and repellents Since the late 1990s, the European Union in accordance with member states has transferred &#8230; <\/p>\n<p class=\"read-more-container\"><a title=\"geraniol\" class=\"read-more button\" href=\"http:\/\/www.terpenetech.eu\/es\/geraniol-biocides\/#more-1174\" aria-label=\"Leer m\u00e1s sobre Geraniol Biocide\">Leer m\u00e1s<\/a><\/p>","protected":false},"author":4,"featured_media":0,"parent":0,"menu_order":0,"comment_status":"closed","ping_status":"closed","template":"","meta":{"_seopress_robots_primary_cat":"","_seopress_titles_title":"Geraniol Biocide official supplier for insecticides and repellents","_seopress_titles_desc":"Terpenetech LTD is listed in the article 95 list of identified Suppliers - Geraniol biocide for insecticides and repellents.","_seopress_robots_index":"","footnotes":""},"class_list":["post-1174","page","type-page","status-publish"],"_links":{"self":[{"href":"http:\/\/www.terpenetech.eu\/es\/wp-json\/wp\/v2\/pages\/1174","targetHints":{"allow":["GET"]}}],"collection":[{"href":"http:\/\/www.terpenetech.eu\/es\/wp-json\/wp\/v2\/pages"}],"about":[{"href":"http:\/\/www.terpenetech.eu\/es\/wp-json\/wp\/v2\/types\/page"}],"author":[{"embeddable":true,"href":"http:\/\/www.terpenetech.eu\/es\/wp-json\/wp\/v2\/users\/4"}],"replies":[{"embeddable":true,"href":"http:\/\/www.terpenetech.eu\/es\/wp-json\/wp\/v2\/comments?post=1174"}],"version-history":[{"count":0,"href":"http:\/\/www.terpenetech.eu\/es\/wp-json\/wp\/v2\/pages\/1174\/revisions"}],"wp:attachment":[{"href":"http:\/\/www.terpenetech.eu\/es\/wp-json\/wp\/v2\/media?parent=1174"}],"curies":[{"name":"wp","href":"https:\/\/api.w.org\/{rel}","templated":true}]}}