{"id":2754,"date":"2020-06-24T12:57:12","date_gmt":"2020-06-24T12:57:12","guid":{"rendered":"https:\/\/www.terpenetech.eu\/?page_id=2754"},"modified":"2021-09-17T14:33:50","modified_gmt":"2021-09-17T14:33:50","slug":"strategie","status":"publish","type":"page","link":"http:\/\/www.terpenetech.eu\/de\/company\/strategy\/","title":{"rendered":"STRATEGIE"},"content":{"rendered":"<h1 class=\"has-text-align-center wp-block-heading\">Terpenetech <span style=\"color: #54595f;\">STRATEGIE<\/span><\/h1>\n\n\n\n<p>Pflanzliche Produkte stellen einen neuen Horizont dar, denn Pflanzen nutzen Terpene als nat\u00fcrliches Abwehrmittel und Terpene weisen hervorragende abweisende, insektizide und antimikrobielle Eigenschaften auf. Als festgestellt wurde, dass viele insektizide Wirkstoffe und Synergisten potenziell sch\u00e4dlich f\u00fcr Menschen, Haustiere und die Umwelt sind, und sie vom Markt genommen worden sind, stehen Fachleuten und Verbrauchern weniger Mitteln zur Bek\u00e4mpfung von durch Insekten \u00fcbertragenen Krankheiten zur Verf\u00fcgung. Angesichts potenziell gef\u00e4hrlicher Insekten und Krankheiten, die sich aus Afrika weiter nordw\u00e4rts bewegen, ist es dringend erforderlich, wirksame und sichere Produkte zum Schutz der Bev\u00f6lkerung zu entwickeln.<\/p>\n\n\n\n<h4 class=\"wp-block-heading\">Terpenetech&#8217;s non-toxic, <b>umweltfreundlichen<\/b> Formulierungen von Terpenetech basieren auf verkapselten Terpenen, nat\u00fcrlichen Wirkstoffen und nat\u00fcrlichen reaktionstr\u00e4gen Inhaltsstoffen, um <b>nat\u00fcrliche Produkte<\/b> mit einzigartigen attraktiven Verkaufsargumenten herzustellen:<\/h4>\n\n\n\n<ul class=\"wp-block-list\"><li><i class=\"fas fa-check\"><\/i> <b>SICHER<\/b><br>Die Inhaltsstoffe gelten allgemein als sicher (GRAS)<\/li><li><i class=\"fas fa-check\"><\/i><b> WETTBEWERBSF\u00c4HIG UND KOSTENEFFEKTIV<\/b><br>Preisg\u00fcnstig f\u00fcr Verbraucher, Landwirte und Industrie,<\/li><li><i class=\"fas fa-check\"><\/i> <b>NON-TOXIC &amp; ENVIRONMENTALLY ACCEPTABLE<\/b><br>Sichere Alternative zu potenziell gef\u00e4hrlichen Industriechemikalien<\/li><li><i class=\"fas fa-check\"><\/i> <b>NIEDRIGES RISIKO DES WIDERSTANDSAUFBAU GEGEN\u00dcBER TERPENEN<\/b><br>Wirkungsweise f\u00fcr mehrere Einsatzbereiche<\/li><li><i class=\"fas fa-check\"><\/i> <b>WIRKSAMKEITSANFORDERUNGEN ERF\u00dcLLEN<\/b><\/li><\/ul>\n\n\n\n<div style=\"height:50px\" aria-hidden=\"true\" class=\"wp-block-spacer\"><\/div>\n\n\n<div class=\"gb-grid-wrapper gb-grid-wrapper-f169a147\">\n<div class=\"gb-grid-column gb-grid-column-386d7d9c\"><div class=\"gb-container gb-container-386d7d9c\"><div class=\"gb-inside-container\">\n\n<p style=\"text-align: center;\"><a href=\"https:\/\/www.terpenetech.eu\/de\/uber\/philosophie\/\"><i class=\"fas fa-dot-circle\" style=\"color: #52BB35; font-size: 70px;\"><\/i><\/a><\/p>\n\n\n\n<h3 class=\"has-text-align-center wp-block-heading\"><a href=\"https:\/\/www.terpenetech.eu\/de\/uber\/philosophie\/\">PHILOSOPHIE<\/a><\/h3>\n\n\n\n<p><\/p>\n\n<\/div><\/div><\/div>\n\n<div class=\"gb-grid-column gb-grid-column-34760ac8\"><div class=\"gb-container gb-container-34760ac8\"><div class=\"gb-inside-container\">\n\n<p style=\"text-align: center;\"><a href=\"https:\/\/www.terpenetech.eu\/de\/uber\/geschichte\/\"><i class=\"fas fa-calendar-alt\" style=\"color: #52BB35; font-size: 70px;\"><\/i><\/a><\/p>\n\n\n\n<h3 class=\"has-text-align-center wp-block-heading\"><a href=\"https:\/\/www.terpenetech.eu\/de\/uber\/geschichte\/\">GESCHICHTE<\/a><\/h3>\n\n<\/div><\/div><\/div>\n\n<div class=\"gb-grid-column gb-grid-column-4cac1503\"><div class=\"gb-container gb-container-4cac1503\"><div class=\"gb-inside-container\">\n\n<p style=\"text-align: center;\"><a href=\"https:\/\/www.terpenetech.eu\/de\/uber\/team\/\"><i class=\"fas fa-user-circle\" style=\"color: #52BB35; font-size: 70px;\"><\/i><\/a><\/p>\n\n\n\n<h3 class=\"has-text-align-center wp-block-heading\"><a href=\"https:\/\/www.terpenetech.eu\/de\/uber\/team\/\">TEAM<\/a><\/h3>\n\n<\/div><\/div><\/div>\n\n<div class=\"gb-grid-column gb-grid-column-870e4ad4\"><div class=\"gb-container gb-container-870e4ad4\"><div class=\"gb-inside-container\">\n\n<p style=\"text-align: center;\"><a href=\"https:\/\/www.terpenetech.eu\/de\/uber\/strategie\/\"><i class=\"fas fa-list-alt\" style=\"color: #52BB35; font-size: 70px;\"><\/i><\/a><\/p>\n\n\n\n<h3 class=\"has-text-align-center wp-block-heading\"><a href=\"https:\/\/www.terpenetech.eu\/de\/uber\/strategie\/\">STRATEGIE<\/a><\/h3>\n\n<\/div><\/div><\/div>\n\n<div class=\"gb-grid-column gb-grid-column-eccb1f92\"><div class=\"gb-container gb-container-eccb1f92\"><div class=\"gb-inside-container\">\n\n<p style=\"text-align: center;\"><a href=\"https:\/\/www.terpenetech.eu\/de\/uber\/leistung\/\"><i class=\"fas fa-flask\" style=\"color: #52BB35; font-size: 70px;\"><\/i><\/a><\/p>\n\n\n\n<h3 class=\"has-text-align-center wp-block-heading\"><a href=\"https:\/\/www.terpenetech.eu\/de\/uber\/leistung\/\">LEISTUNG<\/a><\/h3>\n\n<\/div><\/div><\/div>\n<\/div>","protected":false},"excerpt":{"rendered":"<p>Terpenetech STRATEGY Plant based products represent the new frontier as plants use Terpenes in their natural defense and &#8230; <\/p>\n<p class=\"read-more-container\"><a title=\"STRATEGIE\" class=\"read-more button\" href=\"http:\/\/www.terpenetech.eu\/de\/company\/strategy\/#more-2754\" aria-label=\"Mehr Informationen \u00fcber Strategy\">Weiterlesen &#8230;<\/a><\/p>","protected":false},"author":4,"featured_media":0,"parent":800,"menu_order":0,"comment_status":"closed","ping_status":"closed","template":"","meta":{"_seopress_robots_primary_cat":"","_seopress_titles_title":"Strategy - TERPENETECH LTD","_seopress_titles_desc":"Plant based products represent the new frontier as plants use Terpenes in their natural defense and Terpenes have demonstrated excellent repellent, insecticidal and anti-microbial properties.","_seopress_robots_index":"","footnotes":""},"class_list":["post-2754","page","type-page","status-publish"],"_links":{"self":[{"href":"http:\/\/www.terpenetech.eu\/de\/wp-json\/wp\/v2\/pages\/2754","targetHints":{"allow":["GET"]}}],"collection":[{"href":"http:\/\/www.terpenetech.eu\/de\/wp-json\/wp\/v2\/pages"}],"about":[{"href":"http:\/\/www.terpenetech.eu\/de\/wp-json\/wp\/v2\/types\/page"}],"author":[{"embeddable":true,"href":"http:\/\/www.terpenetech.eu\/de\/wp-json\/wp\/v2\/users\/4"}],"replies":[{"embeddable":true,"href":"http:\/\/www.terpenetech.eu\/de\/wp-json\/wp\/v2\/comments?post=2754"}],"version-history":[{"count":0,"href":"http:\/\/www.terpenetech.eu\/de\/wp-json\/wp\/v2\/pages\/2754\/revisions"}],"up":[{"embeddable":true,"href":"http:\/\/www.terpenetech.eu\/de\/wp-json\/wp\/v2\/pages\/800"}],"wp:attachment":[{"href":"http:\/\/www.terpenetech.eu\/de\/wp-json\/wp\/v2\/media?parent=2754"}],"curies":[{"name":"wp","href":"https:\/\/api.w.org\/{rel}","templated":true}]}}