{"id":2751,"date":"2020-06-24T12:54:00","date_gmt":"2020-06-24T12:54:00","guid":{"rendered":"https:\/\/www.terpenetech.eu\/?page_id=2751"},"modified":"2021-09-17T14:32:37","modified_gmt":"2021-09-17T14:32:37","slug":"geschichte","status":"publish","type":"page","link":"http:\/\/www.terpenetech.eu\/de\/company\/history\/","title":{"rendered":"GESCHICHTE"},"content":{"rendered":"<h1 class=\"has-text-align-center wp-block-heading\">Terpenetech <span style=\"color: #54595f;\">GESCHICHTE<\/span><\/h1>\n\n\n\n<ul class=\"wp-block-list\"><li><strong>22. SEPTEMBER 2011<\/strong><p style=\"text-align: left;\">TerpeneTech Limited hat am 22. September 2011 mit Eden Research Plc. exklusive weltweite Lizenz- und Vermarktungsvereinbarungen f\u00fcr die Verwendung der patentierten Mikroverkapselungstechnologie f\u00fcr Hefepartikel von Eden in den Bereichen Biozidprodukte f\u00fcr Verbraucher und die Agrarindustrie geschlossen.<\/p><p>TerpeneTech erhielt au\u00dferdem ein Erlaubnis, auf Edens Dossierdaten zu\u00a0 <b>Geraniol, Eugenol und Thymol zuzugreifen,\u00a0<\/b> um sowohl verkapselte als auch nicht verkapselte Produkte auf Terpenbasis zu verkaufen.<\/p><\/li><li><strong>20. MAI 2013<\/strong><p style=\"text-align: left;\">Am 20. Mai 2013 machte Eden Research Plc. bekannt, dass <b>die drei Wirkstoffdossiers von der Europ\u00e4ischen Kommission (\u201eEK\u201c) gem\u00e4\u00df der Verordnung (EK) Nr. 1107\/2009<\/b> in der Europ\u00e4ischen Union f\u00fcr die Benutzung in Pflanzenschutzmittel in Anhang I aufgenommen wurden\u00a0.<\/p><\/li><li><strong>1. DEZEMBER 2015<\/strong><p style=\"text-align: left;\">Am 1. Dezember 2015 wurde TerpeneTech als Wirkstofflieferant f\u00fcr Geraniol (CAS-106-24-1) aufgelistet, um in Insektiziden (PT19) und Repellentien (PT18) verwendet zu werden. Die ECHA gew\u00e4hrte TerpeneTech einen Rechtsanspruch, Geraniol als Biozid-Wirkstoff auf den EU-Markt zu bringen und Zugangsbescheinigungen zur Unterst\u00fctzung seiner Kundenproduktregistrierungen bereitzustellen.<\/p><\/li><li><strong>6. OKTOBER 2018<\/strong><p style=\"text-align: left;\">Nach dreij\u00e4hriger Forschungs-, Entwicklungs- und Regulierungsarbeit \u00fcbermittelte TerpeneTech am 6. Oktober 2018 der MHRA als Medizinprodukte-Hersteller eine Notifikation f\u00fcr seine Kopfl\u00e4use-Lotion.<\/p><\/li><li><strong>2020<\/strong><p style=\"text-align: left;\">Um sich gegen den Brexit abzusichern, seine Kunden zu sch\u00fctzen und seine Rechte als Lieferant von Biozid-Wirkstoffen in der EU und als Hersteller von Medizinprodukten aufrechtzuerhalten, hat TerpeneTech die Zweigstelle TerpeneTech Ireland gegr\u00fcndet, um seine EU-Registrierungen behalten zu k\u00f6nnen.<\/p><\/li><\/ul>\n\n\n<div class=\"gb-grid-wrapper gb-grid-wrapper-fea98a2d\">\n<div class=\"gb-grid-column gb-grid-column-824e9495\"><div class=\"gb-container gb-container-824e9495\"><div class=\"gb-inside-container\">\n\n<div class=\"wp-block-image\"><figure class=\"aligncenter\"><img decoding=\"async\" src=\"https:\/\/www.terpenetech.eu\/wp-content\/uploads\/2019\/12\/LOGO_TERPENETECH_NEW.png\" alt=\"\"\/><\/figure><\/div>\n\n<\/div><\/div><\/div>\n\n<div class=\"gb-grid-column gb-grid-column-cfc06ecf\"><div class=\"gb-container gb-container-cfc06ecf\"><div class=\"gb-inside-container\">\n\n<div class=\"wp-block-image\"><figure class=\"aligncenter is-resized\"><img decoding=\"async\" src=\"https:\/\/www.terpenetech.eu\/wp-content\/uploads\/2014\/11\/EDEN_LOGO.png\" alt=\"\" width=\"200\"\/><\/figure><\/div>\n\n<\/div><\/div><\/div>\n<\/div>\n\n\n<div style=\"height:50px\" aria-hidden=\"true\" class=\"wp-block-spacer\"><\/div>\n\n\n<div class=\"gb-grid-wrapper gb-grid-wrapper-f169a147\">\n<div class=\"gb-grid-column gb-grid-column-386d7d9c\"><div class=\"gb-container gb-container-386d7d9c\"><div class=\"gb-inside-container\">\n\n<p style=\"text-align: center;\"><a href=\"https:\/\/www.terpenetech.eu\/de\/uber\/philosophie\/\"><i class=\"fas fa-dot-circle\" style=\"color: #52BB35; font-size: 70px;\"><\/i><\/a><\/p>\n\n\n\n<h3 class=\"has-text-align-center wp-block-heading\"><a href=\"https:\/\/www.terpenetech.eu\/de\/uber\/philosophie\/\">PHILOSOPHIE<\/a><\/h3>\n\n\n\n<p><\/p>\n\n<\/div><\/div><\/div>\n\n<div class=\"gb-grid-column gb-grid-column-34760ac8\"><div class=\"gb-container gb-container-34760ac8\"><div class=\"gb-inside-container\">\n\n<p style=\"text-align: center;\"><a href=\"https:\/\/www.terpenetech.eu\/de\/uber\/geschichte\/\"><i class=\"fas fa-calendar-alt\" style=\"color: #52BB35; font-size: 70px;\"><\/i><\/a><\/p>\n\n\n\n<h3 class=\"has-text-align-center wp-block-heading\"><a href=\"https:\/\/www.terpenetech.eu\/de\/uber\/geschichte\/\">GESCHICHTE<\/a><\/h3>\n\n<\/div><\/div><\/div>\n\n<div class=\"gb-grid-column gb-grid-column-4cac1503\"><div class=\"gb-container gb-container-4cac1503\"><div class=\"gb-inside-container\">\n\n<p style=\"text-align: center;\"><a href=\"https:\/\/www.terpenetech.eu\/de\/uber\/team\/\"><i class=\"fas fa-user-circle\" style=\"color: #52BB35; font-size: 70px;\"><\/i><\/a><\/p>\n\n\n\n<h3 class=\"has-text-align-center wp-block-heading\"><a href=\"https:\/\/www.terpenetech.eu\/de\/uber\/team\/\">TEAM<\/a><\/h3>\n\n<\/div><\/div><\/div>\n\n<div class=\"gb-grid-column gb-grid-column-870e4ad4\"><div class=\"gb-container gb-container-870e4ad4\"><div class=\"gb-inside-container\">\n\n<p style=\"text-align: center;\"><a href=\"https:\/\/www.terpenetech.eu\/de\/uber\/strategie\/\"><i class=\"fas fa-list-alt\" style=\"color: #52BB35; font-size: 70px;\"><\/i><\/a><\/p>\n\n\n\n<h3 class=\"has-text-align-center wp-block-heading\"><a href=\"https:\/\/www.terpenetech.eu\/de\/uber\/strategie\/\">STRATEGIE<\/a><\/h3>\n\n<\/div><\/div><\/div>\n\n<div class=\"gb-grid-column gb-grid-column-eccb1f92\"><div class=\"gb-container gb-container-eccb1f92\"><div class=\"gb-inside-container\">\n\n<p style=\"text-align: center;\"><a href=\"https:\/\/www.terpenetech.eu\/de\/uber\/leistung\/\"><i class=\"fas fa-flask\" style=\"color: #52BB35; font-size: 70px;\"><\/i><\/a><\/p>\n\n\n\n<h3 class=\"has-text-align-center wp-block-heading\"><a href=\"https:\/\/www.terpenetech.eu\/de\/uber\/leistung\/\">LEISTUNG<\/a><\/h3>\n\n<\/div><\/div><\/div>\n<\/div>","protected":false},"excerpt":{"rendered":"<p>Terpenetech HISTORY September 22, 2011 TerpeneTech Limited, on September 22, 2011, entered into exclusive worldwide licensing and marketing &#8230; <\/p>\n<p class=\"read-more-container\"><a title=\"GESCHICHTE\" class=\"read-more button\" href=\"http:\/\/www.terpenetech.eu\/de\/company\/history\/#more-2751\" aria-label=\"Mehr Informationen \u00fcber History\">Weiterlesen &#8230;<\/a><\/p>","protected":false},"author":4,"featured_media":0,"parent":800,"menu_order":0,"comment_status":"closed","ping_status":"closed","template":"","meta":{"_seopress_robots_primary_cat":"","_seopress_titles_title":"History - TERPENETECH LTD","_seopress_titles_desc":"On December 1st, 2015, TerpeneTech was identified as Active Substance Supplier for Geraniol CAS-106-24-1) for its use in Insecticides (PT19) and Repellents (PT18).","_seopress_robots_index":"","footnotes":""},"class_list":["post-2751","page","type-page","status-publish"],"_links":{"self":[{"href":"http:\/\/www.terpenetech.eu\/de\/wp-json\/wp\/v2\/pages\/2751","targetHints":{"allow":["GET"]}}],"collection":[{"href":"http:\/\/www.terpenetech.eu\/de\/wp-json\/wp\/v2\/pages"}],"about":[{"href":"http:\/\/www.terpenetech.eu\/de\/wp-json\/wp\/v2\/types\/page"}],"author":[{"embeddable":true,"href":"http:\/\/www.terpenetech.eu\/de\/wp-json\/wp\/v2\/users\/4"}],"replies":[{"embeddable":true,"href":"http:\/\/www.terpenetech.eu\/de\/wp-json\/wp\/v2\/comments?post=2751"}],"version-history":[{"count":0,"href":"http:\/\/www.terpenetech.eu\/de\/wp-json\/wp\/v2\/pages\/2751\/revisions"}],"up":[{"embeddable":true,"href":"http:\/\/www.terpenetech.eu\/de\/wp-json\/wp\/v2\/pages\/800"}],"wp:attachment":[{"href":"http:\/\/www.terpenetech.eu\/de\/wp-json\/wp\/v2\/media?parent=2751"}],"curies":[{"name":"wp","href":"https:\/\/api.w.org\/{rel}","templated":true}]}}